{"id":1136,"date":"2019-03-16T00:55:15","date_gmt":"2019-03-15T21:55:15","guid":{"rendered":"http:\/\/tamsanmotor.com\/?page_id=1136"},"modified":"2019-03-20T18:35:23","modified_gmt":"2019-03-20T15:35:23","slug":"gsrfa-serisi-radyal-fanlar","status":"publish","type":"page","link":"https:\/\/tamsanmotor.com\/index.php\/urunler\/havalandirma-sistemleri\/salyangoz-aspiratorler\/gsrfa-serisi-radyal-fanlar\/","title":{"rendered":"Gsrfa Serisi Radyal Fanlar"},"content":{"rendered":"\t\t<div data-elementor-type=\"wp-post\" data-elementor-id=\"1136\" class=\"elementor elementor-1136\">\n\t\t\t\t\t\t<section class=\"elementor-section elementor-top-section elementor-element elementor-element-cfa3474 elementor-section-boxed elementor-section-height-default elementor-section-height-default\" data-id=\"cfa3474\" data-element_type=\"section\">\n\t\t\t\t\t\t<div class=\"elementor-container elementor-column-gap-default\">\n\t\t\t\t\t<div class=\"elementor-column elementor-col-50 elementor-top-column elementor-element elementor-element-6e27d6a\" data-id=\"6e27d6a\" data-element_type=\"column\">\n\t\t\t<div class=\"elementor-widget-wrap elementor-element-populated\">\n\t\t\t\t\t\t<div class=\"elementor-element elementor-element-b8ee72e elementor-widget elementor-widget-image\" data-id=\"b8ee72e\" data-element_type=\"widget\" data-widget_type=\"image.default\">\n\t\t\t\t\t\t\t\t\t\t\t\t\t\t\t<img data-opt-id=1862322412  fetchpriority=\"high\" decoding=\"async\" width=\"450\" height=\"450\" src=\"https:\/\/mlnbhdmb5shf.i.optimole.com\/w:auto\/h:auto\/q:mauto\/f:best\/https:\/\/tamsanmotor.com\/wp-content\/uploads\/2019\/03\/GSRFA-SERISI-Fan-1.png\" class=\"attachment-large size-large wp-image-2136\" alt=\"\" srcset=\"https:\/\/mlnbhdmb5shf.i.optimole.com\/w:450\/h:450\/q:mauto\/f:best\/https:\/\/tamsanmotor.com\/wp-content\/uploads\/2019\/03\/GSRFA-SERISI-Fan-1.png 450w, https:\/\/mlnbhdmb5shf.i.optimole.com\/w:150\/h:150\/q:mauto\/f:best\/https:\/\/tamsanmotor.com\/wp-content\/uploads\/2019\/03\/GSRFA-SERISI-Fan-1.png 150w, https:\/\/mlnbhdmb5shf.i.optimole.com\/w:300\/h:300\/q:mauto\/f:best\/https:\/\/tamsanmotor.com\/wp-content\/uploads\/2019\/03\/GSRFA-SERISI-Fan-1.png 300w\" sizes=\"(max-width: 450px) 100vw, 450px\" \/>\t\t\t\t\t\t\t\t\t\t\t\t\t\t\t<\/div>\n\t\t\t\t\t<\/div>\n\t\t<\/div>\n\t\t\t\t<div class=\"elementor-column elementor-col-50 elementor-top-column elementor-element elementor-element-6a1ada9\" data-id=\"6a1ada9\" data-element_type=\"column\">\n\t\t\t<div class=\"elementor-widget-wrap elementor-element-populated\">\n\t\t\t\t\t\t<div class=\"elementor-element elementor-element-10179c0 elementor-widget elementor-widget-heading\" data-id=\"10179c0\" data-element_type=\"widget\" data-widget_type=\"heading.default\">\n\t\t\t\t\t<h3 class=\"elementor-heading-title elementor-size-default\">Alcak basinc gerektiren kanalli veya direkt sistemlerde taze hava girisi veya kirli hava cikisi icin uretilmistir.\n\ndistan rotorlu rmotor sistemi metal geriye egik pervanesi aluminyum govdesi sayesinde sayesinde Uzun sure bakim gerektirmeden kullanilabilinir.<\/h3>\t\t\t\t<\/div>\n\t\t\t\t<div class=\"elementor-element elementor-element-df71e04 elementor-widget elementor-widget-heading\" data-id=\"df71e04\" data-element_type=\"widget\" data-widget_type=\"heading.default\">\n\t\t\t\t\t<h2 class=\"elementor-heading-title elementor-size-default\">Kullan\u0131m Alanlar\u0131<\/h2>\t\t\t\t<\/div>\n\t\t\t\t<div class=\"elementor-element elementor-element-cabcfbe elementor-widget elementor-widget-heading\" data-id=\"cabcfbe\" data-element_type=\"widget\" data-widget_type=\"heading.default\">\n\t\t\t\t\t<h3 class=\"elementor-heading-title elementor-size-default\">Mutfak<br>\n\u0130\u015f yeri vb.<br>\nSanayi vb.<\/h3>\t\t\t\t<\/div>\n\t\t\t\t<div class=\"elementor-element elementor-element-835fa56 elementor-button-danger elementor-widget elementor-widget-button\" data-id=\"835fa56\" data-element_type=\"widget\" data-widget_type=\"button.default\">\n\t\t\t\t\t\t\t\t\t\t<a class=\"elementor-button elementor-button-link elementor-size-md\" href=\"#\">\n\t\t\t\t\t\t<span class=\"elementor-button-content-wrapper\">\n\t\t\t\t\t\t<span class=\"elementor-button-icon\">\n\t\t\t\t\t\t\t\t\t<i class=\"fa fa-file-pdf-o\" aria-hidden=\"true\"><\/i>\n\t\t\t\t\t\t\t<\/span>\n\t\t\t\t\t\t\t\t\t<span class=\"elementor-button-text\">Katalog<\/span>\n\t\t\t\t\t<\/span>\n\t\t\t\t\t<\/a>\n\t\t\t\t\t\t\t\t<\/div>\n\t\t\t\t\t<\/div>\n\t\t<\/div>\n\t\t\t\t\t<\/div>\n\t\t<\/section>\n\t\t\t\t<\/div>\n\t\t","protected":false},"excerpt":{"rendered":"<p>Alcak basinc gerektiren kanalli veya direkt sistemlerde taze hava girisi veya kirli hava cikisi icin uretilmistir. distan rotorlu rmotor sistemi metal geriye egik pervanesi aluminyum govdesi sayesinde sayesinde Uzun sure bakim gerektirmeden kullanilabilinir. Kullan\u0131m Alanlar\u0131 Mutfak \u0130\u015f yeri vb. Sanayi vb. Katalog<\/p>\n","protected":false},"author":1,"featured_media":0,"parent":1069,"menu_order":0,"comment_status":"closed","ping_status":"closed","template":"","meta":{"footnotes":""},"wf_page_folders":[],"class_list":["post-1136","page","type-page","status-publish","hentry"],"yoast_head":"<!-- This site is optimized with the Yoast SEO plugin v24.8.1 - https:\/\/yoast.com\/wordpress\/plugins\/seo\/ -->\n<title>Gsrfa Serisi Radyal Fanlar - Tamsan Motor<\/title>\n<meta name=\"robots\" content=\"index, follow, max-snippet:-1, max-image-preview:large, max-video-preview:-1\" \/>\n<link rel=\"canonical\" href=\"https:\/\/tamsanmotor.com\/index.php\/urunler\/havalandirma-sistemleri\/salyangoz-aspiratorler\/gsrfa-serisi-radyal-fanlar\/\" \/>\n<meta property=\"og:locale\" content=\"tr_TR\" \/>\n<meta property=\"og:type\" content=\"article\" \/>\n<meta property=\"og:title\" content=\"Gsrfa Serisi Radyal Fanlar - Tamsan Motor\" \/>\n<meta property=\"og:description\" content=\"Alcak basinc gerektiren kanalli veya direkt sistemlerde taze hava girisi veya kirli hava cikisi icin uretilmistir. distan rotorlu rmotor sistemi metal geriye egik pervanesi aluminyum govdesi sayesinde sayesinde Uzun sure bakim gerektirmeden kullanilabilinir. Kullan\u0131m Alanlar\u0131 Mutfak \u0130\u015f yeri vb. Sanayi vb. Katalog\" \/>\n<meta property=\"og:url\" content=\"https:\/\/tamsanmotor.com\/index.php\/urunler\/havalandirma-sistemleri\/salyangoz-aspiratorler\/gsrfa-serisi-radyal-fanlar\/\" \/>\n<meta property=\"og:site_name\" content=\"Tamsan Motor\" \/>\n<meta property=\"article:modified_time\" content=\"2019-03-20T15:35:23+00:00\" \/>\n<meta property=\"og:image\" content=\"https:\/\/mlnbhdmb5shf.i.optimole.com\/w:auto\/h:auto\/q:mauto\/f:best\/http:\/\/tamsanmotor.com\/wp-content\/uploads\/2019\/03\/GSRFA-SERISI-Fan-1.png\" \/>\n<meta name=\"twitter:card\" content=\"summary_large_image\" \/>\n<script type=\"application\/ld+json\" class=\"yoast-schema-graph\">{\"@context\":\"https:\/\/schema.org\",\"@graph\":[{\"@type\":\"WebPage\",\"@id\":\"https:\/\/tamsanmotor.com\/index.php\/urunler\/havalandirma-sistemleri\/salyangoz-aspiratorler\/gsrfa-serisi-radyal-fanlar\/\",\"url\":\"https:\/\/tamsanmotor.com\/index.php\/urunler\/havalandirma-sistemleri\/salyangoz-aspiratorler\/gsrfa-serisi-radyal-fanlar\/\",\"name\":\"Gsrfa Serisi Radyal Fanlar - Tamsan Motor\",\"isPartOf\":{\"@id\":\"https:\/\/tamsanmotor.com\/#website\"},\"primaryImageOfPage\":{\"@id\":\"https:\/\/tamsanmotor.com\/index.php\/urunler\/havalandirma-sistemleri\/salyangoz-aspiratorler\/gsrfa-serisi-radyal-fanlar\/#primaryimage\"},\"image\":{\"@id\":\"https:\/\/tamsanmotor.com\/index.php\/urunler\/havalandirma-sistemleri\/salyangoz-aspiratorler\/gsrfa-serisi-radyal-fanlar\/#primaryimage\"},\"thumbnailUrl\":\"https:\/\/mlnbhdmb5shf.i.optimole.com\/w:auto\/h:auto\/q:mauto\/f:best\/http:\/\/tamsanmotor.com\/wp-content\/uploads\/2019\/03\/GSRFA-SERISI-Fan-1.png\",\"datePublished\":\"2019-03-15T21:55:15+00:00\",\"dateModified\":\"2019-03-20T15:35:23+00:00\",\"breadcrumb\":{\"@id\":\"https:\/\/tamsanmotor.com\/index.php\/urunler\/havalandirma-sistemleri\/salyangoz-aspiratorler\/gsrfa-serisi-radyal-fanlar\/#breadcrumb\"},\"inLanguage\":\"tr\",\"potentialAction\":[{\"@type\":\"ReadAction\",\"target\":[\"https:\/\/tamsanmotor.com\/index.php\/urunler\/havalandirma-sistemleri\/salyangoz-aspiratorler\/gsrfa-serisi-radyal-fanlar\/\"]}]},{\"@type\":\"ImageObject\",\"inLanguage\":\"tr\",\"@id\":\"https:\/\/tamsanmotor.com\/index.php\/urunler\/havalandirma-sistemleri\/salyangoz-aspiratorler\/gsrfa-serisi-radyal-fanlar\/#primaryimage\",\"url\":\"https:\/\/mlnbhdmb5shf.i.optimole.com\/w:auto\/h:auto\/q:mauto\/f:best\/https:\/\/tamsanmotor.com\/wp-content\/uploads\/2019\/03\/GSRFA-SERISI-Fan-1.png\",\"contentUrl\":\"https:\/\/mlnbhdmb5shf.i.optimole.com\/w:auto\/h:auto\/q:mauto\/f:best\/https:\/\/tamsanmotor.com\/wp-content\/uploads\/2019\/03\/GSRFA-SERISI-Fan-1.png\",\"width\":450,\"height\":450},{\"@type\":\"BreadcrumbList\",\"@id\":\"https:\/\/tamsanmotor.com\/index.php\/urunler\/havalandirma-sistemleri\/salyangoz-aspiratorler\/gsrfa-serisi-radyal-fanlar\/#breadcrumb\",\"itemListElement\":[{\"@type\":\"ListItem\",\"position\":1,\"name\":\"Ana sayfa\",\"item\":\"https:\/\/tamsanmotor.com\/\"},{\"@type\":\"ListItem\",\"position\":2,\"name\":\"\u00dcr\u00fcnler\",\"item\":\"https:\/\/tamsanmotor.com\/index.php\/urunler\/\"},{\"@type\":\"ListItem\",\"position\":3,\"name\":\"Havaland\u0131rma Sistemleri\",\"item\":\"https:\/\/tamsanmotor.com\/index.php\/urunler\/havalandirma-sistemleri\/\"},{\"@type\":\"ListItem\",\"position\":4,\"name\":\"Salyangoz Aspirat\u00f6rler\",\"item\":\"https:\/\/tamsanmotor.com\/index.php\/urunler\/havalandirma-sistemleri\/salyangoz-aspiratorler\/\"},{\"@type\":\"ListItem\",\"position\":5,\"name\":\"Gsrfa Serisi Radyal Fanlar\"}]},{\"@type\":\"WebSite\",\"@id\":\"https:\/\/tamsanmotor.com\/#website\",\"url\":\"https:\/\/tamsanmotor.com\/\",\"name\":\"Tamsan Elektrik Motor\",\"description\":\"\",\"publisher\":{\"@id\":\"https:\/\/tamsanmotor.com\/#organization\"},\"potentialAction\":[{\"@type\":\"SearchAction\",\"target\":{\"@type\":\"EntryPoint\",\"urlTemplate\":\"https:\/\/tamsanmotor.com\/?s={search_term_string}\"},\"query-input\":{\"@type\":\"PropertyValueSpecification\",\"valueRequired\":true,\"valueName\":\"search_term_string\"}}],\"inLanguage\":\"tr\"},{\"@type\":\"Organization\",\"@id\":\"https:\/\/tamsanmotor.com\/#organization\",\"name\":\"Tamsan Elektrik Motor San. ve Tic. Ltd. \u015eti.\",\"url\":\"https:\/\/tamsanmotor.com\/\",\"logo\":{\"@type\":\"ImageObject\",\"inLanguage\":\"tr\",\"@id\":\"https:\/\/tamsanmotor.com\/#\/schema\/logo\/image\/\",\"url\":\"https:\/\/mlnbhdmb5shf.i.optimole.com\/w:auto\/h:auto\/q:mauto\/f:best\/https:\/\/tamsanmotor.com\/wp-content\/uploads\/2019\/11\/TAMSAN-logo.jpg\",\"contentUrl\":\"https:\/\/mlnbhdmb5shf.i.optimole.com\/w:auto\/h:auto\/q:mauto\/f:best\/https:\/\/tamsanmotor.com\/wp-content\/uploads\/2019\/11\/TAMSAN-logo.jpg\",\"width\":1388,\"height\":292,\"caption\":\"Tamsan Elektrik Motor San. ve Tic. Ltd. \u015eti.\"},\"image\":{\"@id\":\"https:\/\/tamsanmotor.com\/#\/schema\/logo\/image\/\"}}]}<\/script>\n<!-- \/ Yoast SEO plugin. -->","yoast_head_json":{"title":"Gsrfa Serisi Radyal Fanlar - Tamsan Motor","robots":{"index":"index","follow":"follow","max-snippet":"max-snippet:-1","max-image-preview":"max-image-preview:large","max-video-preview":"max-video-preview:-1"},"canonical":"https:\/\/tamsanmotor.com\/index.php\/urunler\/havalandirma-sistemleri\/salyangoz-aspiratorler\/gsrfa-serisi-radyal-fanlar\/","og_locale":"tr_TR","og_type":"article","og_title":"Gsrfa Serisi Radyal Fanlar - Tamsan Motor","og_description":"Alcak basinc gerektiren kanalli veya direkt sistemlerde taze hava girisi veya kirli hava cikisi icin uretilmistir. distan rotorlu rmotor sistemi metal geriye egik pervanesi aluminyum govdesi sayesinde sayesinde Uzun sure bakim gerektirmeden kullanilabilinir. Kullan\u0131m Alanlar\u0131 Mutfak \u0130\u015f yeri vb. Sanayi vb. Katalog","og_url":"https:\/\/tamsanmotor.com\/index.php\/urunler\/havalandirma-sistemleri\/salyangoz-aspiratorler\/gsrfa-serisi-radyal-fanlar\/","og_site_name":"Tamsan Motor","article_modified_time":"2019-03-20T15:35:23+00:00","og_image":[{"url":"https:\/\/mlnbhdmb5shf.i.optimole.com\/w:auto\/h:auto\/q:mauto\/f:best\/http:\/\/tamsanmotor.com\/wp-content\/uploads\/2019\/03\/GSRFA-SERISI-Fan-1.png","type":"","width":"","height":""}],"twitter_card":"summary_large_image","schema":{"@context":"https:\/\/schema.org","@graph":[{"@type":"WebPage","@id":"https:\/\/tamsanmotor.com\/index.php\/urunler\/havalandirma-sistemleri\/salyangoz-aspiratorler\/gsrfa-serisi-radyal-fanlar\/","url":"https:\/\/tamsanmotor.com\/index.php\/urunler\/havalandirma-sistemleri\/salyangoz-aspiratorler\/gsrfa-serisi-radyal-fanlar\/","name":"Gsrfa Serisi Radyal Fanlar - Tamsan Motor","isPartOf":{"@id":"https:\/\/tamsanmotor.com\/#website"},"primaryImageOfPage":{"@id":"https:\/\/tamsanmotor.com\/index.php\/urunler\/havalandirma-sistemleri\/salyangoz-aspiratorler\/gsrfa-serisi-radyal-fanlar\/#primaryimage"},"image":{"@id":"https:\/\/tamsanmotor.com\/index.php\/urunler\/havalandirma-sistemleri\/salyangoz-aspiratorler\/gsrfa-serisi-radyal-fanlar\/#primaryimage"},"thumbnailUrl":"https:\/\/mlnbhdmb5shf.i.optimole.com\/w:auto\/h:auto\/q:mauto\/f:best\/http:\/\/tamsanmotor.com\/wp-content\/uploads\/2019\/03\/GSRFA-SERISI-Fan-1.png","datePublished":"2019-03-15T21:55:15+00:00","dateModified":"2019-03-20T15:35:23+00:00","breadcrumb":{"@id":"https:\/\/tamsanmotor.com\/index.php\/urunler\/havalandirma-sistemleri\/salyangoz-aspiratorler\/gsrfa-serisi-radyal-fanlar\/#breadcrumb"},"inLanguage":"tr","potentialAction":[{"@type":"ReadAction","target":["https:\/\/tamsanmotor.com\/index.php\/urunler\/havalandirma-sistemleri\/salyangoz-aspiratorler\/gsrfa-serisi-radyal-fanlar\/"]}]},{"@type":"ImageObject","inLanguage":"tr","@id":"https:\/\/tamsanmotor.com\/index.php\/urunler\/havalandirma-sistemleri\/salyangoz-aspiratorler\/gsrfa-serisi-radyal-fanlar\/#primaryimage","url":"https:\/\/mlnbhdmb5shf.i.optimole.com\/w:auto\/h:auto\/q:mauto\/f:best\/https:\/\/tamsanmotor.com\/wp-content\/uploads\/2019\/03\/GSRFA-SERISI-Fan-1.png","contentUrl":"https:\/\/mlnbhdmb5shf.i.optimole.com\/w:auto\/h:auto\/q:mauto\/f:best\/https:\/\/tamsanmotor.com\/wp-content\/uploads\/2019\/03\/GSRFA-SERISI-Fan-1.png","width":450,"height":450},{"@type":"BreadcrumbList","@id":"https:\/\/tamsanmotor.com\/index.php\/urunler\/havalandirma-sistemleri\/salyangoz-aspiratorler\/gsrfa-serisi-radyal-fanlar\/#breadcrumb","itemListElement":[{"@type":"ListItem","position":1,"name":"Ana sayfa","item":"https:\/\/tamsanmotor.com\/"},{"@type":"ListItem","position":2,"name":"\u00dcr\u00fcnler","item":"https:\/\/tamsanmotor.com\/index.php\/urunler\/"},{"@type":"ListItem","position":3,"name":"Havaland\u0131rma Sistemleri","item":"https:\/\/tamsanmotor.com\/index.php\/urunler\/havalandirma-sistemleri\/"},{"@type":"ListItem","position":4,"name":"Salyangoz Aspirat\u00f6rler","item":"https:\/\/tamsanmotor.com\/index.php\/urunler\/havalandirma-sistemleri\/salyangoz-aspiratorler\/"},{"@type":"ListItem","position":5,"name":"Gsrfa Serisi Radyal Fanlar"}]},{"@type":"WebSite","@id":"https:\/\/tamsanmotor.com\/#website","url":"https:\/\/tamsanmotor.com\/","name":"Tamsan Elektrik Motor","description":"","publisher":{"@id":"https:\/\/tamsanmotor.com\/#organization"},"potentialAction":[{"@type":"SearchAction","target":{"@type":"EntryPoint","urlTemplate":"https:\/\/tamsanmotor.com\/?s={search_term_string}"},"query-input":{"@type":"PropertyValueSpecification","valueRequired":true,"valueName":"search_term_string"}}],"inLanguage":"tr"},{"@type":"Organization","@id":"https:\/\/tamsanmotor.com\/#organization","name":"Tamsan Elektrik Motor San. ve Tic. Ltd. \u015eti.","url":"https:\/\/tamsanmotor.com\/","logo":{"@type":"ImageObject","inLanguage":"tr","@id":"https:\/\/tamsanmotor.com\/#\/schema\/logo\/image\/","url":"https:\/\/mlnbhdmb5shf.i.optimole.com\/w:auto\/h:auto\/q:mauto\/f:best\/https:\/\/tamsanmotor.com\/wp-content\/uploads\/2019\/11\/TAMSAN-logo.jpg","contentUrl":"https:\/\/mlnbhdmb5shf.i.optimole.com\/w:auto\/h:auto\/q:mauto\/f:best\/https:\/\/tamsanmotor.com\/wp-content\/uploads\/2019\/11\/TAMSAN-logo.jpg","width":1388,"height":292,"caption":"Tamsan Elektrik Motor San. ve Tic. Ltd. \u015eti."},"image":{"@id":"https:\/\/tamsanmotor.com\/#\/schema\/logo\/image\/"}}]}},"_links":{"self":[{"href":"https:\/\/tamsanmotor.com\/index.php\/wp-json\/wp\/v2\/pages\/1136","targetHints":{"allow":["GET"]}}],"collection":[{"href":"https:\/\/tamsanmotor.com\/index.php\/wp-json\/wp\/v2\/pages"}],"about":[{"href":"https:\/\/tamsanmotor.com\/index.php\/wp-json\/wp\/v2\/types\/page"}],"author":[{"embeddable":true,"href":"https:\/\/tamsanmotor.com\/index.php\/wp-json\/wp\/v2\/users\/1"}],"replies":[{"embeddable":true,"href":"https:\/\/tamsanmotor.com\/index.php\/wp-json\/wp\/v2\/comments?post=1136"}],"version-history":[{"count":0,"href":"https:\/\/tamsanmotor.com\/index.php\/wp-json\/wp\/v2\/pages\/1136\/revisions"}],"up":[{"embeddable":true,"href":"https:\/\/tamsanmotor.com\/index.php\/wp-json\/wp\/v2\/pages\/1069"}],"wp:attachment":[{"href":"https:\/\/tamsanmotor.com\/index.php\/wp-json\/wp\/v2\/media?parent=1136"}],"wp:term":[{"taxonomy":"wf_page_folders","embeddable":true,"href":"https:\/\/tamsanmotor.com\/index.php\/wp-json\/wp\/v2\/wf_page_folders?post=1136"}],"curies":[{"name":"wp","href":"https:\/\/api.w.org\/{rel}","templated":true}]}}