{"id":1156,"date":"2019-03-16T17:06:27","date_gmt":"2019-03-16T14:06:27","guid":{"rendered":"http:\/\/tamsanmotor.com\/?page_id=1156"},"modified":"2019-11-13T17:51:24","modified_gmt":"2019-11-13T14:51:24","slug":"1-fazli-vibrasyon-motoru","status":"publish","type":"page","link":"https:\/\/tamsanmotor.com\/index.php\/urunler\/elektrikmotorlari\/vibrasyon-motorlari\/1-fazli-vibrasyon-motoru\/","title":{"rendered":"1 Fazl\u0131 Vibrasyon Motoru"},"content":{"rendered":"\t\t<div data-elementor-type=\"wp-post\" data-elementor-id=\"1156\" class=\"elementor elementor-1156\">\n\t\t\t\t\t\t<section class=\"elementor-section elementor-top-section elementor-element elementor-element-818b978 elementor-section-boxed elementor-section-height-default elementor-section-height-default\" data-id=\"818b978\" data-element_type=\"section\">\n\t\t\t\t\t\t<div class=\"elementor-container elementor-column-gap-default\">\n\t\t\t\t\t<div class=\"elementor-column elementor-col-50 elementor-top-column elementor-element elementor-element-4357ac8\" data-id=\"4357ac8\" data-element_type=\"column\">\n\t\t\t<div class=\"elementor-widget-wrap elementor-element-populated\">\n\t\t\t\t\t\t<div class=\"elementor-element elementor-element-6bf0bc4 elementor-widget elementor-widget-image\" data-id=\"6bf0bc4\" data-element_type=\"widget\" data-widget_type=\"image.default\">\n\t\t\t\t\t\t\t\t\t\t\t\t\t\t\t<img data-opt-id=1551156135  fetchpriority=\"high\" decoding=\"async\" width=\"450\" height=\"450\" src=\"https:\/\/mlnbhdmb5shf.i.optimole.com\/w:450\/h:450\/q:mauto\/f:best\/https:\/\/tamsanmotor.com\/wp-content\/uploads\/2019\/03\/1-Fazlı.png\" class=\"attachment-large size-large wp-image-1011\" alt=\"\" srcset=\"https:\/\/mlnbhdmb5shf.i.optimole.com\/w:450\/h:450\/q:mauto\/f:best\/https:\/\/tamsanmotor.com\/wp-content\/uploads\/2019\/03\/1-Fazlı.png 450w, https:\/\/mlnbhdmb5shf.i.optimole.com\/w:150\/h:150\/q:mauto\/f:best\/https:\/\/tamsanmotor.com\/wp-content\/uploads\/2019\/03\/1-Fazl\u0131.png 150w, https:\/\/mlnbhdmb5shf.i.optimole.com\/w:300\/h:300\/q:mauto\/f:best\/https:\/\/tamsanmotor.com\/wp-content\/uploads\/2019\/03\/1-Fazl\u0131.png 300w, https:\/\/mlnbhdmb5shf.i.optimole.com\/w:100\/h:100\/q:mauto\/f:best\/https:\/\/tamsanmotor.com\/wp-content\/uploads\/2019\/03\/1-Fazl\u0131.png 100w\" sizes=\"(max-width: 450px) 100vw, 450px\" \/>\t\t\t\t\t\t\t\t\t\t\t\t\t\t\t<\/div>\n\t\t\t\t\t<\/div>\n\t\t<\/div>\n\t\t\t\t<div class=\"elementor-column elementor-col-50 elementor-top-column elementor-element elementor-element-77e0573\" data-id=\"77e0573\" data-element_type=\"column\">\n\t\t\t<div class=\"elementor-widget-wrap elementor-element-populated\">\n\t\t\t\t\t\t<div class=\"elementor-element elementor-element-164e7f0 elementor-widget elementor-widget-heading\" data-id=\"164e7f0\" data-element_type=\"widget\" data-widget_type=\"heading.default\">\n\t\t\t\t\t<h2 class=\"elementor-heading-title elementor-size-default\">GENEL \u00d6ZELL\u0130KLER\u0130<\/h2>\t\t\t\t<\/div>\n\t\t\t\t<div class=\"elementor-element elementor-element-2ec7f57 elementor-widget elementor-widget-heading\" data-id=\"2ec7f57\" data-element_type=\"widget\" data-widget_type=\"heading.default\">\n\t\t\t\t\t<h3 class=\"elementor-heading-title elementor-size-default\">*  500 kg a kadar santrif\u00fcj kuvvet.<br>\n *   Al\u00fcminyum d\u00f6k\u00fcm g\u00f6vde<br>\n *   Kalk\u0131\u015f momenti g\u00fc\u00e7lendirilmi\u015f, d\u00fc\u015f\u00fck kay\u0131pl\u0131 sa\u00e7dan imal edilmi\u015f sincap kafesli rotor.<br>\n  *  Ayarlanabilir santrif\u00fcj kuvvet.<br>\n *   Standart 230V 50Hz g\u00fc\u00e7 beslemesi (di\u011fer voltaj ve frekans de\u011fer leri i\u00e7in teknik departman\u0131m\u0131zla irtibata ge\u00e7iniz)<br>\n   * IP-66 Koruma s\u0131n\u0131f\u0131.<br>\n  *  F s\u0131n\u0131f\u0131 izolasyon<br>\n    *S1 s\u00fcrekli \u00e7al\u0131\u015fma<br>\n    *15 \u00b0C\u2026\u2026+40\u00b0C Ortam s\u0131cakl\u0131\u011f\u0131<br><\/h3>\t\t\t\t<\/div>\n\t\t\t\t\t<\/div>\n\t\t<\/div>\n\t\t\t\t\t<\/div>\n\t\t<\/section>\n\t\t\t\t<section class=\"elementor-section elementor-top-section elementor-element elementor-element-fb9ef87 elementor-section-boxed elementor-section-height-default elementor-section-height-default\" data-id=\"fb9ef87\" data-element_type=\"section\">\n\t\t\t\t\t\t<div class=\"elementor-container elementor-column-gap-default\">\n\t\t\t\t\t<div class=\"elementor-column elementor-col-100 elementor-top-column elementor-element elementor-element-23cc1b4\" data-id=\"23cc1b4\" data-element_type=\"column\">\n\t\t\t<div class=\"elementor-widget-wrap elementor-element-populated\">\n\t\t\t\t\t\t<div class=\"elementor-element elementor-element-e736d35 elementor-widget elementor-widget-spacer\" data-id=\"e736d35\" data-element_type=\"widget\" data-widget_type=\"spacer.default\">\n\t\t\t\t\t\t\t<div class=\"elementor-spacer\">\n\t\t\t<div class=\"elementor-spacer-inner\"><\/div>\n\t\t<\/div>\n\t\t\t\t\t\t<\/div>\n\t\t\t\t\t<\/div>\n\t\t<\/div>\n\t\t\t\t\t<\/div>\n\t\t<\/section>\n\t\t\t\t<\/div>\n\t\t","protected":false},"excerpt":{"rendered":"<p>GENEL \u00d6ZELL\u0130KLER\u0130 * 500 kg a kadar santrif\u00fcj kuvvet. * Al\u00fcminyum d\u00f6k\u00fcm g\u00f6vde * Kalk\u0131\u015f momenti g\u00fc\u00e7lendirilmi\u015f, d\u00fc\u015f\u00fck kay\u0131pl\u0131 sa\u00e7dan imal edilmi\u015f sincap kafesli rotor. * Ayarlanabilir santrif\u00fcj kuvvet. * Standart 230V 50Hz g\u00fc\u00e7 beslemesi (di\u011fer voltaj ve frekans de\u011fer leri i\u00e7in teknik departman\u0131m\u0131zla irtibata ge\u00e7iniz) * IP-66 Koruma s\u0131n\u0131f\u0131. * F s\u0131n\u0131f\u0131 izolasyon *S1 [&hellip;]<\/p>\n","protected":false},"author":1,"featured_media":0,"parent":1009,"menu_order":0,"comment_status":"closed","ping_status":"closed","template":"","meta":{"footnotes":""},"wf_page_folders":[],"class_list":["post-1156","page","type-page","status-publish","hentry"],"yoast_head":"<!-- This site is optimized with the Yoast SEO plugin v24.8.1 - https:\/\/yoast.com\/wordpress\/plugins\/seo\/ -->\n<title>1 Fazl\u0131 Vibrasyon Motoru - Tamsan Motor<\/title>\n<meta name=\"robots\" content=\"index, follow, max-snippet:-1, max-image-preview:large, max-video-preview:-1\" \/>\n<link rel=\"canonical\" href=\"https:\/\/tamsanmotor.com\/index.php\/urunler\/elektrikmotorlari\/vibrasyon-motorlari\/1-fazli-vibrasyon-motoru\/\" \/>\n<meta property=\"og:locale\" content=\"tr_TR\" \/>\n<meta property=\"og:type\" content=\"article\" \/>\n<meta property=\"og:title\" content=\"1 Fazl\u0131 Vibrasyon Motoru - Tamsan Motor\" \/>\n<meta property=\"og:description\" content=\"GENEL \u00d6ZELL\u0130KLER\u0130 * 500 kg a kadar santrif\u00fcj kuvvet. * Al\u00fcminyum d\u00f6k\u00fcm g\u00f6vde * Kalk\u0131\u015f momenti g\u00fc\u00e7lendirilmi\u015f, d\u00fc\u015f\u00fck kay\u0131pl\u0131 sa\u00e7dan imal edilmi\u015f sincap kafesli rotor. * Ayarlanabilir santrif\u00fcj kuvvet. * Standart 230V 50Hz g\u00fc\u00e7 beslemesi (di\u011fer voltaj ve frekans de\u011fer leri i\u00e7in teknik departman\u0131m\u0131zla irtibata ge\u00e7iniz) * IP-66 Koruma s\u0131n\u0131f\u0131. * F s\u0131n\u0131f\u0131 izolasyon *S1 [&hellip;]\" \/>\n<meta property=\"og:url\" content=\"https:\/\/tamsanmotor.com\/index.php\/urunler\/elektrikmotorlari\/vibrasyon-motorlari\/1-fazli-vibrasyon-motoru\/\" \/>\n<meta property=\"og:site_name\" content=\"Tamsan Motor\" \/>\n<meta property=\"article:modified_time\" content=\"2019-11-13T14:51:24+00:00\" \/>\n<meta name=\"twitter:card\" content=\"summary_large_image\" \/>\n<script type=\"application\/ld+json\" class=\"yoast-schema-graph\">{\"@context\":\"https:\/\/schema.org\",\"@graph\":[{\"@type\":\"WebPage\",\"@id\":\"https:\/\/tamsanmotor.com\/index.php\/urunler\/elektrikmotorlari\/vibrasyon-motorlari\/1-fazli-vibrasyon-motoru\/\",\"url\":\"https:\/\/tamsanmotor.com\/index.php\/urunler\/elektrikmotorlari\/vibrasyon-motorlari\/1-fazli-vibrasyon-motoru\/\",\"name\":\"1 Fazl\u0131 Vibrasyon Motoru - Tamsan Motor\",\"isPartOf\":{\"@id\":\"https:\/\/tamsanmotor.com\/#website\"},\"datePublished\":\"2019-03-16T14:06:27+00:00\",\"dateModified\":\"2019-11-13T14:51:24+00:00\",\"breadcrumb\":{\"@id\":\"https:\/\/tamsanmotor.com\/index.php\/urunler\/elektrikmotorlari\/vibrasyon-motorlari\/1-fazli-vibrasyon-motoru\/#breadcrumb\"},\"inLanguage\":\"tr\",\"potentialAction\":[{\"@type\":\"ReadAction\",\"target\":[\"https:\/\/tamsanmotor.com\/index.php\/urunler\/elektrikmotorlari\/vibrasyon-motorlari\/1-fazli-vibrasyon-motoru\/\"]}]},{\"@type\":\"BreadcrumbList\",\"@id\":\"https:\/\/tamsanmotor.com\/index.php\/urunler\/elektrikmotorlari\/vibrasyon-motorlari\/1-fazli-vibrasyon-motoru\/#breadcrumb\",\"itemListElement\":[{\"@type\":\"ListItem\",\"position\":1,\"name\":\"Ana sayfa\",\"item\":\"https:\/\/tamsanmotor.com\/\"},{\"@type\":\"ListItem\",\"position\":2,\"name\":\"\u00dcr\u00fcnler\",\"item\":\"https:\/\/tamsanmotor.com\/index.php\/urunler\/\"},{\"@type\":\"ListItem\",\"position\":3,\"name\":\"Elektrik Motorlar\u0131\",\"item\":\"https:\/\/tamsanmotor.com\/index.php\/urunler\/elektrikmotorlari\/\"},{\"@type\":\"ListItem\",\"position\":4,\"name\":\"Vibrasyon Motorlar\u0131\",\"item\":\"https:\/\/tamsanmotor.com\/index.php\/urunler\/elektrikmotorlari\/vibrasyon-motorlari\/\"},{\"@type\":\"ListItem\",\"position\":5,\"name\":\"1 Fazl\u0131 Vibrasyon Motoru\"}]},{\"@type\":\"WebSite\",\"@id\":\"https:\/\/tamsanmotor.com\/#website\",\"url\":\"https:\/\/tamsanmotor.com\/\",\"name\":\"Tamsan Elektrik Motor\",\"description\":\"\",\"publisher\":{\"@id\":\"https:\/\/tamsanmotor.com\/#organization\"},\"potentialAction\":[{\"@type\":\"SearchAction\",\"target\":{\"@type\":\"EntryPoint\",\"urlTemplate\":\"https:\/\/tamsanmotor.com\/?s={search_term_string}\"},\"query-input\":{\"@type\":\"PropertyValueSpecification\",\"valueRequired\":true,\"valueName\":\"search_term_string\"}}],\"inLanguage\":\"tr\"},{\"@type\":\"Organization\",\"@id\":\"https:\/\/tamsanmotor.com\/#organization\",\"name\":\"Tamsan Elektrik Motor San. ve Tic. Ltd. \u015eti.\",\"url\":\"https:\/\/tamsanmotor.com\/\",\"logo\":{\"@type\":\"ImageObject\",\"inLanguage\":\"tr\",\"@id\":\"https:\/\/tamsanmotor.com\/#\/schema\/logo\/image\/\",\"url\":\"https:\/\/mlnbhdmb5shf.i.optimole.com\/w:auto\/h:auto\/q:mauto\/f:best\/https:\/\/tamsanmotor.com\/wp-content\/uploads\/2019\/11\/TAMSAN-logo.jpg\",\"contentUrl\":\"https:\/\/mlnbhdmb5shf.i.optimole.com\/w:auto\/h:auto\/q:mauto\/f:best\/https:\/\/tamsanmotor.com\/wp-content\/uploads\/2019\/11\/TAMSAN-logo.jpg\",\"width\":1388,\"height\":292,\"caption\":\"Tamsan Elektrik Motor San. ve Tic. Ltd. \u015eti.\"},\"image\":{\"@id\":\"https:\/\/tamsanmotor.com\/#\/schema\/logo\/image\/\"}}]}<\/script>\n<!-- \/ Yoast SEO plugin. -->","yoast_head_json":{"title":"1 Fazl\u0131 Vibrasyon Motoru - Tamsan Motor","robots":{"index":"index","follow":"follow","max-snippet":"max-snippet:-1","max-image-preview":"max-image-preview:large","max-video-preview":"max-video-preview:-1"},"canonical":"https:\/\/tamsanmotor.com\/index.php\/urunler\/elektrikmotorlari\/vibrasyon-motorlari\/1-fazli-vibrasyon-motoru\/","og_locale":"tr_TR","og_type":"article","og_title":"1 Fazl\u0131 Vibrasyon Motoru - Tamsan Motor","og_description":"GENEL \u00d6ZELL\u0130KLER\u0130 * 500 kg a kadar santrif\u00fcj kuvvet. * Al\u00fcminyum d\u00f6k\u00fcm g\u00f6vde * Kalk\u0131\u015f momenti g\u00fc\u00e7lendirilmi\u015f, d\u00fc\u015f\u00fck kay\u0131pl\u0131 sa\u00e7dan imal edilmi\u015f sincap kafesli rotor. * Ayarlanabilir santrif\u00fcj kuvvet. * Standart 230V 50Hz g\u00fc\u00e7 beslemesi (di\u011fer voltaj ve frekans de\u011fer leri i\u00e7in teknik departman\u0131m\u0131zla irtibata ge\u00e7iniz) * IP-66 Koruma s\u0131n\u0131f\u0131. * F s\u0131n\u0131f\u0131 izolasyon *S1 [&hellip;]","og_url":"https:\/\/tamsanmotor.com\/index.php\/urunler\/elektrikmotorlari\/vibrasyon-motorlari\/1-fazli-vibrasyon-motoru\/","og_site_name":"Tamsan Motor","article_modified_time":"2019-11-13T14:51:24+00:00","twitter_card":"summary_large_image","schema":{"@context":"https:\/\/schema.org","@graph":[{"@type":"WebPage","@id":"https:\/\/tamsanmotor.com\/index.php\/urunler\/elektrikmotorlari\/vibrasyon-motorlari\/1-fazli-vibrasyon-motoru\/","url":"https:\/\/tamsanmotor.com\/index.php\/urunler\/elektrikmotorlari\/vibrasyon-motorlari\/1-fazli-vibrasyon-motoru\/","name":"1 Fazl\u0131 Vibrasyon Motoru - Tamsan Motor","isPartOf":{"@id":"https:\/\/tamsanmotor.com\/#website"},"datePublished":"2019-03-16T14:06:27+00:00","dateModified":"2019-11-13T14:51:24+00:00","breadcrumb":{"@id":"https:\/\/tamsanmotor.com\/index.php\/urunler\/elektrikmotorlari\/vibrasyon-motorlari\/1-fazli-vibrasyon-motoru\/#breadcrumb"},"inLanguage":"tr","potentialAction":[{"@type":"ReadAction","target":["https:\/\/tamsanmotor.com\/index.php\/urunler\/elektrikmotorlari\/vibrasyon-motorlari\/1-fazli-vibrasyon-motoru\/"]}]},{"@type":"BreadcrumbList","@id":"https:\/\/tamsanmotor.com\/index.php\/urunler\/elektrikmotorlari\/vibrasyon-motorlari\/1-fazli-vibrasyon-motoru\/#breadcrumb","itemListElement":[{"@type":"ListItem","position":1,"name":"Ana sayfa","item":"https:\/\/tamsanmotor.com\/"},{"@type":"ListItem","position":2,"name":"\u00dcr\u00fcnler","item":"https:\/\/tamsanmotor.com\/index.php\/urunler\/"},{"@type":"ListItem","position":3,"name":"Elektrik Motorlar\u0131","item":"https:\/\/tamsanmotor.com\/index.php\/urunler\/elektrikmotorlari\/"},{"@type":"ListItem","position":4,"name":"Vibrasyon Motorlar\u0131","item":"https:\/\/tamsanmotor.com\/index.php\/urunler\/elektrikmotorlari\/vibrasyon-motorlari\/"},{"@type":"ListItem","position":5,"name":"1 Fazl\u0131 Vibrasyon Motoru"}]},{"@type":"WebSite","@id":"https:\/\/tamsanmotor.com\/#website","url":"https:\/\/tamsanmotor.com\/","name":"Tamsan Elektrik Motor","description":"","publisher":{"@id":"https:\/\/tamsanmotor.com\/#organization"},"potentialAction":[{"@type":"SearchAction","target":{"@type":"EntryPoint","urlTemplate":"https:\/\/tamsanmotor.com\/?s={search_term_string}"},"query-input":{"@type":"PropertyValueSpecification","valueRequired":true,"valueName":"search_term_string"}}],"inLanguage":"tr"},{"@type":"Organization","@id":"https:\/\/tamsanmotor.com\/#organization","name":"Tamsan Elektrik Motor San. ve Tic. Ltd. \u015eti.","url":"https:\/\/tamsanmotor.com\/","logo":{"@type":"ImageObject","inLanguage":"tr","@id":"https:\/\/tamsanmotor.com\/#\/schema\/logo\/image\/","url":"https:\/\/mlnbhdmb5shf.i.optimole.com\/w:auto\/h:auto\/q:mauto\/f:best\/https:\/\/tamsanmotor.com\/wp-content\/uploads\/2019\/11\/TAMSAN-logo.jpg","contentUrl":"https:\/\/mlnbhdmb5shf.i.optimole.com\/w:auto\/h:auto\/q:mauto\/f:best\/https:\/\/tamsanmotor.com\/wp-content\/uploads\/2019\/11\/TAMSAN-logo.jpg","width":1388,"height":292,"caption":"Tamsan Elektrik Motor San. ve Tic. Ltd. \u015eti."},"image":{"@id":"https:\/\/tamsanmotor.com\/#\/schema\/logo\/image\/"}}]}},"_links":{"self":[{"href":"https:\/\/tamsanmotor.com\/index.php\/wp-json\/wp\/v2\/pages\/1156","targetHints":{"allow":["GET"]}}],"collection":[{"href":"https:\/\/tamsanmotor.com\/index.php\/wp-json\/wp\/v2\/pages"}],"about":[{"href":"https:\/\/tamsanmotor.com\/index.php\/wp-json\/wp\/v2\/types\/page"}],"author":[{"embeddable":true,"href":"https:\/\/tamsanmotor.com\/index.php\/wp-json\/wp\/v2\/users\/1"}],"replies":[{"embeddable":true,"href":"https:\/\/tamsanmotor.com\/index.php\/wp-json\/wp\/v2\/comments?post=1156"}],"version-history":[{"count":0,"href":"https:\/\/tamsanmotor.com\/index.php\/wp-json\/wp\/v2\/pages\/1156\/revisions"}],"up":[{"embeddable":true,"href":"https:\/\/tamsanmotor.com\/index.php\/wp-json\/wp\/v2\/pages\/1009"}],"wp:attachment":[{"href":"https:\/\/tamsanmotor.com\/index.php\/wp-json\/wp\/v2\/media?parent=1156"}],"wp:term":[{"taxonomy":"wf_page_folders","embeddable":true,"href":"https:\/\/tamsanmotor.com\/index.php\/wp-json\/wp\/v2\/wf_page_folders?post=1156"}],"curies":[{"name":"wp","href":"https:\/\/api.w.org\/{rel}","templated":true}]}}