{"id":1160,"date":"2019-03-16T17:07:52","date_gmt":"2019-03-16T14:07:52","guid":{"rendered":"http:\/\/tamsanmotor.com\/?page_id=1160"},"modified":"2019-11-13T17:51:56","modified_gmt":"2019-11-13T14:51:56","slug":"mikro-vibrasyon-motoru","status":"publish","type":"page","link":"https:\/\/tamsanmotor.com\/index.php\/urunler\/elektrikmotorlari\/vibrasyon-motorlari\/mikro-vibrasyon-motoru\/","title":{"rendered":"Mikro Vibrasyon Motoru"},"content":{"rendered":"\t\t<div data-elementor-type=\"wp-post\" data-elementor-id=\"1160\" class=\"elementor elementor-1160\">\n\t\t\t\t\t\t<section class=\"elementor-section elementor-top-section elementor-element elementor-element-e6556d9 elementor-section-boxed elementor-section-height-default elementor-section-height-default\" data-id=\"e6556d9\" data-element_type=\"section\">\n\t\t\t\t\t\t<div class=\"elementor-container elementor-column-gap-default\">\n\t\t\t\t\t<div class=\"elementor-column elementor-col-50 elementor-top-column elementor-element elementor-element-cae0cc5\" data-id=\"cae0cc5\" data-element_type=\"column\">\n\t\t\t<div class=\"elementor-widget-wrap elementor-element-populated\">\n\t\t\t\t\t\t<div class=\"elementor-element elementor-element-0dce159 elementor-widget elementor-widget-image\" data-id=\"0dce159\" data-element_type=\"widget\" data-widget_type=\"image.default\">\n\t\t\t\t\t\t\t\t\t\t\t\t\t\t\t<img data-opt-id=1439247680  fetchpriority=\"high\" decoding=\"async\" width=\"450\" height=\"450\" src=\"https:\/\/mlnbhdmb5shf.i.optimole.com\/w:auto\/h:auto\/q:mauto\/f:best\/https:\/\/tamsanmotor.com\/wp-content\/uploads\/2019\/03\/Mikro-Vibrasyon.png\" class=\"attachment-large size-large wp-image-1015\" alt=\"\" srcset=\"https:\/\/mlnbhdmb5shf.i.optimole.com\/w:450\/h:450\/q:mauto\/f:best\/https:\/\/tamsanmotor.com\/wp-content\/uploads\/2019\/03\/Mikro-Vibrasyon.png 450w, https:\/\/mlnbhdmb5shf.i.optimole.com\/w:150\/h:150\/q:mauto\/f:best\/https:\/\/tamsanmotor.com\/wp-content\/uploads\/2019\/03\/Mikro-Vibrasyon.png 150w, https:\/\/mlnbhdmb5shf.i.optimole.com\/w:300\/h:300\/q:mauto\/f:best\/https:\/\/tamsanmotor.com\/wp-content\/uploads\/2019\/03\/Mikro-Vibrasyon.png 300w, https:\/\/mlnbhdmb5shf.i.optimole.com\/w:100\/h:100\/q:mauto\/f:best\/https:\/\/tamsanmotor.com\/wp-content\/uploads\/2019\/03\/Mikro-Vibrasyon.png 100w\" sizes=\"(max-width: 450px) 100vw, 450px\" \/>\t\t\t\t\t\t\t\t\t\t\t\t\t\t\t<\/div>\n\t\t\t\t\t<\/div>\n\t\t<\/div>\n\t\t\t\t<div class=\"elementor-column elementor-col-50 elementor-top-column elementor-element elementor-element-c86accd\" data-id=\"c86accd\" data-element_type=\"column\">\n\t\t\t<div class=\"elementor-widget-wrap elementor-element-populated\">\n\t\t\t\t\t\t<div class=\"elementor-element elementor-element-0781a48 elementor-widget elementor-widget-heading\" data-id=\"0781a48\" data-element_type=\"widget\" data-widget_type=\"heading.default\">\n\t\t\t\t\t<h2 class=\"elementor-heading-title elementor-size-default\">Genel \u00d6zellikleri<\/h2>\t\t\t\t<\/div>\n\t\t\t\t<div class=\"elementor-element elementor-element-5900599 elementor-widget elementor-widget-heading\" data-id=\"5900599\" data-element_type=\"widget\" data-widget_type=\"heading.default\">\n\t\t\t\t\t<h2 class=\"elementor-heading-title elementor-size-default\">* 60 kg a kadar santrif\u00fcj kuvvet.<br>\n  *  Al\u00fcminyum d\u00f6k\u00fcm g\u00f6vde<br>\n  *  Kalk\u0131\u015f momenti g\u00fc\u00e7lendirilmi\u015f,d\u00fc\u015f\u00fck kay\u0131pl\u0131 sa\u00e7dan imal edilmi\u015f sincap kafesli rotor.<br>\n *   Ayarlanabilir santrif\u00fcj kuvvet.<br>\n *   Tek fazl\u0131 ve \u00dc\u00e7 fazl\u0131 \u00fcretim.<br>\n *   Standart 230\/400V 50Hz g\u00fc\u00e7 beslemesi (di\u011fer voltaj ve frekans de\u011fer leri i\u00e7in teknik departman\u0131m\u0131zla irtibata ge\u00e7iniz)<br>\n *   IP-66 Koruma s\u0131n\u0131f\u0131.<br>\n *   F s\u0131n\u0131f\u0131 izolasyon<br>\n *   S1 s\u00fcrekli \u00e7al\u0131\u015fma<br>\n *   15 \u00b0C\u2026\u2026+40\u00b0C Ortam s\u0131cakl\u0131\u011f\u0131\n\n<\/h2>\t\t\t\t<\/div>\n\t\t\t\t\t<\/div>\n\t\t<\/div>\n\t\t\t\t\t<\/div>\n\t\t<\/section>\n\t\t\t\t<section class=\"elementor-section elementor-top-section elementor-element elementor-element-b407f37 elementor-section-boxed elementor-section-height-default elementor-section-height-default\" data-id=\"b407f37\" data-element_type=\"section\">\n\t\t\t\t\t\t<div class=\"elementor-container elementor-column-gap-default\">\n\t\t\t\t\t<div class=\"elementor-column elementor-col-100 elementor-top-column elementor-element elementor-element-b2b31d7\" data-id=\"b2b31d7\" data-element_type=\"column\">\n\t\t\t<div class=\"elementor-widget-wrap elementor-element-populated\">\n\t\t\t\t\t\t<div class=\"elementor-element elementor-element-bca1fb6 elementor-widget elementor-widget-spacer\" data-id=\"bca1fb6\" data-element_type=\"widget\" data-widget_type=\"spacer.default\">\n\t\t\t\t\t\t\t<div class=\"elementor-spacer\">\n\t\t\t<div class=\"elementor-spacer-inner\"><\/div>\n\t\t<\/div>\n\t\t\t\t\t\t<\/div>\n\t\t\t\t\t<\/div>\n\t\t<\/div>\n\t\t\t\t\t<\/div>\n\t\t<\/section>\n\t\t\t\t<\/div>\n\t\t","protected":false},"excerpt":{"rendered":"<p>Genel \u00d6zellikleri * 60 kg a kadar santrif\u00fcj kuvvet. * Al\u00fcminyum d\u00f6k\u00fcm g\u00f6vde * Kalk\u0131\u015f momenti g\u00fc\u00e7lendirilmi\u015f,d\u00fc\u015f\u00fck kay\u0131pl\u0131 sa\u00e7dan imal edilmi\u015f sincap kafesli rotor. * Ayarlanabilir santrif\u00fcj kuvvet. * Tek fazl\u0131 ve \u00dc\u00e7 fazl\u0131 \u00fcretim. * Standart 230\/400V 50Hz g\u00fc\u00e7 beslemesi (di\u011fer voltaj ve frekans de\u011fer leri i\u00e7in teknik departman\u0131m\u0131zla irtibata ge\u00e7iniz) * IP-66 Koruma [&hellip;]<\/p>\n","protected":false},"author":1,"featured_media":0,"parent":1009,"menu_order":0,"comment_status":"closed","ping_status":"closed","template":"","meta":{"footnotes":""},"wf_page_folders":[],"class_list":["post-1160","page","type-page","status-publish","hentry"],"yoast_head":"<!-- This site is optimized with the Yoast SEO plugin v24.8.1 - https:\/\/yoast.com\/wordpress\/plugins\/seo\/ -->\n<title>Mikro Vibrasyon Motoru - Tamsan Motor<\/title>\n<meta name=\"robots\" content=\"index, follow, max-snippet:-1, max-image-preview:large, max-video-preview:-1\" \/>\n<link rel=\"canonical\" href=\"https:\/\/tamsanmotor.com\/index.php\/urunler\/elektrikmotorlari\/vibrasyon-motorlari\/mikro-vibrasyon-motoru\/\" \/>\n<meta property=\"og:locale\" content=\"tr_TR\" \/>\n<meta property=\"og:type\" content=\"article\" \/>\n<meta property=\"og:title\" content=\"Mikro Vibrasyon Motoru - Tamsan Motor\" \/>\n<meta property=\"og:description\" content=\"Genel \u00d6zellikleri * 60 kg a kadar santrif\u00fcj kuvvet. * Al\u00fcminyum d\u00f6k\u00fcm g\u00f6vde * Kalk\u0131\u015f momenti g\u00fc\u00e7lendirilmi\u015f,d\u00fc\u015f\u00fck kay\u0131pl\u0131 sa\u00e7dan imal edilmi\u015f sincap kafesli rotor. * Ayarlanabilir santrif\u00fcj kuvvet. * Tek fazl\u0131 ve \u00dc\u00e7 fazl\u0131 \u00fcretim. * Standart 230\/400V 50Hz g\u00fc\u00e7 beslemesi (di\u011fer voltaj ve frekans de\u011fer leri i\u00e7in teknik departman\u0131m\u0131zla irtibata ge\u00e7iniz) * IP-66 Koruma [&hellip;]\" \/>\n<meta property=\"og:url\" content=\"https:\/\/tamsanmotor.com\/index.php\/urunler\/elektrikmotorlari\/vibrasyon-motorlari\/mikro-vibrasyon-motoru\/\" \/>\n<meta property=\"og:site_name\" content=\"Tamsan Motor\" \/>\n<meta property=\"article:modified_time\" content=\"2019-11-13T14:51:56+00:00\" \/>\n<meta property=\"og:image\" content=\"https:\/\/mlnbhdmb5shf.i.optimole.com\/w:auto\/h:auto\/q:mauto\/f:best\/http:\/\/tamsanmotor.com\/wp-content\/uploads\/2019\/03\/Mikro-Vibrasyon.png\" \/>\n<meta name=\"twitter:card\" content=\"summary_large_image\" \/>\n<script type=\"application\/ld+json\" class=\"yoast-schema-graph\">{\"@context\":\"https:\/\/schema.org\",\"@graph\":[{\"@type\":\"WebPage\",\"@id\":\"https:\/\/tamsanmotor.com\/index.php\/urunler\/elektrikmotorlari\/vibrasyon-motorlari\/mikro-vibrasyon-motoru\/\",\"url\":\"https:\/\/tamsanmotor.com\/index.php\/urunler\/elektrikmotorlari\/vibrasyon-motorlari\/mikro-vibrasyon-motoru\/\",\"name\":\"Mikro Vibrasyon Motoru - Tamsan Motor\",\"isPartOf\":{\"@id\":\"https:\/\/tamsanmotor.com\/#website\"},\"primaryImageOfPage\":{\"@id\":\"https:\/\/tamsanmotor.com\/index.php\/urunler\/elektrikmotorlari\/vibrasyon-motorlari\/mikro-vibrasyon-motoru\/#primaryimage\"},\"image\":{\"@id\":\"https:\/\/tamsanmotor.com\/index.php\/urunler\/elektrikmotorlari\/vibrasyon-motorlari\/mikro-vibrasyon-motoru\/#primaryimage\"},\"thumbnailUrl\":\"https:\/\/mlnbhdmb5shf.i.optimole.com\/w:auto\/h:auto\/q:mauto\/f:best\/http:\/\/tamsanmotor.com\/wp-content\/uploads\/2019\/03\/Mikro-Vibrasyon.png\",\"datePublished\":\"2019-03-16T14:07:52+00:00\",\"dateModified\":\"2019-11-13T14:51:56+00:00\",\"breadcrumb\":{\"@id\":\"https:\/\/tamsanmotor.com\/index.php\/urunler\/elektrikmotorlari\/vibrasyon-motorlari\/mikro-vibrasyon-motoru\/#breadcrumb\"},\"inLanguage\":\"tr\",\"potentialAction\":[{\"@type\":\"ReadAction\",\"target\":[\"https:\/\/tamsanmotor.com\/index.php\/urunler\/elektrikmotorlari\/vibrasyon-motorlari\/mikro-vibrasyon-motoru\/\"]}]},{\"@type\":\"ImageObject\",\"inLanguage\":\"tr\",\"@id\":\"https:\/\/tamsanmotor.com\/index.php\/urunler\/elektrikmotorlari\/vibrasyon-motorlari\/mikro-vibrasyon-motoru\/#primaryimage\",\"url\":\"https:\/\/mlnbhdmb5shf.i.optimole.com\/w:auto\/h:auto\/q:mauto\/f:best\/https:\/\/tamsanmotor.com\/wp-content\/uploads\/2019\/03\/Mikro-Vibrasyon.png\",\"contentUrl\":\"https:\/\/mlnbhdmb5shf.i.optimole.com\/w:auto\/h:auto\/q:mauto\/f:best\/https:\/\/tamsanmotor.com\/wp-content\/uploads\/2019\/03\/Mikro-Vibrasyon.png\",\"width\":450,\"height\":450},{\"@type\":\"BreadcrumbList\",\"@id\":\"https:\/\/tamsanmotor.com\/index.php\/urunler\/elektrikmotorlari\/vibrasyon-motorlari\/mikro-vibrasyon-motoru\/#breadcrumb\",\"itemListElement\":[{\"@type\":\"ListItem\",\"position\":1,\"name\":\"Ana sayfa\",\"item\":\"https:\/\/tamsanmotor.com\/\"},{\"@type\":\"ListItem\",\"position\":2,\"name\":\"\u00dcr\u00fcnler\",\"item\":\"https:\/\/tamsanmotor.com\/index.php\/urunler\/\"},{\"@type\":\"ListItem\",\"position\":3,\"name\":\"Elektrik Motorlar\u0131\",\"item\":\"https:\/\/tamsanmotor.com\/index.php\/urunler\/elektrikmotorlari\/\"},{\"@type\":\"ListItem\",\"position\":4,\"name\":\"Vibrasyon Motorlar\u0131\",\"item\":\"https:\/\/tamsanmotor.com\/index.php\/urunler\/elektrikmotorlari\/vibrasyon-motorlari\/\"},{\"@type\":\"ListItem\",\"position\":5,\"name\":\"Mikro Vibrasyon Motoru\"}]},{\"@type\":\"WebSite\",\"@id\":\"https:\/\/tamsanmotor.com\/#website\",\"url\":\"https:\/\/tamsanmotor.com\/\",\"name\":\"Tamsan Elektrik Motor\",\"description\":\"\",\"publisher\":{\"@id\":\"https:\/\/tamsanmotor.com\/#organization\"},\"potentialAction\":[{\"@type\":\"SearchAction\",\"target\":{\"@type\":\"EntryPoint\",\"urlTemplate\":\"https:\/\/tamsanmotor.com\/?s={search_term_string}\"},\"query-input\":{\"@type\":\"PropertyValueSpecification\",\"valueRequired\":true,\"valueName\":\"search_term_string\"}}],\"inLanguage\":\"tr\"},{\"@type\":\"Organization\",\"@id\":\"https:\/\/tamsanmotor.com\/#organization\",\"name\":\"Tamsan Elektrik Motor San. ve Tic. Ltd. \u015eti.\",\"url\":\"https:\/\/tamsanmotor.com\/\",\"logo\":{\"@type\":\"ImageObject\",\"inLanguage\":\"tr\",\"@id\":\"https:\/\/tamsanmotor.com\/#\/schema\/logo\/image\/\",\"url\":\"https:\/\/mlnbhdmb5shf.i.optimole.com\/w:auto\/h:auto\/q:mauto\/f:best\/https:\/\/tamsanmotor.com\/wp-content\/uploads\/2019\/11\/TAMSAN-logo.jpg\",\"contentUrl\":\"https:\/\/mlnbhdmb5shf.i.optimole.com\/w:auto\/h:auto\/q:mauto\/f:best\/https:\/\/tamsanmotor.com\/wp-content\/uploads\/2019\/11\/TAMSAN-logo.jpg\",\"width\":1388,\"height\":292,\"caption\":\"Tamsan Elektrik Motor San. ve Tic. Ltd. \u015eti.\"},\"image\":{\"@id\":\"https:\/\/tamsanmotor.com\/#\/schema\/logo\/image\/\"}}]}<\/script>\n<!-- \/ Yoast SEO plugin. -->","yoast_head_json":{"title":"Mikro Vibrasyon Motoru - Tamsan Motor","robots":{"index":"index","follow":"follow","max-snippet":"max-snippet:-1","max-image-preview":"max-image-preview:large","max-video-preview":"max-video-preview:-1"},"canonical":"https:\/\/tamsanmotor.com\/index.php\/urunler\/elektrikmotorlari\/vibrasyon-motorlari\/mikro-vibrasyon-motoru\/","og_locale":"tr_TR","og_type":"article","og_title":"Mikro Vibrasyon Motoru - Tamsan Motor","og_description":"Genel \u00d6zellikleri * 60 kg a kadar santrif\u00fcj kuvvet. * Al\u00fcminyum d\u00f6k\u00fcm g\u00f6vde * Kalk\u0131\u015f momenti g\u00fc\u00e7lendirilmi\u015f,d\u00fc\u015f\u00fck kay\u0131pl\u0131 sa\u00e7dan imal edilmi\u015f sincap kafesli rotor. * Ayarlanabilir santrif\u00fcj kuvvet. * Tek fazl\u0131 ve \u00dc\u00e7 fazl\u0131 \u00fcretim. * Standart 230\/400V 50Hz g\u00fc\u00e7 beslemesi (di\u011fer voltaj ve frekans de\u011fer leri i\u00e7in teknik departman\u0131m\u0131zla irtibata ge\u00e7iniz) * IP-66 Koruma [&hellip;]","og_url":"https:\/\/tamsanmotor.com\/index.php\/urunler\/elektrikmotorlari\/vibrasyon-motorlari\/mikro-vibrasyon-motoru\/","og_site_name":"Tamsan Motor","article_modified_time":"2019-11-13T14:51:56+00:00","og_image":[{"url":"https:\/\/mlnbhdmb5shf.i.optimole.com\/w:auto\/h:auto\/q:mauto\/f:best\/http:\/\/tamsanmotor.com\/wp-content\/uploads\/2019\/03\/Mikro-Vibrasyon.png","type":"","width":"","height":""}],"twitter_card":"summary_large_image","schema":{"@context":"https:\/\/schema.org","@graph":[{"@type":"WebPage","@id":"https:\/\/tamsanmotor.com\/index.php\/urunler\/elektrikmotorlari\/vibrasyon-motorlari\/mikro-vibrasyon-motoru\/","url":"https:\/\/tamsanmotor.com\/index.php\/urunler\/elektrikmotorlari\/vibrasyon-motorlari\/mikro-vibrasyon-motoru\/","name":"Mikro Vibrasyon Motoru - Tamsan Motor","isPartOf":{"@id":"https:\/\/tamsanmotor.com\/#website"},"primaryImageOfPage":{"@id":"https:\/\/tamsanmotor.com\/index.php\/urunler\/elektrikmotorlari\/vibrasyon-motorlari\/mikro-vibrasyon-motoru\/#primaryimage"},"image":{"@id":"https:\/\/tamsanmotor.com\/index.php\/urunler\/elektrikmotorlari\/vibrasyon-motorlari\/mikro-vibrasyon-motoru\/#primaryimage"},"thumbnailUrl":"https:\/\/mlnbhdmb5shf.i.optimole.com\/w:auto\/h:auto\/q:mauto\/f:best\/http:\/\/tamsanmotor.com\/wp-content\/uploads\/2019\/03\/Mikro-Vibrasyon.png","datePublished":"2019-03-16T14:07:52+00:00","dateModified":"2019-11-13T14:51:56+00:00","breadcrumb":{"@id":"https:\/\/tamsanmotor.com\/index.php\/urunler\/elektrikmotorlari\/vibrasyon-motorlari\/mikro-vibrasyon-motoru\/#breadcrumb"},"inLanguage":"tr","potentialAction":[{"@type":"ReadAction","target":["https:\/\/tamsanmotor.com\/index.php\/urunler\/elektrikmotorlari\/vibrasyon-motorlari\/mikro-vibrasyon-motoru\/"]}]},{"@type":"ImageObject","inLanguage":"tr","@id":"https:\/\/tamsanmotor.com\/index.php\/urunler\/elektrikmotorlari\/vibrasyon-motorlari\/mikro-vibrasyon-motoru\/#primaryimage","url":"https:\/\/mlnbhdmb5shf.i.optimole.com\/w:auto\/h:auto\/q:mauto\/f:best\/https:\/\/tamsanmotor.com\/wp-content\/uploads\/2019\/03\/Mikro-Vibrasyon.png","contentUrl":"https:\/\/mlnbhdmb5shf.i.optimole.com\/w:auto\/h:auto\/q:mauto\/f:best\/https:\/\/tamsanmotor.com\/wp-content\/uploads\/2019\/03\/Mikro-Vibrasyon.png","width":450,"height":450},{"@type":"BreadcrumbList","@id":"https:\/\/tamsanmotor.com\/index.php\/urunler\/elektrikmotorlari\/vibrasyon-motorlari\/mikro-vibrasyon-motoru\/#breadcrumb","itemListElement":[{"@type":"ListItem","position":1,"name":"Ana sayfa","item":"https:\/\/tamsanmotor.com\/"},{"@type":"ListItem","position":2,"name":"\u00dcr\u00fcnler","item":"https:\/\/tamsanmotor.com\/index.php\/urunler\/"},{"@type":"ListItem","position":3,"name":"Elektrik Motorlar\u0131","item":"https:\/\/tamsanmotor.com\/index.php\/urunler\/elektrikmotorlari\/"},{"@type":"ListItem","position":4,"name":"Vibrasyon Motorlar\u0131","item":"https:\/\/tamsanmotor.com\/index.php\/urunler\/elektrikmotorlari\/vibrasyon-motorlari\/"},{"@type":"ListItem","position":5,"name":"Mikro Vibrasyon Motoru"}]},{"@type":"WebSite","@id":"https:\/\/tamsanmotor.com\/#website","url":"https:\/\/tamsanmotor.com\/","name":"Tamsan Elektrik Motor","description":"","publisher":{"@id":"https:\/\/tamsanmotor.com\/#organization"},"potentialAction":[{"@type":"SearchAction","target":{"@type":"EntryPoint","urlTemplate":"https:\/\/tamsanmotor.com\/?s={search_term_string}"},"query-input":{"@type":"PropertyValueSpecification","valueRequired":true,"valueName":"search_term_string"}}],"inLanguage":"tr"},{"@type":"Organization","@id":"https:\/\/tamsanmotor.com\/#organization","name":"Tamsan Elektrik Motor San. ve Tic. Ltd. \u015eti.","url":"https:\/\/tamsanmotor.com\/","logo":{"@type":"ImageObject","inLanguage":"tr","@id":"https:\/\/tamsanmotor.com\/#\/schema\/logo\/image\/","url":"https:\/\/mlnbhdmb5shf.i.optimole.com\/w:auto\/h:auto\/q:mauto\/f:best\/https:\/\/tamsanmotor.com\/wp-content\/uploads\/2019\/11\/TAMSAN-logo.jpg","contentUrl":"https:\/\/mlnbhdmb5shf.i.optimole.com\/w:auto\/h:auto\/q:mauto\/f:best\/https:\/\/tamsanmotor.com\/wp-content\/uploads\/2019\/11\/TAMSAN-logo.jpg","width":1388,"height":292,"caption":"Tamsan Elektrik Motor San. ve Tic. Ltd. \u015eti."},"image":{"@id":"https:\/\/tamsanmotor.com\/#\/schema\/logo\/image\/"}}]}},"_links":{"self":[{"href":"https:\/\/tamsanmotor.com\/index.php\/wp-json\/wp\/v2\/pages\/1160","targetHints":{"allow":["GET"]}}],"collection":[{"href":"https:\/\/tamsanmotor.com\/index.php\/wp-json\/wp\/v2\/pages"}],"about":[{"href":"https:\/\/tamsanmotor.com\/index.php\/wp-json\/wp\/v2\/types\/page"}],"author":[{"embeddable":true,"href":"https:\/\/tamsanmotor.com\/index.php\/wp-json\/wp\/v2\/users\/1"}],"replies":[{"embeddable":true,"href":"https:\/\/tamsanmotor.com\/index.php\/wp-json\/wp\/v2\/comments?post=1160"}],"version-history":[{"count":0,"href":"https:\/\/tamsanmotor.com\/index.php\/wp-json\/wp\/v2\/pages\/1160\/revisions"}],"up":[{"embeddable":true,"href":"https:\/\/tamsanmotor.com\/index.php\/wp-json\/wp\/v2\/pages\/1009"}],"wp:attachment":[{"href":"https:\/\/tamsanmotor.com\/index.php\/wp-json\/wp\/v2\/media?parent=1160"}],"wp:term":[{"taxonomy":"wf_page_folders","embeddable":true,"href":"https:\/\/tamsanmotor.com\/index.php\/wp-json\/wp\/v2\/wf_page_folders?post=1160"}],"curies":[{"name":"wp","href":"https:\/\/api.w.org\/{rel}","templated":true}]}}