{"id":118,"date":"2019-03-03T15:02:29","date_gmt":"2019-03-03T12:02:29","guid":{"rendered":"http:\/\/tamsanmotor.com\/?page_id=118"},"modified":"2025-09-15T16:04:12","modified_gmt":"2025-09-15T13:04:12","slug":"hakkimizda-sayfasi","status":"publish","type":"page","link":"https:\/\/tamsanmotor.com\/index.php\/hakkimizda-sayfasi\/","title":{"rendered":"Hakk\u0131m\u0131zda"},"content":{"rendered":"\t\t<div data-elementor-type=\"wp-post\" data-elementor-id=\"118\" class=\"elementor elementor-118\">\n\t\t\t\t\t\t<section class=\"elementor-section elementor-top-section elementor-element elementor-element-ae7626c elementor-section-boxed elementor-section-height-default elementor-section-height-default\" data-id=\"ae7626c\" data-element_type=\"section\">\n\t\t\t\t\t\t<div class=\"elementor-container elementor-column-gap-default\">\n\t\t\t\t\t<div class=\"elementor-column elementor-col-100 elementor-top-column elementor-element elementor-element-90de5a4\" data-id=\"90de5a4\" data-element_type=\"column\">\n\t\t\t<div class=\"elementor-widget-wrap elementor-element-populated\">\n\t\t\t\t\t\t<section class=\"elementor-section elementor-inner-section elementor-element elementor-element-8cc3188 elementor-section-boxed elementor-section-height-default elementor-section-height-default\" data-id=\"8cc3188\" data-element_type=\"section\" data-settings=\"{&quot;background_background&quot;:&quot;classic&quot;}\">\n\t\t\t\t\t\t<div class=\"elementor-container elementor-column-gap-default\">\n\t\t\t\t\t<div class=\"elementor-column elementor-col-50 elementor-inner-column elementor-element elementor-element-a9e3a18\" data-id=\"a9e3a18\" data-element_type=\"column\">\n\t\t\t<div class=\"elementor-widget-wrap elementor-element-populated\">\n\t\t\t\t\t\t<div class=\"elementor-element elementor-element-2dc71e9 elementor-widget elementor-widget-image\" data-id=\"2dc71e9\" data-element_type=\"widget\" data-widget_type=\"image.default\">\n\t\t\t\t\t\t\t\t\t\t\t\t\t\t\t<img data-opt-id=2142215893  fetchpriority=\"high\" decoding=\"async\" width=\"1600\" height=\"1200\" src=\"https:\/\/mlnbhdmb5shf.i.optimole.com\/w:1440\/h:1080\/q:mauto\/f:best\/https:\/\/tamsanmotor.com\/wp-content\/uploads\/2025\/09\/WhatsApp-Image-2025-09-15-at-15.43.44.jpeg\" class=\"attachment-full size-full wp-image-3184\" alt=\"\" srcset=\"https:\/\/mlnbhdmb5shf.i.optimole.com\/w:1440\/h:1080\/q:mauto\/f:best\/https:\/\/tamsanmotor.com\/wp-content\/uploads\/2025\/09\/WhatsApp-Image-2025-09-15-at-15.43.44.jpeg 1600w, https:\/\/mlnbhdmb5shf.i.optimole.com\/w:300\/h:225\/q:mauto\/f:best\/https:\/\/tamsanmotor.com\/wp-content\/uploads\/2025\/09\/WhatsApp-Image-2025-09-15-at-15.43.44.jpeg 300w, https:\/\/mlnbhdmb5shf.i.optimole.com\/w:1024\/h:768\/q:mauto\/f:best\/https:\/\/tamsanmotor.com\/wp-content\/uploads\/2025\/09\/WhatsApp-Image-2025-09-15-at-15.43.44.jpeg 1024w, https:\/\/mlnbhdmb5shf.i.optimole.com\/w:768\/h:576\/q:mauto\/f:best\/https:\/\/tamsanmotor.com\/wp-content\/uploads\/2025\/09\/WhatsApp-Image-2025-09-15-at-15.43.44.jpeg 768w, https:\/\/mlnbhdmb5shf.i.optimole.com\/w:1440\/h:1080\/q:mauto\/f:best\/https:\/\/tamsanmotor.com\/wp-content\/uploads\/2025\/09\/WhatsApp-Image-2025-09-15-at-15.43.44.jpeg 1536w\" sizes=\"(max-width: 1600px) 100vw, 1600px\" \/>\t\t\t\t\t\t\t\t\t\t\t\t\t\t\t<\/div>\n\t\t\t\t<div class=\"elementor-element elementor-element-7ead67a elementor-widget elementor-widget-spacer\" data-id=\"7ead67a\" data-element_type=\"widget\" data-widget_type=\"spacer.default\">\n\t\t\t\t\t\t\t<div class=\"elementor-spacer\">\n\t\t\t<div class=\"elementor-spacer-inner\"><\/div>\n\t\t<\/div>\n\t\t\t\t\t\t<\/div>\n\t\t\t\t<div class=\"elementor-element elementor-element-4d81c01 elementor-widget elementor-widget-heading\" data-id=\"4d81c01\" data-element_type=\"widget\" data-widget_type=\"heading.default\">\n\t\t\t\t\t<h2 class=\"elementor-heading-title elementor-size-default\">1996\u2019dan Beri G\u00fcvenilir \u00c7\u00f6z\u00fcm Orta\u011f\u0131n\u0131z<\/h2>\t\t\t\t<\/div>\n\t\t\t\t<div class=\"elementor-element elementor-element-88220ff elementor-widget elementor-widget-heading\" data-id=\"88220ff\" data-element_type=\"widget\" data-widget_type=\"heading.default\">\n\t\t\t\t\t<p class=\"elementor-heading-title elementor-size-default\">TAMSAN LTD. \u015eT\u0130. Gebze ve Marmara b\u00f6lgesinde faaliyet g\u00f6steren m\u00fc\u015fterilerine daha yak\u0131ndan hizmet sunabilmek i\u00e7in 1996 y\u0131l\u0131nda kendi yerinde hizmete ba\u015flam\u0131\u015ft\u0131r.M\u00fc\u015fterilerimizin y\u00f6nlendirmesi ile k\u0131sa zamanda \u00fcr\u00fcn \u00e7e\u015fitlerini artt\u0131rarak en modern teknolojiyi kullan\u0131p m\u00fc\u015fterilere h\u0131zl\u0131 ve hesapl\u0131 hizmet vererek b\u00f6lgede b\u00fcy\u00fck bir bo\u015flu\u011fu doldurmu\u015ftur.Mensubu oldu\u011fu \u015firketler grubunun tedarik deste\u011fini alarak m\u00fc\u015fterilerinin \u00e7e\u015fit ve miktar s\u0131n\u0131r\u0131 olmaks\u0131z\u0131n her t\u00fcrl\u00fc ihtiyac\u0131n\u0131 an\u0131nda kar\u015f\u0131layan firmam\u0131z g\u00fc\u00e7l\u00fc sermaye yap\u0131s\u0131 ile de yurt i\u00e7i ve yurt d\u0131\u015f\u0131 taleplere kolayl\u0131kla cevap vermektedir.Hizmet kalitemizi artt\u0131rmak i\u00e7in b\u00f6lge t\u00fcketicilerinin ele\u015ftirilerine ihtiyac\u0131m\u0131z vard\u0131r.<br><br><\/p>\t\t\t\t<\/div>\n\t\t\t\t\t<\/div>\n\t\t<\/div>\n\t\t\t\t<div class=\"elementor-column elementor-col-50 elementor-inner-column elementor-element elementor-element-660d1a7\" data-id=\"660d1a7\" data-element_type=\"column\">\n\t\t\t<div class=\"elementor-widget-wrap elementor-element-populated\">\n\t\t\t\t\t\t<div class=\"elementor-element elementor-element-a8b67f8 elementor-view-framed elementor-shape-square elementor-invisible elementor-widget elementor-widget-icon\" data-id=\"a8b67f8\" data-element_type=\"widget\" data-settings=\"{&quot;_animation&quot;:&quot;fadeInRight&quot;}\" data-widget_type=\"icon.default\">\n\t\t\t\t\t\t\t<div class=\"elementor-icon-wrapper\">\n\t\t\t<div class=\"elementor-icon\">\n\t\t\t\t\t\t\t<i class=\"fa fa-phone\" aria-hidden=\"true\"><\/i>\n\t\t\t\t\t\t<\/div>\n\t\t<\/div>\n\t\t\t\t\t\t<\/div>\n\t\t\t\t<div class=\"elementor-element elementor-element-e6defc1 elementor-invisible elementor-widget elementor-widget-text-editor\" data-id=\"e6defc1\" data-element_type=\"widget\" data-settings=\"{&quot;_animation&quot;:&quot;fadeInRight&quot;}\" data-widget_type=\"text-editor.default\">\n\t\t\t\t\t\t\t\t\t<h2><span id=\"bakimtext\" style=\"font-size: x-large;\"><span style=\"color: #ef233c;\"><strong>Mail<\/strong><\/span><br \/><\/span> <span id=\"baslik\" style=\"font-size: large;\">info@tamsanmotor.com<\/span><\/h2><h2><span style=\"color: #ef233c;\">Whatsapp<\/span><\/h2><h4><span class=\"phone\">0533 777 94 19<\/span><\/h4><h2><span style=\"color: #ef233c;\"><strong>Telefon<\/strong><\/span><span style=\"font-size: large;\"><br \/>(262) 643 19 53<\/span><span style=\"font-size: large;\"><br \/>(262) 643 19 54<\/span><br \/><span style=\"font-size: large;\">(262) 642 79 48<\/span><\/h2><h2>\u00a0<\/h2>\t\t\t\t\t\t\t\t<\/div>\n\t\t\t\t\t<\/div>\n\t\t<\/div>\n\t\t\t\t\t<\/div>\n\t\t<\/section>\n\t\t\t\t<div class=\"elementor-element elementor-element-dc961b5 elementor-widget elementor-widget-spacer\" data-id=\"dc961b5\" data-element_type=\"widget\" data-widget_type=\"spacer.default\">\n\t\t\t\t\t\t\t<div class=\"elementor-spacer\">\n\t\t\t<div class=\"elementor-spacer-inner\"><\/div>\n\t\t<\/div>\n\t\t\t\t\t\t<\/div>\n\t\t\t\t\t<\/div>\n\t\t<\/div>\n\t\t\t\t\t<\/div>\n\t\t<\/section>\n\t\t\t\t<\/div>\n\t\t","protected":false},"excerpt":{"rendered":"<p>1996\u2019dan Beri G\u00fcvenilir \u00c7\u00f6z\u00fcm Orta\u011f\u0131n\u0131z TAMSAN LTD. \u015eT\u0130. Gebze ve Marmara b\u00f6lgesinde faaliyet g\u00f6steren m\u00fc\u015fterilerine daha yak\u0131ndan hizmet sunabilmek i\u00e7in 1996 y\u0131l\u0131nda kendi yerinde hizmete ba\u015flam\u0131\u015ft\u0131r.M\u00fc\u015fterilerimizin y\u00f6nlendirmesi ile k\u0131sa zamanda \u00fcr\u00fcn \u00e7e\u015fitlerini artt\u0131rarak en modern teknolojiyi kullan\u0131p m\u00fc\u015fterilere h\u0131zl\u0131 ve hesapl\u0131 hizmet vererek b\u00f6lgede b\u00fcy\u00fck bir bo\u015flu\u011fu doldurmu\u015ftur.Mensubu oldu\u011fu \u015firketler grubunun tedarik deste\u011fini alarak m\u00fc\u015fterilerinin [&hellip;]<\/p>\n","protected":false},"author":1,"featured_media":0,"parent":0,"menu_order":0,"comment_status":"closed","ping_status":"closed","template":"","meta":{"footnotes":""},"wf_page_folders":[],"class_list":["post-118","page","type-page","status-publish","hentry"],"yoast_head":"<!-- This site is optimized with the Yoast SEO plugin v24.8.1 - https:\/\/yoast.com\/wordpress\/plugins\/seo\/ -->\n<title>Hakk\u0131m\u0131zda - Tamsan Motor<\/title>\n<meta name=\"robots\" content=\"index, follow, max-snippet:-1, max-image-preview:large, max-video-preview:-1\" \/>\n<link rel=\"canonical\" href=\"https:\/\/tamsanmotor.com\/index.php\/hakkimizda-sayfasi\/\" \/>\n<meta property=\"og:locale\" content=\"tr_TR\" \/>\n<meta property=\"og:type\" content=\"article\" \/>\n<meta property=\"og:title\" content=\"Hakk\u0131m\u0131zda - Tamsan Motor\" \/>\n<meta property=\"og:description\" content=\"1996\u2019dan Beri G\u00fcvenilir \u00c7\u00f6z\u00fcm Orta\u011f\u0131n\u0131z TAMSAN LTD. \u015eT\u0130. Gebze ve Marmara b\u00f6lgesinde faaliyet g\u00f6steren m\u00fc\u015fterilerine daha yak\u0131ndan hizmet sunabilmek i\u00e7in 1996 y\u0131l\u0131nda kendi yerinde hizmete ba\u015flam\u0131\u015ft\u0131r.M\u00fc\u015fterilerimizin y\u00f6nlendirmesi ile k\u0131sa zamanda \u00fcr\u00fcn \u00e7e\u015fitlerini artt\u0131rarak en modern teknolojiyi kullan\u0131p m\u00fc\u015fterilere h\u0131zl\u0131 ve hesapl\u0131 hizmet vererek b\u00f6lgede b\u00fcy\u00fck bir bo\u015flu\u011fu doldurmu\u015ftur.Mensubu oldu\u011fu \u015firketler grubunun tedarik deste\u011fini alarak m\u00fc\u015fterilerinin [&hellip;]\" \/>\n<meta property=\"og:url\" content=\"https:\/\/tamsanmotor.com\/index.php\/hakkimizda-sayfasi\/\" \/>\n<meta property=\"og:site_name\" content=\"Tamsan Motor\" \/>\n<meta property=\"article:modified_time\" content=\"2025-09-15T13:04:12+00:00\" \/>\n<meta property=\"og:image\" content=\"https:\/\/mlnbhdmb5shf.i.optimole.com\/w:auto\/h:auto\/q:mauto\/f:best\/https:\/\/tamsanmotor.com\/wp-content\/uploads\/2025\/09\/WhatsApp-Image-2025-09-15-at-15.43.44.jpeg\" \/>\n<meta name=\"twitter:card\" content=\"summary_large_image\" \/>\n<meta name=\"twitter:label1\" content=\"Tahmini okuma s\u00fcresi\" \/>\n\t<meta name=\"twitter:data1\" content=\"1 dakika\" \/>\n<script type=\"application\/ld+json\" class=\"yoast-schema-graph\">{\"@context\":\"https:\/\/schema.org\",\"@graph\":[{\"@type\":\"WebPage\",\"@id\":\"https:\/\/tamsanmotor.com\/index.php\/hakkimizda-sayfasi\/\",\"url\":\"https:\/\/tamsanmotor.com\/index.php\/hakkimizda-sayfasi\/\",\"name\":\"Hakk\u0131m\u0131zda - Tamsan Motor\",\"isPartOf\":{\"@id\":\"https:\/\/tamsanmotor.com\/#website\"},\"primaryImageOfPage\":{\"@id\":\"https:\/\/tamsanmotor.com\/index.php\/hakkimizda-sayfasi\/#primaryimage\"},\"image\":{\"@id\":\"https:\/\/tamsanmotor.com\/index.php\/hakkimizda-sayfasi\/#primaryimage\"},\"thumbnailUrl\":\"https:\/\/mlnbhdmb5shf.i.optimole.com\/w:auto\/h:auto\/q:mauto\/f:best\/https:\/\/tamsanmotor.com\/wp-content\/uploads\/2025\/09\/WhatsApp-Image-2025-09-15-at-15.43.44.jpeg\",\"datePublished\":\"2019-03-03T12:02:29+00:00\",\"dateModified\":\"2025-09-15T13:04:12+00:00\",\"breadcrumb\":{\"@id\":\"https:\/\/tamsanmotor.com\/index.php\/hakkimizda-sayfasi\/#breadcrumb\"},\"inLanguage\":\"tr\",\"potentialAction\":[{\"@type\":\"ReadAction\",\"target\":[\"https:\/\/tamsanmotor.com\/index.php\/hakkimizda-sayfasi\/\"]}]},{\"@type\":\"ImageObject\",\"inLanguage\":\"tr\",\"@id\":\"https:\/\/tamsanmotor.com\/index.php\/hakkimizda-sayfasi\/#primaryimage\",\"url\":\"https:\/\/mlnbhdmb5shf.i.optimole.com\/w:auto\/h:auto\/q:mauto\/f:best\/https:\/\/tamsanmotor.com\/wp-content\/uploads\/2025\/09\/WhatsApp-Image-2025-09-15-at-15.43.44.jpeg\",\"contentUrl\":\"https:\/\/mlnbhdmb5shf.i.optimole.com\/w:auto\/h:auto\/q:mauto\/f:best\/https:\/\/tamsanmotor.com\/wp-content\/uploads\/2025\/09\/WhatsApp-Image-2025-09-15-at-15.43.44.jpeg\",\"width\":1600,\"height\":1200},{\"@type\":\"BreadcrumbList\",\"@id\":\"https:\/\/tamsanmotor.com\/index.php\/hakkimizda-sayfasi\/#breadcrumb\",\"itemListElement\":[{\"@type\":\"ListItem\",\"position\":1,\"name\":\"Ana sayfa\",\"item\":\"https:\/\/tamsanmotor.com\/\"},{\"@type\":\"ListItem\",\"position\":2,\"name\":\"Hakk\u0131m\u0131zda\"}]},{\"@type\":\"WebSite\",\"@id\":\"https:\/\/tamsanmotor.com\/#website\",\"url\":\"https:\/\/tamsanmotor.com\/\",\"name\":\"Tamsan Elektrik Motor\",\"description\":\"\",\"publisher\":{\"@id\":\"https:\/\/tamsanmotor.com\/#organization\"},\"potentialAction\":[{\"@type\":\"SearchAction\",\"target\":{\"@type\":\"EntryPoint\",\"urlTemplate\":\"https:\/\/tamsanmotor.com\/?s={search_term_string}\"},\"query-input\":{\"@type\":\"PropertyValueSpecification\",\"valueRequired\":true,\"valueName\":\"search_term_string\"}}],\"inLanguage\":\"tr\"},{\"@type\":\"Organization\",\"@id\":\"https:\/\/tamsanmotor.com\/#organization\",\"name\":\"Tamsan Elektrik Motor San. ve Tic. Ltd. \u015eti.\",\"url\":\"https:\/\/tamsanmotor.com\/\",\"logo\":{\"@type\":\"ImageObject\",\"inLanguage\":\"tr\",\"@id\":\"https:\/\/tamsanmotor.com\/#\/schema\/logo\/image\/\",\"url\":\"https:\/\/mlnbhdmb5shf.i.optimole.com\/w:auto\/h:auto\/q:mauto\/f:best\/https:\/\/tamsanmotor.com\/wp-content\/uploads\/2019\/11\/TAMSAN-logo.jpg\",\"contentUrl\":\"https:\/\/mlnbhdmb5shf.i.optimole.com\/w:auto\/h:auto\/q:mauto\/f:best\/https:\/\/tamsanmotor.com\/wp-content\/uploads\/2019\/11\/TAMSAN-logo.jpg\",\"width\":1388,\"height\":292,\"caption\":\"Tamsan Elektrik Motor San. ve Tic. Ltd. \u015eti.\"},\"image\":{\"@id\":\"https:\/\/tamsanmotor.com\/#\/schema\/logo\/image\/\"}}]}<\/script>\n<!-- \/ Yoast SEO plugin. -->","yoast_head_json":{"title":"Hakk\u0131m\u0131zda - Tamsan Motor","robots":{"index":"index","follow":"follow","max-snippet":"max-snippet:-1","max-image-preview":"max-image-preview:large","max-video-preview":"max-video-preview:-1"},"canonical":"https:\/\/tamsanmotor.com\/index.php\/hakkimizda-sayfasi\/","og_locale":"tr_TR","og_type":"article","og_title":"Hakk\u0131m\u0131zda - Tamsan Motor","og_description":"1996\u2019dan Beri G\u00fcvenilir \u00c7\u00f6z\u00fcm Orta\u011f\u0131n\u0131z TAMSAN LTD. \u015eT\u0130. Gebze ve Marmara b\u00f6lgesinde faaliyet g\u00f6steren m\u00fc\u015fterilerine daha yak\u0131ndan hizmet sunabilmek i\u00e7in 1996 y\u0131l\u0131nda kendi yerinde hizmete ba\u015flam\u0131\u015ft\u0131r.M\u00fc\u015fterilerimizin y\u00f6nlendirmesi ile k\u0131sa zamanda \u00fcr\u00fcn \u00e7e\u015fitlerini artt\u0131rarak en modern teknolojiyi kullan\u0131p m\u00fc\u015fterilere h\u0131zl\u0131 ve hesapl\u0131 hizmet vererek b\u00f6lgede b\u00fcy\u00fck bir bo\u015flu\u011fu doldurmu\u015ftur.Mensubu oldu\u011fu \u015firketler grubunun tedarik deste\u011fini alarak m\u00fc\u015fterilerinin [&hellip;]","og_url":"https:\/\/tamsanmotor.com\/index.php\/hakkimizda-sayfasi\/","og_site_name":"Tamsan Motor","article_modified_time":"2025-09-15T13:04:12+00:00","og_image":[{"url":"https:\/\/mlnbhdmb5shf.i.optimole.com\/w:auto\/h:auto\/q:mauto\/f:best\/https:\/\/tamsanmotor.com\/wp-content\/uploads\/2025\/09\/WhatsApp-Image-2025-09-15-at-15.43.44.jpeg","type":"","width":"","height":""}],"twitter_card":"summary_large_image","twitter_misc":{"Tahmini okuma s\u00fcresi":"1 dakika"},"schema":{"@context":"https:\/\/schema.org","@graph":[{"@type":"WebPage","@id":"https:\/\/tamsanmotor.com\/index.php\/hakkimizda-sayfasi\/","url":"https:\/\/tamsanmotor.com\/index.php\/hakkimizda-sayfasi\/","name":"Hakk\u0131m\u0131zda - Tamsan Motor","isPartOf":{"@id":"https:\/\/tamsanmotor.com\/#website"},"primaryImageOfPage":{"@id":"https:\/\/tamsanmotor.com\/index.php\/hakkimizda-sayfasi\/#primaryimage"},"image":{"@id":"https:\/\/tamsanmotor.com\/index.php\/hakkimizda-sayfasi\/#primaryimage"},"thumbnailUrl":"https:\/\/mlnbhdmb5shf.i.optimole.com\/w:auto\/h:auto\/q:mauto\/f:best\/https:\/\/tamsanmotor.com\/wp-content\/uploads\/2025\/09\/WhatsApp-Image-2025-09-15-at-15.43.44.jpeg","datePublished":"2019-03-03T12:02:29+00:00","dateModified":"2025-09-15T13:04:12+00:00","breadcrumb":{"@id":"https:\/\/tamsanmotor.com\/index.php\/hakkimizda-sayfasi\/#breadcrumb"},"inLanguage":"tr","potentialAction":[{"@type":"ReadAction","target":["https:\/\/tamsanmotor.com\/index.php\/hakkimizda-sayfasi\/"]}]},{"@type":"ImageObject","inLanguage":"tr","@id":"https:\/\/tamsanmotor.com\/index.php\/hakkimizda-sayfasi\/#primaryimage","url":"https:\/\/mlnbhdmb5shf.i.optimole.com\/w:auto\/h:auto\/q:mauto\/f:best\/https:\/\/tamsanmotor.com\/wp-content\/uploads\/2025\/09\/WhatsApp-Image-2025-09-15-at-15.43.44.jpeg","contentUrl":"https:\/\/mlnbhdmb5shf.i.optimole.com\/w:auto\/h:auto\/q:mauto\/f:best\/https:\/\/tamsanmotor.com\/wp-content\/uploads\/2025\/09\/WhatsApp-Image-2025-09-15-at-15.43.44.jpeg","width":1600,"height":1200},{"@type":"BreadcrumbList","@id":"https:\/\/tamsanmotor.com\/index.php\/hakkimizda-sayfasi\/#breadcrumb","itemListElement":[{"@type":"ListItem","position":1,"name":"Ana sayfa","item":"https:\/\/tamsanmotor.com\/"},{"@type":"ListItem","position":2,"name":"Hakk\u0131m\u0131zda"}]},{"@type":"WebSite","@id":"https:\/\/tamsanmotor.com\/#website","url":"https:\/\/tamsanmotor.com\/","name":"Tamsan Elektrik Motor","description":"","publisher":{"@id":"https:\/\/tamsanmotor.com\/#organization"},"potentialAction":[{"@type":"SearchAction","target":{"@type":"EntryPoint","urlTemplate":"https:\/\/tamsanmotor.com\/?s={search_term_string}"},"query-input":{"@type":"PropertyValueSpecification","valueRequired":true,"valueName":"search_term_string"}}],"inLanguage":"tr"},{"@type":"Organization","@id":"https:\/\/tamsanmotor.com\/#organization","name":"Tamsan Elektrik Motor San. ve Tic. Ltd. \u015eti.","url":"https:\/\/tamsanmotor.com\/","logo":{"@type":"ImageObject","inLanguage":"tr","@id":"https:\/\/tamsanmotor.com\/#\/schema\/logo\/image\/","url":"https:\/\/mlnbhdmb5shf.i.optimole.com\/w:auto\/h:auto\/q:mauto\/f:best\/https:\/\/tamsanmotor.com\/wp-content\/uploads\/2019\/11\/TAMSAN-logo.jpg","contentUrl":"https:\/\/mlnbhdmb5shf.i.optimole.com\/w:auto\/h:auto\/q:mauto\/f:best\/https:\/\/tamsanmotor.com\/wp-content\/uploads\/2019\/11\/TAMSAN-logo.jpg","width":1388,"height":292,"caption":"Tamsan Elektrik Motor San. ve Tic. Ltd. \u015eti."},"image":{"@id":"https:\/\/tamsanmotor.com\/#\/schema\/logo\/image\/"}}]}},"_links":{"self":[{"href":"https:\/\/tamsanmotor.com\/index.php\/wp-json\/wp\/v2\/pages\/118","targetHints":{"allow":["GET"]}}],"collection":[{"href":"https:\/\/tamsanmotor.com\/index.php\/wp-json\/wp\/v2\/pages"}],"about":[{"href":"https:\/\/tamsanmotor.com\/index.php\/wp-json\/wp\/v2\/types\/page"}],"author":[{"embeddable":true,"href":"https:\/\/tamsanmotor.com\/index.php\/wp-json\/wp\/v2\/users\/1"}],"replies":[{"embeddable":true,"href":"https:\/\/tamsanmotor.com\/index.php\/wp-json\/wp\/v2\/comments?post=118"}],"version-history":[{"count":15,"href":"https:\/\/tamsanmotor.com\/index.php\/wp-json\/wp\/v2\/pages\/118\/revisions"}],"predecessor-version":[{"id":3196,"href":"https:\/\/tamsanmotor.com\/index.php\/wp-json\/wp\/v2\/pages\/118\/revisions\/3196"}],"wp:attachment":[{"href":"https:\/\/tamsanmotor.com\/index.php\/wp-json\/wp\/v2\/media?parent=118"}],"wp:term":[{"taxonomy":"wf_page_folders","embeddable":true,"href":"https:\/\/tamsanmotor.com\/index.php\/wp-json\/wp\/v2\/wf_page_folders?post=118"}],"curies":[{"name":"wp","href":"https:\/\/api.w.org\/{rel}","templated":true}]}}