{"id":1242,"date":"2019-03-16T19:22:33","date_gmt":"2019-03-16T16:22:33","guid":{"rendered":"http:\/\/tamsanmotor.com\/?page_id=1242"},"modified":"2019-03-16T19:43:39","modified_gmt":"2019-03-16T16:43:39","slug":"tx-zone-22-ex-proof-motor-serisi","status":"publish","type":"page","link":"https:\/\/tamsanmotor.com\/index.php\/urunler\/pompalar\/boryag-pompalari\/tx-zone-22-ex-proof-motor-serisi\/","title":{"rendered":"TX Zone 22 Ex-Proof Motor Serisi"},"content":{"rendered":"\t\t<div data-elementor-type=\"wp-post\" data-elementor-id=\"1242\" class=\"elementor elementor-1242\">\n\t\t\t\t\t\t<section class=\"elementor-section elementor-top-section elementor-element elementor-element-519a1aa elementor-section-boxed elementor-section-height-default elementor-section-height-default\" data-id=\"519a1aa\" data-element_type=\"section\">\n\t\t\t\t\t\t<div class=\"elementor-container elementor-column-gap-default\">\n\t\t\t\t\t<div class=\"elementor-column elementor-col-50 elementor-top-column elementor-element elementor-element-0098bb8\" data-id=\"0098bb8\" data-element_type=\"column\">\n\t\t\t<div class=\"elementor-widget-wrap elementor-element-populated\">\n\t\t\t\t\t\t<div class=\"elementor-element elementor-element-1d0b197 elementor-widget elementor-widget-image\" data-id=\"1d0b197\" data-element_type=\"widget\" data-widget_type=\"image.default\">\n\t\t\t\t\t\t\t\t\t\t\t\t\t\t\t<img data-opt-id=1800255106  fetchpriority=\"high\" decoding=\"async\" width=\"450\" height=\"450\" src=\"https:\/\/mlnbhdmb5shf.i.optimole.com\/w:450\/h:450\/q:mauto\/f:best\/https:\/\/tamsanmotor.com\/wp-content\/uploads\/2019\/03\/TX_giris.png\" class=\"attachment-large size-large wp-image-865\" alt=\"\" srcset=\"https:\/\/mlnbhdmb5shf.i.optimole.com\/w:450\/h:450\/q:mauto\/f:best\/https:\/\/tamsanmotor.com\/wp-content\/uploads\/2019\/03\/TX_giris.png 450w, https:\/\/mlnbhdmb5shf.i.optimole.com\/w:150\/h:150\/q:mauto\/f:best\/https:\/\/tamsanmotor.com\/wp-content\/uploads\/2019\/03\/TX_giris.png 150w, https:\/\/mlnbhdmb5shf.i.optimole.com\/w:300\/h:300\/q:mauto\/f:best\/https:\/\/tamsanmotor.com\/wp-content\/uploads\/2019\/03\/TX_giris.png 300w, https:\/\/mlnbhdmb5shf.i.optimole.com\/w:100\/h:100\/q:mauto\/f:best\/https:\/\/tamsanmotor.com\/wp-content\/uploads\/2019\/03\/TX_giris.png 100w\" sizes=\"(max-width: 450px) 100vw, 450px\" \/>\t\t\t\t\t\t\t\t\t\t\t\t\t\t\t<\/div>\n\t\t\t\t\t<\/div>\n\t\t<\/div>\n\t\t\t\t<div class=\"elementor-column elementor-col-50 elementor-top-column elementor-element elementor-element-0bb3a45\" data-id=\"0bb3a45\" data-element_type=\"column\">\n\t\t\t<div class=\"elementor-widget-wrap elementor-element-populated\">\n\t\t\t\t\t\t<div class=\"elementor-element elementor-element-0cc9c21 elementor-widget elementor-widget-heading\" data-id=\"0cc9c21\" data-element_type=\"widget\" data-widget_type=\"heading.default\">\n\t\t\t\t\t<h3 class=\"elementor-heading-title elementor-size-default\">63, 71, 80, 90, 100, 112 ve 132 g\u00f6vde se\u00e7enekleri<br>\n    0,12 .. 11 kW<br>\n    3000 ve 1500 devir\/dk se\u00e7enekleri<br>\n    IP65 Koruma derecesi<br>\n    -20\u2026+40\u00b0C ortam s\u0131cakl\u0131\u011f\u0131 aral\u0131\u011f\u0131<br>\n    S1 \u00c7al\u0131\u015fma ve F izolasyon s\u0131n\u0131f\u0131<br>\n    B3, B5 ve B14 Flan\u015fl\u0131 ba\u011flant\u0131 se\u00e7enekleri<br>\n<\/h3>\t\t\t\t<\/div>\n\t\t\t\t<div class=\"elementor-element elementor-element-cfa1fb6 elementor-widget elementor-widget-heading\" data-id=\"cfa1fb6\" data-element_type=\"widget\" data-widget_type=\"heading.default\">\n\t\t\t\t\t<h3 class=\"elementor-heading-title elementor-size-default\">II 3D: Patlay\u0131c\u0131 Toz <br>\n\nEx tc: Etraf\u0131 \u00c7evrilerek Koruma<br>\n\nIIIC: Metal Tozu Grubu<br>\n\nT135\u00b0C: 135\u00b0C Yan\u0131c\u0131 toz ortamlar <br><\/h3>\t\t\t\t<\/div>\n\t\t\t\t\t<\/div>\n\t\t<\/div>\n\t\t\t\t\t<\/div>\n\t\t<\/section>\n\t\t\t\t<\/div>\n\t\t","protected":false},"excerpt":{"rendered":"<p>63, 71, 80, 90, 100, 112 ve 132 g\u00f6vde se\u00e7enekleri 0,12 .. 11 kW 3000 ve 1500 devir\/dk se\u00e7enekleri IP65 Koruma derecesi -20\u2026+40\u00b0C ortam s\u0131cakl\u0131\u011f\u0131 aral\u0131\u011f\u0131 S1 \u00c7al\u0131\u015fma ve F izolasyon s\u0131n\u0131f\u0131 B3, B5 ve B14 Flan\u015fl\u0131 ba\u011flant\u0131 se\u00e7enekleri II 3D: Patlay\u0131c\u0131 Toz Ex tc: Etraf\u0131 \u00c7evrilerek Koruma IIIC: Metal Tozu Grubu T135\u00b0C: 135\u00b0C Yan\u0131c\u0131 [&hellip;]<\/p>\n","protected":false},"author":1,"featured_media":0,"parent":790,"menu_order":0,"comment_status":"closed","ping_status":"closed","template":"","meta":{"footnotes":""},"wf_page_folders":[],"class_list":["post-1242","page","type-page","status-publish","hentry"],"yoast_head":"<!-- This site is optimized with the Yoast SEO plugin v24.8.1 - https:\/\/yoast.com\/wordpress\/plugins\/seo\/ -->\n<title>TX Zone 22 Ex-Proof Motor Serisi - Tamsan Motor<\/title>\n<meta name=\"robots\" content=\"index, follow, max-snippet:-1, max-image-preview:large, max-video-preview:-1\" \/>\n<link rel=\"canonical\" href=\"https:\/\/tamsanmotor.com\/index.php\/urunler\/pompalar\/boryag-pompalari\/tx-zone-22-ex-proof-motor-serisi\/\" \/>\n<meta property=\"og:locale\" content=\"tr_TR\" \/>\n<meta property=\"og:type\" content=\"article\" \/>\n<meta property=\"og:title\" content=\"TX Zone 22 Ex-Proof Motor Serisi - Tamsan Motor\" \/>\n<meta property=\"og:description\" content=\"63, 71, 80, 90, 100, 112 ve 132 g\u00f6vde se\u00e7enekleri 0,12 .. 11 kW 3000 ve 1500 devir\/dk se\u00e7enekleri IP65 Koruma derecesi -20\u2026+40\u00b0C ortam s\u0131cakl\u0131\u011f\u0131 aral\u0131\u011f\u0131 S1 \u00c7al\u0131\u015fma ve F izolasyon s\u0131n\u0131f\u0131 B3, B5 ve B14 Flan\u015fl\u0131 ba\u011flant\u0131 se\u00e7enekleri II 3D: Patlay\u0131c\u0131 Toz Ex tc: Etraf\u0131 \u00c7evrilerek Koruma IIIC: Metal Tozu Grubu T135\u00b0C: 135\u00b0C Yan\u0131c\u0131 [&hellip;]\" \/>\n<meta property=\"og:url\" content=\"https:\/\/tamsanmotor.com\/index.php\/urunler\/pompalar\/boryag-pompalari\/tx-zone-22-ex-proof-motor-serisi\/\" \/>\n<meta property=\"og:site_name\" content=\"Tamsan Motor\" \/>\n<meta property=\"article:modified_time\" content=\"2019-03-16T16:43:39+00:00\" \/>\n<meta property=\"og:image\" content=\"https:\/\/mlnbhdmb5shf.i.optimole.com\/w:auto\/h:auto\/q:mauto\/f:best\/http:\/\/tamsanmotor.com\/wp-content\/uploads\/2019\/03\/TX_giris.png\" \/>\n<meta name=\"twitter:card\" content=\"summary_large_image\" \/>\n<script type=\"application\/ld+json\" class=\"yoast-schema-graph\">{\"@context\":\"https:\/\/schema.org\",\"@graph\":[{\"@type\":\"WebPage\",\"@id\":\"https:\/\/tamsanmotor.com\/index.php\/urunler\/pompalar\/boryag-pompalari\/tx-zone-22-ex-proof-motor-serisi\/\",\"url\":\"https:\/\/tamsanmotor.com\/index.php\/urunler\/pompalar\/boryag-pompalari\/tx-zone-22-ex-proof-motor-serisi\/\",\"name\":\"TX Zone 22 Ex-Proof Motor Serisi - Tamsan Motor\",\"isPartOf\":{\"@id\":\"https:\/\/tamsanmotor.com\/#website\"},\"primaryImageOfPage\":{\"@id\":\"https:\/\/tamsanmotor.com\/index.php\/urunler\/pompalar\/boryag-pompalari\/tx-zone-22-ex-proof-motor-serisi\/#primaryimage\"},\"image\":{\"@id\":\"https:\/\/tamsanmotor.com\/index.php\/urunler\/pompalar\/boryag-pompalari\/tx-zone-22-ex-proof-motor-serisi\/#primaryimage\"},\"thumbnailUrl\":\"https:\/\/mlnbhdmb5shf.i.optimole.com\/w:auto\/h:auto\/q:mauto\/f:best\/http:\/\/tamsanmotor.com\/wp-content\/uploads\/2019\/03\/TX_giris.png\",\"datePublished\":\"2019-03-16T16:22:33+00:00\",\"dateModified\":\"2019-03-16T16:43:39+00:00\",\"breadcrumb\":{\"@id\":\"https:\/\/tamsanmotor.com\/index.php\/urunler\/pompalar\/boryag-pompalari\/tx-zone-22-ex-proof-motor-serisi\/#breadcrumb\"},\"inLanguage\":\"tr\",\"potentialAction\":[{\"@type\":\"ReadAction\",\"target\":[\"https:\/\/tamsanmotor.com\/index.php\/urunler\/pompalar\/boryag-pompalari\/tx-zone-22-ex-proof-motor-serisi\/\"]}]},{\"@type\":\"ImageObject\",\"inLanguage\":\"tr\",\"@id\":\"https:\/\/tamsanmotor.com\/index.php\/urunler\/pompalar\/boryag-pompalari\/tx-zone-22-ex-proof-motor-serisi\/#primaryimage\",\"url\":\"https:\/\/mlnbhdmb5shf.i.optimole.com\/w:auto\/h:auto\/q:mauto\/f:best\/https:\/\/tamsanmotor.com\/wp-content\/uploads\/2019\/03\/TX_giris.png\",\"contentUrl\":\"https:\/\/mlnbhdmb5shf.i.optimole.com\/w:auto\/h:auto\/q:mauto\/f:best\/https:\/\/tamsanmotor.com\/wp-content\/uploads\/2019\/03\/TX_giris.png\",\"width\":450,\"height\":450},{\"@type\":\"BreadcrumbList\",\"@id\":\"https:\/\/tamsanmotor.com\/index.php\/urunler\/pompalar\/boryag-pompalari\/tx-zone-22-ex-proof-motor-serisi\/#breadcrumb\",\"itemListElement\":[{\"@type\":\"ListItem\",\"position\":1,\"name\":\"Ana sayfa\",\"item\":\"https:\/\/tamsanmotor.com\/\"},{\"@type\":\"ListItem\",\"position\":2,\"name\":\"\u00dcr\u00fcnler\",\"item\":\"https:\/\/tamsanmotor.com\/index.php\/urunler\/\"},{\"@type\":\"ListItem\",\"position\":3,\"name\":\"Pompalar\",\"item\":\"https:\/\/tamsanmotor.com\/index.php\/urunler\/pompalar\/\"},{\"@type\":\"ListItem\",\"position\":4,\"name\":\"Borya\u011f Pompalar\u0131\",\"item\":\"https:\/\/tamsanmotor.com\/index.php\/urunler\/pompalar\/boryag-pompalari\/\"},{\"@type\":\"ListItem\",\"position\":5,\"name\":\"TX Zone 22 Ex-Proof Motor Serisi\"}]},{\"@type\":\"WebSite\",\"@id\":\"https:\/\/tamsanmotor.com\/#website\",\"url\":\"https:\/\/tamsanmotor.com\/\",\"name\":\"Tamsan Elektrik Motor\",\"description\":\"\",\"publisher\":{\"@id\":\"https:\/\/tamsanmotor.com\/#organization\"},\"potentialAction\":[{\"@type\":\"SearchAction\",\"target\":{\"@type\":\"EntryPoint\",\"urlTemplate\":\"https:\/\/tamsanmotor.com\/?s={search_term_string}\"},\"query-input\":{\"@type\":\"PropertyValueSpecification\",\"valueRequired\":true,\"valueName\":\"search_term_string\"}}],\"inLanguage\":\"tr\"},{\"@type\":\"Organization\",\"@id\":\"https:\/\/tamsanmotor.com\/#organization\",\"name\":\"Tamsan Elektrik Motor San. ve Tic. Ltd. \u015eti.\",\"url\":\"https:\/\/tamsanmotor.com\/\",\"logo\":{\"@type\":\"ImageObject\",\"inLanguage\":\"tr\",\"@id\":\"https:\/\/tamsanmotor.com\/#\/schema\/logo\/image\/\",\"url\":\"https:\/\/mlnbhdmb5shf.i.optimole.com\/w:auto\/h:auto\/q:mauto\/f:best\/https:\/\/tamsanmotor.com\/wp-content\/uploads\/2019\/11\/TAMSAN-logo.jpg\",\"contentUrl\":\"https:\/\/mlnbhdmb5shf.i.optimole.com\/w:auto\/h:auto\/q:mauto\/f:best\/https:\/\/tamsanmotor.com\/wp-content\/uploads\/2019\/11\/TAMSAN-logo.jpg\",\"width\":1388,\"height\":292,\"caption\":\"Tamsan Elektrik Motor San. ve Tic. Ltd. \u015eti.\"},\"image\":{\"@id\":\"https:\/\/tamsanmotor.com\/#\/schema\/logo\/image\/\"}}]}<\/script>\n<!-- \/ Yoast SEO plugin. -->","yoast_head_json":{"title":"TX Zone 22 Ex-Proof Motor Serisi - Tamsan Motor","robots":{"index":"index","follow":"follow","max-snippet":"max-snippet:-1","max-image-preview":"max-image-preview:large","max-video-preview":"max-video-preview:-1"},"canonical":"https:\/\/tamsanmotor.com\/index.php\/urunler\/pompalar\/boryag-pompalari\/tx-zone-22-ex-proof-motor-serisi\/","og_locale":"tr_TR","og_type":"article","og_title":"TX Zone 22 Ex-Proof Motor Serisi - Tamsan Motor","og_description":"63, 71, 80, 90, 100, 112 ve 132 g\u00f6vde se\u00e7enekleri 0,12 .. 11 kW 3000 ve 1500 devir\/dk se\u00e7enekleri IP65 Koruma derecesi -20\u2026+40\u00b0C ortam s\u0131cakl\u0131\u011f\u0131 aral\u0131\u011f\u0131 S1 \u00c7al\u0131\u015fma ve F izolasyon s\u0131n\u0131f\u0131 B3, B5 ve B14 Flan\u015fl\u0131 ba\u011flant\u0131 se\u00e7enekleri II 3D: Patlay\u0131c\u0131 Toz Ex tc: Etraf\u0131 \u00c7evrilerek Koruma IIIC: Metal Tozu Grubu T135\u00b0C: 135\u00b0C Yan\u0131c\u0131 [&hellip;]","og_url":"https:\/\/tamsanmotor.com\/index.php\/urunler\/pompalar\/boryag-pompalari\/tx-zone-22-ex-proof-motor-serisi\/","og_site_name":"Tamsan Motor","article_modified_time":"2019-03-16T16:43:39+00:00","og_image":[{"url":"https:\/\/mlnbhdmb5shf.i.optimole.com\/w:auto\/h:auto\/q:mauto\/f:best\/http:\/\/tamsanmotor.com\/wp-content\/uploads\/2019\/03\/TX_giris.png","type":"","width":"","height":""}],"twitter_card":"summary_large_image","schema":{"@context":"https:\/\/schema.org","@graph":[{"@type":"WebPage","@id":"https:\/\/tamsanmotor.com\/index.php\/urunler\/pompalar\/boryag-pompalari\/tx-zone-22-ex-proof-motor-serisi\/","url":"https:\/\/tamsanmotor.com\/index.php\/urunler\/pompalar\/boryag-pompalari\/tx-zone-22-ex-proof-motor-serisi\/","name":"TX Zone 22 Ex-Proof Motor Serisi - Tamsan Motor","isPartOf":{"@id":"https:\/\/tamsanmotor.com\/#website"},"primaryImageOfPage":{"@id":"https:\/\/tamsanmotor.com\/index.php\/urunler\/pompalar\/boryag-pompalari\/tx-zone-22-ex-proof-motor-serisi\/#primaryimage"},"image":{"@id":"https:\/\/tamsanmotor.com\/index.php\/urunler\/pompalar\/boryag-pompalari\/tx-zone-22-ex-proof-motor-serisi\/#primaryimage"},"thumbnailUrl":"https:\/\/mlnbhdmb5shf.i.optimole.com\/w:auto\/h:auto\/q:mauto\/f:best\/http:\/\/tamsanmotor.com\/wp-content\/uploads\/2019\/03\/TX_giris.png","datePublished":"2019-03-16T16:22:33+00:00","dateModified":"2019-03-16T16:43:39+00:00","breadcrumb":{"@id":"https:\/\/tamsanmotor.com\/index.php\/urunler\/pompalar\/boryag-pompalari\/tx-zone-22-ex-proof-motor-serisi\/#breadcrumb"},"inLanguage":"tr","potentialAction":[{"@type":"ReadAction","target":["https:\/\/tamsanmotor.com\/index.php\/urunler\/pompalar\/boryag-pompalari\/tx-zone-22-ex-proof-motor-serisi\/"]}]},{"@type":"ImageObject","inLanguage":"tr","@id":"https:\/\/tamsanmotor.com\/index.php\/urunler\/pompalar\/boryag-pompalari\/tx-zone-22-ex-proof-motor-serisi\/#primaryimage","url":"https:\/\/mlnbhdmb5shf.i.optimole.com\/w:auto\/h:auto\/q:mauto\/f:best\/https:\/\/tamsanmotor.com\/wp-content\/uploads\/2019\/03\/TX_giris.png","contentUrl":"https:\/\/mlnbhdmb5shf.i.optimole.com\/w:auto\/h:auto\/q:mauto\/f:best\/https:\/\/tamsanmotor.com\/wp-content\/uploads\/2019\/03\/TX_giris.png","width":450,"height":450},{"@type":"BreadcrumbList","@id":"https:\/\/tamsanmotor.com\/index.php\/urunler\/pompalar\/boryag-pompalari\/tx-zone-22-ex-proof-motor-serisi\/#breadcrumb","itemListElement":[{"@type":"ListItem","position":1,"name":"Ana sayfa","item":"https:\/\/tamsanmotor.com\/"},{"@type":"ListItem","position":2,"name":"\u00dcr\u00fcnler","item":"https:\/\/tamsanmotor.com\/index.php\/urunler\/"},{"@type":"ListItem","position":3,"name":"Pompalar","item":"https:\/\/tamsanmotor.com\/index.php\/urunler\/pompalar\/"},{"@type":"ListItem","position":4,"name":"Borya\u011f Pompalar\u0131","item":"https:\/\/tamsanmotor.com\/index.php\/urunler\/pompalar\/boryag-pompalari\/"},{"@type":"ListItem","position":5,"name":"TX Zone 22 Ex-Proof Motor Serisi"}]},{"@type":"WebSite","@id":"https:\/\/tamsanmotor.com\/#website","url":"https:\/\/tamsanmotor.com\/","name":"Tamsan Elektrik Motor","description":"","publisher":{"@id":"https:\/\/tamsanmotor.com\/#organization"},"potentialAction":[{"@type":"SearchAction","target":{"@type":"EntryPoint","urlTemplate":"https:\/\/tamsanmotor.com\/?s={search_term_string}"},"query-input":{"@type":"PropertyValueSpecification","valueRequired":true,"valueName":"search_term_string"}}],"inLanguage":"tr"},{"@type":"Organization","@id":"https:\/\/tamsanmotor.com\/#organization","name":"Tamsan Elektrik Motor San. ve Tic. Ltd. \u015eti.","url":"https:\/\/tamsanmotor.com\/","logo":{"@type":"ImageObject","inLanguage":"tr","@id":"https:\/\/tamsanmotor.com\/#\/schema\/logo\/image\/","url":"https:\/\/mlnbhdmb5shf.i.optimole.com\/w:auto\/h:auto\/q:mauto\/f:best\/https:\/\/tamsanmotor.com\/wp-content\/uploads\/2019\/11\/TAMSAN-logo.jpg","contentUrl":"https:\/\/mlnbhdmb5shf.i.optimole.com\/w:auto\/h:auto\/q:mauto\/f:best\/https:\/\/tamsanmotor.com\/wp-content\/uploads\/2019\/11\/TAMSAN-logo.jpg","width":1388,"height":292,"caption":"Tamsan Elektrik Motor San. ve Tic. Ltd. \u015eti."},"image":{"@id":"https:\/\/tamsanmotor.com\/#\/schema\/logo\/image\/"}}]}},"_links":{"self":[{"href":"https:\/\/tamsanmotor.com\/index.php\/wp-json\/wp\/v2\/pages\/1242","targetHints":{"allow":["GET"]}}],"collection":[{"href":"https:\/\/tamsanmotor.com\/index.php\/wp-json\/wp\/v2\/pages"}],"about":[{"href":"https:\/\/tamsanmotor.com\/index.php\/wp-json\/wp\/v2\/types\/page"}],"author":[{"embeddable":true,"href":"https:\/\/tamsanmotor.com\/index.php\/wp-json\/wp\/v2\/users\/1"}],"replies":[{"embeddable":true,"href":"https:\/\/tamsanmotor.com\/index.php\/wp-json\/wp\/v2\/comments?post=1242"}],"version-history":[{"count":0,"href":"https:\/\/tamsanmotor.com\/index.php\/wp-json\/wp\/v2\/pages\/1242\/revisions"}],"up":[{"embeddable":true,"href":"https:\/\/tamsanmotor.com\/index.php\/wp-json\/wp\/v2\/pages\/790"}],"wp:attachment":[{"href":"https:\/\/tamsanmotor.com\/index.php\/wp-json\/wp\/v2\/media?parent=1242"}],"wp:term":[{"taxonomy":"wf_page_folders","embeddable":true,"href":"https:\/\/tamsanmotor.com\/index.php\/wp-json\/wp\/v2\/wf_page_folders?post=1242"}],"curies":[{"name":"wp","href":"https:\/\/api.w.org\/{rel}","templated":true}]}}