{"id":1246,"date":"2019-03-16T19:23:41","date_gmt":"2019-03-16T16:23:41","guid":{"rendered":"http:\/\/tamsanmotor.com\/?page_id=1246"},"modified":"2019-03-16T19:40:55","modified_gmt":"2019-03-16T16:40:55","slug":"lp-serisi","status":"publish","type":"page","link":"https:\/\/tamsanmotor.com\/index.php\/urunler\/pompalar\/boryag-pompalari\/lp-serisi\/","title":{"rendered":"LP Serisi"},"content":{"rendered":"\t\t<div data-elementor-type=\"wp-post\" data-elementor-id=\"1246\" class=\"elementor elementor-1246\">\n\t\t\t\t\t\t<section class=\"elementor-section elementor-top-section elementor-element elementor-element-47e92b1 elementor-section-boxed elementor-section-height-default elementor-section-height-default\" data-id=\"47e92b1\" data-element_type=\"section\">\n\t\t\t\t\t\t<div class=\"elementor-container elementor-column-gap-default\">\n\t\t\t\t\t<div class=\"elementor-column elementor-col-50 elementor-top-column elementor-element elementor-element-24b2e1a\" data-id=\"24b2e1a\" data-element_type=\"column\">\n\t\t\t<div class=\"elementor-widget-wrap elementor-element-populated\">\n\t\t\t\t\t\t<div class=\"elementor-element elementor-element-cc29bdb elementor-widget elementor-widget-image\" data-id=\"cc29bdb\" data-element_type=\"widget\" data-widget_type=\"image.default\">\n\t\t\t\t\t\t\t\t\t\t\t\t\t\t\t<img data-opt-id=439758887  fetchpriority=\"high\" decoding=\"async\" width=\"600\" height=\"400\" src=\"https:\/\/mlnbhdmb5shf.i.optimole.com\/w:600\/h:400\/q:mauto\/f:best\/https:\/\/tamsanmotor.com\/wp-content\/uploads\/2019\/03\/lpa.jpg\" class=\"attachment-large size-large wp-image-864\" alt=\"\" srcset=\"https:\/\/mlnbhdmb5shf.i.optimole.com\/w:600\/h:400\/q:mauto\/f:best\/https:\/\/tamsanmotor.com\/wp-content\/uploads\/2019\/03\/lpa.jpg 600w, https:\/\/mlnbhdmb5shf.i.optimole.com\/w:300\/h:200\/q:mauto\/f:best\/https:\/\/tamsanmotor.com\/wp-content\/uploads\/2019\/03\/lpa.jpg 300w\" sizes=\"(max-width: 600px) 100vw, 600px\" \/>\t\t\t\t\t\t\t\t\t\t\t\t\t\t\t<\/div>\n\t\t\t\t\t<\/div>\n\t\t<\/div>\n\t\t\t\t<div class=\"elementor-column elementor-col-50 elementor-top-column elementor-element elementor-element-5c18c94\" data-id=\"5c18c94\" data-element_type=\"column\">\n\t\t\t<div class=\"elementor-widget-wrap elementor-element-populated\">\n\t\t\t\t\t\t<div class=\"elementor-element elementor-element-5ccbf5c elementor-widget elementor-widget-heading\" data-id=\"5ccbf5c\" data-element_type=\"widget\" data-widget_type=\"heading.default\">\n\t\t\t\t\t<h2 class=\"elementor-heading-title elementor-size-default\"><h2><span style=\"font-size: large;\"><strong>LP&nbsp;POMPA<\/strong><\/span><\/h2>\n<span style=\"font-size: 10pt;\">LP serisi pompalar tek kademli olarak ve giri\u015f-\u00e7\u0131k\u0131\u015f\u0131 ayn\u0131 hizada<\/span><br><span style=\"font-size: 10pt;\">(inline dizayn) olacak \u015fekilde tasarlanm\u0131\u015ft\u0131r. Bu sebeple pompa daha<\/span><br><span style=\"font-size: 10pt;\">kompakt bir yap\u0131da olup daha d\u00fc\u015f\u00fck kurulum alan\u0131 gerektirir.<\/span><br>\n<h2 style=\"text-align: left;\"><strong>Uygulama Alanlar\u0131;<\/strong><\/h2>\n<ul><li><span style=\"font-size: 10pt;\">Filtrasyon ve devirdaim sistemlerinde,<\/span><\/li><li><span style=\"font-size: 10pt;\">Kirli ak\u0131\u015fkanlarda,<\/span><\/li><li><span style=\"font-size: 10pt;\">Kat\u0131 par\u00e7ac\u0131k i\u00e7eren ak\u0131\u015fkanlarda,<\/span><\/li><li><span style=\"font-size: 10pt;\">Y\u00fczey y\u0131kama, temizleme, dozajlama,<\/span><\/li><li><span style=\"font-size: 10pt;\">Tak\u0131m tezgahlar\u0131 sekt\u00f6r\u00fcnde,<\/span><\/li><li><span style=\"font-size: 10pt;\">Klima sistemlerinde,<\/span><\/li><li><span style=\"font-size: 10pt;\">So\u011futma s\u0131v\u0131s\u0131n\u0131n sirk\u00fclasyonu,<\/span><\/li><\/ul>\n<h2><span style=\"font-size: small;\"><strong>Ak\u0131\u015fkanlar;<\/strong><\/span><\/h2>\n<ul><li>Su,<\/li><li>Em\u00fclsiyonlar,<\/li><li>Kesme ya\u011flar\u0131,<\/li><\/ul>\n<h2><strong><span style=\"font-size: small;\">\u00d6zellikler;<\/span><\/strong><\/h2>\n<ul><li><span style=\"font-size: 10pt;\">Kompakt tasar\u0131m\u0131 sayesinde daha az kurulum alan\u0131 ihtiyac\u0131,<\/span><\/li><li><span style=\"font-size: 10pt;\">\u00c7ekvalf gerektirmeden \u00e7al\u0131\u015fma,<\/span><\/li><li><span style=\"font-size: 10pt;\">8 mm\u2019e kadar par\u00e7ac\u0131k ge\u00e7irgenli\u011fi,<\/span><\/li><li><span style=\"font-size: 10pt;\">Tahliye t\u0131pas\u0131 yard\u0131m\u0131yla kolayca ak\u0131\u015fkan\u0131n tahliyesi,<\/span><\/li><li><span style=\"font-size: 10pt;\">B\u00fct\u00fcn pompalarda bulunan s\u0131zd\u0131rmazl\u0131\u011f\u0131 sa\u011flayan bir adet<\/span><br><span style=\"font-size: 10pt;\">mekanik salmastra,<\/span><\/li><\/ul>\n<h2><span style=\"font-size: small;\"><strong>Malzemeler;<\/strong><\/span><\/h2>\n<p><span style=\"font-size: 10pt;\">Pompa G\u00f6vdesi - GG 25<\/span><br><span style=\"font-size: 10pt;\">Motor Flan\u015f\u0131 - GG 25<\/span><br><span style=\"font-size: 10pt;\">\u00c7ark - GG 25<\/span><br><span style=\"font-size: 10pt;\">Pompa Mili - AISI 420<\/span><br><span style=\"font-size: 10pt;\">Mekanik Salmastra - SiC SiC-Viton<\/span><br><span style=\"font-size: 10pt;\">O - ring -Viton<\/span><\/p><span style=\"font-size: 12pt;\"><a href=\"http:\/\/www.miksanmotor.com\/images\/lppump\/LP_tr.pdf\" rel=\"alternate\">Detayl\u0131 teknik katalo\u011fu i\u00e7in t\u0131klay\u0131n\u0131z (PDF).<\/a><\/span><\/h2>\t\t\t\t<\/div>\n\t\t\t\t\t<\/div>\n\t\t<\/div>\n\t\t\t\t\t<\/div>\n\t\t<\/section>\n\t\t\t\t<\/div>\n\t\t","protected":false},"excerpt":{"rendered":"<p>LP&nbsp;POMPA LP serisi pompalar tek kademli olarak ve giri\u015f-\u00e7\u0131k\u0131\u015f\u0131 ayn\u0131 hizada(inline dizayn) olacak \u015fekilde tasarlanm\u0131\u015ft\u0131r. Bu sebeple pompa dahakompakt bir yap\u0131da olup daha d\u00fc\u015f\u00fck kurulum alan\u0131 gerektirir. Uygulama Alanlar\u0131; Filtrasyon ve devirdaim sistemlerinde, Kirli ak\u0131\u015fkanlarda, Kat\u0131 par\u00e7ac\u0131k i\u00e7eren ak\u0131\u015fkanlarda, Y\u00fczey y\u0131kama, temizleme, dozajlama, Tak\u0131m tezgahlar\u0131 sekt\u00f6r\u00fcnde, Klima sistemlerinde, So\u011futma s\u0131v\u0131s\u0131n\u0131n sirk\u00fclasyonu, Ak\u0131\u015fkanlar; Su, Em\u00fclsiyonlar, Kesme [&hellip;]<\/p>\n","protected":false},"author":1,"featured_media":0,"parent":790,"menu_order":0,"comment_status":"closed","ping_status":"closed","template":"","meta":{"footnotes":""},"wf_page_folders":[],"class_list":["post-1246","page","type-page","status-publish","hentry"],"yoast_head":"<!-- This site is optimized with the Yoast SEO plugin v24.8.1 - https:\/\/yoast.com\/wordpress\/plugins\/seo\/ -->\n<title>LP Serisi - Tamsan Motor<\/title>\n<meta name=\"robots\" content=\"index, follow, max-snippet:-1, max-image-preview:large, max-video-preview:-1\" \/>\n<link rel=\"canonical\" href=\"https:\/\/tamsanmotor.com\/index.php\/urunler\/pompalar\/boryag-pompalari\/lp-serisi\/\" \/>\n<meta property=\"og:locale\" content=\"tr_TR\" \/>\n<meta property=\"og:type\" content=\"article\" \/>\n<meta property=\"og:title\" content=\"LP Serisi - Tamsan Motor\" \/>\n<meta property=\"og:description\" content=\"LP&nbsp;POMPA LP serisi pompalar tek kademli olarak ve giri\u015f-\u00e7\u0131k\u0131\u015f\u0131 ayn\u0131 hizada(inline dizayn) olacak \u015fekilde tasarlanm\u0131\u015ft\u0131r. Bu sebeple pompa dahakompakt bir yap\u0131da olup daha d\u00fc\u015f\u00fck kurulum alan\u0131 gerektirir. Uygulama Alanlar\u0131; Filtrasyon ve devirdaim sistemlerinde, Kirli ak\u0131\u015fkanlarda, Kat\u0131 par\u00e7ac\u0131k i\u00e7eren ak\u0131\u015fkanlarda, Y\u00fczey y\u0131kama, temizleme, dozajlama, Tak\u0131m tezgahlar\u0131 sekt\u00f6r\u00fcnde, Klima sistemlerinde, So\u011futma s\u0131v\u0131s\u0131n\u0131n sirk\u00fclasyonu, Ak\u0131\u015fkanlar; Su, Em\u00fclsiyonlar, Kesme [&hellip;]\" \/>\n<meta property=\"og:url\" content=\"https:\/\/tamsanmotor.com\/index.php\/urunler\/pompalar\/boryag-pompalari\/lp-serisi\/\" \/>\n<meta property=\"og:site_name\" content=\"Tamsan Motor\" \/>\n<meta property=\"article:modified_time\" content=\"2019-03-16T16:40:55+00:00\" \/>\n<meta property=\"og:image\" content=\"https:\/\/mlnbhdmb5shf.i.optimole.com\/w:auto\/h:auto\/q:mauto\/f:best\/http:\/\/tamsanmotor.com\/wp-content\/uploads\/2019\/03\/lpa.jpg\" \/>\n<meta name=\"twitter:card\" content=\"summary_large_image\" \/>\n<meta name=\"twitter:label1\" content=\"Tahmini okuma s\u00fcresi\" \/>\n\t<meta name=\"twitter:data1\" content=\"1 dakika\" \/>\n<script type=\"application\/ld+json\" class=\"yoast-schema-graph\">{\"@context\":\"https:\/\/schema.org\",\"@graph\":[{\"@type\":\"WebPage\",\"@id\":\"https:\/\/tamsanmotor.com\/index.php\/urunler\/pompalar\/boryag-pompalari\/lp-serisi\/\",\"url\":\"https:\/\/tamsanmotor.com\/index.php\/urunler\/pompalar\/boryag-pompalari\/lp-serisi\/\",\"name\":\"LP Serisi - Tamsan Motor\",\"isPartOf\":{\"@id\":\"https:\/\/tamsanmotor.com\/#website\"},\"primaryImageOfPage\":{\"@id\":\"https:\/\/tamsanmotor.com\/index.php\/urunler\/pompalar\/boryag-pompalari\/lp-serisi\/#primaryimage\"},\"image\":{\"@id\":\"https:\/\/tamsanmotor.com\/index.php\/urunler\/pompalar\/boryag-pompalari\/lp-serisi\/#primaryimage\"},\"thumbnailUrl\":\"https:\/\/mlnbhdmb5shf.i.optimole.com\/w:auto\/h:auto\/q:mauto\/f:best\/http:\/\/tamsanmotor.com\/wp-content\/uploads\/2019\/03\/lpa.jpg\",\"datePublished\":\"2019-03-16T16:23:41+00:00\",\"dateModified\":\"2019-03-16T16:40:55+00:00\",\"breadcrumb\":{\"@id\":\"https:\/\/tamsanmotor.com\/index.php\/urunler\/pompalar\/boryag-pompalari\/lp-serisi\/#breadcrumb\"},\"inLanguage\":\"tr\",\"potentialAction\":[{\"@type\":\"ReadAction\",\"target\":[\"https:\/\/tamsanmotor.com\/index.php\/urunler\/pompalar\/boryag-pompalari\/lp-serisi\/\"]}]},{\"@type\":\"ImageObject\",\"inLanguage\":\"tr\",\"@id\":\"https:\/\/tamsanmotor.com\/index.php\/urunler\/pompalar\/boryag-pompalari\/lp-serisi\/#primaryimage\",\"url\":\"https:\/\/mlnbhdmb5shf.i.optimole.com\/w:auto\/h:auto\/q:mauto\/f:best\/https:\/\/tamsanmotor.com\/wp-content\/uploads\/2019\/03\/lpa.jpg\",\"contentUrl\":\"https:\/\/mlnbhdmb5shf.i.optimole.com\/w:auto\/h:auto\/q:mauto\/f:best\/https:\/\/tamsanmotor.com\/wp-content\/uploads\/2019\/03\/lpa.jpg\",\"width\":600,\"height\":400},{\"@type\":\"BreadcrumbList\",\"@id\":\"https:\/\/tamsanmotor.com\/index.php\/urunler\/pompalar\/boryag-pompalari\/lp-serisi\/#breadcrumb\",\"itemListElement\":[{\"@type\":\"ListItem\",\"position\":1,\"name\":\"Ana sayfa\",\"item\":\"https:\/\/tamsanmotor.com\/\"},{\"@type\":\"ListItem\",\"position\":2,\"name\":\"\u00dcr\u00fcnler\",\"item\":\"https:\/\/tamsanmotor.com\/index.php\/urunler\/\"},{\"@type\":\"ListItem\",\"position\":3,\"name\":\"Pompalar\",\"item\":\"https:\/\/tamsanmotor.com\/index.php\/urunler\/pompalar\/\"},{\"@type\":\"ListItem\",\"position\":4,\"name\":\"Borya\u011f Pompalar\u0131\",\"item\":\"https:\/\/tamsanmotor.com\/index.php\/urunler\/pompalar\/boryag-pompalari\/\"},{\"@type\":\"ListItem\",\"position\":5,\"name\":\"LP Serisi\"}]},{\"@type\":\"WebSite\",\"@id\":\"https:\/\/tamsanmotor.com\/#website\",\"url\":\"https:\/\/tamsanmotor.com\/\",\"name\":\"Tamsan Elektrik Motor\",\"description\":\"\",\"publisher\":{\"@id\":\"https:\/\/tamsanmotor.com\/#organization\"},\"potentialAction\":[{\"@type\":\"SearchAction\",\"target\":{\"@type\":\"EntryPoint\",\"urlTemplate\":\"https:\/\/tamsanmotor.com\/?s={search_term_string}\"},\"query-input\":{\"@type\":\"PropertyValueSpecification\",\"valueRequired\":true,\"valueName\":\"search_term_string\"}}],\"inLanguage\":\"tr\"},{\"@type\":\"Organization\",\"@id\":\"https:\/\/tamsanmotor.com\/#organization\",\"name\":\"Tamsan Elektrik Motor San. ve Tic. Ltd. \u015eti.\",\"url\":\"https:\/\/tamsanmotor.com\/\",\"logo\":{\"@type\":\"ImageObject\",\"inLanguage\":\"tr\",\"@id\":\"https:\/\/tamsanmotor.com\/#\/schema\/logo\/image\/\",\"url\":\"https:\/\/mlnbhdmb5shf.i.optimole.com\/w:auto\/h:auto\/q:mauto\/f:best\/https:\/\/tamsanmotor.com\/wp-content\/uploads\/2019\/11\/TAMSAN-logo.jpg\",\"contentUrl\":\"https:\/\/mlnbhdmb5shf.i.optimole.com\/w:auto\/h:auto\/q:mauto\/f:best\/https:\/\/tamsanmotor.com\/wp-content\/uploads\/2019\/11\/TAMSAN-logo.jpg\",\"width\":1388,\"height\":292,\"caption\":\"Tamsan Elektrik Motor San. ve Tic. Ltd. \u015eti.\"},\"image\":{\"@id\":\"https:\/\/tamsanmotor.com\/#\/schema\/logo\/image\/\"}}]}<\/script>\n<!-- \/ Yoast SEO plugin. -->","yoast_head_json":{"title":"LP Serisi - Tamsan Motor","robots":{"index":"index","follow":"follow","max-snippet":"max-snippet:-1","max-image-preview":"max-image-preview:large","max-video-preview":"max-video-preview:-1"},"canonical":"https:\/\/tamsanmotor.com\/index.php\/urunler\/pompalar\/boryag-pompalari\/lp-serisi\/","og_locale":"tr_TR","og_type":"article","og_title":"LP Serisi - Tamsan Motor","og_description":"LP&nbsp;POMPA LP serisi pompalar tek kademli olarak ve giri\u015f-\u00e7\u0131k\u0131\u015f\u0131 ayn\u0131 hizada(inline dizayn) olacak \u015fekilde tasarlanm\u0131\u015ft\u0131r. Bu sebeple pompa dahakompakt bir yap\u0131da olup daha d\u00fc\u015f\u00fck kurulum alan\u0131 gerektirir. Uygulama Alanlar\u0131; Filtrasyon ve devirdaim sistemlerinde, Kirli ak\u0131\u015fkanlarda, Kat\u0131 par\u00e7ac\u0131k i\u00e7eren ak\u0131\u015fkanlarda, Y\u00fczey y\u0131kama, temizleme, dozajlama, Tak\u0131m tezgahlar\u0131 sekt\u00f6r\u00fcnde, Klima sistemlerinde, So\u011futma s\u0131v\u0131s\u0131n\u0131n sirk\u00fclasyonu, Ak\u0131\u015fkanlar; Su, Em\u00fclsiyonlar, Kesme [&hellip;]","og_url":"https:\/\/tamsanmotor.com\/index.php\/urunler\/pompalar\/boryag-pompalari\/lp-serisi\/","og_site_name":"Tamsan Motor","article_modified_time":"2019-03-16T16:40:55+00:00","og_image":[{"url":"https:\/\/mlnbhdmb5shf.i.optimole.com\/w:auto\/h:auto\/q:mauto\/f:best\/http:\/\/tamsanmotor.com\/wp-content\/uploads\/2019\/03\/lpa.jpg","type":"","width":"","height":""}],"twitter_card":"summary_large_image","twitter_misc":{"Tahmini okuma s\u00fcresi":"1 dakika"},"schema":{"@context":"https:\/\/schema.org","@graph":[{"@type":"WebPage","@id":"https:\/\/tamsanmotor.com\/index.php\/urunler\/pompalar\/boryag-pompalari\/lp-serisi\/","url":"https:\/\/tamsanmotor.com\/index.php\/urunler\/pompalar\/boryag-pompalari\/lp-serisi\/","name":"LP Serisi - Tamsan Motor","isPartOf":{"@id":"https:\/\/tamsanmotor.com\/#website"},"primaryImageOfPage":{"@id":"https:\/\/tamsanmotor.com\/index.php\/urunler\/pompalar\/boryag-pompalari\/lp-serisi\/#primaryimage"},"image":{"@id":"https:\/\/tamsanmotor.com\/index.php\/urunler\/pompalar\/boryag-pompalari\/lp-serisi\/#primaryimage"},"thumbnailUrl":"https:\/\/mlnbhdmb5shf.i.optimole.com\/w:auto\/h:auto\/q:mauto\/f:best\/http:\/\/tamsanmotor.com\/wp-content\/uploads\/2019\/03\/lpa.jpg","datePublished":"2019-03-16T16:23:41+00:00","dateModified":"2019-03-16T16:40:55+00:00","breadcrumb":{"@id":"https:\/\/tamsanmotor.com\/index.php\/urunler\/pompalar\/boryag-pompalari\/lp-serisi\/#breadcrumb"},"inLanguage":"tr","potentialAction":[{"@type":"ReadAction","target":["https:\/\/tamsanmotor.com\/index.php\/urunler\/pompalar\/boryag-pompalari\/lp-serisi\/"]}]},{"@type":"ImageObject","inLanguage":"tr","@id":"https:\/\/tamsanmotor.com\/index.php\/urunler\/pompalar\/boryag-pompalari\/lp-serisi\/#primaryimage","url":"https:\/\/mlnbhdmb5shf.i.optimole.com\/w:auto\/h:auto\/q:mauto\/f:best\/https:\/\/tamsanmotor.com\/wp-content\/uploads\/2019\/03\/lpa.jpg","contentUrl":"https:\/\/mlnbhdmb5shf.i.optimole.com\/w:auto\/h:auto\/q:mauto\/f:best\/https:\/\/tamsanmotor.com\/wp-content\/uploads\/2019\/03\/lpa.jpg","width":600,"height":400},{"@type":"BreadcrumbList","@id":"https:\/\/tamsanmotor.com\/index.php\/urunler\/pompalar\/boryag-pompalari\/lp-serisi\/#breadcrumb","itemListElement":[{"@type":"ListItem","position":1,"name":"Ana sayfa","item":"https:\/\/tamsanmotor.com\/"},{"@type":"ListItem","position":2,"name":"\u00dcr\u00fcnler","item":"https:\/\/tamsanmotor.com\/index.php\/urunler\/"},{"@type":"ListItem","position":3,"name":"Pompalar","item":"https:\/\/tamsanmotor.com\/index.php\/urunler\/pompalar\/"},{"@type":"ListItem","position":4,"name":"Borya\u011f Pompalar\u0131","item":"https:\/\/tamsanmotor.com\/index.php\/urunler\/pompalar\/boryag-pompalari\/"},{"@type":"ListItem","position":5,"name":"LP Serisi"}]},{"@type":"WebSite","@id":"https:\/\/tamsanmotor.com\/#website","url":"https:\/\/tamsanmotor.com\/","name":"Tamsan Elektrik Motor","description":"","publisher":{"@id":"https:\/\/tamsanmotor.com\/#organization"},"potentialAction":[{"@type":"SearchAction","target":{"@type":"EntryPoint","urlTemplate":"https:\/\/tamsanmotor.com\/?s={search_term_string}"},"query-input":{"@type":"PropertyValueSpecification","valueRequired":true,"valueName":"search_term_string"}}],"inLanguage":"tr"},{"@type":"Organization","@id":"https:\/\/tamsanmotor.com\/#organization","name":"Tamsan Elektrik Motor San. ve Tic. Ltd. \u015eti.","url":"https:\/\/tamsanmotor.com\/","logo":{"@type":"ImageObject","inLanguage":"tr","@id":"https:\/\/tamsanmotor.com\/#\/schema\/logo\/image\/","url":"https:\/\/mlnbhdmb5shf.i.optimole.com\/w:auto\/h:auto\/q:mauto\/f:best\/https:\/\/tamsanmotor.com\/wp-content\/uploads\/2019\/11\/TAMSAN-logo.jpg","contentUrl":"https:\/\/mlnbhdmb5shf.i.optimole.com\/w:auto\/h:auto\/q:mauto\/f:best\/https:\/\/tamsanmotor.com\/wp-content\/uploads\/2019\/11\/TAMSAN-logo.jpg","width":1388,"height":292,"caption":"Tamsan Elektrik Motor San. ve Tic. Ltd. \u015eti."},"image":{"@id":"https:\/\/tamsanmotor.com\/#\/schema\/logo\/image\/"}}]}},"_links":{"self":[{"href":"https:\/\/tamsanmotor.com\/index.php\/wp-json\/wp\/v2\/pages\/1246","targetHints":{"allow":["GET"]}}],"collection":[{"href":"https:\/\/tamsanmotor.com\/index.php\/wp-json\/wp\/v2\/pages"}],"about":[{"href":"https:\/\/tamsanmotor.com\/index.php\/wp-json\/wp\/v2\/types\/page"}],"author":[{"embeddable":true,"href":"https:\/\/tamsanmotor.com\/index.php\/wp-json\/wp\/v2\/users\/1"}],"replies":[{"embeddable":true,"href":"https:\/\/tamsanmotor.com\/index.php\/wp-json\/wp\/v2\/comments?post=1246"}],"version-history":[{"count":0,"href":"https:\/\/tamsanmotor.com\/index.php\/wp-json\/wp\/v2\/pages\/1246\/revisions"}],"up":[{"embeddable":true,"href":"https:\/\/tamsanmotor.com\/index.php\/wp-json\/wp\/v2\/pages\/790"}],"wp:attachment":[{"href":"https:\/\/tamsanmotor.com\/index.php\/wp-json\/wp\/v2\/media?parent=1246"}],"wp:term":[{"taxonomy":"wf_page_folders","embeddable":true,"href":"https:\/\/tamsanmotor.com\/index.php\/wp-json\/wp\/v2\/wf_page_folders?post=1246"}],"curies":[{"name":"wp","href":"https:\/\/api.w.org\/{rel}","templated":true}]}}