{"id":1274,"date":"2019-03-16T23:36:31","date_gmt":"2019-03-16T20:36:31","guid":{"rendered":"http:\/\/tamsanmotor.com\/?page_id=1274"},"modified":"2019-03-17T01:19:33","modified_gmt":"2019-03-16T22:19:33","slug":"parcalayici-bicakli-foseptik-dalgic-pompalar-2","status":"publish","type":"page","link":"https:\/\/tamsanmotor.com\/index.php\/urunler\/pompalar\/dalgic-pompalar\/parcalayici-bicakli-foseptik-dalgic-pompalar-2\/","title":{"rendered":"Par\u00e7alay\u0131c\u0131 B\u0131\u00e7akl\u0131 Foseptik Dalg\u0131\u00e7 Pompalar"},"content":{"rendered":"\t\t<div data-elementor-type=\"wp-post\" data-elementor-id=\"1274\" class=\"elementor elementor-1274\">\n\t\t\t\t\t\t<section class=\"elementor-section elementor-top-section elementor-element elementor-element-bdad225 elementor-section-boxed elementor-section-height-default elementor-section-height-default\" data-id=\"bdad225\" data-element_type=\"section\">\n\t\t\t\t\t\t<div class=\"elementor-container elementor-column-gap-default\">\n\t\t\t\t\t<div class=\"elementor-column elementor-col-100 elementor-top-column elementor-element elementor-element-f2d8c18\" data-id=\"f2d8c18\" data-element_type=\"column\">\n\t\t\t<div class=\"elementor-widget-wrap elementor-element-populated\">\n\t\t\t\t\t\t<div class=\"elementor-element elementor-element-017a214 elementor-widget elementor-widget-image\" data-id=\"017a214\" data-element_type=\"widget\" data-widget_type=\"image.default\">\n\t\t\t\t\t\t\t\t\t\t\t\t\t\t\t<img data-opt-id=890366281  fetchpriority=\"high\" decoding=\"async\" width=\"720\" height=\"908\" src=\"https:\/\/mlnbhdmb5shf.i.optimole.com\/w:auto\/h:auto\/q:mauto\/f:best\/https:\/\/tamsanmotor.com\/wp-content\/uploads\/2019\/03\/Parçalayıcı-Bıçaklı-Foseptik-Dalgıç-Pompalar_1.jpg\" class=\"attachment-large size-large wp-image-1373\" alt=\"\" srcset=\"https:\/\/mlnbhdmb5shf.i.optimole.com\/w:720\/h:908\/q:mauto\/f:best\/https:\/\/tamsanmotor.com\/wp-content\/uploads\/2019\/03\/Par\u00e7alay\u0131c\u0131-B\u0131\u00e7akl\u0131-Foseptik-Dalg\u0131\u00e7-Pompalar_1.jpg 720w, https:\/\/mlnbhdmb5shf.i.optimole.com\/w:238\/h:300\/q:mauto\/f:best\/https:\/\/tamsanmotor.com\/wp-content\/uploads\/2019\/03\/Par\u00e7alay\u0131c\u0131-B\u0131\u00e7akl\u0131-Foseptik-Dalg\u0131\u00e7-Pompalar_1.jpg 238w, https:\/\/mlnbhdmb5shf.i.optimole.com\/w:600\/h:757\/q:mauto\/f:best\/https:\/\/tamsanmotor.com\/wp-content\/uploads\/2019\/03\/Par\u00e7alay\u0131c\u0131-B\u0131\u00e7akl\u0131-Foseptik-Dalg\u0131\u00e7-Pompalar_1.jpg 600w\" sizes=\"(max-width: 720px) 100vw, 720px\" \/>\t\t\t\t\t\t\t\t\t\t\t\t\t\t\t<\/div>\n\t\t\t\t<div class=\"elementor-element elementor-element-47f8922 elementor-widget elementor-widget-spacer\" data-id=\"47f8922\" data-element_type=\"widget\" data-widget_type=\"spacer.default\">\n\t\t\t\t\t\t\t<div class=\"elementor-spacer\">\n\t\t\t<div class=\"elementor-spacer-inner\"><\/div>\n\t\t<\/div>\n\t\t\t\t\t\t<\/div>\n\t\t\t\t\t<\/div>\n\t\t<\/div>\n\t\t\t\t\t<\/div>\n\t\t<\/section>\n\t\t\t\t<section class=\"elementor-section elementor-top-section elementor-element elementor-element-e9cd9f9 elementor-section-boxed elementor-section-height-default elementor-section-height-default\" data-id=\"e9cd9f9\" data-element_type=\"section\">\n\t\t\t\t\t\t<div class=\"elementor-container elementor-column-gap-default\">\n\t\t\t\t\t<div class=\"elementor-column elementor-col-100 elementor-top-column elementor-element elementor-element-a5f26ee\" data-id=\"a5f26ee\" data-element_type=\"column\">\n\t\t\t<div class=\"elementor-widget-wrap elementor-element-populated\">\n\t\t\t\t\t\t<div class=\"elementor-element elementor-element-6fa3f4e elementor-widget elementor-widget-heading\" data-id=\"6fa3f4e\" data-element_type=\"widget\" data-widget_type=\"heading.default\">\n\t\t\t\t\t<h2 class=\"elementor-heading-title elementor-size-default\">Dalg\u0131\u00e7 pompa kullan\u0131m\u0131nda dikkat edilmesi gereken hususlar <\/h2>\t\t\t\t<\/div>\n\t\t\t\t\t<\/div>\n\t\t<\/div>\n\t\t\t\t\t<\/div>\n\t\t<\/section>\n\t\t\t\t<section class=\"elementor-section elementor-top-section elementor-element elementor-element-1f65edb elementor-section-boxed elementor-section-height-default elementor-section-height-default\" data-id=\"1f65edb\" data-element_type=\"section\">\n\t\t\t\t\t\t<div class=\"elementor-container elementor-column-gap-default\">\n\t\t\t\t\t<div class=\"elementor-column elementor-col-100 elementor-top-column elementor-element elementor-element-05d6bc2\" data-id=\"05d6bc2\" data-element_type=\"column\">\n\t\t\t<div class=\"elementor-widget-wrap elementor-element-populated\">\n\t\t\t\t\t\t<div class=\"elementor-element elementor-element-07afa99 elementor-widget elementor-widget-heading\" data-id=\"07afa99\" data-element_type=\"widget\" data-widget_type=\"heading.default\">\n\t\t\t\t\t<h3 class=\"elementor-heading-title elementor-size-default\">*  Pompan\u0131n kuyuya montaj\u0131ndan \u00f6nce, hem kuyunun, hem de pompan\u0131n kullan\u0131m amac\u0131na uygun oldu\u011fundan emin olunmal\u0131d\u0131r. Kuyu debisinin kullan\u0131c\u0131n\u0131n ihtiyac\u0131n\u0131 kar\u015f\u0131lamaya yeterli oldu\u011fu kontrol edilmeli, monte edilecek pompan\u0131n debi ve basma y\u00fcksekli\u011finin amaca uygun oldu\u011fu g\u00f6r\u00fclmelidir. \n<br><br>\n*  Kuyunun kum temizli\u011fi yap\u0131lm\u0131\u015f olmal\u0131, ak\u0131\u015fkan i\u00e7erisindeki kum, tortu vb. partik\u00fcl miktar\u0131n\u0131n pompan\u0131n i\u015fletme limitlerini a\u015fmad\u0131\u011f\u0131ndan emin olunmal\u0131d\u0131r. \n<br><br>\n*  Pompa asla kuyunun dibine kadar indirilmemeli, motorun alt noktas\u0131 kuyu dibinden asgari 2 m daha yukar\u0131da olacak \u015fekilde monte edilmelidir. \n<br><br>\n*  Dalg\u0131\u00e7 pompa, s\u0131cakl\u0131\u011f\u0131 en fazla 30 C\u00b0 kadar olan ak\u0131\u015fkanlar ile kullan\u0131m i\u00e7in geli\u015ftirilmi\u015ftir. Ak\u0131\u015fkan s\u0131cakl\u0131\u011f\u0131n\u0131n daha y\u00fcksek oldu\u011fu durumlarda \u00f6zel olarak \u00fcretilmi\u015f dalg\u0131\u00e7 pompa ve motorlar\u0131n\u0131n kullan\u0131m\u0131 gerekmektedir. \n<br><br>\n*  Dalg\u0131\u00e7 pompalar, i\u00e7erisinde hava veya gaz bulunmayan, temiz sular ile kullan\u0131m i\u00e7in dizayn edilmi\u015ftir.\n<br><br>\n*  Dalg\u0131\u00e7 motorun yeterli so\u011futulabilmesi i\u00e7in, motor \u00e7evresinde yeterli ak\u0131\u015fkan ak\u0131\u015f\u0131n\u0131n sa\u011fland\u0131\u011f\u0131ndan emin olunmal\u0131d\u0131r. Keson kuyular, su depolar\u0131 veya havuzlar gibi geni\u015f hacimli ortamlarda kullan\u0131lacak dalg\u0131\u00e7 pompalar muhakkak so\u011futma g\u00f6mle\u011fi ile kullan\u0131lmal\u0131d\u0131r. \n<br><br>\n*  Kuyu i\u00e7erisindeki pompa hakk\u0131nda m\u00fcmk\u00fcn olabilecek her t\u00fcrl\u00fc bilginin, izleme ve kontrol amac\u0131yla, kullan\u0131lmas\u0131na \u00e7al\u0131\u015f\u0131lmal\u0131d\u0131r. Pompa, elektrik motoru ve sistemin durumu hakk\u0131nda bilgi edinmek \u00fczere kullan\u0131labilecek kuyu \u00e7\u0131k\u0131\u015f a\u011fz\u0131ndaki manometre, \u00f6zellikle b\u00fcy\u00fck g\u00fc\u00e7lerdeki dalg\u0131\u00e7 motorlar\u0131na ait elektrik kontrol panosu, \u00fczerindeki her faz\u0131n ak\u0131m ve voltajlar\u0131n\u0131 izlemeye yarayan voltmetre ve ampermetre gibi cihazlar\u0131n nas\u0131l faydal\u0131 olarak kullan\u0131labilece\u011fi hakk\u0131nda kullan\u0131c\u0131 personele bilgi verilmelidir. \n<br><br>\n*  Elektrik kontrol panolar\u0131n\u0131n elektrik \u015febekesinden kaynaklanabilecek, y\u00fcksek veya d\u00fc\u015f\u00fck voltaj, fazlar aras\u0131nda voltaj dengesizli\u011fi vb. sorunlarda dalg\u0131\u00e7 motorun korunmas\u0131n\u0131 sa\u011flayabilecek d\u00fczeyde olmas\u0131 gerekmektedir. Ayr\u0131ca elektrik motorunun a\u015f\u0131r\u0131 ak\u0131mdan korunmas\u0131nda kullan\u0131lan sistemin ayarlar\u0131n\u0131n \u00e7evre s\u0131cakl\u0131\u011f\u0131ndan etkilenmeyecek tipte olmas\u0131 son derece \u00f6nemlidir. \n<br><br>\n*  Elektrik kontrol panosundaki a\u015f\u0131r\u0131 ak\u0131m korumas\u0131 sistemin ayar\u0131, monofaze veya direkt kalk\u0131\u015fl\u0131 sistemlerde asla motor etiketinde belirtilen nominal ak\u0131m de\u011ferinden daha y\u00fcksek bir de\u011fere ayarlanmal\u0131d\u0131r. Emniyet a\u00e7\u0131s\u0131ndan etiketteki nominal ak\u0131m\u0131n %90\u2019\u0131na ayarlanmas\u0131 tavsiye edilir. Y\u0131ld\u0131z - \u00fc\u00e7gen kalk\u0131\u015fl\u0131 sistemlerde motor termik korumas\u0131 etikette belirtilen nominal ak\u0131m\u0131n %57\u2019sinden daha y\u00fcksek bir de\u011fere ayarlanmamal\u0131d\u0131r. Emniyetli bir de\u011fer olarak etiket ayarlanmal\u0131d\u0131r. Emniyetli bir de\u011fer olarak etiket ak\u0131m\u0131n\u0131n yar\u0131s\u0131na ayarlanmas\u0131 tavsiye edilir. \n<br><br>\n*  Pompan\u0131n susuz kalarak hasar g\u00f6rmemesi amac\u0131yla i\u015fletmeye alma i\u015flemi esnas\u0131nda kuru \u00e7al\u0131\u015fmaya kar\u015f\u0131 koruma sisteminin \u00e7al\u0131\u015f\u0131r durumda oldu\u011fu muhakkak kontrol edilmeli, elektrik kontrol panosu i\u00e7erisinden seviye elektrotunun hassasiyeti ayarlar\u0131 yap\u0131lmal\u0131d\u0131r. \n<br><br>\n*  Dalg\u0131\u00e7 motorunun \u015falt say\u0131s\u0131n\u0131n s\u0131n\u0131rland\u0131r\u0131lmas\u0131 bir zorunluluktur. Kuru \u00e7al\u0131\u015fmaya kar\u015f\u0131 koruman\u0131n bir veya iki elektrot ile sa\u011fland\u0131\u011f\u0131 sistemlerde, su seviyesi normal duruma geldikten sonra motorun hemen \u00e7al\u0131\u015ft\u0131r\u0131lmay\u0131p, minimum 5 dakikal\u0131k bir gecikme s\u00fcresinden sonra \u00e7al\u0131\u015fmaya ba\u015flat\u0131lmal\u0131d\u0131r. Dalg\u0131\u00e7 pompalar kullan\u0131larak ger\u00e7ekle\u015ftirilen hidrofor uygulamalar\u0131nda, bas\u0131n\u00e7 \u015falterinin alt ve \u00fcst bas\u0131n\u00e7 ayarlar\u0131n\u0131n, \u015falt say\u0131s\u0131n\u0131 istenilen seviyede tutacak \u015fekilde ger\u00e7ekle\u015ftirilmesi ve kapal\u0131 genle\u015fme deposunun uygun hacimde oldu\u011funun kontrol edilmesi, olas\u0131 hasarlar\u0131n \u00f6n\u00fcne ge\u00e7ecektir.\n<br><br>\nBir tank veya havuz i\u00e7erisine yatay olarak monte edilen, kademe say\u0131s\u0131 fazla olan pompalarda; pompa ve motorun birka\u00e7 noktadan desteklenmesi \u00f6nemlidir. Buna dikkat edilmemesi durumunda cihaz ve tesisin hasar g\u00f6rmesine sebep olabilecek osilasyonlar ortaya \u00e7\u0131kabilir.<br><\/h3>\t\t\t\t<\/div>\n\t\t\t\t\t<\/div>\n\t\t<\/div>\n\t\t\t\t\t<\/div>\n\t\t<\/section>\n\t\t\t\t<\/div>\n\t\t","protected":false},"excerpt":{"rendered":"<p>Dalg\u0131\u00e7 pompa kullan\u0131m\u0131nda dikkat edilmesi gereken hususlar * Pompan\u0131n kuyuya montaj\u0131ndan \u00f6nce, hem kuyunun, hem de pompan\u0131n kullan\u0131m amac\u0131na uygun oldu\u011fundan emin olunmal\u0131d\u0131r. Kuyu debisinin kullan\u0131c\u0131n\u0131n ihtiyac\u0131n\u0131 kar\u015f\u0131lamaya yeterli oldu\u011fu kontrol edilmeli, monte edilecek pompan\u0131n debi ve basma y\u00fcksekli\u011finin amaca uygun oldu\u011fu g\u00f6r\u00fclmelidir. * Kuyunun kum temizli\u011fi yap\u0131lm\u0131\u015f olmal\u0131, ak\u0131\u015fkan i\u00e7erisindeki kum, tortu vb. partik\u00fcl [&hellip;]<\/p>\n","protected":false},"author":1,"featured_media":0,"parent":792,"menu_order":0,"comment_status":"closed","ping_status":"closed","template":"","meta":{"footnotes":""},"wf_page_folders":[],"class_list":["post-1274","page","type-page","status-publish","hentry"],"yoast_head":"<!-- This site is optimized with the Yoast SEO plugin v24.8.1 - https:\/\/yoast.com\/wordpress\/plugins\/seo\/ -->\n<title>Par\u00e7alay\u0131c\u0131 B\u0131\u00e7akl\u0131 Foseptik Dalg\u0131\u00e7 Pompalar - Tamsan Motor<\/title>\n<meta name=\"robots\" content=\"index, follow, max-snippet:-1, max-image-preview:large, max-video-preview:-1\" \/>\n<link rel=\"canonical\" href=\"https:\/\/tamsanmotor.com\/index.php\/urunler\/pompalar\/dalgic-pompalar\/parcalayici-bicakli-foseptik-dalgic-pompalar-2\/\" \/>\n<meta property=\"og:locale\" content=\"tr_TR\" \/>\n<meta property=\"og:type\" content=\"article\" \/>\n<meta property=\"og:title\" content=\"Par\u00e7alay\u0131c\u0131 B\u0131\u00e7akl\u0131 Foseptik Dalg\u0131\u00e7 Pompalar - Tamsan Motor\" \/>\n<meta property=\"og:description\" content=\"Dalg\u0131\u00e7 pompa kullan\u0131m\u0131nda dikkat edilmesi gereken hususlar * Pompan\u0131n kuyuya montaj\u0131ndan \u00f6nce, hem kuyunun, hem de pompan\u0131n kullan\u0131m amac\u0131na uygun oldu\u011fundan emin olunmal\u0131d\u0131r. Kuyu debisinin kullan\u0131c\u0131n\u0131n ihtiyac\u0131n\u0131 kar\u015f\u0131lamaya yeterli oldu\u011fu kontrol edilmeli, monte edilecek pompan\u0131n debi ve basma y\u00fcksekli\u011finin amaca uygun oldu\u011fu g\u00f6r\u00fclmelidir. * Kuyunun kum temizli\u011fi yap\u0131lm\u0131\u015f olmal\u0131, ak\u0131\u015fkan i\u00e7erisindeki kum, tortu vb. partik\u00fcl [&hellip;]\" \/>\n<meta property=\"og:url\" content=\"https:\/\/tamsanmotor.com\/index.php\/urunler\/pompalar\/dalgic-pompalar\/parcalayici-bicakli-foseptik-dalgic-pompalar-2\/\" \/>\n<meta property=\"og:site_name\" content=\"Tamsan Motor\" \/>\n<meta property=\"article:modified_time\" content=\"2019-03-16T22:19:33+00:00\" \/>\n<meta name=\"twitter:card\" content=\"summary_large_image\" \/>\n<meta name=\"twitter:label1\" content=\"Tahmini okuma s\u00fcresi\" \/>\n\t<meta name=\"twitter:data1\" content=\"3 dakika\" \/>\n<script type=\"application\/ld+json\" class=\"yoast-schema-graph\">{\"@context\":\"https:\/\/schema.org\",\"@graph\":[{\"@type\":\"WebPage\",\"@id\":\"https:\/\/tamsanmotor.com\/index.php\/urunler\/pompalar\/dalgic-pompalar\/parcalayici-bicakli-foseptik-dalgic-pompalar-2\/\",\"url\":\"https:\/\/tamsanmotor.com\/index.php\/urunler\/pompalar\/dalgic-pompalar\/parcalayici-bicakli-foseptik-dalgic-pompalar-2\/\",\"name\":\"Par\u00e7alay\u0131c\u0131 B\u0131\u00e7akl\u0131 Foseptik Dalg\u0131\u00e7 Pompalar - Tamsan Motor\",\"isPartOf\":{\"@id\":\"https:\/\/tamsanmotor.com\/#website\"},\"datePublished\":\"2019-03-16T20:36:31+00:00\",\"dateModified\":\"2019-03-16T22:19:33+00:00\",\"breadcrumb\":{\"@id\":\"https:\/\/tamsanmotor.com\/index.php\/urunler\/pompalar\/dalgic-pompalar\/parcalayici-bicakli-foseptik-dalgic-pompalar-2\/#breadcrumb\"},\"inLanguage\":\"tr\",\"potentialAction\":[{\"@type\":\"ReadAction\",\"target\":[\"https:\/\/tamsanmotor.com\/index.php\/urunler\/pompalar\/dalgic-pompalar\/parcalayici-bicakli-foseptik-dalgic-pompalar-2\/\"]}]},{\"@type\":\"BreadcrumbList\",\"@id\":\"https:\/\/tamsanmotor.com\/index.php\/urunler\/pompalar\/dalgic-pompalar\/parcalayici-bicakli-foseptik-dalgic-pompalar-2\/#breadcrumb\",\"itemListElement\":[{\"@type\":\"ListItem\",\"position\":1,\"name\":\"Ana sayfa\",\"item\":\"https:\/\/tamsanmotor.com\/\"},{\"@type\":\"ListItem\",\"position\":2,\"name\":\"\u00dcr\u00fcnler\",\"item\":\"https:\/\/tamsanmotor.com\/index.php\/urunler\/\"},{\"@type\":\"ListItem\",\"position\":3,\"name\":\"Pompalar\",\"item\":\"https:\/\/tamsanmotor.com\/index.php\/urunler\/pompalar\/\"},{\"@type\":\"ListItem\",\"position\":4,\"name\":\"Dalg\u0131\u00e7 Pompalar\",\"item\":\"https:\/\/tamsanmotor.com\/index.php\/urunler\/pompalar\/dalgic-pompalar\/\"},{\"@type\":\"ListItem\",\"position\":5,\"name\":\"Par\u00e7alay\u0131c\u0131 B\u0131\u00e7akl\u0131 Foseptik Dalg\u0131\u00e7 Pompalar\"}]},{\"@type\":\"WebSite\",\"@id\":\"https:\/\/tamsanmotor.com\/#website\",\"url\":\"https:\/\/tamsanmotor.com\/\",\"name\":\"Tamsan Elektrik Motor\",\"description\":\"\",\"publisher\":{\"@id\":\"https:\/\/tamsanmotor.com\/#organization\"},\"potentialAction\":[{\"@type\":\"SearchAction\",\"target\":{\"@type\":\"EntryPoint\",\"urlTemplate\":\"https:\/\/tamsanmotor.com\/?s={search_term_string}\"},\"query-input\":{\"@type\":\"PropertyValueSpecification\",\"valueRequired\":true,\"valueName\":\"search_term_string\"}}],\"inLanguage\":\"tr\"},{\"@type\":\"Organization\",\"@id\":\"https:\/\/tamsanmotor.com\/#organization\",\"name\":\"Tamsan Elektrik Motor San. ve Tic. Ltd. \u015eti.\",\"url\":\"https:\/\/tamsanmotor.com\/\",\"logo\":{\"@type\":\"ImageObject\",\"inLanguage\":\"tr\",\"@id\":\"https:\/\/tamsanmotor.com\/#\/schema\/logo\/image\/\",\"url\":\"https:\/\/mlnbhdmb5shf.i.optimole.com\/w:auto\/h:auto\/q:mauto\/f:best\/https:\/\/tamsanmotor.com\/wp-content\/uploads\/2019\/11\/TAMSAN-logo.jpg\",\"contentUrl\":\"https:\/\/mlnbhdmb5shf.i.optimole.com\/w:auto\/h:auto\/q:mauto\/f:best\/https:\/\/tamsanmotor.com\/wp-content\/uploads\/2019\/11\/TAMSAN-logo.jpg\",\"width\":1388,\"height\":292,\"caption\":\"Tamsan Elektrik Motor San. ve Tic. Ltd. \u015eti.\"},\"image\":{\"@id\":\"https:\/\/tamsanmotor.com\/#\/schema\/logo\/image\/\"}}]}<\/script>\n<!-- \/ Yoast SEO plugin. -->","yoast_head_json":{"title":"Par\u00e7alay\u0131c\u0131 B\u0131\u00e7akl\u0131 Foseptik Dalg\u0131\u00e7 Pompalar - Tamsan Motor","robots":{"index":"index","follow":"follow","max-snippet":"max-snippet:-1","max-image-preview":"max-image-preview:large","max-video-preview":"max-video-preview:-1"},"canonical":"https:\/\/tamsanmotor.com\/index.php\/urunler\/pompalar\/dalgic-pompalar\/parcalayici-bicakli-foseptik-dalgic-pompalar-2\/","og_locale":"tr_TR","og_type":"article","og_title":"Par\u00e7alay\u0131c\u0131 B\u0131\u00e7akl\u0131 Foseptik Dalg\u0131\u00e7 Pompalar - Tamsan Motor","og_description":"Dalg\u0131\u00e7 pompa kullan\u0131m\u0131nda dikkat edilmesi gereken hususlar * Pompan\u0131n kuyuya montaj\u0131ndan \u00f6nce, hem kuyunun, hem de pompan\u0131n kullan\u0131m amac\u0131na uygun oldu\u011fundan emin olunmal\u0131d\u0131r. Kuyu debisinin kullan\u0131c\u0131n\u0131n ihtiyac\u0131n\u0131 kar\u015f\u0131lamaya yeterli oldu\u011fu kontrol edilmeli, monte edilecek pompan\u0131n debi ve basma y\u00fcksekli\u011finin amaca uygun oldu\u011fu g\u00f6r\u00fclmelidir. * Kuyunun kum temizli\u011fi yap\u0131lm\u0131\u015f olmal\u0131, ak\u0131\u015fkan i\u00e7erisindeki kum, tortu vb. partik\u00fcl [&hellip;]","og_url":"https:\/\/tamsanmotor.com\/index.php\/urunler\/pompalar\/dalgic-pompalar\/parcalayici-bicakli-foseptik-dalgic-pompalar-2\/","og_site_name":"Tamsan Motor","article_modified_time":"2019-03-16T22:19:33+00:00","twitter_card":"summary_large_image","twitter_misc":{"Tahmini okuma s\u00fcresi":"3 dakika"},"schema":{"@context":"https:\/\/schema.org","@graph":[{"@type":"WebPage","@id":"https:\/\/tamsanmotor.com\/index.php\/urunler\/pompalar\/dalgic-pompalar\/parcalayici-bicakli-foseptik-dalgic-pompalar-2\/","url":"https:\/\/tamsanmotor.com\/index.php\/urunler\/pompalar\/dalgic-pompalar\/parcalayici-bicakli-foseptik-dalgic-pompalar-2\/","name":"Par\u00e7alay\u0131c\u0131 B\u0131\u00e7akl\u0131 Foseptik Dalg\u0131\u00e7 Pompalar - Tamsan Motor","isPartOf":{"@id":"https:\/\/tamsanmotor.com\/#website"},"datePublished":"2019-03-16T20:36:31+00:00","dateModified":"2019-03-16T22:19:33+00:00","breadcrumb":{"@id":"https:\/\/tamsanmotor.com\/index.php\/urunler\/pompalar\/dalgic-pompalar\/parcalayici-bicakli-foseptik-dalgic-pompalar-2\/#breadcrumb"},"inLanguage":"tr","potentialAction":[{"@type":"ReadAction","target":["https:\/\/tamsanmotor.com\/index.php\/urunler\/pompalar\/dalgic-pompalar\/parcalayici-bicakli-foseptik-dalgic-pompalar-2\/"]}]},{"@type":"BreadcrumbList","@id":"https:\/\/tamsanmotor.com\/index.php\/urunler\/pompalar\/dalgic-pompalar\/parcalayici-bicakli-foseptik-dalgic-pompalar-2\/#breadcrumb","itemListElement":[{"@type":"ListItem","position":1,"name":"Ana sayfa","item":"https:\/\/tamsanmotor.com\/"},{"@type":"ListItem","position":2,"name":"\u00dcr\u00fcnler","item":"https:\/\/tamsanmotor.com\/index.php\/urunler\/"},{"@type":"ListItem","position":3,"name":"Pompalar","item":"https:\/\/tamsanmotor.com\/index.php\/urunler\/pompalar\/"},{"@type":"ListItem","position":4,"name":"Dalg\u0131\u00e7 Pompalar","item":"https:\/\/tamsanmotor.com\/index.php\/urunler\/pompalar\/dalgic-pompalar\/"},{"@type":"ListItem","position":5,"name":"Par\u00e7alay\u0131c\u0131 B\u0131\u00e7akl\u0131 Foseptik Dalg\u0131\u00e7 Pompalar"}]},{"@type":"WebSite","@id":"https:\/\/tamsanmotor.com\/#website","url":"https:\/\/tamsanmotor.com\/","name":"Tamsan Elektrik Motor","description":"","publisher":{"@id":"https:\/\/tamsanmotor.com\/#organization"},"potentialAction":[{"@type":"SearchAction","target":{"@type":"EntryPoint","urlTemplate":"https:\/\/tamsanmotor.com\/?s={search_term_string}"},"query-input":{"@type":"PropertyValueSpecification","valueRequired":true,"valueName":"search_term_string"}}],"inLanguage":"tr"},{"@type":"Organization","@id":"https:\/\/tamsanmotor.com\/#organization","name":"Tamsan Elektrik Motor San. ve Tic. Ltd. \u015eti.","url":"https:\/\/tamsanmotor.com\/","logo":{"@type":"ImageObject","inLanguage":"tr","@id":"https:\/\/tamsanmotor.com\/#\/schema\/logo\/image\/","url":"https:\/\/mlnbhdmb5shf.i.optimole.com\/w:auto\/h:auto\/q:mauto\/f:best\/https:\/\/tamsanmotor.com\/wp-content\/uploads\/2019\/11\/TAMSAN-logo.jpg","contentUrl":"https:\/\/mlnbhdmb5shf.i.optimole.com\/w:auto\/h:auto\/q:mauto\/f:best\/https:\/\/tamsanmotor.com\/wp-content\/uploads\/2019\/11\/TAMSAN-logo.jpg","width":1388,"height":292,"caption":"Tamsan Elektrik Motor San. ve Tic. Ltd. \u015eti."},"image":{"@id":"https:\/\/tamsanmotor.com\/#\/schema\/logo\/image\/"}}]}},"_links":{"self":[{"href":"https:\/\/tamsanmotor.com\/index.php\/wp-json\/wp\/v2\/pages\/1274","targetHints":{"allow":["GET"]}}],"collection":[{"href":"https:\/\/tamsanmotor.com\/index.php\/wp-json\/wp\/v2\/pages"}],"about":[{"href":"https:\/\/tamsanmotor.com\/index.php\/wp-json\/wp\/v2\/types\/page"}],"author":[{"embeddable":true,"href":"https:\/\/tamsanmotor.com\/index.php\/wp-json\/wp\/v2\/users\/1"}],"replies":[{"embeddable":true,"href":"https:\/\/tamsanmotor.com\/index.php\/wp-json\/wp\/v2\/comments?post=1274"}],"version-history":[{"count":0,"href":"https:\/\/tamsanmotor.com\/index.php\/wp-json\/wp\/v2\/pages\/1274\/revisions"}],"up":[{"embeddable":true,"href":"https:\/\/tamsanmotor.com\/index.php\/wp-json\/wp\/v2\/pages\/792"}],"wp:attachment":[{"href":"https:\/\/tamsanmotor.com\/index.php\/wp-json\/wp\/v2\/media?parent=1274"}],"wp:term":[{"taxonomy":"wf_page_folders","embeddable":true,"href":"https:\/\/tamsanmotor.com\/index.php\/wp-json\/wp\/v2\/wf_page_folders?post=1274"}],"curies":[{"name":"wp","href":"https:\/\/api.w.org\/{rel}","templated":true}]}}