{"id":1280,"date":"2019-03-16T23:37:28","date_gmt":"2019-03-16T20:37:28","guid":{"rendered":"http:\/\/tamsanmotor.com\/?page_id=1280"},"modified":"2019-03-17T01:27:05","modified_gmt":"2019-03-16T22:27:05","slug":"asansor-flatorlu-dalgic-pompalar-2","status":"publish","type":"page","link":"https:\/\/tamsanmotor.com\/index.php\/urunler\/pompalar\/dalgic-pompalar\/asansor-flatorlu-dalgic-pompalar-2\/","title":{"rendered":"Asans\u00f6r Flat\u00f6rl\u00fc Dalg\u0131\u00e7 Pompalar"},"content":{"rendered":"\t\t<div data-elementor-type=\"wp-post\" data-elementor-id=\"1280\" class=\"elementor elementor-1280\">\n\t\t\t\t\t\t<section class=\"elementor-section elementor-top-section elementor-element elementor-element-2ea3442 elementor-section-boxed elementor-section-height-default elementor-section-height-default\" data-id=\"2ea3442\" data-element_type=\"section\">\n\t\t\t\t\t\t<div class=\"elementor-container elementor-column-gap-default\">\n\t\t\t\t\t<div class=\"elementor-column elementor-col-100 elementor-top-column elementor-element elementor-element-ee70e72\" data-id=\"ee70e72\" data-element_type=\"column\">\n\t\t\t<div class=\"elementor-widget-wrap elementor-element-populated\">\n\t\t\t\t\t\t<div class=\"elementor-element elementor-element-8d53a90 elementor-widget elementor-widget-heading\" data-id=\"8d53a90\" data-element_type=\"widget\" data-widget_type=\"heading.default\">\n\t\t\t\t\t<h3 class=\"elementor-heading-title elementor-size-default\">Pompa \u00e7al\u0131\u015fma sahas\u0131n\u0131n dar oldu\u011fu yerlerde s\u0131v\u0131 seviye flat\u00f6rlerin de ya\u015fanan sorunlar\u0131 minimuma indirmek i\u00e7in tasarlanan Asans\u00f6r Flat\u00f6rl\u00fc \u00fcr\u00fcnlerimiz Paslanmaz G\u00f6vdeli Drenaj Dalg\u0131\u00e7 Pompalar SDF6A, Drenaj Dalg\u0131\u00e7 Pompalar SDF13, Az Kirli Su Dalg\u0131\u00e7 Pompalar SDF18\/2Y-A, Foseptik Dalg\u0131\u00e7 Pompalar SDF14\/2-A SDF18\/2-A, SBRM18\/2P-A modelleri ile tasarlanm\u0131\u015ft\u0131r.\n <br><br>\nS\u0131v\u0131 Seviye Flat\u00f6rlerinin kablo mesafesi nedeni ile flat\u00f6r\u00fcn \u00e7al\u0131\u015fma mesafesi minimum 80*80 cm bir kuyuya ihtiya\u00e7 duyulurken Asans\u00f6r Flat\u00f6rl\u00fc modellerimizde kuyu \u00e7ap\u0131 45*45 cm kadar d\u00fc\u015f\u00fcr\u00fclebilmektedir. \u00d6zelikle Asans\u00f6r kuyular\u0131nda ya\u015fanan kuyu \u00e7aplar\u0131ndaki drenaj \u00e7ukuru sorunlar\u0131nda Asans\u00f6r Flat\u00f6rl\u00fc \u00fcr\u00fcnlerimiz aktif avantaj sa\u011flamaktad\u0131r.  <\/h3>\t\t\t\t<\/div>\n\t\t\t\t\t<\/div>\n\t\t<\/div>\n\t\t\t\t\t<\/div>\n\t\t<\/section>\n\t\t\t\t<section class=\"elementor-section elementor-top-section elementor-element elementor-element-ae4460b elementor-section-boxed elementor-section-height-default elementor-section-height-default\" data-id=\"ae4460b\" data-element_type=\"section\">\n\t\t\t\t\t\t<div class=\"elementor-container elementor-column-gap-default\">\n\t\t\t\t\t<div class=\"elementor-column elementor-col-100 elementor-top-column elementor-element elementor-element-20a9ce5\" data-id=\"20a9ce5\" data-element_type=\"column\">\n\t\t\t<div class=\"elementor-widget-wrap elementor-element-populated\">\n\t\t\t\t\t\t<div class=\"elementor-element elementor-element-d2fbac1 elementor-widget elementor-widget-image\" data-id=\"d2fbac1\" data-element_type=\"widget\" data-widget_type=\"image.default\">\n\t\t\t\t\t\t\t\t\t\t\t\t\t\t\t<img data-opt-id=2125551123  fetchpriority=\"high\" decoding=\"async\" width=\"702\" height=\"1024\" src=\"https:\/\/mlnbhdmb5shf.i.optimole.com\/w:702\/h:1024\/q:mauto\/f:best\/https:\/\/tamsanmotor.com\/wp-content\/uploads\/2019\/03\/asansor-flatorlu-dalgic-pompalar-1.jpg\" class=\"attachment-large size-large wp-image-1379\" alt=\"\" srcset=\"https:\/\/mlnbhdmb5shf.i.optimole.com\/w:702\/h:1024\/q:mauto\/f:best\/https:\/\/tamsanmotor.com\/wp-content\/uploads\/2019\/03\/asansor-flatorlu-dalgic-pompalar-1.jpg 702w, https:\/\/mlnbhdmb5shf.i.optimole.com\/w:206\/h:300\/q:mauto\/f:best\/https:\/\/tamsanmotor.com\/wp-content\/uploads\/2019\/03\/asansor-flatorlu-dalgic-pompalar-1.jpg 206w, https:\/\/mlnbhdmb5shf.i.optimole.com\/w:600\/h:875\/q:mauto\/f:best\/https:\/\/tamsanmotor.com\/wp-content\/uploads\/2019\/03\/asansor-flatorlu-dalgic-pompalar-1.jpg 600w, https:\/\/mlnbhdmb5shf.i.optimole.com\/w:740\/h:1079\/q:mauto\/f:best\/https:\/\/tamsanmotor.com\/wp-content\/uploads\/2019\/03\/asansor-flatorlu-dalgic-pompalar-1.jpg 740w\" sizes=\"(max-width: 702px) 100vw, 702px\" \/>\t\t\t\t\t\t\t\t\t\t\t\t\t\t\t<\/div>\n\t\t\t\t\t<\/div>\n\t\t<\/div>\n\t\t\t\t\t<\/div>\n\t\t<\/section>\n\t\t\t\t<section class=\"elementor-section elementor-top-section elementor-element elementor-element-8772c82 elementor-section-boxed elementor-section-height-default elementor-section-height-default\" data-id=\"8772c82\" data-element_type=\"section\">\n\t\t\t\t\t\t<div class=\"elementor-container elementor-column-gap-default\">\n\t\t\t\t\t<div class=\"elementor-column elementor-col-100 elementor-top-column elementor-element elementor-element-d87842e\" data-id=\"d87842e\" data-element_type=\"column\">\n\t\t\t<div class=\"elementor-widget-wrap elementor-element-populated\">\n\t\t\t\t\t\t<div class=\"elementor-element elementor-element-6af3748 elementor-widget elementor-widget-image\" data-id=\"6af3748\" data-element_type=\"widget\" data-widget_type=\"image.default\">\n\t\t\t\t\t\t\t\t\t\t\t\t\t\t\t<img data-opt-id=705928225  fetchpriority=\"high\" decoding=\"async\" width=\"710\" height=\"1024\" src=\"https:\/\/mlnbhdmb5shf.i.optimole.com\/w:710\/h:1024\/q:mauto\/f:best\/https:\/\/tamsanmotor.com\/wp-content\/uploads\/2019\/03\/asansor-flatorlu-dalgic-pompalar-2.jpg\" class=\"attachment-large size-large wp-image-1380\" alt=\"\" srcset=\"https:\/\/mlnbhdmb5shf.i.optimole.com\/w:710\/h:1024\/q:mauto\/f:best\/https:\/\/tamsanmotor.com\/wp-content\/uploads\/2019\/03\/asansor-flatorlu-dalgic-pompalar-2.jpg 710w, https:\/\/mlnbhdmb5shf.i.optimole.com\/w:208\/h:300\/q:mauto\/f:best\/https:\/\/tamsanmotor.com\/wp-content\/uploads\/2019\/03\/asansor-flatorlu-dalgic-pompalar-2.jpg 208w, https:\/\/mlnbhdmb5shf.i.optimole.com\/w:600\/h:865\/q:mauto\/f:best\/https:\/\/tamsanmotor.com\/wp-content\/uploads\/2019\/03\/asansor-flatorlu-dalgic-pompalar-2.jpg 600w, https:\/\/mlnbhdmb5shf.i.optimole.com\/w:740\/h:1067\/q:mauto\/f:best\/https:\/\/tamsanmotor.com\/wp-content\/uploads\/2019\/03\/asansor-flatorlu-dalgic-pompalar-2.jpg 740w\" sizes=\"(max-width: 710px) 100vw, 710px\" \/>\t\t\t\t\t\t\t\t\t\t\t\t\t\t\t<\/div>\n\t\t\t\t\t<\/div>\n\t\t<\/div>\n\t\t\t\t\t<\/div>\n\t\t<\/section>\n\t\t\t\t<\/div>\n\t\t","protected":false},"excerpt":{"rendered":"<p>Pompa \u00e7al\u0131\u015fma sahas\u0131n\u0131n dar oldu\u011fu yerlerde s\u0131v\u0131 seviye flat\u00f6rlerin de ya\u015fanan sorunlar\u0131 minimuma indirmek i\u00e7in tasarlanan Asans\u00f6r Flat\u00f6rl\u00fc \u00fcr\u00fcnlerimiz Paslanmaz G\u00f6vdeli Drenaj Dalg\u0131\u00e7 Pompalar SDF6A, Drenaj Dalg\u0131\u00e7 Pompalar SDF13, Az Kirli Su Dalg\u0131\u00e7 Pompalar SDF18\/2Y-A, Foseptik Dalg\u0131\u00e7 Pompalar SDF14\/2-A SDF18\/2-A, SBRM18\/2P-A modelleri ile tasarlanm\u0131\u015ft\u0131r. S\u0131v\u0131 Seviye Flat\u00f6rlerinin kablo mesafesi nedeni ile flat\u00f6r\u00fcn \u00e7al\u0131\u015fma mesafesi minimum [&hellip;]<\/p>\n","protected":false},"author":1,"featured_media":0,"parent":792,"menu_order":0,"comment_status":"closed","ping_status":"closed","template":"","meta":{"footnotes":""},"wf_page_folders":[],"class_list":["post-1280","page","type-page","status-publish","hentry"],"yoast_head":"<!-- This site is optimized with the Yoast SEO plugin v24.8.1 - https:\/\/yoast.com\/wordpress\/plugins\/seo\/ -->\n<title>Asans\u00f6r Flat\u00f6rl\u00fc Dalg\u0131\u00e7 Pompalar - Tamsan Motor<\/title>\n<meta name=\"robots\" content=\"index, follow, max-snippet:-1, max-image-preview:large, max-video-preview:-1\" \/>\n<link rel=\"canonical\" href=\"https:\/\/tamsanmotor.com\/index.php\/urunler\/pompalar\/dalgic-pompalar\/asansor-flatorlu-dalgic-pompalar-2\/\" \/>\n<meta property=\"og:locale\" content=\"tr_TR\" \/>\n<meta property=\"og:type\" content=\"article\" \/>\n<meta property=\"og:title\" content=\"Asans\u00f6r Flat\u00f6rl\u00fc Dalg\u0131\u00e7 Pompalar - Tamsan Motor\" \/>\n<meta property=\"og:description\" content=\"Pompa \u00e7al\u0131\u015fma sahas\u0131n\u0131n dar oldu\u011fu yerlerde s\u0131v\u0131 seviye flat\u00f6rlerin de ya\u015fanan sorunlar\u0131 minimuma indirmek i\u00e7in tasarlanan Asans\u00f6r Flat\u00f6rl\u00fc \u00fcr\u00fcnlerimiz Paslanmaz G\u00f6vdeli Drenaj Dalg\u0131\u00e7 Pompalar SDF6A, Drenaj Dalg\u0131\u00e7 Pompalar SDF13, Az Kirli Su Dalg\u0131\u00e7 Pompalar SDF18\/2Y-A, Foseptik Dalg\u0131\u00e7 Pompalar SDF14\/2-A SDF18\/2-A, SBRM18\/2P-A modelleri ile tasarlanm\u0131\u015ft\u0131r. S\u0131v\u0131 Seviye Flat\u00f6rlerinin kablo mesafesi nedeni ile flat\u00f6r\u00fcn \u00e7al\u0131\u015fma mesafesi minimum [&hellip;]\" \/>\n<meta property=\"og:url\" content=\"https:\/\/tamsanmotor.com\/index.php\/urunler\/pompalar\/dalgic-pompalar\/asansor-flatorlu-dalgic-pompalar-2\/\" \/>\n<meta property=\"og:site_name\" content=\"Tamsan Motor\" \/>\n<meta property=\"article:modified_time\" content=\"2019-03-16T22:27:05+00:00\" \/>\n<meta property=\"og:image\" content=\"https:\/\/mlnbhdmb5shf.i.optimole.com\/w:702\/h:1024\/q:mauto\/f:best\/http:\/\/tamsanmotor.com\/wp-content\/uploads\/2019\/03\/asansor-flatorlu-dalgic-pompalar-1.jpg\" \/>\n<meta name=\"twitter:card\" content=\"summary_large_image\" \/>\n<meta name=\"twitter:label1\" content=\"Tahmini okuma s\u00fcresi\" \/>\n\t<meta name=\"twitter:data1\" content=\"1 dakika\" \/>\n<script type=\"application\/ld+json\" class=\"yoast-schema-graph\">{\"@context\":\"https:\/\/schema.org\",\"@graph\":[{\"@type\":\"WebPage\",\"@id\":\"https:\/\/tamsanmotor.com\/index.php\/urunler\/pompalar\/dalgic-pompalar\/asansor-flatorlu-dalgic-pompalar-2\/\",\"url\":\"https:\/\/tamsanmotor.com\/index.php\/urunler\/pompalar\/dalgic-pompalar\/asansor-flatorlu-dalgic-pompalar-2\/\",\"name\":\"Asans\u00f6r Flat\u00f6rl\u00fc Dalg\u0131\u00e7 Pompalar - Tamsan Motor\",\"isPartOf\":{\"@id\":\"https:\/\/tamsanmotor.com\/#website\"},\"primaryImageOfPage\":{\"@id\":\"https:\/\/tamsanmotor.com\/index.php\/urunler\/pompalar\/dalgic-pompalar\/asansor-flatorlu-dalgic-pompalar-2\/#primaryimage\"},\"image\":{\"@id\":\"https:\/\/tamsanmotor.com\/index.php\/urunler\/pompalar\/dalgic-pompalar\/asansor-flatorlu-dalgic-pompalar-2\/#primaryimage\"},\"thumbnailUrl\":\"https:\/\/mlnbhdmb5shf.i.optimole.com\/w:702\/h:1024\/q:mauto\/f:best\/http:\/\/tamsanmotor.com\/wp-content\/uploads\/2019\/03\/asansor-flatorlu-dalgic-pompalar-1.jpg\",\"datePublished\":\"2019-03-16T20:37:28+00:00\",\"dateModified\":\"2019-03-16T22:27:05+00:00\",\"breadcrumb\":{\"@id\":\"https:\/\/tamsanmotor.com\/index.php\/urunler\/pompalar\/dalgic-pompalar\/asansor-flatorlu-dalgic-pompalar-2\/#breadcrumb\"},\"inLanguage\":\"tr\",\"potentialAction\":[{\"@type\":\"ReadAction\",\"target\":[\"https:\/\/tamsanmotor.com\/index.php\/urunler\/pompalar\/dalgic-pompalar\/asansor-flatorlu-dalgic-pompalar-2\/\"]}]},{\"@type\":\"ImageObject\",\"inLanguage\":\"tr\",\"@id\":\"https:\/\/tamsanmotor.com\/index.php\/urunler\/pompalar\/dalgic-pompalar\/asansor-flatorlu-dalgic-pompalar-2\/#primaryimage\",\"url\":\"https:\/\/mlnbhdmb5shf.i.optimole.com\/w:auto\/h:auto\/q:mauto\/f:best\/https:\/\/tamsanmotor.com\/wp-content\/uploads\/2019\/03\/asansor-flatorlu-dalgic-pompalar-1.jpg\",\"contentUrl\":\"https:\/\/mlnbhdmb5shf.i.optimole.com\/w:auto\/h:auto\/q:mauto\/f:best\/https:\/\/tamsanmotor.com\/wp-content\/uploads\/2019\/03\/asansor-flatorlu-dalgic-pompalar-1.jpg\",\"width\":740,\"height\":1079},{\"@type\":\"BreadcrumbList\",\"@id\":\"https:\/\/tamsanmotor.com\/index.php\/urunler\/pompalar\/dalgic-pompalar\/asansor-flatorlu-dalgic-pompalar-2\/#breadcrumb\",\"itemListElement\":[{\"@type\":\"ListItem\",\"position\":1,\"name\":\"Ana sayfa\",\"item\":\"https:\/\/tamsanmotor.com\/\"},{\"@type\":\"ListItem\",\"position\":2,\"name\":\"\u00dcr\u00fcnler\",\"item\":\"https:\/\/tamsanmotor.com\/index.php\/urunler\/\"},{\"@type\":\"ListItem\",\"position\":3,\"name\":\"Pompalar\",\"item\":\"https:\/\/tamsanmotor.com\/index.php\/urunler\/pompalar\/\"},{\"@type\":\"ListItem\",\"position\":4,\"name\":\"Dalg\u0131\u00e7 Pompalar\",\"item\":\"https:\/\/tamsanmotor.com\/index.php\/urunler\/pompalar\/dalgic-pompalar\/\"},{\"@type\":\"ListItem\",\"position\":5,\"name\":\"Asans\u00f6r Flat\u00f6rl\u00fc Dalg\u0131\u00e7 Pompalar\"}]},{\"@type\":\"WebSite\",\"@id\":\"https:\/\/tamsanmotor.com\/#website\",\"url\":\"https:\/\/tamsanmotor.com\/\",\"name\":\"Tamsan Elektrik Motor\",\"description\":\"\",\"publisher\":{\"@id\":\"https:\/\/tamsanmotor.com\/#organization\"},\"potentialAction\":[{\"@type\":\"SearchAction\",\"target\":{\"@type\":\"EntryPoint\",\"urlTemplate\":\"https:\/\/tamsanmotor.com\/?s={search_term_string}\"},\"query-input\":{\"@type\":\"PropertyValueSpecification\",\"valueRequired\":true,\"valueName\":\"search_term_string\"}}],\"inLanguage\":\"tr\"},{\"@type\":\"Organization\",\"@id\":\"https:\/\/tamsanmotor.com\/#organization\",\"name\":\"Tamsan Elektrik Motor San. ve Tic. Ltd. \u015eti.\",\"url\":\"https:\/\/tamsanmotor.com\/\",\"logo\":{\"@type\":\"ImageObject\",\"inLanguage\":\"tr\",\"@id\":\"https:\/\/tamsanmotor.com\/#\/schema\/logo\/image\/\",\"url\":\"https:\/\/mlnbhdmb5shf.i.optimole.com\/w:auto\/h:auto\/q:mauto\/f:best\/https:\/\/tamsanmotor.com\/wp-content\/uploads\/2019\/11\/TAMSAN-logo.jpg\",\"contentUrl\":\"https:\/\/mlnbhdmb5shf.i.optimole.com\/w:auto\/h:auto\/q:mauto\/f:best\/https:\/\/tamsanmotor.com\/wp-content\/uploads\/2019\/11\/TAMSAN-logo.jpg\",\"width\":1388,\"height\":292,\"caption\":\"Tamsan Elektrik Motor San. ve Tic. Ltd. \u015eti.\"},\"image\":{\"@id\":\"https:\/\/tamsanmotor.com\/#\/schema\/logo\/image\/\"}}]}<\/script>\n<!-- \/ Yoast SEO plugin. -->","yoast_head_json":{"title":"Asans\u00f6r Flat\u00f6rl\u00fc Dalg\u0131\u00e7 Pompalar - Tamsan Motor","robots":{"index":"index","follow":"follow","max-snippet":"max-snippet:-1","max-image-preview":"max-image-preview:large","max-video-preview":"max-video-preview:-1"},"canonical":"https:\/\/tamsanmotor.com\/index.php\/urunler\/pompalar\/dalgic-pompalar\/asansor-flatorlu-dalgic-pompalar-2\/","og_locale":"tr_TR","og_type":"article","og_title":"Asans\u00f6r Flat\u00f6rl\u00fc Dalg\u0131\u00e7 Pompalar - Tamsan Motor","og_description":"Pompa \u00e7al\u0131\u015fma sahas\u0131n\u0131n dar oldu\u011fu yerlerde s\u0131v\u0131 seviye flat\u00f6rlerin de ya\u015fanan sorunlar\u0131 minimuma indirmek i\u00e7in tasarlanan Asans\u00f6r Flat\u00f6rl\u00fc \u00fcr\u00fcnlerimiz Paslanmaz G\u00f6vdeli Drenaj Dalg\u0131\u00e7 Pompalar SDF6A, Drenaj Dalg\u0131\u00e7 Pompalar SDF13, Az Kirli Su Dalg\u0131\u00e7 Pompalar SDF18\/2Y-A, Foseptik Dalg\u0131\u00e7 Pompalar SDF14\/2-A SDF18\/2-A, SBRM18\/2P-A modelleri ile tasarlanm\u0131\u015ft\u0131r. S\u0131v\u0131 Seviye Flat\u00f6rlerinin kablo mesafesi nedeni ile flat\u00f6r\u00fcn \u00e7al\u0131\u015fma mesafesi minimum [&hellip;]","og_url":"https:\/\/tamsanmotor.com\/index.php\/urunler\/pompalar\/dalgic-pompalar\/asansor-flatorlu-dalgic-pompalar-2\/","og_site_name":"Tamsan Motor","article_modified_time":"2019-03-16T22:27:05+00:00","og_image":[{"url":"https:\/\/mlnbhdmb5shf.i.optimole.com\/w:702\/h:1024\/q:mauto\/f:best\/http:\/\/tamsanmotor.com\/wp-content\/uploads\/2019\/03\/asansor-flatorlu-dalgic-pompalar-1.jpg","type":"","width":"","height":""}],"twitter_card":"summary_large_image","twitter_misc":{"Tahmini okuma s\u00fcresi":"1 dakika"},"schema":{"@context":"https:\/\/schema.org","@graph":[{"@type":"WebPage","@id":"https:\/\/tamsanmotor.com\/index.php\/urunler\/pompalar\/dalgic-pompalar\/asansor-flatorlu-dalgic-pompalar-2\/","url":"https:\/\/tamsanmotor.com\/index.php\/urunler\/pompalar\/dalgic-pompalar\/asansor-flatorlu-dalgic-pompalar-2\/","name":"Asans\u00f6r Flat\u00f6rl\u00fc Dalg\u0131\u00e7 Pompalar - Tamsan Motor","isPartOf":{"@id":"https:\/\/tamsanmotor.com\/#website"},"primaryImageOfPage":{"@id":"https:\/\/tamsanmotor.com\/index.php\/urunler\/pompalar\/dalgic-pompalar\/asansor-flatorlu-dalgic-pompalar-2\/#primaryimage"},"image":{"@id":"https:\/\/tamsanmotor.com\/index.php\/urunler\/pompalar\/dalgic-pompalar\/asansor-flatorlu-dalgic-pompalar-2\/#primaryimage"},"thumbnailUrl":"https:\/\/mlnbhdmb5shf.i.optimole.com\/w:702\/h:1024\/q:mauto\/f:best\/http:\/\/tamsanmotor.com\/wp-content\/uploads\/2019\/03\/asansor-flatorlu-dalgic-pompalar-1.jpg","datePublished":"2019-03-16T20:37:28+00:00","dateModified":"2019-03-16T22:27:05+00:00","breadcrumb":{"@id":"https:\/\/tamsanmotor.com\/index.php\/urunler\/pompalar\/dalgic-pompalar\/asansor-flatorlu-dalgic-pompalar-2\/#breadcrumb"},"inLanguage":"tr","potentialAction":[{"@type":"ReadAction","target":["https:\/\/tamsanmotor.com\/index.php\/urunler\/pompalar\/dalgic-pompalar\/asansor-flatorlu-dalgic-pompalar-2\/"]}]},{"@type":"ImageObject","inLanguage":"tr","@id":"https:\/\/tamsanmotor.com\/index.php\/urunler\/pompalar\/dalgic-pompalar\/asansor-flatorlu-dalgic-pompalar-2\/#primaryimage","url":"https:\/\/mlnbhdmb5shf.i.optimole.com\/w:auto\/h:auto\/q:mauto\/f:best\/https:\/\/tamsanmotor.com\/wp-content\/uploads\/2019\/03\/asansor-flatorlu-dalgic-pompalar-1.jpg","contentUrl":"https:\/\/mlnbhdmb5shf.i.optimole.com\/w:auto\/h:auto\/q:mauto\/f:best\/https:\/\/tamsanmotor.com\/wp-content\/uploads\/2019\/03\/asansor-flatorlu-dalgic-pompalar-1.jpg","width":740,"height":1079},{"@type":"BreadcrumbList","@id":"https:\/\/tamsanmotor.com\/index.php\/urunler\/pompalar\/dalgic-pompalar\/asansor-flatorlu-dalgic-pompalar-2\/#breadcrumb","itemListElement":[{"@type":"ListItem","position":1,"name":"Ana sayfa","item":"https:\/\/tamsanmotor.com\/"},{"@type":"ListItem","position":2,"name":"\u00dcr\u00fcnler","item":"https:\/\/tamsanmotor.com\/index.php\/urunler\/"},{"@type":"ListItem","position":3,"name":"Pompalar","item":"https:\/\/tamsanmotor.com\/index.php\/urunler\/pompalar\/"},{"@type":"ListItem","position":4,"name":"Dalg\u0131\u00e7 Pompalar","item":"https:\/\/tamsanmotor.com\/index.php\/urunler\/pompalar\/dalgic-pompalar\/"},{"@type":"ListItem","position":5,"name":"Asans\u00f6r Flat\u00f6rl\u00fc Dalg\u0131\u00e7 Pompalar"}]},{"@type":"WebSite","@id":"https:\/\/tamsanmotor.com\/#website","url":"https:\/\/tamsanmotor.com\/","name":"Tamsan Elektrik Motor","description":"","publisher":{"@id":"https:\/\/tamsanmotor.com\/#organization"},"potentialAction":[{"@type":"SearchAction","target":{"@type":"EntryPoint","urlTemplate":"https:\/\/tamsanmotor.com\/?s={search_term_string}"},"query-input":{"@type":"PropertyValueSpecification","valueRequired":true,"valueName":"search_term_string"}}],"inLanguage":"tr"},{"@type":"Organization","@id":"https:\/\/tamsanmotor.com\/#organization","name":"Tamsan Elektrik Motor San. ve Tic. Ltd. \u015eti.","url":"https:\/\/tamsanmotor.com\/","logo":{"@type":"ImageObject","inLanguage":"tr","@id":"https:\/\/tamsanmotor.com\/#\/schema\/logo\/image\/","url":"https:\/\/mlnbhdmb5shf.i.optimole.com\/w:auto\/h:auto\/q:mauto\/f:best\/https:\/\/tamsanmotor.com\/wp-content\/uploads\/2019\/11\/TAMSAN-logo.jpg","contentUrl":"https:\/\/mlnbhdmb5shf.i.optimole.com\/w:auto\/h:auto\/q:mauto\/f:best\/https:\/\/tamsanmotor.com\/wp-content\/uploads\/2019\/11\/TAMSAN-logo.jpg","width":1388,"height":292,"caption":"Tamsan Elektrik Motor San. ve Tic. Ltd. \u015eti."},"image":{"@id":"https:\/\/tamsanmotor.com\/#\/schema\/logo\/image\/"}}]}},"_links":{"self":[{"href":"https:\/\/tamsanmotor.com\/index.php\/wp-json\/wp\/v2\/pages\/1280","targetHints":{"allow":["GET"]}}],"collection":[{"href":"https:\/\/tamsanmotor.com\/index.php\/wp-json\/wp\/v2\/pages"}],"about":[{"href":"https:\/\/tamsanmotor.com\/index.php\/wp-json\/wp\/v2\/types\/page"}],"author":[{"embeddable":true,"href":"https:\/\/tamsanmotor.com\/index.php\/wp-json\/wp\/v2\/users\/1"}],"replies":[{"embeddable":true,"href":"https:\/\/tamsanmotor.com\/index.php\/wp-json\/wp\/v2\/comments?post=1280"}],"version-history":[{"count":0,"href":"https:\/\/tamsanmotor.com\/index.php\/wp-json\/wp\/v2\/pages\/1280\/revisions"}],"up":[{"embeddable":true,"href":"https:\/\/tamsanmotor.com\/index.php\/wp-json\/wp\/v2\/pages\/792"}],"wp:attachment":[{"href":"https:\/\/tamsanmotor.com\/index.php\/wp-json\/wp\/v2\/media?parent=1280"}],"wp:term":[{"taxonomy":"wf_page_folders","embeddable":true,"href":"https:\/\/tamsanmotor.com\/index.php\/wp-json\/wp\/v2\/wf_page_folders?post=1280"}],"curies":[{"name":"wp","href":"https:\/\/api.w.org\/{rel}","templated":true}]}}