{"id":1293,"date":"2019-03-16T23:41:13","date_gmt":"2019-03-16T20:41:13","guid":{"rendered":"http:\/\/tamsanmotor.com\/?page_id=1293"},"modified":"2019-03-17T01:48:56","modified_gmt":"2019-03-16T22:48:56","slug":"sintine-pompasi-2","status":"publish","type":"page","link":"https:\/\/tamsanmotor.com\/index.php\/urunler\/pompalar\/dalgic-pompalar\/sintine-pompasi-2\/","title":{"rendered":"Sintine Pompas\u0131"},"content":{"rendered":"\t\t<div data-elementor-type=\"wp-post\" data-elementor-id=\"1293\" class=\"elementor elementor-1293\">\n\t\t\t\t\t\t<section class=\"elementor-section elementor-top-section elementor-element elementor-element-c27e6ba elementor-section-boxed elementor-section-height-default elementor-section-height-default\" data-id=\"c27e6ba\" data-element_type=\"section\">\n\t\t\t\t\t\t<div class=\"elementor-container elementor-column-gap-default\">\n\t\t\t\t\t<div class=\"elementor-column elementor-col-100 elementor-top-column elementor-element elementor-element-61cba12\" data-id=\"61cba12\" data-element_type=\"column\">\n\t\t\t<div class=\"elementor-widget-wrap elementor-element-populated\">\n\t\t\t\t\t\t<div class=\"elementor-element elementor-element-87091a1 elementor-widget elementor-widget-heading\" data-id=\"87091a1\" data-element_type=\"widget\" data-widget_type=\"heading.default\">\n\t\t\t\t\t<h3 class=\"elementor-heading-title elementor-size-default\">Teknelerde sintine pompas\u0131 deniz suyu ve sintine suyu tahliyesi ile birlikte temiz su tahliyesine uygun 12 V ak\u00fc ile \u00e7al\u0131\u015fan  5 cm geni\u015fli\u011finde \u00e7ok dar alanlarda kullan\u0131ma uygun sintine pompalar\u0131d\u0131r.\n<br><br>\n\u00d6zelikle denizcilik sekt\u00f6r\u00fcnde teknelerde yatlarda ve bal\u0131k\u00e7\u0131 teknelerinde motor dairesinde biriken suyun tahliyesinde kullan\u0131ma uygun olarak STN500 G - STN1100 G - STN2000 G manuel modellerimizin yan\u0131nda STN750 G Otomatik flat\u00f6rl\u00fc ve SKLD12 G Kalem Dalg\u0131\u00e7 Pompa modellerimiz ile sintine pompalar\u0131 seri \u00fcretimine ba\u015flanm\u0131\u015ft\u0131r.\n<br><br>\n\u015eebeke elektri\u011finin olmad\u0131\u011f\u0131 her yerde 12 V Ak\u00fc ile \u00e7al\u0131\u015fmaya uygun tasarlanan pompalar\u0131m\u0131z otomobil \u00e7akmak aparat\u0131 ile piknik alanlar\u0131nda, kamplarda ve eklekti\u011fin olmad\u0131\u011f\u0131 zamanlarda bina bodrum ve kapal\u0131 otoparklarda biriken sular\u0131n tahliyesinde kullan\u0131ma uygundur. SKLD 12 G Kalem Dalg\u0131\u00e7 Pompalar\u0131m\u0131z 38 mm pompa \u00e7ap\u0131 ile varillerden mazot ve Dizel tahliyesi i\u00e7in kullan\u0131labilmektedir.<\/h3>\t\t\t\t<\/div>\n\t\t\t\t\t<\/div>\n\t\t<\/div>\n\t\t\t\t\t<\/div>\n\t\t<\/section>\n\t\t\t\t<section class=\"elementor-section elementor-top-section elementor-element elementor-element-a48ffb0 elementor-section-boxed elementor-section-height-default elementor-section-height-default\" data-id=\"a48ffb0\" data-element_type=\"section\">\n\t\t\t\t\t\t<div class=\"elementor-container elementor-column-gap-default\">\n\t\t\t\t\t<div class=\"elementor-column elementor-col-100 elementor-top-column elementor-element elementor-element-4645749\" data-id=\"4645749\" data-element_type=\"column\">\n\t\t\t<div class=\"elementor-widget-wrap elementor-element-populated\">\n\t\t\t\t\t\t<div class=\"elementor-element elementor-element-1deffb3 elementor-widget elementor-widget-image\" data-id=\"1deffb3\" data-element_type=\"widget\" data-widget_type=\"image.default\">\n\t\t\t\t\t\t\t\t\t\t\t\t\t\t\t<img data-opt-id=2130299521  fetchpriority=\"high\" decoding=\"async\" width=\"720\" height=\"917\" src=\"https:\/\/mlnbhdmb5shf.i.optimole.com\/w:720\/h:917\/q:mauto\/f:best\/https:\/\/tamsanmotor.com\/wp-content\/uploads\/2019\/03\/sintine.jpg\" class=\"attachment-large size-large wp-image-1408\" alt=\"\" srcset=\"https:\/\/mlnbhdmb5shf.i.optimole.com\/w:720\/h:917\/q:mauto\/f:best\/https:\/\/tamsanmotor.com\/wp-content\/uploads\/2019\/03\/sintine.jpg 720w, https:\/\/mlnbhdmb5shf.i.optimole.com\/w:236\/h:300\/q:mauto\/f:best\/https:\/\/tamsanmotor.com\/wp-content\/uploads\/2019\/03\/sintine.jpg 236w, https:\/\/mlnbhdmb5shf.i.optimole.com\/w:600\/h:764\/q:mauto\/f:best\/https:\/\/tamsanmotor.com\/wp-content\/uploads\/2019\/03\/sintine.jpg 600w\" sizes=\"(max-width: 720px) 100vw, 720px\" \/>\t\t\t\t\t\t\t\t\t\t\t\t\t\t\t<\/div>\n\t\t\t\t\t<\/div>\n\t\t<\/div>\n\t\t\t\t\t<\/div>\n\t\t<\/section>\n\t\t\t\t<\/div>\n\t\t","protected":false},"excerpt":{"rendered":"<p>Teknelerde sintine pompas\u0131 deniz suyu ve sintine suyu tahliyesi ile birlikte temiz su tahliyesine uygun 12 V ak\u00fc ile \u00e7al\u0131\u015fan 5 cm geni\u015fli\u011finde \u00e7ok dar alanlarda kullan\u0131ma uygun sintine pompalar\u0131d\u0131r. \u00d6zelikle denizcilik sekt\u00f6r\u00fcnde teknelerde yatlarda ve bal\u0131k\u00e7\u0131 teknelerinde motor dairesinde biriken suyun tahliyesinde kullan\u0131ma uygun olarak STN500 G &#8211; STN1100 G &#8211; STN2000 G manuel [&hellip;]<\/p>\n","protected":false},"author":1,"featured_media":0,"parent":792,"menu_order":0,"comment_status":"closed","ping_status":"closed","template":"","meta":{"footnotes":""},"wf_page_folders":[],"class_list":["post-1293","page","type-page","status-publish","hentry"],"yoast_head":"<!-- This site is optimized with the Yoast SEO plugin v24.8.1 - https:\/\/yoast.com\/wordpress\/plugins\/seo\/ -->\n<title>Sintine Pompas\u0131 - Tamsan Motor<\/title>\n<meta name=\"robots\" content=\"index, follow, max-snippet:-1, max-image-preview:large, max-video-preview:-1\" \/>\n<link rel=\"canonical\" href=\"https:\/\/tamsanmotor.com\/index.php\/urunler\/pompalar\/dalgic-pompalar\/sintine-pompasi-2\/\" \/>\n<meta property=\"og:locale\" content=\"tr_TR\" \/>\n<meta property=\"og:type\" content=\"article\" \/>\n<meta property=\"og:title\" content=\"Sintine Pompas\u0131 - Tamsan Motor\" \/>\n<meta property=\"og:description\" content=\"Teknelerde sintine pompas\u0131 deniz suyu ve sintine suyu tahliyesi ile birlikte temiz su tahliyesine uygun 12 V ak\u00fc ile \u00e7al\u0131\u015fan 5 cm geni\u015fli\u011finde \u00e7ok dar alanlarda kullan\u0131ma uygun sintine pompalar\u0131d\u0131r. \u00d6zelikle denizcilik sekt\u00f6r\u00fcnde teknelerde yatlarda ve bal\u0131k\u00e7\u0131 teknelerinde motor dairesinde biriken suyun tahliyesinde kullan\u0131ma uygun olarak STN500 G &#8211; STN1100 G &#8211; STN2000 G manuel [&hellip;]\" \/>\n<meta property=\"og:url\" content=\"https:\/\/tamsanmotor.com\/index.php\/urunler\/pompalar\/dalgic-pompalar\/sintine-pompasi-2\/\" \/>\n<meta property=\"og:site_name\" content=\"Tamsan Motor\" \/>\n<meta property=\"article:modified_time\" content=\"2019-03-16T22:48:56+00:00\" \/>\n<meta property=\"og:image\" content=\"https:\/\/mlnbhdmb5shf.i.optimole.com\/w:auto\/h:auto\/q:mauto\/f:best\/http:\/\/tamsanmotor.com\/wp-content\/uploads\/2019\/03\/sintine.jpg\" \/>\n<meta name=\"twitter:card\" content=\"summary_large_image\" \/>\n<meta name=\"twitter:label1\" content=\"Tahmini okuma s\u00fcresi\" \/>\n\t<meta name=\"twitter:data1\" content=\"1 dakika\" \/>\n<script type=\"application\/ld+json\" class=\"yoast-schema-graph\">{\"@context\":\"https:\/\/schema.org\",\"@graph\":[{\"@type\":\"WebPage\",\"@id\":\"https:\/\/tamsanmotor.com\/index.php\/urunler\/pompalar\/dalgic-pompalar\/sintine-pompasi-2\/\",\"url\":\"https:\/\/tamsanmotor.com\/index.php\/urunler\/pompalar\/dalgic-pompalar\/sintine-pompasi-2\/\",\"name\":\"Sintine Pompas\u0131 - Tamsan Motor\",\"isPartOf\":{\"@id\":\"https:\/\/tamsanmotor.com\/#website\"},\"primaryImageOfPage\":{\"@id\":\"https:\/\/tamsanmotor.com\/index.php\/urunler\/pompalar\/dalgic-pompalar\/sintine-pompasi-2\/#primaryimage\"},\"image\":{\"@id\":\"https:\/\/tamsanmotor.com\/index.php\/urunler\/pompalar\/dalgic-pompalar\/sintine-pompasi-2\/#primaryimage\"},\"thumbnailUrl\":\"https:\/\/mlnbhdmb5shf.i.optimole.com\/w:auto\/h:auto\/q:mauto\/f:best\/http:\/\/tamsanmotor.com\/wp-content\/uploads\/2019\/03\/sintine.jpg\",\"datePublished\":\"2019-03-16T20:41:13+00:00\",\"dateModified\":\"2019-03-16T22:48:56+00:00\",\"breadcrumb\":{\"@id\":\"https:\/\/tamsanmotor.com\/index.php\/urunler\/pompalar\/dalgic-pompalar\/sintine-pompasi-2\/#breadcrumb\"},\"inLanguage\":\"tr\",\"potentialAction\":[{\"@type\":\"ReadAction\",\"target\":[\"https:\/\/tamsanmotor.com\/index.php\/urunler\/pompalar\/dalgic-pompalar\/sintine-pompasi-2\/\"]}]},{\"@type\":\"ImageObject\",\"inLanguage\":\"tr\",\"@id\":\"https:\/\/tamsanmotor.com\/index.php\/urunler\/pompalar\/dalgic-pompalar\/sintine-pompasi-2\/#primaryimage\",\"url\":\"https:\/\/mlnbhdmb5shf.i.optimole.com\/w:auto\/h:auto\/q:mauto\/f:best\/https:\/\/tamsanmotor.com\/wp-content\/uploads\/2019\/03\/sintine.jpg\",\"contentUrl\":\"https:\/\/mlnbhdmb5shf.i.optimole.com\/w:auto\/h:auto\/q:mauto\/f:best\/https:\/\/tamsanmotor.com\/wp-content\/uploads\/2019\/03\/sintine.jpg\",\"width\":720,\"height\":917},{\"@type\":\"BreadcrumbList\",\"@id\":\"https:\/\/tamsanmotor.com\/index.php\/urunler\/pompalar\/dalgic-pompalar\/sintine-pompasi-2\/#breadcrumb\",\"itemListElement\":[{\"@type\":\"ListItem\",\"position\":1,\"name\":\"Ana sayfa\",\"item\":\"https:\/\/tamsanmotor.com\/\"},{\"@type\":\"ListItem\",\"position\":2,\"name\":\"\u00dcr\u00fcnler\",\"item\":\"https:\/\/tamsanmotor.com\/index.php\/urunler\/\"},{\"@type\":\"ListItem\",\"position\":3,\"name\":\"Pompalar\",\"item\":\"https:\/\/tamsanmotor.com\/index.php\/urunler\/pompalar\/\"},{\"@type\":\"ListItem\",\"position\":4,\"name\":\"Dalg\u0131\u00e7 Pompalar\",\"item\":\"https:\/\/tamsanmotor.com\/index.php\/urunler\/pompalar\/dalgic-pompalar\/\"},{\"@type\":\"ListItem\",\"position\":5,\"name\":\"Sintine Pompas\u0131\"}]},{\"@type\":\"WebSite\",\"@id\":\"https:\/\/tamsanmotor.com\/#website\",\"url\":\"https:\/\/tamsanmotor.com\/\",\"name\":\"Tamsan Elektrik Motor\",\"description\":\"\",\"publisher\":{\"@id\":\"https:\/\/tamsanmotor.com\/#organization\"},\"potentialAction\":[{\"@type\":\"SearchAction\",\"target\":{\"@type\":\"EntryPoint\",\"urlTemplate\":\"https:\/\/tamsanmotor.com\/?s={search_term_string}\"},\"query-input\":{\"@type\":\"PropertyValueSpecification\",\"valueRequired\":true,\"valueName\":\"search_term_string\"}}],\"inLanguage\":\"tr\"},{\"@type\":\"Organization\",\"@id\":\"https:\/\/tamsanmotor.com\/#organization\",\"name\":\"Tamsan Elektrik Motor San. ve Tic. Ltd. \u015eti.\",\"url\":\"https:\/\/tamsanmotor.com\/\",\"logo\":{\"@type\":\"ImageObject\",\"inLanguage\":\"tr\",\"@id\":\"https:\/\/tamsanmotor.com\/#\/schema\/logo\/image\/\",\"url\":\"https:\/\/mlnbhdmb5shf.i.optimole.com\/w:auto\/h:auto\/q:mauto\/f:best\/https:\/\/tamsanmotor.com\/wp-content\/uploads\/2019\/11\/TAMSAN-logo.jpg\",\"contentUrl\":\"https:\/\/mlnbhdmb5shf.i.optimole.com\/w:auto\/h:auto\/q:mauto\/f:best\/https:\/\/tamsanmotor.com\/wp-content\/uploads\/2019\/11\/TAMSAN-logo.jpg\",\"width\":1388,\"height\":292,\"caption\":\"Tamsan Elektrik Motor San. ve Tic. Ltd. \u015eti.\"},\"image\":{\"@id\":\"https:\/\/tamsanmotor.com\/#\/schema\/logo\/image\/\"}}]}<\/script>\n<!-- \/ Yoast SEO plugin. -->","yoast_head_json":{"title":"Sintine Pompas\u0131 - Tamsan Motor","robots":{"index":"index","follow":"follow","max-snippet":"max-snippet:-1","max-image-preview":"max-image-preview:large","max-video-preview":"max-video-preview:-1"},"canonical":"https:\/\/tamsanmotor.com\/index.php\/urunler\/pompalar\/dalgic-pompalar\/sintine-pompasi-2\/","og_locale":"tr_TR","og_type":"article","og_title":"Sintine Pompas\u0131 - Tamsan Motor","og_description":"Teknelerde sintine pompas\u0131 deniz suyu ve sintine suyu tahliyesi ile birlikte temiz su tahliyesine uygun 12 V ak\u00fc ile \u00e7al\u0131\u015fan 5 cm geni\u015fli\u011finde \u00e7ok dar alanlarda kullan\u0131ma uygun sintine pompalar\u0131d\u0131r. \u00d6zelikle denizcilik sekt\u00f6r\u00fcnde teknelerde yatlarda ve bal\u0131k\u00e7\u0131 teknelerinde motor dairesinde biriken suyun tahliyesinde kullan\u0131ma uygun olarak STN500 G &#8211; STN1100 G &#8211; STN2000 G manuel [&hellip;]","og_url":"https:\/\/tamsanmotor.com\/index.php\/urunler\/pompalar\/dalgic-pompalar\/sintine-pompasi-2\/","og_site_name":"Tamsan Motor","article_modified_time":"2019-03-16T22:48:56+00:00","og_image":[{"url":"https:\/\/mlnbhdmb5shf.i.optimole.com\/w:auto\/h:auto\/q:mauto\/f:best\/http:\/\/tamsanmotor.com\/wp-content\/uploads\/2019\/03\/sintine.jpg","type":"","width":"","height":""}],"twitter_card":"summary_large_image","twitter_misc":{"Tahmini okuma s\u00fcresi":"1 dakika"},"schema":{"@context":"https:\/\/schema.org","@graph":[{"@type":"WebPage","@id":"https:\/\/tamsanmotor.com\/index.php\/urunler\/pompalar\/dalgic-pompalar\/sintine-pompasi-2\/","url":"https:\/\/tamsanmotor.com\/index.php\/urunler\/pompalar\/dalgic-pompalar\/sintine-pompasi-2\/","name":"Sintine Pompas\u0131 - Tamsan Motor","isPartOf":{"@id":"https:\/\/tamsanmotor.com\/#website"},"primaryImageOfPage":{"@id":"https:\/\/tamsanmotor.com\/index.php\/urunler\/pompalar\/dalgic-pompalar\/sintine-pompasi-2\/#primaryimage"},"image":{"@id":"https:\/\/tamsanmotor.com\/index.php\/urunler\/pompalar\/dalgic-pompalar\/sintine-pompasi-2\/#primaryimage"},"thumbnailUrl":"https:\/\/mlnbhdmb5shf.i.optimole.com\/w:auto\/h:auto\/q:mauto\/f:best\/http:\/\/tamsanmotor.com\/wp-content\/uploads\/2019\/03\/sintine.jpg","datePublished":"2019-03-16T20:41:13+00:00","dateModified":"2019-03-16T22:48:56+00:00","breadcrumb":{"@id":"https:\/\/tamsanmotor.com\/index.php\/urunler\/pompalar\/dalgic-pompalar\/sintine-pompasi-2\/#breadcrumb"},"inLanguage":"tr","potentialAction":[{"@type":"ReadAction","target":["https:\/\/tamsanmotor.com\/index.php\/urunler\/pompalar\/dalgic-pompalar\/sintine-pompasi-2\/"]}]},{"@type":"ImageObject","inLanguage":"tr","@id":"https:\/\/tamsanmotor.com\/index.php\/urunler\/pompalar\/dalgic-pompalar\/sintine-pompasi-2\/#primaryimage","url":"https:\/\/mlnbhdmb5shf.i.optimole.com\/w:auto\/h:auto\/q:mauto\/f:best\/https:\/\/tamsanmotor.com\/wp-content\/uploads\/2019\/03\/sintine.jpg","contentUrl":"https:\/\/mlnbhdmb5shf.i.optimole.com\/w:auto\/h:auto\/q:mauto\/f:best\/https:\/\/tamsanmotor.com\/wp-content\/uploads\/2019\/03\/sintine.jpg","width":720,"height":917},{"@type":"BreadcrumbList","@id":"https:\/\/tamsanmotor.com\/index.php\/urunler\/pompalar\/dalgic-pompalar\/sintine-pompasi-2\/#breadcrumb","itemListElement":[{"@type":"ListItem","position":1,"name":"Ana sayfa","item":"https:\/\/tamsanmotor.com\/"},{"@type":"ListItem","position":2,"name":"\u00dcr\u00fcnler","item":"https:\/\/tamsanmotor.com\/index.php\/urunler\/"},{"@type":"ListItem","position":3,"name":"Pompalar","item":"https:\/\/tamsanmotor.com\/index.php\/urunler\/pompalar\/"},{"@type":"ListItem","position":4,"name":"Dalg\u0131\u00e7 Pompalar","item":"https:\/\/tamsanmotor.com\/index.php\/urunler\/pompalar\/dalgic-pompalar\/"},{"@type":"ListItem","position":5,"name":"Sintine Pompas\u0131"}]},{"@type":"WebSite","@id":"https:\/\/tamsanmotor.com\/#website","url":"https:\/\/tamsanmotor.com\/","name":"Tamsan Elektrik Motor","description":"","publisher":{"@id":"https:\/\/tamsanmotor.com\/#organization"},"potentialAction":[{"@type":"SearchAction","target":{"@type":"EntryPoint","urlTemplate":"https:\/\/tamsanmotor.com\/?s={search_term_string}"},"query-input":{"@type":"PropertyValueSpecification","valueRequired":true,"valueName":"search_term_string"}}],"inLanguage":"tr"},{"@type":"Organization","@id":"https:\/\/tamsanmotor.com\/#organization","name":"Tamsan Elektrik Motor San. ve Tic. Ltd. \u015eti.","url":"https:\/\/tamsanmotor.com\/","logo":{"@type":"ImageObject","inLanguage":"tr","@id":"https:\/\/tamsanmotor.com\/#\/schema\/logo\/image\/","url":"https:\/\/mlnbhdmb5shf.i.optimole.com\/w:auto\/h:auto\/q:mauto\/f:best\/https:\/\/tamsanmotor.com\/wp-content\/uploads\/2019\/11\/TAMSAN-logo.jpg","contentUrl":"https:\/\/mlnbhdmb5shf.i.optimole.com\/w:auto\/h:auto\/q:mauto\/f:best\/https:\/\/tamsanmotor.com\/wp-content\/uploads\/2019\/11\/TAMSAN-logo.jpg","width":1388,"height":292,"caption":"Tamsan Elektrik Motor San. ve Tic. Ltd. \u015eti."},"image":{"@id":"https:\/\/tamsanmotor.com\/#\/schema\/logo\/image\/"}}]}},"_links":{"self":[{"href":"https:\/\/tamsanmotor.com\/index.php\/wp-json\/wp\/v2\/pages\/1293","targetHints":{"allow":["GET"]}}],"collection":[{"href":"https:\/\/tamsanmotor.com\/index.php\/wp-json\/wp\/v2\/pages"}],"about":[{"href":"https:\/\/tamsanmotor.com\/index.php\/wp-json\/wp\/v2\/types\/page"}],"author":[{"embeddable":true,"href":"https:\/\/tamsanmotor.com\/index.php\/wp-json\/wp\/v2\/users\/1"}],"replies":[{"embeddable":true,"href":"https:\/\/tamsanmotor.com\/index.php\/wp-json\/wp\/v2\/comments?post=1293"}],"version-history":[{"count":0,"href":"https:\/\/tamsanmotor.com\/index.php\/wp-json\/wp\/v2\/pages\/1293\/revisions"}],"up":[{"embeddable":true,"href":"https:\/\/tamsanmotor.com\/index.php\/wp-json\/wp\/v2\/pages\/792"}],"wp:attachment":[{"href":"https:\/\/tamsanmotor.com\/index.php\/wp-json\/wp\/v2\/media?parent=1293"}],"wp:term":[{"taxonomy":"wf_page_folders","embeddable":true,"href":"https:\/\/tamsanmotor.com\/index.php\/wp-json\/wp\/v2\/wf_page_folders?post=1293"}],"curies":[{"name":"wp","href":"https:\/\/api.w.org\/{rel}","templated":true}]}}