{"id":1565,"date":"2019-03-18T01:14:18","date_gmt":"2019-03-17T22:14:18","guid":{"rendered":"http:\/\/tamsanmotor.com\/?page_id=1565"},"modified":"2019-03-18T01:45:51","modified_gmt":"2019-03-17T22:45:51","slug":"havuz-pompalari-2","status":"publish","type":"page","link":"https:\/\/tamsanmotor.com\/index.php\/urunler\/pompalar\/monoblok-tip-pompalar\/havuz-pompalari-2\/","title":{"rendered":"Havuz Pompalar\u0131"},"content":{"rendered":"\t\t<div data-elementor-type=\"wp-post\" data-elementor-id=\"1565\" class=\"elementor elementor-1565\">\n\t\t\t\t\t\t<section class=\"elementor-section elementor-top-section elementor-element elementor-element-565b684 elementor-section-boxed elementor-section-height-default elementor-section-height-default\" data-id=\"565b684\" data-element_type=\"section\">\n\t\t\t\t\t\t<div class=\"elementor-container elementor-column-gap-default\">\n\t\t\t\t\t<div class=\"elementor-column elementor-col-100 elementor-top-column elementor-element elementor-element-790c461\" data-id=\"790c461\" data-element_type=\"column\">\n\t\t\t<div class=\"elementor-widget-wrap elementor-element-populated\">\n\t\t\t\t\t\t<div class=\"elementor-element elementor-element-45629cb elementor-widget elementor-widget-heading\" data-id=\"45629cb\" data-element_type=\"widget\" data-widget_type=\"heading.default\">\n\t\t\t\t\t<h2 class=\"elementor-heading-title elementor-size-default\">Sumak pompa olarak t\u00fcm aksam\u0131n\u0131 yerli olarak \u00fcretti\u011fimiz Havuz Pompalar\u0131n\u0131n 1.2, 1.5, 2.0, 3.0 HP trifaze ve monofaze olarak seri imalat\u0131na ba\u015flad\u0131k, 24 saat \u00e7al\u0131\u015fmaya uygun havuzlar\u0131n devir daimi i\u00e7in verimli \u00e7al\u0131\u015fma esas\u0131na g\u00f6re imal edilmi\u015f olan havuz pompalar\u0131 y\u00fcksek verimli \u0131s\u0131 ve rutubetli ortama uygun motor kendinden emi\u015fli filtresi kolay temizlenen sumak havuz pompas\u0131 filtre rakoru \u00f6zel tasarlanan anahtar\u0131 sayesinde kolayca s\u00f6k\u00fcl\u00fcp s\u0131k\u0131labilen, ayr\u0131ca havuz pompas\u0131 i\u00e7in filtre ve rakor sokup tak\u0131lmas\u0131 i\u00e7in kullan\u0131lan anahtar \u00fcr\u00fcn teslimat\u0131nda  \u00fccretsiz olarak verilmektedir yine ayn\u0131 \u015fekilde emi\u015f ve bas\u0131\u015f ba\u011flant\u0131 rakorlar\u0131 da standart olup \u00f6zel anahtar\u0131 sayesinde kolayca s\u00f6k\u00fcl\u00fcp tak\u0131labilmektedir, yine piyasadaki bir\u00e7ok \u00fcr\u00fcne benzer \u00f6l\u00e7\u00fclerde dizayn edilmesinden dolay\u0131 montaj\u0131 olduk\u00e7a kolayd\u0131r.<\/h2>\t\t\t\t<\/div>\n\t\t\t\t\t<\/div>\n\t\t<\/div>\n\t\t\t\t\t<\/div>\n\t\t<\/section>\n\t\t\t\t<section class=\"elementor-section elementor-top-section elementor-element elementor-element-de2d7ec elementor-section-boxed elementor-section-height-default elementor-section-height-default\" data-id=\"de2d7ec\" data-element_type=\"section\">\n\t\t\t\t\t\t<div class=\"elementor-container elementor-column-gap-default\">\n\t\t\t\t\t<div class=\"elementor-column elementor-col-100 elementor-top-column elementor-element elementor-element-84b7cae\" data-id=\"84b7cae\" data-element_type=\"column\">\n\t\t\t<div class=\"elementor-widget-wrap elementor-element-populated\">\n\t\t\t\t\t\t<div class=\"elementor-element elementor-element-3dfe589 elementor-widget elementor-widget-image\" data-id=\"3dfe589\" data-element_type=\"widget\" data-widget_type=\"image.default\">\n\t\t\t\t\t\t\t\t\t\t\t\t\t\t\t<img data-opt-id=2019759015  fetchpriority=\"high\" decoding=\"async\" width=\"678\" height=\"678\" src=\"https:\/\/mlnbhdmb5shf.i.optimole.com\/w:678\/h:678\/q:mauto\/f:best\/https:\/\/tamsanmotor.com\/wp-content\/uploads\/2019\/03\/havuz-pompasi-2.jpg\" class=\"attachment-large size-large wp-image-1597\" alt=\"\" srcset=\"https:\/\/mlnbhdmb5shf.i.optimole.com\/w:150\/h:150\/q:mauto\/f:best\/https:\/\/tamsanmotor.com\/wp-content\/uploads\/2019\/03\/havuz-pompasi-2.jpg 150w, https:\/\/mlnbhdmb5shf.i.optimole.com\/w:300\/h:300\/q:mauto\/f:best\/https:\/\/tamsanmotor.com\/wp-content\/uploads\/2019\/03\/havuz-pompasi-2.jpg 300w, https:\/\/mlnbhdmb5shf.i.optimole.com\/w:100\/h:100\/q:mauto\/f:best\/https:\/\/tamsanmotor.com\/wp-content\/uploads\/2019\/03\/havuz-pompasi-2.jpg 100w\" sizes=\"(max-width: 678px) 100vw, 678px\" \/>\t\t\t\t\t\t\t\t\t\t\t\t\t\t\t<\/div>\n\t\t\t\t\t<\/div>\n\t\t<\/div>\n\t\t\t\t\t<\/div>\n\t\t<\/section>\n\t\t\t\t<\/div>\n\t\t","protected":false},"excerpt":{"rendered":"<p>Sumak pompa olarak t\u00fcm aksam\u0131n\u0131 yerli olarak \u00fcretti\u011fimiz Havuz Pompalar\u0131n\u0131n 1.2, 1.5, 2.0, 3.0 HP trifaze ve monofaze olarak seri imalat\u0131na ba\u015flad\u0131k, 24 saat \u00e7al\u0131\u015fmaya uygun havuzlar\u0131n devir daimi i\u00e7in verimli \u00e7al\u0131\u015fma esas\u0131na g\u00f6re imal edilmi\u015f olan havuz pompalar\u0131 y\u00fcksek verimli \u0131s\u0131 ve rutubetli ortama uygun motor kendinden emi\u015fli filtresi kolay temizlenen sumak havuz pompas\u0131 [&hellip;]<\/p>\n","protected":false},"author":1,"featured_media":0,"parent":798,"menu_order":0,"comment_status":"closed","ping_status":"closed","template":"","meta":{"footnotes":""},"wf_page_folders":[],"class_list":["post-1565","page","type-page","status-publish","hentry"],"yoast_head":"<!-- This site is optimized with the Yoast SEO plugin v24.8.1 - https:\/\/yoast.com\/wordpress\/plugins\/seo\/ -->\n<title>Havuz Pompalar\u0131 - Tamsan Motor<\/title>\n<meta name=\"robots\" content=\"index, follow, max-snippet:-1, max-image-preview:large, max-video-preview:-1\" \/>\n<link rel=\"canonical\" href=\"https:\/\/tamsanmotor.com\/index.php\/urunler\/pompalar\/monoblok-tip-pompalar\/havuz-pompalari-2\/\" \/>\n<meta property=\"og:locale\" content=\"tr_TR\" \/>\n<meta property=\"og:type\" content=\"article\" \/>\n<meta property=\"og:title\" content=\"Havuz Pompalar\u0131 - Tamsan Motor\" \/>\n<meta property=\"og:description\" content=\"Sumak pompa olarak t\u00fcm aksam\u0131n\u0131 yerli olarak \u00fcretti\u011fimiz Havuz Pompalar\u0131n\u0131n 1.2, 1.5, 2.0, 3.0 HP trifaze ve monofaze olarak seri imalat\u0131na ba\u015flad\u0131k, 24 saat \u00e7al\u0131\u015fmaya uygun havuzlar\u0131n devir daimi i\u00e7in verimli \u00e7al\u0131\u015fma esas\u0131na g\u00f6re imal edilmi\u015f olan havuz pompalar\u0131 y\u00fcksek verimli \u0131s\u0131 ve rutubetli ortama uygun motor kendinden emi\u015fli filtresi kolay temizlenen sumak havuz pompas\u0131 [&hellip;]\" \/>\n<meta property=\"og:url\" content=\"https:\/\/tamsanmotor.com\/index.php\/urunler\/pompalar\/monoblok-tip-pompalar\/havuz-pompalari-2\/\" \/>\n<meta property=\"og:site_name\" content=\"Tamsan Motor\" \/>\n<meta property=\"article:modified_time\" content=\"2019-03-17T22:45:51+00:00\" \/>\n<meta property=\"og:image\" content=\"https:\/\/mlnbhdmb5shf.i.optimole.com\/w:auto\/h:auto\/q:mauto\/f:best\/http:\/\/tamsanmotor.com\/wp-content\/uploads\/2019\/03\/havuz-pompasi-2.jpg\" \/>\n<meta name=\"twitter:card\" content=\"summary_large_image\" \/>\n<meta name=\"twitter:label1\" content=\"Tahmini okuma s\u00fcresi\" \/>\n\t<meta name=\"twitter:data1\" content=\"1 dakika\" \/>\n<script type=\"application\/ld+json\" class=\"yoast-schema-graph\">{\"@context\":\"https:\/\/schema.org\",\"@graph\":[{\"@type\":\"WebPage\",\"@id\":\"https:\/\/tamsanmotor.com\/index.php\/urunler\/pompalar\/monoblok-tip-pompalar\/havuz-pompalari-2\/\",\"url\":\"https:\/\/tamsanmotor.com\/index.php\/urunler\/pompalar\/monoblok-tip-pompalar\/havuz-pompalari-2\/\",\"name\":\"Havuz Pompalar\u0131 - Tamsan Motor\",\"isPartOf\":{\"@id\":\"https:\/\/tamsanmotor.com\/#website\"},\"primaryImageOfPage\":{\"@id\":\"https:\/\/tamsanmotor.com\/index.php\/urunler\/pompalar\/monoblok-tip-pompalar\/havuz-pompalari-2\/#primaryimage\"},\"image\":{\"@id\":\"https:\/\/tamsanmotor.com\/index.php\/urunler\/pompalar\/monoblok-tip-pompalar\/havuz-pompalari-2\/#primaryimage\"},\"thumbnailUrl\":\"https:\/\/mlnbhdmb5shf.i.optimole.com\/w:auto\/h:auto\/q:mauto\/f:best\/http:\/\/tamsanmotor.com\/wp-content\/uploads\/2019\/03\/havuz-pompasi-2.jpg\",\"datePublished\":\"2019-03-17T22:14:18+00:00\",\"dateModified\":\"2019-03-17T22:45:51+00:00\",\"breadcrumb\":{\"@id\":\"https:\/\/tamsanmotor.com\/index.php\/urunler\/pompalar\/monoblok-tip-pompalar\/havuz-pompalari-2\/#breadcrumb\"},\"inLanguage\":\"tr\",\"potentialAction\":[{\"@type\":\"ReadAction\",\"target\":[\"https:\/\/tamsanmotor.com\/index.php\/urunler\/pompalar\/monoblok-tip-pompalar\/havuz-pompalari-2\/\"]}]},{\"@type\":\"ImageObject\",\"inLanguage\":\"tr\",\"@id\":\"https:\/\/tamsanmotor.com\/index.php\/urunler\/pompalar\/monoblok-tip-pompalar\/havuz-pompalari-2\/#primaryimage\",\"url\":\"https:\/\/mlnbhdmb5shf.i.optimole.com\/w:auto\/h:auto\/q:mauto\/f:best\/https:\/\/tamsanmotor.com\/wp-content\/uploads\/2019\/03\/havuz-pompasi-2.jpg\",\"contentUrl\":\"https:\/\/mlnbhdmb5shf.i.optimole.com\/w:auto\/h:auto\/q:mauto\/f:best\/https:\/\/tamsanmotor.com\/wp-content\/uploads\/2019\/03\/havuz-pompasi-2.jpg\",\"width\":720,\"height\":678},{\"@type\":\"BreadcrumbList\",\"@id\":\"https:\/\/tamsanmotor.com\/index.php\/urunler\/pompalar\/monoblok-tip-pompalar\/havuz-pompalari-2\/#breadcrumb\",\"itemListElement\":[{\"@type\":\"ListItem\",\"position\":1,\"name\":\"Ana sayfa\",\"item\":\"https:\/\/tamsanmotor.com\/\"},{\"@type\":\"ListItem\",\"position\":2,\"name\":\"\u00dcr\u00fcnler\",\"item\":\"https:\/\/tamsanmotor.com\/index.php\/urunler\/\"},{\"@type\":\"ListItem\",\"position\":3,\"name\":\"Pompalar\",\"item\":\"https:\/\/tamsanmotor.com\/index.php\/urunler\/pompalar\/\"},{\"@type\":\"ListItem\",\"position\":4,\"name\":\"Monoblok Tip Pompalar\",\"item\":\"https:\/\/tamsanmotor.com\/index.php\/urunler\/pompalar\/monoblok-tip-pompalar\/\"},{\"@type\":\"ListItem\",\"position\":5,\"name\":\"Havuz Pompalar\u0131\"}]},{\"@type\":\"WebSite\",\"@id\":\"https:\/\/tamsanmotor.com\/#website\",\"url\":\"https:\/\/tamsanmotor.com\/\",\"name\":\"Tamsan Elektrik Motor\",\"description\":\"\",\"publisher\":{\"@id\":\"https:\/\/tamsanmotor.com\/#organization\"},\"potentialAction\":[{\"@type\":\"SearchAction\",\"target\":{\"@type\":\"EntryPoint\",\"urlTemplate\":\"https:\/\/tamsanmotor.com\/?s={search_term_string}\"},\"query-input\":{\"@type\":\"PropertyValueSpecification\",\"valueRequired\":true,\"valueName\":\"search_term_string\"}}],\"inLanguage\":\"tr\"},{\"@type\":\"Organization\",\"@id\":\"https:\/\/tamsanmotor.com\/#organization\",\"name\":\"Tamsan Elektrik Motor San. ve Tic. Ltd. \u015eti.\",\"url\":\"https:\/\/tamsanmotor.com\/\",\"logo\":{\"@type\":\"ImageObject\",\"inLanguage\":\"tr\",\"@id\":\"https:\/\/tamsanmotor.com\/#\/schema\/logo\/image\/\",\"url\":\"https:\/\/mlnbhdmb5shf.i.optimole.com\/w:auto\/h:auto\/q:mauto\/f:best\/https:\/\/tamsanmotor.com\/wp-content\/uploads\/2019\/11\/TAMSAN-logo.jpg\",\"contentUrl\":\"https:\/\/mlnbhdmb5shf.i.optimole.com\/w:auto\/h:auto\/q:mauto\/f:best\/https:\/\/tamsanmotor.com\/wp-content\/uploads\/2019\/11\/TAMSAN-logo.jpg\",\"width\":1388,\"height\":292,\"caption\":\"Tamsan Elektrik Motor San. ve Tic. Ltd. \u015eti.\"},\"image\":{\"@id\":\"https:\/\/tamsanmotor.com\/#\/schema\/logo\/image\/\"}}]}<\/script>\n<!-- \/ Yoast SEO plugin. -->","yoast_head_json":{"title":"Havuz Pompalar\u0131 - Tamsan Motor","robots":{"index":"index","follow":"follow","max-snippet":"max-snippet:-1","max-image-preview":"max-image-preview:large","max-video-preview":"max-video-preview:-1"},"canonical":"https:\/\/tamsanmotor.com\/index.php\/urunler\/pompalar\/monoblok-tip-pompalar\/havuz-pompalari-2\/","og_locale":"tr_TR","og_type":"article","og_title":"Havuz Pompalar\u0131 - Tamsan Motor","og_description":"Sumak pompa olarak t\u00fcm aksam\u0131n\u0131 yerli olarak \u00fcretti\u011fimiz Havuz Pompalar\u0131n\u0131n 1.2, 1.5, 2.0, 3.0 HP trifaze ve monofaze olarak seri imalat\u0131na ba\u015flad\u0131k, 24 saat \u00e7al\u0131\u015fmaya uygun havuzlar\u0131n devir daimi i\u00e7in verimli \u00e7al\u0131\u015fma esas\u0131na g\u00f6re imal edilmi\u015f olan havuz pompalar\u0131 y\u00fcksek verimli \u0131s\u0131 ve rutubetli ortama uygun motor kendinden emi\u015fli filtresi kolay temizlenen sumak havuz pompas\u0131 [&hellip;]","og_url":"https:\/\/tamsanmotor.com\/index.php\/urunler\/pompalar\/monoblok-tip-pompalar\/havuz-pompalari-2\/","og_site_name":"Tamsan Motor","article_modified_time":"2019-03-17T22:45:51+00:00","og_image":[{"url":"https:\/\/mlnbhdmb5shf.i.optimole.com\/w:auto\/h:auto\/q:mauto\/f:best\/http:\/\/tamsanmotor.com\/wp-content\/uploads\/2019\/03\/havuz-pompasi-2.jpg","type":"","width":"","height":""}],"twitter_card":"summary_large_image","twitter_misc":{"Tahmini okuma s\u00fcresi":"1 dakika"},"schema":{"@context":"https:\/\/schema.org","@graph":[{"@type":"WebPage","@id":"https:\/\/tamsanmotor.com\/index.php\/urunler\/pompalar\/monoblok-tip-pompalar\/havuz-pompalari-2\/","url":"https:\/\/tamsanmotor.com\/index.php\/urunler\/pompalar\/monoblok-tip-pompalar\/havuz-pompalari-2\/","name":"Havuz Pompalar\u0131 - Tamsan Motor","isPartOf":{"@id":"https:\/\/tamsanmotor.com\/#website"},"primaryImageOfPage":{"@id":"https:\/\/tamsanmotor.com\/index.php\/urunler\/pompalar\/monoblok-tip-pompalar\/havuz-pompalari-2\/#primaryimage"},"image":{"@id":"https:\/\/tamsanmotor.com\/index.php\/urunler\/pompalar\/monoblok-tip-pompalar\/havuz-pompalari-2\/#primaryimage"},"thumbnailUrl":"https:\/\/mlnbhdmb5shf.i.optimole.com\/w:auto\/h:auto\/q:mauto\/f:best\/http:\/\/tamsanmotor.com\/wp-content\/uploads\/2019\/03\/havuz-pompasi-2.jpg","datePublished":"2019-03-17T22:14:18+00:00","dateModified":"2019-03-17T22:45:51+00:00","breadcrumb":{"@id":"https:\/\/tamsanmotor.com\/index.php\/urunler\/pompalar\/monoblok-tip-pompalar\/havuz-pompalari-2\/#breadcrumb"},"inLanguage":"tr","potentialAction":[{"@type":"ReadAction","target":["https:\/\/tamsanmotor.com\/index.php\/urunler\/pompalar\/monoblok-tip-pompalar\/havuz-pompalari-2\/"]}]},{"@type":"ImageObject","inLanguage":"tr","@id":"https:\/\/tamsanmotor.com\/index.php\/urunler\/pompalar\/monoblok-tip-pompalar\/havuz-pompalari-2\/#primaryimage","url":"https:\/\/mlnbhdmb5shf.i.optimole.com\/w:auto\/h:auto\/q:mauto\/f:best\/https:\/\/tamsanmotor.com\/wp-content\/uploads\/2019\/03\/havuz-pompasi-2.jpg","contentUrl":"https:\/\/mlnbhdmb5shf.i.optimole.com\/w:auto\/h:auto\/q:mauto\/f:best\/https:\/\/tamsanmotor.com\/wp-content\/uploads\/2019\/03\/havuz-pompasi-2.jpg","width":720,"height":678},{"@type":"BreadcrumbList","@id":"https:\/\/tamsanmotor.com\/index.php\/urunler\/pompalar\/monoblok-tip-pompalar\/havuz-pompalari-2\/#breadcrumb","itemListElement":[{"@type":"ListItem","position":1,"name":"Ana sayfa","item":"https:\/\/tamsanmotor.com\/"},{"@type":"ListItem","position":2,"name":"\u00dcr\u00fcnler","item":"https:\/\/tamsanmotor.com\/index.php\/urunler\/"},{"@type":"ListItem","position":3,"name":"Pompalar","item":"https:\/\/tamsanmotor.com\/index.php\/urunler\/pompalar\/"},{"@type":"ListItem","position":4,"name":"Monoblok Tip Pompalar","item":"https:\/\/tamsanmotor.com\/index.php\/urunler\/pompalar\/monoblok-tip-pompalar\/"},{"@type":"ListItem","position":5,"name":"Havuz Pompalar\u0131"}]},{"@type":"WebSite","@id":"https:\/\/tamsanmotor.com\/#website","url":"https:\/\/tamsanmotor.com\/","name":"Tamsan Elektrik Motor","description":"","publisher":{"@id":"https:\/\/tamsanmotor.com\/#organization"},"potentialAction":[{"@type":"SearchAction","target":{"@type":"EntryPoint","urlTemplate":"https:\/\/tamsanmotor.com\/?s={search_term_string}"},"query-input":{"@type":"PropertyValueSpecification","valueRequired":true,"valueName":"search_term_string"}}],"inLanguage":"tr"},{"@type":"Organization","@id":"https:\/\/tamsanmotor.com\/#organization","name":"Tamsan Elektrik Motor San. ve Tic. Ltd. \u015eti.","url":"https:\/\/tamsanmotor.com\/","logo":{"@type":"ImageObject","inLanguage":"tr","@id":"https:\/\/tamsanmotor.com\/#\/schema\/logo\/image\/","url":"https:\/\/mlnbhdmb5shf.i.optimole.com\/w:auto\/h:auto\/q:mauto\/f:best\/https:\/\/tamsanmotor.com\/wp-content\/uploads\/2019\/11\/TAMSAN-logo.jpg","contentUrl":"https:\/\/mlnbhdmb5shf.i.optimole.com\/w:auto\/h:auto\/q:mauto\/f:best\/https:\/\/tamsanmotor.com\/wp-content\/uploads\/2019\/11\/TAMSAN-logo.jpg","width":1388,"height":292,"caption":"Tamsan Elektrik Motor San. ve Tic. Ltd. \u015eti."},"image":{"@id":"https:\/\/tamsanmotor.com\/#\/schema\/logo\/image\/"}}]}},"_links":{"self":[{"href":"https:\/\/tamsanmotor.com\/index.php\/wp-json\/wp\/v2\/pages\/1565","targetHints":{"allow":["GET"]}}],"collection":[{"href":"https:\/\/tamsanmotor.com\/index.php\/wp-json\/wp\/v2\/pages"}],"about":[{"href":"https:\/\/tamsanmotor.com\/index.php\/wp-json\/wp\/v2\/types\/page"}],"author":[{"embeddable":true,"href":"https:\/\/tamsanmotor.com\/index.php\/wp-json\/wp\/v2\/users\/1"}],"replies":[{"embeddable":true,"href":"https:\/\/tamsanmotor.com\/index.php\/wp-json\/wp\/v2\/comments?post=1565"}],"version-history":[{"count":0,"href":"https:\/\/tamsanmotor.com\/index.php\/wp-json\/wp\/v2\/pages\/1565\/revisions"}],"up":[{"embeddable":true,"href":"https:\/\/tamsanmotor.com\/index.php\/wp-json\/wp\/v2\/pages\/798"}],"wp:attachment":[{"href":"https:\/\/tamsanmotor.com\/index.php\/wp-json\/wp\/v2\/media?parent=1565"}],"wp:term":[{"taxonomy":"wf_page_folders","embeddable":true,"href":"https:\/\/tamsanmotor.com\/index.php\/wp-json\/wp\/v2\/wf_page_folders?post=1565"}],"curies":[{"name":"wp","href":"https:\/\/api.w.org\/{rel}","templated":true}]}}