{"id":1606,"date":"2019-03-19T16:16:12","date_gmt":"2019-03-19T13:16:12","guid":{"rendered":"http:\/\/tamsanmotor.com\/?page_id=1606"},"modified":"2019-03-19T16:39:16","modified_gmt":"2019-03-19T13:39:16","slug":"paslanmaz-cok-kademeli-pompalar","status":"publish","type":"page","link":"https:\/\/tamsanmotor.com\/index.php\/urunler\/pompalar\/paslanmaz-pompalar\/paslanmaz-cok-kademeli-pompalar\/","title":{"rendered":"Paslanmaz \u00c7ok Kademeli Pompalar"},"content":{"rendered":"\t\t<div data-elementor-type=\"wp-post\" data-elementor-id=\"1606\" class=\"elementor elementor-1606\">\n\t\t\t\t\t\t<section class=\"elementor-section elementor-top-section elementor-element elementor-element-32ac6e8 elementor-section-boxed elementor-section-height-default elementor-section-height-default\" data-id=\"32ac6e8\" data-element_type=\"section\">\n\t\t\t\t\t\t<div class=\"elementor-container elementor-column-gap-default\">\n\t\t\t\t\t<div class=\"elementor-column elementor-col-100 elementor-top-column elementor-element elementor-element-1bb5073\" data-id=\"1bb5073\" data-element_type=\"column\">\n\t\t\t<div class=\"elementor-widget-wrap elementor-element-populated\">\n\t\t\t\t\t\t<div class=\"elementor-element elementor-element-a90d371 elementor-widget elementor-widget-heading\" data-id=\"a90d371\" data-element_type=\"widget\" data-widget_type=\"heading.default\">\n\t\t\t\t\t<h3 class=\"elementor-heading-title elementor-size-default\">Paslanmaz g\u00f6vdeli pompalar\u0131n tasarlanarak \u00fcretilmesi ile hijyenik ortamlarda ve i\u00e7me sular\u0131nda hidrofor ama\u00e7l\u0131 kullan\u0131lmas\u0131 ihtiya\u00e7 haline gelen paslanmaz pompalar\u0131n AR-GE \u00e7al\u0131\u015fmalar\u0131 tamamlanarak \u00e7ok kademeli paslanmaz pompalar\u0131n \u00fcretimine ba\u015flanm\u0131\u015ft\u0131r.<br>\nPaslanmaz g\u00f6vdeli, \u00e7ok kademeli pompalar\u0131m\u0131z, maksimum 55 m y\u00fcksekli\u011fe kadar bas\u0131n\u00e7l\u0131 su temininde, hijyenik ortamlarda, benzin istasyonlar\u0131nda, sosyal tesislerde, in\u015faatlarda temiz su temininde bah\u00e7e sulamalar\u0131nda ve 7 kat 14 daireye kadar hidrofor ama\u00e7l\u0131 sistemlerde kullan\u0131ma uygun olarak \u00fcretilmi\u015ftir.<\/h3>\t\t\t\t<\/div>\n\t\t\t\t\t<\/div>\n\t\t<\/div>\n\t\t\t\t\t<\/div>\n\t\t<\/section>\n\t\t\t\t<section class=\"elementor-section elementor-top-section elementor-element elementor-element-12870a1 elementor-section-boxed elementor-section-height-default elementor-section-height-default\" data-id=\"12870a1\" data-element_type=\"section\">\n\t\t\t\t\t\t<div class=\"elementor-container elementor-column-gap-default\">\n\t\t\t\t\t<div class=\"elementor-column elementor-col-100 elementor-top-column elementor-element elementor-element-56f24cf\" data-id=\"56f24cf\" data-element_type=\"column\">\n\t\t\t<div class=\"elementor-widget-wrap elementor-element-populated\">\n\t\t\t\t\t\t<div class=\"elementor-element elementor-element-346264c elementor-widget elementor-widget-image\" data-id=\"346264c\" data-element_type=\"widget\" data-widget_type=\"image.default\">\n\t\t\t\t\t\t\t\t\t\t\t\t\t\t\t<img data-opt-id=663266683  fetchpriority=\"high\" decoding=\"async\" width=\"740\" height=\"740\" src=\"https:\/\/mlnbhdmb5shf.i.optimole.com\/w:740\/h:740\/q:mauto\/f:best\/https:\/\/tamsanmotor.com\/wp-content\/uploads\/2019\/03\/Paslanmaz-Kademeli-Pompalar_1.jpg\" class=\"attachment-large size-large wp-image-1628\" alt=\"\" \/>\t\t\t\t\t\t\t\t\t\t\t\t\t\t\t<\/div>\n\t\t\t\t\t<\/div>\n\t\t<\/div>\n\t\t\t\t\t<\/div>\n\t\t<\/section>\n\t\t\t\t<\/div>\n\t\t","protected":false},"excerpt":{"rendered":"<p>Paslanmaz g\u00f6vdeli pompalar\u0131n tasarlanarak \u00fcretilmesi ile hijyenik ortamlarda ve i\u00e7me sular\u0131nda hidrofor ama\u00e7l\u0131 kullan\u0131lmas\u0131 ihtiya\u00e7 haline gelen paslanmaz pompalar\u0131n AR-GE \u00e7al\u0131\u015fmalar\u0131 tamamlanarak \u00e7ok kademeli paslanmaz pompalar\u0131n \u00fcretimine ba\u015flanm\u0131\u015ft\u0131r. Paslanmaz g\u00f6vdeli, \u00e7ok kademeli pompalar\u0131m\u0131z, maksimum 55 m y\u00fcksekli\u011fe kadar bas\u0131n\u00e7l\u0131 su temininde, hijyenik ortamlarda, benzin istasyonlar\u0131nda, sosyal tesislerde, in\u015faatlarda temiz su temininde bah\u00e7e sulamalar\u0131nda ve 7 [&hellip;]<\/p>\n","protected":false},"author":1,"featured_media":0,"parent":800,"menu_order":0,"comment_status":"closed","ping_status":"closed","template":"","meta":{"footnotes":""},"wf_page_folders":[],"class_list":["post-1606","page","type-page","status-publish","hentry"],"yoast_head":"<!-- This site is optimized with the Yoast SEO plugin v24.8.1 - https:\/\/yoast.com\/wordpress\/plugins\/seo\/ -->\n<title>Paslanmaz \u00c7ok Kademeli Pompalar - Tamsan Motor<\/title>\n<meta name=\"robots\" content=\"index, follow, max-snippet:-1, max-image-preview:large, max-video-preview:-1\" \/>\n<link rel=\"canonical\" href=\"https:\/\/tamsanmotor.com\/index.php\/urunler\/pompalar\/paslanmaz-pompalar\/paslanmaz-cok-kademeli-pompalar\/\" \/>\n<meta property=\"og:locale\" content=\"tr_TR\" \/>\n<meta property=\"og:type\" content=\"article\" \/>\n<meta property=\"og:title\" content=\"Paslanmaz \u00c7ok Kademeli Pompalar - Tamsan Motor\" \/>\n<meta property=\"og:description\" content=\"Paslanmaz g\u00f6vdeli pompalar\u0131n tasarlanarak \u00fcretilmesi ile hijyenik ortamlarda ve i\u00e7me sular\u0131nda hidrofor ama\u00e7l\u0131 kullan\u0131lmas\u0131 ihtiya\u00e7 haline gelen paslanmaz pompalar\u0131n AR-GE \u00e7al\u0131\u015fmalar\u0131 tamamlanarak \u00e7ok kademeli paslanmaz pompalar\u0131n \u00fcretimine ba\u015flanm\u0131\u015ft\u0131r. Paslanmaz g\u00f6vdeli, \u00e7ok kademeli pompalar\u0131m\u0131z, maksimum 55 m y\u00fcksekli\u011fe kadar bas\u0131n\u00e7l\u0131 su temininde, hijyenik ortamlarda, benzin istasyonlar\u0131nda, sosyal tesislerde, in\u015faatlarda temiz su temininde bah\u00e7e sulamalar\u0131nda ve 7 [&hellip;]\" \/>\n<meta property=\"og:url\" content=\"https:\/\/tamsanmotor.com\/index.php\/urunler\/pompalar\/paslanmaz-pompalar\/paslanmaz-cok-kademeli-pompalar\/\" \/>\n<meta property=\"og:site_name\" content=\"Tamsan Motor\" \/>\n<meta property=\"article:modified_time\" content=\"2019-03-19T13:39:16+00:00\" \/>\n<meta property=\"og:image\" content=\"https:\/\/mlnbhdmb5shf.i.optimole.com\/w:auto\/h:auto\/q:mauto\/f:best\/http:\/\/tamsanmotor.com\/wp-content\/uploads\/2019\/03\/Paslanmaz-Kademeli-Pompalar_1.jpg\" \/>\n<meta name=\"twitter:card\" content=\"summary_large_image\" \/>\n<script type=\"application\/ld+json\" class=\"yoast-schema-graph\">{\"@context\":\"https:\/\/schema.org\",\"@graph\":[{\"@type\":\"WebPage\",\"@id\":\"https:\/\/tamsanmotor.com\/index.php\/urunler\/pompalar\/paslanmaz-pompalar\/paslanmaz-cok-kademeli-pompalar\/\",\"url\":\"https:\/\/tamsanmotor.com\/index.php\/urunler\/pompalar\/paslanmaz-pompalar\/paslanmaz-cok-kademeli-pompalar\/\",\"name\":\"Paslanmaz \u00c7ok Kademeli Pompalar - Tamsan Motor\",\"isPartOf\":{\"@id\":\"https:\/\/tamsanmotor.com\/#website\"},\"primaryImageOfPage\":{\"@id\":\"https:\/\/tamsanmotor.com\/index.php\/urunler\/pompalar\/paslanmaz-pompalar\/paslanmaz-cok-kademeli-pompalar\/#primaryimage\"},\"image\":{\"@id\":\"https:\/\/tamsanmotor.com\/index.php\/urunler\/pompalar\/paslanmaz-pompalar\/paslanmaz-cok-kademeli-pompalar\/#primaryimage\"},\"thumbnailUrl\":\"https:\/\/mlnbhdmb5shf.i.optimole.com\/w:auto\/h:auto\/q:mauto\/f:best\/http:\/\/tamsanmotor.com\/wp-content\/uploads\/2019\/03\/Paslanmaz-Kademeli-Pompalar_1.jpg\",\"datePublished\":\"2019-03-19T13:16:12+00:00\",\"dateModified\":\"2019-03-19T13:39:16+00:00\",\"breadcrumb\":{\"@id\":\"https:\/\/tamsanmotor.com\/index.php\/urunler\/pompalar\/paslanmaz-pompalar\/paslanmaz-cok-kademeli-pompalar\/#breadcrumb\"},\"inLanguage\":\"tr\",\"potentialAction\":[{\"@type\":\"ReadAction\",\"target\":[\"https:\/\/tamsanmotor.com\/index.php\/urunler\/pompalar\/paslanmaz-pompalar\/paslanmaz-cok-kademeli-pompalar\/\"]}]},{\"@type\":\"ImageObject\",\"inLanguage\":\"tr\",\"@id\":\"https:\/\/tamsanmotor.com\/index.php\/urunler\/pompalar\/paslanmaz-pompalar\/paslanmaz-cok-kademeli-pompalar\/#primaryimage\",\"url\":\"https:\/\/mlnbhdmb5shf.i.optimole.com\/w:auto\/h:auto\/q:mauto\/f:best\/https:\/\/tamsanmotor.com\/wp-content\/uploads\/2019\/03\/Paslanmaz-Kademeli-Pompalar_1.jpg\",\"contentUrl\":\"https:\/\/mlnbhdmb5shf.i.optimole.com\/w:auto\/h:auto\/q:mauto\/f:best\/https:\/\/tamsanmotor.com\/wp-content\/uploads\/2019\/03\/Paslanmaz-Kademeli-Pompalar_1.jpg\",\"width\":740,\"height\":841},{\"@type\":\"BreadcrumbList\",\"@id\":\"https:\/\/tamsanmotor.com\/index.php\/urunler\/pompalar\/paslanmaz-pompalar\/paslanmaz-cok-kademeli-pompalar\/#breadcrumb\",\"itemListElement\":[{\"@type\":\"ListItem\",\"position\":1,\"name\":\"Ana sayfa\",\"item\":\"https:\/\/tamsanmotor.com\/\"},{\"@type\":\"ListItem\",\"position\":2,\"name\":\"\u00dcr\u00fcnler\",\"item\":\"https:\/\/tamsanmotor.com\/index.php\/urunler\/\"},{\"@type\":\"ListItem\",\"position\":3,\"name\":\"Pompalar\",\"item\":\"https:\/\/tamsanmotor.com\/index.php\/urunler\/pompalar\/\"},{\"@type\":\"ListItem\",\"position\":4,\"name\":\"Paslanmaz Pompalar\",\"item\":\"https:\/\/tamsanmotor.com\/index.php\/urunler\/pompalar\/paslanmaz-pompalar\/\"},{\"@type\":\"ListItem\",\"position\":5,\"name\":\"Paslanmaz \u00c7ok Kademeli Pompalar\"}]},{\"@type\":\"WebSite\",\"@id\":\"https:\/\/tamsanmotor.com\/#website\",\"url\":\"https:\/\/tamsanmotor.com\/\",\"name\":\"Tamsan Elektrik Motor\",\"description\":\"\",\"publisher\":{\"@id\":\"https:\/\/tamsanmotor.com\/#organization\"},\"potentialAction\":[{\"@type\":\"SearchAction\",\"target\":{\"@type\":\"EntryPoint\",\"urlTemplate\":\"https:\/\/tamsanmotor.com\/?s={search_term_string}\"},\"query-input\":{\"@type\":\"PropertyValueSpecification\",\"valueRequired\":true,\"valueName\":\"search_term_string\"}}],\"inLanguage\":\"tr\"},{\"@type\":\"Organization\",\"@id\":\"https:\/\/tamsanmotor.com\/#organization\",\"name\":\"Tamsan Elektrik Motor San. ve Tic. Ltd. \u015eti.\",\"url\":\"https:\/\/tamsanmotor.com\/\",\"logo\":{\"@type\":\"ImageObject\",\"inLanguage\":\"tr\",\"@id\":\"https:\/\/tamsanmotor.com\/#\/schema\/logo\/image\/\",\"url\":\"https:\/\/mlnbhdmb5shf.i.optimole.com\/w:auto\/h:auto\/q:mauto\/f:best\/https:\/\/tamsanmotor.com\/wp-content\/uploads\/2019\/11\/TAMSAN-logo.jpg\",\"contentUrl\":\"https:\/\/mlnbhdmb5shf.i.optimole.com\/w:auto\/h:auto\/q:mauto\/f:best\/https:\/\/tamsanmotor.com\/wp-content\/uploads\/2019\/11\/TAMSAN-logo.jpg\",\"width\":1388,\"height\":292,\"caption\":\"Tamsan Elektrik Motor San. ve Tic. Ltd. \u015eti.\"},\"image\":{\"@id\":\"https:\/\/tamsanmotor.com\/#\/schema\/logo\/image\/\"}}]}<\/script>\n<!-- \/ Yoast SEO plugin. -->","yoast_head_json":{"title":"Paslanmaz \u00c7ok Kademeli Pompalar - Tamsan Motor","robots":{"index":"index","follow":"follow","max-snippet":"max-snippet:-1","max-image-preview":"max-image-preview:large","max-video-preview":"max-video-preview:-1"},"canonical":"https:\/\/tamsanmotor.com\/index.php\/urunler\/pompalar\/paslanmaz-pompalar\/paslanmaz-cok-kademeli-pompalar\/","og_locale":"tr_TR","og_type":"article","og_title":"Paslanmaz \u00c7ok Kademeli Pompalar - Tamsan Motor","og_description":"Paslanmaz g\u00f6vdeli pompalar\u0131n tasarlanarak \u00fcretilmesi ile hijyenik ortamlarda ve i\u00e7me sular\u0131nda hidrofor ama\u00e7l\u0131 kullan\u0131lmas\u0131 ihtiya\u00e7 haline gelen paslanmaz pompalar\u0131n AR-GE \u00e7al\u0131\u015fmalar\u0131 tamamlanarak \u00e7ok kademeli paslanmaz pompalar\u0131n \u00fcretimine ba\u015flanm\u0131\u015ft\u0131r. Paslanmaz g\u00f6vdeli, \u00e7ok kademeli pompalar\u0131m\u0131z, maksimum 55 m y\u00fcksekli\u011fe kadar bas\u0131n\u00e7l\u0131 su temininde, hijyenik ortamlarda, benzin istasyonlar\u0131nda, sosyal tesislerde, in\u015faatlarda temiz su temininde bah\u00e7e sulamalar\u0131nda ve 7 [&hellip;]","og_url":"https:\/\/tamsanmotor.com\/index.php\/urunler\/pompalar\/paslanmaz-pompalar\/paslanmaz-cok-kademeli-pompalar\/","og_site_name":"Tamsan Motor","article_modified_time":"2019-03-19T13:39:16+00:00","og_image":[{"url":"https:\/\/mlnbhdmb5shf.i.optimole.com\/w:auto\/h:auto\/q:mauto\/f:best\/http:\/\/tamsanmotor.com\/wp-content\/uploads\/2019\/03\/Paslanmaz-Kademeli-Pompalar_1.jpg","type":"","width":"","height":""}],"twitter_card":"summary_large_image","schema":{"@context":"https:\/\/schema.org","@graph":[{"@type":"WebPage","@id":"https:\/\/tamsanmotor.com\/index.php\/urunler\/pompalar\/paslanmaz-pompalar\/paslanmaz-cok-kademeli-pompalar\/","url":"https:\/\/tamsanmotor.com\/index.php\/urunler\/pompalar\/paslanmaz-pompalar\/paslanmaz-cok-kademeli-pompalar\/","name":"Paslanmaz \u00c7ok Kademeli Pompalar - Tamsan Motor","isPartOf":{"@id":"https:\/\/tamsanmotor.com\/#website"},"primaryImageOfPage":{"@id":"https:\/\/tamsanmotor.com\/index.php\/urunler\/pompalar\/paslanmaz-pompalar\/paslanmaz-cok-kademeli-pompalar\/#primaryimage"},"image":{"@id":"https:\/\/tamsanmotor.com\/index.php\/urunler\/pompalar\/paslanmaz-pompalar\/paslanmaz-cok-kademeli-pompalar\/#primaryimage"},"thumbnailUrl":"https:\/\/mlnbhdmb5shf.i.optimole.com\/w:auto\/h:auto\/q:mauto\/f:best\/http:\/\/tamsanmotor.com\/wp-content\/uploads\/2019\/03\/Paslanmaz-Kademeli-Pompalar_1.jpg","datePublished":"2019-03-19T13:16:12+00:00","dateModified":"2019-03-19T13:39:16+00:00","breadcrumb":{"@id":"https:\/\/tamsanmotor.com\/index.php\/urunler\/pompalar\/paslanmaz-pompalar\/paslanmaz-cok-kademeli-pompalar\/#breadcrumb"},"inLanguage":"tr","potentialAction":[{"@type":"ReadAction","target":["https:\/\/tamsanmotor.com\/index.php\/urunler\/pompalar\/paslanmaz-pompalar\/paslanmaz-cok-kademeli-pompalar\/"]}]},{"@type":"ImageObject","inLanguage":"tr","@id":"https:\/\/tamsanmotor.com\/index.php\/urunler\/pompalar\/paslanmaz-pompalar\/paslanmaz-cok-kademeli-pompalar\/#primaryimage","url":"https:\/\/mlnbhdmb5shf.i.optimole.com\/w:auto\/h:auto\/q:mauto\/f:best\/https:\/\/tamsanmotor.com\/wp-content\/uploads\/2019\/03\/Paslanmaz-Kademeli-Pompalar_1.jpg","contentUrl":"https:\/\/mlnbhdmb5shf.i.optimole.com\/w:auto\/h:auto\/q:mauto\/f:best\/https:\/\/tamsanmotor.com\/wp-content\/uploads\/2019\/03\/Paslanmaz-Kademeli-Pompalar_1.jpg","width":740,"height":841},{"@type":"BreadcrumbList","@id":"https:\/\/tamsanmotor.com\/index.php\/urunler\/pompalar\/paslanmaz-pompalar\/paslanmaz-cok-kademeli-pompalar\/#breadcrumb","itemListElement":[{"@type":"ListItem","position":1,"name":"Ana sayfa","item":"https:\/\/tamsanmotor.com\/"},{"@type":"ListItem","position":2,"name":"\u00dcr\u00fcnler","item":"https:\/\/tamsanmotor.com\/index.php\/urunler\/"},{"@type":"ListItem","position":3,"name":"Pompalar","item":"https:\/\/tamsanmotor.com\/index.php\/urunler\/pompalar\/"},{"@type":"ListItem","position":4,"name":"Paslanmaz Pompalar","item":"https:\/\/tamsanmotor.com\/index.php\/urunler\/pompalar\/paslanmaz-pompalar\/"},{"@type":"ListItem","position":5,"name":"Paslanmaz \u00c7ok Kademeli Pompalar"}]},{"@type":"WebSite","@id":"https:\/\/tamsanmotor.com\/#website","url":"https:\/\/tamsanmotor.com\/","name":"Tamsan Elektrik Motor","description":"","publisher":{"@id":"https:\/\/tamsanmotor.com\/#organization"},"potentialAction":[{"@type":"SearchAction","target":{"@type":"EntryPoint","urlTemplate":"https:\/\/tamsanmotor.com\/?s={search_term_string}"},"query-input":{"@type":"PropertyValueSpecification","valueRequired":true,"valueName":"search_term_string"}}],"inLanguage":"tr"},{"@type":"Organization","@id":"https:\/\/tamsanmotor.com\/#organization","name":"Tamsan Elektrik Motor San. ve Tic. Ltd. \u015eti.","url":"https:\/\/tamsanmotor.com\/","logo":{"@type":"ImageObject","inLanguage":"tr","@id":"https:\/\/tamsanmotor.com\/#\/schema\/logo\/image\/","url":"https:\/\/mlnbhdmb5shf.i.optimole.com\/w:auto\/h:auto\/q:mauto\/f:best\/https:\/\/tamsanmotor.com\/wp-content\/uploads\/2019\/11\/TAMSAN-logo.jpg","contentUrl":"https:\/\/mlnbhdmb5shf.i.optimole.com\/w:auto\/h:auto\/q:mauto\/f:best\/https:\/\/tamsanmotor.com\/wp-content\/uploads\/2019\/11\/TAMSAN-logo.jpg","width":1388,"height":292,"caption":"Tamsan Elektrik Motor San. ve Tic. Ltd. \u015eti."},"image":{"@id":"https:\/\/tamsanmotor.com\/#\/schema\/logo\/image\/"}}]}},"_links":{"self":[{"href":"https:\/\/tamsanmotor.com\/index.php\/wp-json\/wp\/v2\/pages\/1606","targetHints":{"allow":["GET"]}}],"collection":[{"href":"https:\/\/tamsanmotor.com\/index.php\/wp-json\/wp\/v2\/pages"}],"about":[{"href":"https:\/\/tamsanmotor.com\/index.php\/wp-json\/wp\/v2\/types\/page"}],"author":[{"embeddable":true,"href":"https:\/\/tamsanmotor.com\/index.php\/wp-json\/wp\/v2\/users\/1"}],"replies":[{"embeddable":true,"href":"https:\/\/tamsanmotor.com\/index.php\/wp-json\/wp\/v2\/comments?post=1606"}],"version-history":[{"count":0,"href":"https:\/\/tamsanmotor.com\/index.php\/wp-json\/wp\/v2\/pages\/1606\/revisions"}],"up":[{"embeddable":true,"href":"https:\/\/tamsanmotor.com\/index.php\/wp-json\/wp\/v2\/pages\/800"}],"wp:attachment":[{"href":"https:\/\/tamsanmotor.com\/index.php\/wp-json\/wp\/v2\/media?parent=1606"}],"wp:term":[{"taxonomy":"wf_page_folders","embeddable":true,"href":"https:\/\/tamsanmotor.com\/index.php\/wp-json\/wp\/v2\/wf_page_folders?post=1606"}],"curies":[{"name":"wp","href":"https:\/\/api.w.org\/{rel}","templated":true}]}}