{"id":1609,"date":"2019-03-19T16:16:36","date_gmt":"2019-03-19T13:16:36","guid":{"rendered":"http:\/\/tamsanmotor.com\/?page_id=1609"},"modified":"2019-03-19T16:46:17","modified_gmt":"2019-03-19T13:46:17","slug":"paslanmaz-ve-bronz-carkli-santrifuj-pompalar-2","status":"publish","type":"page","link":"https:\/\/tamsanmotor.com\/index.php\/urunler\/pompalar\/paslanmaz-pompalar\/paslanmaz-ve-bronz-carkli-santrifuj-pompalar-2\/","title":{"rendered":"Paslanmaz ve Bronz \u00c7arkl\u0131 Santrif\u00fcj Pompalar"},"content":{"rendered":"\t\t<div data-elementor-type=\"wp-post\" data-elementor-id=\"1609\" class=\"elementor elementor-1609\">\n\t\t\t\t\t\t<section class=\"elementor-section elementor-top-section elementor-element elementor-element-9676d32 elementor-section-boxed elementor-section-height-default elementor-section-height-default\" data-id=\"9676d32\" data-element_type=\"section\">\n\t\t\t\t\t\t<div class=\"elementor-container elementor-column-gap-default\">\n\t\t\t\t\t<div class=\"elementor-column elementor-col-100 elementor-top-column elementor-element elementor-element-43ce1ee\" data-id=\"43ce1ee\" data-element_type=\"column\">\n\t\t\t<div class=\"elementor-widget-wrap\">\n\t\t\t\t\t\t\t<\/div>\n\t\t<\/div>\n\t\t\t\t\t<\/div>\n\t\t<\/section>\n\t\t\t\t<section class=\"elementor-section elementor-top-section elementor-element elementor-element-1c7482d elementor-section-boxed elementor-section-height-default elementor-section-height-default\" data-id=\"1c7482d\" data-element_type=\"section\">\n\t\t\t\t\t\t<div class=\"elementor-container elementor-column-gap-default\">\n\t\t\t\t\t<div class=\"elementor-column elementor-col-100 elementor-top-column elementor-element elementor-element-8e3c145\" data-id=\"8e3c145\" data-element_type=\"column\">\n\t\t\t<div class=\"elementor-widget-wrap elementor-element-populated\">\n\t\t\t\t\t\t<div class=\"elementor-element elementor-element-e91bee1 elementor-widget elementor-widget-image\" data-id=\"e91bee1\" data-element_type=\"widget\" data-widget_type=\"image.default\">\n\t\t\t\t\t\t\t\t\t\t\t\t\t\t\t<img data-opt-id=983295022  fetchpriority=\"high\" decoding=\"async\" width=\"740\" height=\"908\" src=\"https:\/\/mlnbhdmb5shf.i.optimole.com\/w:740\/h:908\/q:mauto\/f:best\/https:\/\/tamsanmotor.com\/wp-content\/uploads\/2019\/03\/Paslanmaz-ve-Bronz-Çarklı-Santrifüj-Pompalar_1.jpg\" class=\"attachment-large size-large wp-image-1636\" alt=\"\" srcset=\"https:\/\/mlnbhdmb5shf.i.optimole.com\/w:740\/h:908\/q:mauto\/f:best\/https:\/\/tamsanmotor.com\/wp-content\/uploads\/2019\/03\/Paslanmaz-ve-Bronz-Çarklı-Santrifüj-Pompalar_1.jpg 740w, https:\/\/mlnbhdmb5shf.i.optimole.com\/w:244\/h:300\/q:mauto\/f:best\/https:\/\/tamsanmotor.com\/wp-content\/uploads\/2019\/03\/Paslanmaz-ve-Bronz-\u00c7arkl\u0131-Santrif\u00fcj-Pompalar_1.jpg 244w\" sizes=\"(max-width: 740px) 100vw, 740px\" \/>\t\t\t\t\t\t\t\t\t\t\t\t\t\t\t<\/div>\n\t\t\t\t\t<\/div>\n\t\t<\/div>\n\t\t\t\t\t<\/div>\n\t\t<\/section>\n\t\t\t\t<section class=\"elementor-section elementor-top-section elementor-element elementor-element-46c9239 elementor-section-boxed elementor-section-height-default elementor-section-height-default\" data-id=\"46c9239\" data-element_type=\"section\">\n\t\t\t\t\t\t<div class=\"elementor-container elementor-column-gap-default\">\n\t\t\t\t\t<div class=\"elementor-column elementor-col-100 elementor-top-column elementor-element elementor-element-0d9221d\" data-id=\"0d9221d\" data-element_type=\"column\">\n\t\t\t<div class=\"elementor-widget-wrap elementor-element-populated\">\n\t\t\t\t\t\t<div class=\"elementor-element elementor-element-f086364 elementor-widget elementor-widget-image\" data-id=\"f086364\" data-element_type=\"widget\" data-widget_type=\"image.default\">\n\t\t\t\t\t\t\t\t\t\t\t\t\t\t\t<img data-opt-id=2087939870  fetchpriority=\"high\" decoding=\"async\" width=\"740\" height=\"928\" src=\"https:\/\/mlnbhdmb5shf.i.optimole.com\/w:740\/h:928\/q:mauto\/f:best\/https:\/\/tamsanmotor.com\/wp-content\/uploads\/2019\/03\/Paslanmaz-ve-Bronz-Çarklı-Santrifüj-Pompalar_2.jpg\" class=\"attachment-large size-large wp-image-1637\" alt=\"\" srcset=\"https:\/\/mlnbhdmb5shf.i.optimole.com\/w:740\/h:928\/q:mauto\/f:best\/https:\/\/tamsanmotor.com\/wp-content\/uploads\/2019\/03\/Paslanmaz-ve-Bronz-Çarklı-Santrifüj-Pompalar_2.jpg 740w, https:\/\/mlnbhdmb5shf.i.optimole.com\/w:239\/h:300\/q:mauto\/f:best\/https:\/\/tamsanmotor.com\/wp-content\/uploads\/2019\/03\/Paslanmaz-ve-Bronz-\u00c7arkl\u0131-Santrif\u00fcj-Pompalar_2.jpg 239w\" sizes=\"(max-width: 740px) 100vw, 740px\" \/>\t\t\t\t\t\t\t\t\t\t\t\t\t\t\t<\/div>\n\t\t\t\t\t<\/div>\n\t\t<\/div>\n\t\t\t\t\t<\/div>\n\t\t<\/section>\n\t\t\t\t<section class=\"elementor-section elementor-top-section elementor-element elementor-element-468593b elementor-section-boxed elementor-section-height-default elementor-section-height-default\" data-id=\"468593b\" data-element_type=\"section\">\n\t\t\t\t\t\t<div class=\"elementor-container elementor-column-gap-default\">\n\t\t\t\t\t<div class=\"elementor-column elementor-col-100 elementor-top-column elementor-element elementor-element-dbcf626\" data-id=\"dbcf626\" data-element_type=\"column\">\n\t\t\t<div class=\"elementor-widget-wrap elementor-element-populated\">\n\t\t\t\t\t\t<div class=\"elementor-element elementor-element-f153c97 elementor-widget elementor-widget-image\" data-id=\"f153c97\" data-element_type=\"widget\" data-widget_type=\"image.default\">\n\t\t\t\t\t\t\t\t\t\t\t\t\t\t\t<img data-opt-id=1023969963  fetchpriority=\"high\" decoding=\"async\" width=\"740\" height=\"901\" src=\"https:\/\/mlnbhdmb5shf.i.optimole.com\/w:740\/h:901\/q:mauto\/f:best\/https:\/\/tamsanmotor.com\/wp-content\/uploads\/2019\/03\/Paslanmaz-ve-Bronz-Çarklı-Santrifüj-Pompalar_3.jpg\" class=\"attachment-large size-large wp-image-1638\" alt=\"\" srcset=\"https:\/\/mlnbhdmb5shf.i.optimole.com\/w:740\/h:901\/q:mauto\/f:best\/https:\/\/tamsanmotor.com\/wp-content\/uploads\/2019\/03\/Paslanmaz-ve-Bronz-Çarklı-Santrifüj-Pompalar_3.jpg 740w, https:\/\/mlnbhdmb5shf.i.optimole.com\/w:246\/h:300\/q:mauto\/f:best\/https:\/\/tamsanmotor.com\/wp-content\/uploads\/2019\/03\/Paslanmaz-ve-Bronz-\u00c7arkl\u0131-Santrif\u00fcj-Pompalar_3.jpg 246w\" sizes=\"(max-width: 740px) 100vw, 740px\" \/>\t\t\t\t\t\t\t\t\t\t\t\t\t\t\t<\/div>\n\t\t\t\t\t<\/div>\n\t\t<\/div>\n\t\t\t\t\t<\/div>\n\t\t<\/section>\n\t\t\t\t<\/div>\n\t\t","protected":false},"excerpt":{"rendered":"","protected":false},"author":1,"featured_media":0,"parent":800,"menu_order":0,"comment_status":"closed","ping_status":"closed","template":"","meta":{"footnotes":""},"wf_page_folders":[],"class_list":["post-1609","page","type-page","status-publish","hentry"],"yoast_head":"<!-- This site is optimized with the Yoast SEO plugin v24.8.1 - https:\/\/yoast.com\/wordpress\/plugins\/seo\/ -->\n<title>Paslanmaz ve Bronz \u00c7arkl\u0131 Santrif\u00fcj Pompalar - Tamsan Motor<\/title>\n<meta name=\"robots\" content=\"index, follow, max-snippet:-1, max-image-preview:large, max-video-preview:-1\" \/>\n<link rel=\"canonical\" href=\"https:\/\/tamsanmotor.com\/index.php\/urunler\/pompalar\/paslanmaz-pompalar\/paslanmaz-ve-bronz-carkli-santrifuj-pompalar-2\/\" \/>\n<meta property=\"og:locale\" content=\"tr_TR\" \/>\n<meta property=\"og:type\" content=\"article\" \/>\n<meta property=\"og:title\" content=\"Paslanmaz ve Bronz \u00c7arkl\u0131 Santrif\u00fcj Pompalar - Tamsan Motor\" \/>\n<meta property=\"og:url\" content=\"https:\/\/tamsanmotor.com\/index.php\/urunler\/pompalar\/paslanmaz-pompalar\/paslanmaz-ve-bronz-carkli-santrifuj-pompalar-2\/\" \/>\n<meta property=\"og:site_name\" content=\"Tamsan Motor\" \/>\n<meta property=\"article:modified_time\" content=\"2019-03-19T13:46:17+00:00\" \/>\n<meta name=\"twitter:card\" content=\"summary_large_image\" \/>\n<script type=\"application\/ld+json\" class=\"yoast-schema-graph\">{\"@context\":\"https:\/\/schema.org\",\"@graph\":[{\"@type\":\"WebPage\",\"@id\":\"https:\/\/tamsanmotor.com\/index.php\/urunler\/pompalar\/paslanmaz-pompalar\/paslanmaz-ve-bronz-carkli-santrifuj-pompalar-2\/\",\"url\":\"https:\/\/tamsanmotor.com\/index.php\/urunler\/pompalar\/paslanmaz-pompalar\/paslanmaz-ve-bronz-carkli-santrifuj-pompalar-2\/\",\"name\":\"Paslanmaz ve Bronz \u00c7arkl\u0131 Santrif\u00fcj Pompalar - Tamsan Motor\",\"isPartOf\":{\"@id\":\"https:\/\/tamsanmotor.com\/#website\"},\"datePublished\":\"2019-03-19T13:16:36+00:00\",\"dateModified\":\"2019-03-19T13:46:17+00:00\",\"breadcrumb\":{\"@id\":\"https:\/\/tamsanmotor.com\/index.php\/urunler\/pompalar\/paslanmaz-pompalar\/paslanmaz-ve-bronz-carkli-santrifuj-pompalar-2\/#breadcrumb\"},\"inLanguage\":\"tr\",\"potentialAction\":[{\"@type\":\"ReadAction\",\"target\":[\"https:\/\/tamsanmotor.com\/index.php\/urunler\/pompalar\/paslanmaz-pompalar\/paslanmaz-ve-bronz-carkli-santrifuj-pompalar-2\/\"]}]},{\"@type\":\"BreadcrumbList\",\"@id\":\"https:\/\/tamsanmotor.com\/index.php\/urunler\/pompalar\/paslanmaz-pompalar\/paslanmaz-ve-bronz-carkli-santrifuj-pompalar-2\/#breadcrumb\",\"itemListElement\":[{\"@type\":\"ListItem\",\"position\":1,\"name\":\"Ana sayfa\",\"item\":\"https:\/\/tamsanmotor.com\/\"},{\"@type\":\"ListItem\",\"position\":2,\"name\":\"\u00dcr\u00fcnler\",\"item\":\"https:\/\/tamsanmotor.com\/index.php\/urunler\/\"},{\"@type\":\"ListItem\",\"position\":3,\"name\":\"Pompalar\",\"item\":\"https:\/\/tamsanmotor.com\/index.php\/urunler\/pompalar\/\"},{\"@type\":\"ListItem\",\"position\":4,\"name\":\"Paslanmaz Pompalar\",\"item\":\"https:\/\/tamsanmotor.com\/index.php\/urunler\/pompalar\/paslanmaz-pompalar\/\"},{\"@type\":\"ListItem\",\"position\":5,\"name\":\"Paslanmaz ve Bronz \u00c7arkl\u0131 Santrif\u00fcj Pompalar\"}]},{\"@type\":\"WebSite\",\"@id\":\"https:\/\/tamsanmotor.com\/#website\",\"url\":\"https:\/\/tamsanmotor.com\/\",\"name\":\"Tamsan Elektrik Motor\",\"description\":\"\",\"publisher\":{\"@id\":\"https:\/\/tamsanmotor.com\/#organization\"},\"potentialAction\":[{\"@type\":\"SearchAction\",\"target\":{\"@type\":\"EntryPoint\",\"urlTemplate\":\"https:\/\/tamsanmotor.com\/?s={search_term_string}\"},\"query-input\":{\"@type\":\"PropertyValueSpecification\",\"valueRequired\":true,\"valueName\":\"search_term_string\"}}],\"inLanguage\":\"tr\"},{\"@type\":\"Organization\",\"@id\":\"https:\/\/tamsanmotor.com\/#organization\",\"name\":\"Tamsan Elektrik Motor San. ve Tic. Ltd. \u015eti.\",\"url\":\"https:\/\/tamsanmotor.com\/\",\"logo\":{\"@type\":\"ImageObject\",\"inLanguage\":\"tr\",\"@id\":\"https:\/\/tamsanmotor.com\/#\/schema\/logo\/image\/\",\"url\":\"https:\/\/mlnbhdmb5shf.i.optimole.com\/w:auto\/h:auto\/q:mauto\/f:best\/https:\/\/tamsanmotor.com\/wp-content\/uploads\/2019\/11\/TAMSAN-logo.jpg\",\"contentUrl\":\"https:\/\/mlnbhdmb5shf.i.optimole.com\/w:auto\/h:auto\/q:mauto\/f:best\/https:\/\/tamsanmotor.com\/wp-content\/uploads\/2019\/11\/TAMSAN-logo.jpg\",\"width\":1388,\"height\":292,\"caption\":\"Tamsan Elektrik Motor San. ve Tic. Ltd. \u015eti.\"},\"image\":{\"@id\":\"https:\/\/tamsanmotor.com\/#\/schema\/logo\/image\/\"}}]}<\/script>\n<!-- \/ Yoast SEO plugin. -->","yoast_head_json":{"title":"Paslanmaz ve Bronz \u00c7arkl\u0131 Santrif\u00fcj Pompalar - Tamsan Motor","robots":{"index":"index","follow":"follow","max-snippet":"max-snippet:-1","max-image-preview":"max-image-preview:large","max-video-preview":"max-video-preview:-1"},"canonical":"https:\/\/tamsanmotor.com\/index.php\/urunler\/pompalar\/paslanmaz-pompalar\/paslanmaz-ve-bronz-carkli-santrifuj-pompalar-2\/","og_locale":"tr_TR","og_type":"article","og_title":"Paslanmaz ve Bronz \u00c7arkl\u0131 Santrif\u00fcj Pompalar - Tamsan Motor","og_url":"https:\/\/tamsanmotor.com\/index.php\/urunler\/pompalar\/paslanmaz-pompalar\/paslanmaz-ve-bronz-carkli-santrifuj-pompalar-2\/","og_site_name":"Tamsan Motor","article_modified_time":"2019-03-19T13:46:17+00:00","twitter_card":"summary_large_image","schema":{"@context":"https:\/\/schema.org","@graph":[{"@type":"WebPage","@id":"https:\/\/tamsanmotor.com\/index.php\/urunler\/pompalar\/paslanmaz-pompalar\/paslanmaz-ve-bronz-carkli-santrifuj-pompalar-2\/","url":"https:\/\/tamsanmotor.com\/index.php\/urunler\/pompalar\/paslanmaz-pompalar\/paslanmaz-ve-bronz-carkli-santrifuj-pompalar-2\/","name":"Paslanmaz ve Bronz \u00c7arkl\u0131 Santrif\u00fcj Pompalar - Tamsan Motor","isPartOf":{"@id":"https:\/\/tamsanmotor.com\/#website"},"datePublished":"2019-03-19T13:16:36+00:00","dateModified":"2019-03-19T13:46:17+00:00","breadcrumb":{"@id":"https:\/\/tamsanmotor.com\/index.php\/urunler\/pompalar\/paslanmaz-pompalar\/paslanmaz-ve-bronz-carkli-santrifuj-pompalar-2\/#breadcrumb"},"inLanguage":"tr","potentialAction":[{"@type":"ReadAction","target":["https:\/\/tamsanmotor.com\/index.php\/urunler\/pompalar\/paslanmaz-pompalar\/paslanmaz-ve-bronz-carkli-santrifuj-pompalar-2\/"]}]},{"@type":"BreadcrumbList","@id":"https:\/\/tamsanmotor.com\/index.php\/urunler\/pompalar\/paslanmaz-pompalar\/paslanmaz-ve-bronz-carkli-santrifuj-pompalar-2\/#breadcrumb","itemListElement":[{"@type":"ListItem","position":1,"name":"Ana sayfa","item":"https:\/\/tamsanmotor.com\/"},{"@type":"ListItem","position":2,"name":"\u00dcr\u00fcnler","item":"https:\/\/tamsanmotor.com\/index.php\/urunler\/"},{"@type":"ListItem","position":3,"name":"Pompalar","item":"https:\/\/tamsanmotor.com\/index.php\/urunler\/pompalar\/"},{"@type":"ListItem","position":4,"name":"Paslanmaz Pompalar","item":"https:\/\/tamsanmotor.com\/index.php\/urunler\/pompalar\/paslanmaz-pompalar\/"},{"@type":"ListItem","position":5,"name":"Paslanmaz ve Bronz \u00c7arkl\u0131 Santrif\u00fcj Pompalar"}]},{"@type":"WebSite","@id":"https:\/\/tamsanmotor.com\/#website","url":"https:\/\/tamsanmotor.com\/","name":"Tamsan Elektrik Motor","description":"","publisher":{"@id":"https:\/\/tamsanmotor.com\/#organization"},"potentialAction":[{"@type":"SearchAction","target":{"@type":"EntryPoint","urlTemplate":"https:\/\/tamsanmotor.com\/?s={search_term_string}"},"query-input":{"@type":"PropertyValueSpecification","valueRequired":true,"valueName":"search_term_string"}}],"inLanguage":"tr"},{"@type":"Organization","@id":"https:\/\/tamsanmotor.com\/#organization","name":"Tamsan Elektrik Motor San. ve Tic. Ltd. \u015eti.","url":"https:\/\/tamsanmotor.com\/","logo":{"@type":"ImageObject","inLanguage":"tr","@id":"https:\/\/tamsanmotor.com\/#\/schema\/logo\/image\/","url":"https:\/\/mlnbhdmb5shf.i.optimole.com\/w:auto\/h:auto\/q:mauto\/f:best\/https:\/\/tamsanmotor.com\/wp-content\/uploads\/2019\/11\/TAMSAN-logo.jpg","contentUrl":"https:\/\/mlnbhdmb5shf.i.optimole.com\/w:auto\/h:auto\/q:mauto\/f:best\/https:\/\/tamsanmotor.com\/wp-content\/uploads\/2019\/11\/TAMSAN-logo.jpg","width":1388,"height":292,"caption":"Tamsan Elektrik Motor San. ve Tic. Ltd. \u015eti."},"image":{"@id":"https:\/\/tamsanmotor.com\/#\/schema\/logo\/image\/"}}]}},"_links":{"self":[{"href":"https:\/\/tamsanmotor.com\/index.php\/wp-json\/wp\/v2\/pages\/1609","targetHints":{"allow":["GET"]}}],"collection":[{"href":"https:\/\/tamsanmotor.com\/index.php\/wp-json\/wp\/v2\/pages"}],"about":[{"href":"https:\/\/tamsanmotor.com\/index.php\/wp-json\/wp\/v2\/types\/page"}],"author":[{"embeddable":true,"href":"https:\/\/tamsanmotor.com\/index.php\/wp-json\/wp\/v2\/users\/1"}],"replies":[{"embeddable":true,"href":"https:\/\/tamsanmotor.com\/index.php\/wp-json\/wp\/v2\/comments?post=1609"}],"version-history":[{"count":0,"href":"https:\/\/tamsanmotor.com\/index.php\/wp-json\/wp\/v2\/pages\/1609\/revisions"}],"up":[{"embeddable":true,"href":"https:\/\/tamsanmotor.com\/index.php\/wp-json\/wp\/v2\/pages\/800"}],"wp:attachment":[{"href":"https:\/\/tamsanmotor.com\/index.php\/wp-json\/wp\/v2\/media?parent=1609"}],"wp:term":[{"taxonomy":"wf_page_folders","embeddable":true,"href":"https:\/\/tamsanmotor.com\/index.php\/wp-json\/wp\/v2\/wf_page_folders?post=1609"}],"curies":[{"name":"wp","href":"https:\/\/api.w.org\/{rel}","templated":true}]}}