{"id":1612,"date":"2019-03-19T16:23:33","date_gmt":"2019-03-19T13:23:33","guid":{"rendered":"http:\/\/tamsanmotor.com\/?page_id=1612"},"modified":"2019-03-19T16:44:12","modified_gmt":"2019-03-19T13:44:12","slug":"komple-paslanmaz-kademeli-santrifuj-pompalar-2","status":"publish","type":"page","link":"https:\/\/tamsanmotor.com\/index.php\/urunler\/pompalar\/paslanmaz-pompalar\/komple-paslanmaz-kademeli-santrifuj-pompalar-2\/","title":{"rendered":"Komple Paslanmaz Kademeli Santrif\u00fcj Pompalar"},"content":{"rendered":"\t\t<div data-elementor-type=\"wp-post\" data-elementor-id=\"1612\" class=\"elementor elementor-1612\">\n\t\t\t\t\t\t<section class=\"elementor-section elementor-top-section elementor-element elementor-element-dc0e549 elementor-section-boxed elementor-section-height-default elementor-section-height-default\" data-id=\"dc0e549\" data-element_type=\"section\">\n\t\t\t\t\t\t<div class=\"elementor-container elementor-column-gap-default\">\n\t\t\t\t\t<div class=\"elementor-column elementor-col-100 elementor-top-column elementor-element elementor-element-bcedf32\" data-id=\"bcedf32\" data-element_type=\"column\">\n\t\t\t<div class=\"elementor-widget-wrap elementor-element-populated\">\n\t\t\t\t\t\t<div class=\"elementor-element elementor-element-1177be1 elementor-widget elementor-widget-heading\" data-id=\"1177be1\" data-element_type=\"widget\" data-widget_type=\"heading.default\">\n\t\t\t\t\t<h3 class=\"elementor-heading-title elementor-size-default\">Komple paslanmaz \u00e7ok kademeli pompalar\u0131m\u0131z maksimum 70 metre y\u00fcksekli\u011fe kadar bas\u0131n\u00e7l\u0131 su ihtiya\u00e7lar\u0131nda, hijyenik ortamlarda, ar\u0131tma sistemlerinde, tar\u0131msal sulamalarda, benzin istasyonlar\u0131nda, sosyal tesislerde binalarda hidrofor ama\u00e7l\u0131, ve in\u015faatlarda temiz su temininde kullan\u0131ma uygun olarak \u00fcretilmi\u015ftir. Tasarlanan yeni \u00fcr\u00fcnlerimiz opsiyon el olarak 120\u00b0C\u2019ye kadar s\u0131cak su uygulamalar\u0131nda kullan\u0131ma uygundur.<\/h3>\t\t\t\t<\/div>\n\t\t\t\t\t<\/div>\n\t\t<\/div>\n\t\t\t\t\t<\/div>\n\t\t<\/section>\n\t\t\t\t<section class=\"elementor-section elementor-top-section elementor-element elementor-element-c19d135 elementor-section-boxed elementor-section-height-default elementor-section-height-default\" data-id=\"c19d135\" data-element_type=\"section\">\n\t\t\t\t\t\t<div class=\"elementor-container elementor-column-gap-default\">\n\t\t\t\t\t<div class=\"elementor-column elementor-col-100 elementor-top-column elementor-element elementor-element-d8de095\" data-id=\"d8de095\" data-element_type=\"column\">\n\t\t\t<div class=\"elementor-widget-wrap elementor-element-populated\">\n\t\t\t\t\t\t<div class=\"elementor-element elementor-element-be6eff9 elementor-widget elementor-widget-image\" data-id=\"be6eff9\" data-element_type=\"widget\" data-widget_type=\"image.default\">\n\t\t\t\t\t\t\t\t\t\t\t\t\t\t\t<img data-opt-id=376075295  fetchpriority=\"high\" decoding=\"async\" width=\"720\" height=\"882\" src=\"https:\/\/mlnbhdmb5shf.i.optimole.com\/w:720\/h:882\/q:mauto\/f:best\/https:\/\/tamsanmotor.com\/wp-content\/uploads\/2019\/03\/Komple-Paslanmaz-Kademeli-Santrifüj-Pompalar_1.jpg\" class=\"attachment-large size-large wp-image-1633\" alt=\"\" srcset=\"https:\/\/mlnbhdmb5shf.i.optimole.com\/w:720\/h:882\/q:mauto\/f:best\/https:\/\/tamsanmotor.com\/wp-content\/uploads\/2019\/03\/Komple-Paslanmaz-Kademeli-Santrifüj-Pompalar_1.jpg 720w, https:\/\/mlnbhdmb5shf.i.optimole.com\/w:245\/h:300\/q:mauto\/f:best\/https:\/\/tamsanmotor.com\/wp-content\/uploads\/2019\/03\/Komple-Paslanmaz-Kademeli-Santrif\u00fcj-Pompalar_1.jpg 245w\" sizes=\"(max-width: 720px) 100vw, 720px\" \/>\t\t\t\t\t\t\t\t\t\t\t\t\t\t\t<\/div>\n\t\t\t\t\t<\/div>\n\t\t<\/div>\n\t\t\t\t\t<\/div>\n\t\t<\/section>\n\t\t\t\t<\/div>\n\t\t","protected":false},"excerpt":{"rendered":"<p>Komple paslanmaz \u00e7ok kademeli pompalar\u0131m\u0131z maksimum 70 metre y\u00fcksekli\u011fe kadar bas\u0131n\u00e7l\u0131 su ihtiya\u00e7lar\u0131nda, hijyenik ortamlarda, ar\u0131tma sistemlerinde, tar\u0131msal sulamalarda, benzin istasyonlar\u0131nda, sosyal tesislerde binalarda hidrofor ama\u00e7l\u0131, ve in\u015faatlarda temiz su temininde kullan\u0131ma uygun olarak \u00fcretilmi\u015ftir. Tasarlanan yeni \u00fcr\u00fcnlerimiz opsiyon el olarak 120\u00b0C\u2019ye kadar s\u0131cak su uygulamalar\u0131nda kullan\u0131ma uygundur.<\/p>\n","protected":false},"author":1,"featured_media":0,"parent":800,"menu_order":0,"comment_status":"closed","ping_status":"closed","template":"","meta":{"footnotes":""},"wf_page_folders":[],"class_list":["post-1612","page","type-page","status-publish","hentry"],"yoast_head":"<!-- This site is optimized with the Yoast SEO plugin v24.8.1 - https:\/\/yoast.com\/wordpress\/plugins\/seo\/ -->\n<title>Komple Paslanmaz Kademeli Santrif\u00fcj Pompalar - Tamsan Motor<\/title>\n<meta name=\"robots\" content=\"index, follow, max-snippet:-1, max-image-preview:large, max-video-preview:-1\" \/>\n<link rel=\"canonical\" href=\"https:\/\/tamsanmotor.com\/index.php\/urunler\/pompalar\/paslanmaz-pompalar\/komple-paslanmaz-kademeli-santrifuj-pompalar-2\/\" \/>\n<meta property=\"og:locale\" content=\"tr_TR\" \/>\n<meta property=\"og:type\" content=\"article\" \/>\n<meta property=\"og:title\" content=\"Komple Paslanmaz Kademeli Santrif\u00fcj Pompalar - Tamsan Motor\" \/>\n<meta property=\"og:description\" content=\"Komple paslanmaz \u00e7ok kademeli pompalar\u0131m\u0131z maksimum 70 metre y\u00fcksekli\u011fe kadar bas\u0131n\u00e7l\u0131 su ihtiya\u00e7lar\u0131nda, hijyenik ortamlarda, ar\u0131tma sistemlerinde, tar\u0131msal sulamalarda, benzin istasyonlar\u0131nda, sosyal tesislerde binalarda hidrofor ama\u00e7l\u0131, ve in\u015faatlarda temiz su temininde kullan\u0131ma uygun olarak \u00fcretilmi\u015ftir. Tasarlanan yeni \u00fcr\u00fcnlerimiz opsiyon el olarak 120\u00b0C\u2019ye kadar s\u0131cak su uygulamalar\u0131nda kullan\u0131ma uygundur.\" \/>\n<meta property=\"og:url\" content=\"https:\/\/tamsanmotor.com\/index.php\/urunler\/pompalar\/paslanmaz-pompalar\/komple-paslanmaz-kademeli-santrifuj-pompalar-2\/\" \/>\n<meta property=\"og:site_name\" content=\"Tamsan Motor\" \/>\n<meta property=\"article:modified_time\" content=\"2019-03-19T13:44:12+00:00\" \/>\n<meta name=\"twitter:card\" content=\"summary_large_image\" \/>\n<script type=\"application\/ld+json\" class=\"yoast-schema-graph\">{\"@context\":\"https:\/\/schema.org\",\"@graph\":[{\"@type\":\"WebPage\",\"@id\":\"https:\/\/tamsanmotor.com\/index.php\/urunler\/pompalar\/paslanmaz-pompalar\/komple-paslanmaz-kademeli-santrifuj-pompalar-2\/\",\"url\":\"https:\/\/tamsanmotor.com\/index.php\/urunler\/pompalar\/paslanmaz-pompalar\/komple-paslanmaz-kademeli-santrifuj-pompalar-2\/\",\"name\":\"Komple Paslanmaz Kademeli Santrif\u00fcj Pompalar - Tamsan Motor\",\"isPartOf\":{\"@id\":\"https:\/\/tamsanmotor.com\/#website\"},\"datePublished\":\"2019-03-19T13:23:33+00:00\",\"dateModified\":\"2019-03-19T13:44:12+00:00\",\"breadcrumb\":{\"@id\":\"https:\/\/tamsanmotor.com\/index.php\/urunler\/pompalar\/paslanmaz-pompalar\/komple-paslanmaz-kademeli-santrifuj-pompalar-2\/#breadcrumb\"},\"inLanguage\":\"tr\",\"potentialAction\":[{\"@type\":\"ReadAction\",\"target\":[\"https:\/\/tamsanmotor.com\/index.php\/urunler\/pompalar\/paslanmaz-pompalar\/komple-paslanmaz-kademeli-santrifuj-pompalar-2\/\"]}]},{\"@type\":\"BreadcrumbList\",\"@id\":\"https:\/\/tamsanmotor.com\/index.php\/urunler\/pompalar\/paslanmaz-pompalar\/komple-paslanmaz-kademeli-santrifuj-pompalar-2\/#breadcrumb\",\"itemListElement\":[{\"@type\":\"ListItem\",\"position\":1,\"name\":\"Ana sayfa\",\"item\":\"https:\/\/tamsanmotor.com\/\"},{\"@type\":\"ListItem\",\"position\":2,\"name\":\"\u00dcr\u00fcnler\",\"item\":\"https:\/\/tamsanmotor.com\/index.php\/urunler\/\"},{\"@type\":\"ListItem\",\"position\":3,\"name\":\"Pompalar\",\"item\":\"https:\/\/tamsanmotor.com\/index.php\/urunler\/pompalar\/\"},{\"@type\":\"ListItem\",\"position\":4,\"name\":\"Paslanmaz Pompalar\",\"item\":\"https:\/\/tamsanmotor.com\/index.php\/urunler\/pompalar\/paslanmaz-pompalar\/\"},{\"@type\":\"ListItem\",\"position\":5,\"name\":\"Komple Paslanmaz Kademeli Santrif\u00fcj Pompalar\"}]},{\"@type\":\"WebSite\",\"@id\":\"https:\/\/tamsanmotor.com\/#website\",\"url\":\"https:\/\/tamsanmotor.com\/\",\"name\":\"Tamsan Elektrik Motor\",\"description\":\"\",\"publisher\":{\"@id\":\"https:\/\/tamsanmotor.com\/#organization\"},\"potentialAction\":[{\"@type\":\"SearchAction\",\"target\":{\"@type\":\"EntryPoint\",\"urlTemplate\":\"https:\/\/tamsanmotor.com\/?s={search_term_string}\"},\"query-input\":{\"@type\":\"PropertyValueSpecification\",\"valueRequired\":true,\"valueName\":\"search_term_string\"}}],\"inLanguage\":\"tr\"},{\"@type\":\"Organization\",\"@id\":\"https:\/\/tamsanmotor.com\/#organization\",\"name\":\"Tamsan Elektrik Motor San. ve Tic. Ltd. \u015eti.\",\"url\":\"https:\/\/tamsanmotor.com\/\",\"logo\":{\"@type\":\"ImageObject\",\"inLanguage\":\"tr\",\"@id\":\"https:\/\/tamsanmotor.com\/#\/schema\/logo\/image\/\",\"url\":\"https:\/\/mlnbhdmb5shf.i.optimole.com\/w:auto\/h:auto\/q:mauto\/f:best\/https:\/\/tamsanmotor.com\/wp-content\/uploads\/2019\/11\/TAMSAN-logo.jpg\",\"contentUrl\":\"https:\/\/mlnbhdmb5shf.i.optimole.com\/w:auto\/h:auto\/q:mauto\/f:best\/https:\/\/tamsanmotor.com\/wp-content\/uploads\/2019\/11\/TAMSAN-logo.jpg\",\"width\":1388,\"height\":292,\"caption\":\"Tamsan Elektrik Motor San. ve Tic. Ltd. \u015eti.\"},\"image\":{\"@id\":\"https:\/\/tamsanmotor.com\/#\/schema\/logo\/image\/\"}}]}<\/script>\n<!-- \/ Yoast SEO plugin. -->","yoast_head_json":{"title":"Komple Paslanmaz Kademeli Santrif\u00fcj Pompalar - Tamsan Motor","robots":{"index":"index","follow":"follow","max-snippet":"max-snippet:-1","max-image-preview":"max-image-preview:large","max-video-preview":"max-video-preview:-1"},"canonical":"https:\/\/tamsanmotor.com\/index.php\/urunler\/pompalar\/paslanmaz-pompalar\/komple-paslanmaz-kademeli-santrifuj-pompalar-2\/","og_locale":"tr_TR","og_type":"article","og_title":"Komple Paslanmaz Kademeli Santrif\u00fcj Pompalar - Tamsan Motor","og_description":"Komple paslanmaz \u00e7ok kademeli pompalar\u0131m\u0131z maksimum 70 metre y\u00fcksekli\u011fe kadar bas\u0131n\u00e7l\u0131 su ihtiya\u00e7lar\u0131nda, hijyenik ortamlarda, ar\u0131tma sistemlerinde, tar\u0131msal sulamalarda, benzin istasyonlar\u0131nda, sosyal tesislerde binalarda hidrofor ama\u00e7l\u0131, ve in\u015faatlarda temiz su temininde kullan\u0131ma uygun olarak \u00fcretilmi\u015ftir. Tasarlanan yeni \u00fcr\u00fcnlerimiz opsiyon el olarak 120\u00b0C\u2019ye kadar s\u0131cak su uygulamalar\u0131nda kullan\u0131ma uygundur.","og_url":"https:\/\/tamsanmotor.com\/index.php\/urunler\/pompalar\/paslanmaz-pompalar\/komple-paslanmaz-kademeli-santrifuj-pompalar-2\/","og_site_name":"Tamsan Motor","article_modified_time":"2019-03-19T13:44:12+00:00","twitter_card":"summary_large_image","schema":{"@context":"https:\/\/schema.org","@graph":[{"@type":"WebPage","@id":"https:\/\/tamsanmotor.com\/index.php\/urunler\/pompalar\/paslanmaz-pompalar\/komple-paslanmaz-kademeli-santrifuj-pompalar-2\/","url":"https:\/\/tamsanmotor.com\/index.php\/urunler\/pompalar\/paslanmaz-pompalar\/komple-paslanmaz-kademeli-santrifuj-pompalar-2\/","name":"Komple Paslanmaz Kademeli Santrif\u00fcj Pompalar - Tamsan Motor","isPartOf":{"@id":"https:\/\/tamsanmotor.com\/#website"},"datePublished":"2019-03-19T13:23:33+00:00","dateModified":"2019-03-19T13:44:12+00:00","breadcrumb":{"@id":"https:\/\/tamsanmotor.com\/index.php\/urunler\/pompalar\/paslanmaz-pompalar\/komple-paslanmaz-kademeli-santrifuj-pompalar-2\/#breadcrumb"},"inLanguage":"tr","potentialAction":[{"@type":"ReadAction","target":["https:\/\/tamsanmotor.com\/index.php\/urunler\/pompalar\/paslanmaz-pompalar\/komple-paslanmaz-kademeli-santrifuj-pompalar-2\/"]}]},{"@type":"BreadcrumbList","@id":"https:\/\/tamsanmotor.com\/index.php\/urunler\/pompalar\/paslanmaz-pompalar\/komple-paslanmaz-kademeli-santrifuj-pompalar-2\/#breadcrumb","itemListElement":[{"@type":"ListItem","position":1,"name":"Ana sayfa","item":"https:\/\/tamsanmotor.com\/"},{"@type":"ListItem","position":2,"name":"\u00dcr\u00fcnler","item":"https:\/\/tamsanmotor.com\/index.php\/urunler\/"},{"@type":"ListItem","position":3,"name":"Pompalar","item":"https:\/\/tamsanmotor.com\/index.php\/urunler\/pompalar\/"},{"@type":"ListItem","position":4,"name":"Paslanmaz Pompalar","item":"https:\/\/tamsanmotor.com\/index.php\/urunler\/pompalar\/paslanmaz-pompalar\/"},{"@type":"ListItem","position":5,"name":"Komple Paslanmaz Kademeli Santrif\u00fcj Pompalar"}]},{"@type":"WebSite","@id":"https:\/\/tamsanmotor.com\/#website","url":"https:\/\/tamsanmotor.com\/","name":"Tamsan Elektrik Motor","description":"","publisher":{"@id":"https:\/\/tamsanmotor.com\/#organization"},"potentialAction":[{"@type":"SearchAction","target":{"@type":"EntryPoint","urlTemplate":"https:\/\/tamsanmotor.com\/?s={search_term_string}"},"query-input":{"@type":"PropertyValueSpecification","valueRequired":true,"valueName":"search_term_string"}}],"inLanguage":"tr"},{"@type":"Organization","@id":"https:\/\/tamsanmotor.com\/#organization","name":"Tamsan Elektrik Motor San. ve Tic. Ltd. \u015eti.","url":"https:\/\/tamsanmotor.com\/","logo":{"@type":"ImageObject","inLanguage":"tr","@id":"https:\/\/tamsanmotor.com\/#\/schema\/logo\/image\/","url":"https:\/\/mlnbhdmb5shf.i.optimole.com\/w:auto\/h:auto\/q:mauto\/f:best\/https:\/\/tamsanmotor.com\/wp-content\/uploads\/2019\/11\/TAMSAN-logo.jpg","contentUrl":"https:\/\/mlnbhdmb5shf.i.optimole.com\/w:auto\/h:auto\/q:mauto\/f:best\/https:\/\/tamsanmotor.com\/wp-content\/uploads\/2019\/11\/TAMSAN-logo.jpg","width":1388,"height":292,"caption":"Tamsan Elektrik Motor San. ve Tic. Ltd. \u015eti."},"image":{"@id":"https:\/\/tamsanmotor.com\/#\/schema\/logo\/image\/"}}]}},"_links":{"self":[{"href":"https:\/\/tamsanmotor.com\/index.php\/wp-json\/wp\/v2\/pages\/1612","targetHints":{"allow":["GET"]}}],"collection":[{"href":"https:\/\/tamsanmotor.com\/index.php\/wp-json\/wp\/v2\/pages"}],"about":[{"href":"https:\/\/tamsanmotor.com\/index.php\/wp-json\/wp\/v2\/types\/page"}],"author":[{"embeddable":true,"href":"https:\/\/tamsanmotor.com\/index.php\/wp-json\/wp\/v2\/users\/1"}],"replies":[{"embeddable":true,"href":"https:\/\/tamsanmotor.com\/index.php\/wp-json\/wp\/v2\/comments?post=1612"}],"version-history":[{"count":0,"href":"https:\/\/tamsanmotor.com\/index.php\/wp-json\/wp\/v2\/pages\/1612\/revisions"}],"up":[{"embeddable":true,"href":"https:\/\/tamsanmotor.com\/index.php\/wp-json\/wp\/v2\/pages\/800"}],"wp:attachment":[{"href":"https:\/\/tamsanmotor.com\/index.php\/wp-json\/wp\/v2\/media?parent=1612"}],"wp:term":[{"taxonomy":"wf_page_folders","embeddable":true,"href":"https:\/\/tamsanmotor.com\/index.php\/wp-json\/wp\/v2\/wf_page_folders?post=1612"}],"curies":[{"name":"wp","href":"https:\/\/api.w.org\/{rel}","templated":true}]}}