{"id":1622,"date":"2019-03-19T16:30:07","date_gmt":"2019-03-19T13:30:07","guid":{"rendered":"http:\/\/tamsanmotor.com\/?page_id=1622"},"modified":"2019-03-19T16:41:28","modified_gmt":"2019-03-19T13:41:28","slug":"paslanmaz-santrifuj-pompalar-2","status":"publish","type":"page","link":"https:\/\/tamsanmotor.com\/index.php\/urunler\/pompalar\/paslanmaz-pompalar\/paslanmaz-santrifuj-pompalar-2\/","title":{"rendered":"Paslanmaz Santrifuj Pompalar"},"content":{"rendered":"\t\t<div data-elementor-type=\"wp-post\" data-elementor-id=\"1622\" class=\"elementor elementor-1622\">\n\t\t\t\t\t\t<section class=\"elementor-section elementor-top-section elementor-element elementor-element-6531067 elementor-section-boxed elementor-section-height-default elementor-section-height-default\" data-id=\"6531067\" data-element_type=\"section\">\n\t\t\t\t\t\t<div class=\"elementor-container elementor-column-gap-default\">\n\t\t\t\t\t<div class=\"elementor-column elementor-col-100 elementor-top-column elementor-element elementor-element-524b622\" data-id=\"524b622\" data-element_type=\"column\">\n\t\t\t<div class=\"elementor-widget-wrap elementor-element-populated\">\n\t\t\t\t\t\t<div class=\"elementor-element elementor-element-2da8803 elementor-widget elementor-widget-heading\" data-id=\"2da8803\" data-element_type=\"widget\" data-widget_type=\"heading.default\">\n\t\t\t\t\t<h3 class=\"elementor-heading-title elementor-size-default\">Hijyenik ortamlarda kullan\u0131ma sunabilmek ve \u00fcr\u00fcn gam\u0131m\u0131z\u0131 paslanmaz \u00fcretimine ta\u015f\u0131mak i\u00e7in imalat\u0131na ba\u015flanan bu tip pompalar suyun temas eden y\u00fczeylerin komple paslanmaz \u00fcretilmesi ile maksimum 19 m y\u00fcksekli\u011fe kadar olan ar\u0131tma sistemlerinde, g\u0131da end\u00fcstrilerinde, hastane gibi hijyenik ortamlarda, \u00e7e\u015fitli kimyasallar\u0131n aktar\u0131lmas\u0131nda, bah\u00e7e sulamalar\u0131nda, bal\u0131k \u00fcretme \u00e7iftliklerinde ve havuz devir daim sistemlerinde kullan\u0131ma uygun ama\u00e7l\u0131 \u00fcretilmi\u015ftir.<\/h3>\t\t\t\t<\/div>\n\t\t\t\t\t<\/div>\n\t\t<\/div>\n\t\t\t\t\t<\/div>\n\t\t<\/section>\n\t\t\t\t<section class=\"elementor-section elementor-top-section elementor-element elementor-element-7e51ad8 elementor-section-boxed elementor-section-height-default elementor-section-height-default\" data-id=\"7e51ad8\" data-element_type=\"section\">\n\t\t\t\t\t\t<div class=\"elementor-container elementor-column-gap-default\">\n\t\t\t\t\t<div class=\"elementor-column elementor-col-100 elementor-top-column elementor-element elementor-element-b887d02\" data-id=\"b887d02\" data-element_type=\"column\">\n\t\t\t<div class=\"elementor-widget-wrap elementor-element-populated\">\n\t\t\t\t\t\t<div class=\"elementor-element elementor-element-fd557ff elementor-widget elementor-widget-image\" data-id=\"fd557ff\" data-element_type=\"widget\" data-widget_type=\"image.default\">\n\t\t\t\t\t\t\t\t\t\t\t\t\t\t\t<img data-opt-id=1232189152  fetchpriority=\"high\" decoding=\"async\" width=\"720\" height=\"876\" src=\"https:\/\/mlnbhdmb5shf.i.optimole.com\/w:720\/h:876\/q:mauto\/f:best\/https:\/\/tamsanmotor.com\/wp-content\/uploads\/2019\/03\/Paslanmaz-Santrifuj-Pompalar_1.jpg\" class=\"attachment-large size-large wp-image-1630\" alt=\"\" srcset=\"https:\/\/mlnbhdmb5shf.i.optimole.com\/w:720\/h:876\/q:mauto\/f:best\/https:\/\/tamsanmotor.com\/wp-content\/uploads\/2019\/03\/Paslanmaz-Santrifuj-Pompalar_1.jpg 720w, https:\/\/mlnbhdmb5shf.i.optimole.com\/w:247\/h:300\/q:mauto\/f:best\/https:\/\/tamsanmotor.com\/wp-content\/uploads\/2019\/03\/Paslanmaz-Santrifuj-Pompalar_1.jpg 247w\" sizes=\"(max-width: 720px) 100vw, 720px\" \/>\t\t\t\t\t\t\t\t\t\t\t\t\t\t\t<\/div>\n\t\t\t\t\t<\/div>\n\t\t<\/div>\n\t\t\t\t\t<\/div>\n\t\t<\/section>\n\t\t\t\t<section class=\"elementor-section elementor-top-section elementor-element elementor-element-21f8d8c elementor-section-boxed elementor-section-height-default elementor-section-height-default\" data-id=\"21f8d8c\" data-element_type=\"section\">\n\t\t\t\t\t\t<div class=\"elementor-container elementor-column-gap-default\">\n\t\t\t\t\t<div class=\"elementor-column elementor-col-100 elementor-top-column elementor-element elementor-element-01bebf3\" data-id=\"01bebf3\" data-element_type=\"column\">\n\t\t\t<div class=\"elementor-widget-wrap elementor-element-populated\">\n\t\t\t\t\t\t<div class=\"elementor-element elementor-element-81ad327 elementor-widget elementor-widget-image\" data-id=\"81ad327\" data-element_type=\"widget\" data-widget_type=\"image.default\">\n\t\t\t\t\t\t\t\t\t\t\t\t\t\t\t<img data-opt-id=432914913  fetchpriority=\"high\" decoding=\"async\" width=\"720\" height=\"868\" src=\"https:\/\/mlnbhdmb5shf.i.optimole.com\/w:720\/h:868\/q:mauto\/f:best\/https:\/\/tamsanmotor.com\/wp-content\/uploads\/2019\/03\/Paslanmaz-Santrifuj-Pompalar_2.jpg\" class=\"attachment-large size-large wp-image-1631\" alt=\"\" srcset=\"https:\/\/mlnbhdmb5shf.i.optimole.com\/w:720\/h:868\/q:mauto\/f:best\/https:\/\/tamsanmotor.com\/wp-content\/uploads\/2019\/03\/Paslanmaz-Santrifuj-Pompalar_2.jpg 720w, https:\/\/mlnbhdmb5shf.i.optimole.com\/w:249\/h:300\/q:mauto\/f:best\/https:\/\/tamsanmotor.com\/wp-content\/uploads\/2019\/03\/Paslanmaz-Santrifuj-Pompalar_2.jpg 249w\" sizes=\"(max-width: 720px) 100vw, 720px\" \/>\t\t\t\t\t\t\t\t\t\t\t\t\t\t\t<\/div>\n\t\t\t\t\t<\/div>\n\t\t<\/div>\n\t\t\t\t\t<\/div>\n\t\t<\/section>\n\t\t\t\t<\/div>\n\t\t","protected":false},"excerpt":{"rendered":"<p>Hijyenik ortamlarda kullan\u0131ma sunabilmek ve \u00fcr\u00fcn gam\u0131m\u0131z\u0131 paslanmaz \u00fcretimine ta\u015f\u0131mak i\u00e7in imalat\u0131na ba\u015flanan bu tip pompalar suyun temas eden y\u00fczeylerin komple paslanmaz \u00fcretilmesi ile maksimum 19 m y\u00fcksekli\u011fe kadar olan ar\u0131tma sistemlerinde, g\u0131da end\u00fcstrilerinde, hastane gibi hijyenik ortamlarda, \u00e7e\u015fitli kimyasallar\u0131n aktar\u0131lmas\u0131nda, bah\u00e7e sulamalar\u0131nda, bal\u0131k \u00fcretme \u00e7iftliklerinde ve havuz devir daim sistemlerinde kullan\u0131ma uygun ama\u00e7l\u0131 \u00fcretilmi\u015ftir.<\/p>\n","protected":false},"author":1,"featured_media":0,"parent":800,"menu_order":0,"comment_status":"closed","ping_status":"closed","template":"","meta":{"footnotes":""},"wf_page_folders":[],"class_list":["post-1622","page","type-page","status-publish","hentry"],"yoast_head":"<!-- This site is optimized with the Yoast SEO plugin v24.8.1 - https:\/\/yoast.com\/wordpress\/plugins\/seo\/ -->\n<title>Paslanmaz Santrifuj Pompalar - Tamsan Motor<\/title>\n<meta name=\"robots\" content=\"index, follow, max-snippet:-1, max-image-preview:large, max-video-preview:-1\" \/>\n<link rel=\"canonical\" href=\"https:\/\/tamsanmotor.com\/index.php\/urunler\/pompalar\/paslanmaz-pompalar\/paslanmaz-santrifuj-pompalar-2\/\" \/>\n<meta property=\"og:locale\" content=\"tr_TR\" \/>\n<meta property=\"og:type\" content=\"article\" \/>\n<meta property=\"og:title\" content=\"Paslanmaz Santrifuj Pompalar - Tamsan Motor\" \/>\n<meta property=\"og:description\" content=\"Hijyenik ortamlarda kullan\u0131ma sunabilmek ve \u00fcr\u00fcn gam\u0131m\u0131z\u0131 paslanmaz \u00fcretimine ta\u015f\u0131mak i\u00e7in imalat\u0131na ba\u015flanan bu tip pompalar suyun temas eden y\u00fczeylerin komple paslanmaz \u00fcretilmesi ile maksimum 19 m y\u00fcksekli\u011fe kadar olan ar\u0131tma sistemlerinde, g\u0131da end\u00fcstrilerinde, hastane gibi hijyenik ortamlarda, \u00e7e\u015fitli kimyasallar\u0131n aktar\u0131lmas\u0131nda, bah\u00e7e sulamalar\u0131nda, bal\u0131k \u00fcretme \u00e7iftliklerinde ve havuz devir daim sistemlerinde kullan\u0131ma uygun ama\u00e7l\u0131 \u00fcretilmi\u015ftir.\" \/>\n<meta property=\"og:url\" content=\"https:\/\/tamsanmotor.com\/index.php\/urunler\/pompalar\/paslanmaz-pompalar\/paslanmaz-santrifuj-pompalar-2\/\" \/>\n<meta property=\"og:site_name\" content=\"Tamsan Motor\" \/>\n<meta property=\"article:modified_time\" content=\"2019-03-19T13:41:28+00:00\" \/>\n<meta property=\"og:image\" content=\"https:\/\/mlnbhdmb5shf.i.optimole.com\/w:auto\/h:auto\/q:mauto\/f:best\/http:\/\/tamsanmotor.com\/wp-content\/uploads\/2019\/03\/Paslanmaz-Santrifuj-Pompalar_1.jpg\" \/>\n<meta name=\"twitter:card\" content=\"summary_large_image\" \/>\n<script type=\"application\/ld+json\" class=\"yoast-schema-graph\">{\"@context\":\"https:\/\/schema.org\",\"@graph\":[{\"@type\":\"WebPage\",\"@id\":\"https:\/\/tamsanmotor.com\/index.php\/urunler\/pompalar\/paslanmaz-pompalar\/paslanmaz-santrifuj-pompalar-2\/\",\"url\":\"https:\/\/tamsanmotor.com\/index.php\/urunler\/pompalar\/paslanmaz-pompalar\/paslanmaz-santrifuj-pompalar-2\/\",\"name\":\"Paslanmaz Santrifuj Pompalar - Tamsan Motor\",\"isPartOf\":{\"@id\":\"https:\/\/tamsanmotor.com\/#website\"},\"primaryImageOfPage\":{\"@id\":\"https:\/\/tamsanmotor.com\/index.php\/urunler\/pompalar\/paslanmaz-pompalar\/paslanmaz-santrifuj-pompalar-2\/#primaryimage\"},\"image\":{\"@id\":\"https:\/\/tamsanmotor.com\/index.php\/urunler\/pompalar\/paslanmaz-pompalar\/paslanmaz-santrifuj-pompalar-2\/#primaryimage\"},\"thumbnailUrl\":\"https:\/\/mlnbhdmb5shf.i.optimole.com\/w:auto\/h:auto\/q:mauto\/f:best\/http:\/\/tamsanmotor.com\/wp-content\/uploads\/2019\/03\/Paslanmaz-Santrifuj-Pompalar_1.jpg\",\"datePublished\":\"2019-03-19T13:30:07+00:00\",\"dateModified\":\"2019-03-19T13:41:28+00:00\",\"breadcrumb\":{\"@id\":\"https:\/\/tamsanmotor.com\/index.php\/urunler\/pompalar\/paslanmaz-pompalar\/paslanmaz-santrifuj-pompalar-2\/#breadcrumb\"},\"inLanguage\":\"tr\",\"potentialAction\":[{\"@type\":\"ReadAction\",\"target\":[\"https:\/\/tamsanmotor.com\/index.php\/urunler\/pompalar\/paslanmaz-pompalar\/paslanmaz-santrifuj-pompalar-2\/\"]}]},{\"@type\":\"ImageObject\",\"inLanguage\":\"tr\",\"@id\":\"https:\/\/tamsanmotor.com\/index.php\/urunler\/pompalar\/paslanmaz-pompalar\/paslanmaz-santrifuj-pompalar-2\/#primaryimage\",\"url\":\"https:\/\/mlnbhdmb5shf.i.optimole.com\/w:auto\/h:auto\/q:mauto\/f:best\/https:\/\/tamsanmotor.com\/wp-content\/uploads\/2019\/03\/Paslanmaz-Santrifuj-Pompalar_1.jpg\",\"contentUrl\":\"https:\/\/mlnbhdmb5shf.i.optimole.com\/w:auto\/h:auto\/q:mauto\/f:best\/https:\/\/tamsanmotor.com\/wp-content\/uploads\/2019\/03\/Paslanmaz-Santrifuj-Pompalar_1.jpg\",\"width\":720,\"height\":876},{\"@type\":\"BreadcrumbList\",\"@id\":\"https:\/\/tamsanmotor.com\/index.php\/urunler\/pompalar\/paslanmaz-pompalar\/paslanmaz-santrifuj-pompalar-2\/#breadcrumb\",\"itemListElement\":[{\"@type\":\"ListItem\",\"position\":1,\"name\":\"Ana sayfa\",\"item\":\"https:\/\/tamsanmotor.com\/\"},{\"@type\":\"ListItem\",\"position\":2,\"name\":\"\u00dcr\u00fcnler\",\"item\":\"https:\/\/tamsanmotor.com\/index.php\/urunler\/\"},{\"@type\":\"ListItem\",\"position\":3,\"name\":\"Pompalar\",\"item\":\"https:\/\/tamsanmotor.com\/index.php\/urunler\/pompalar\/\"},{\"@type\":\"ListItem\",\"position\":4,\"name\":\"Paslanmaz Pompalar\",\"item\":\"https:\/\/tamsanmotor.com\/index.php\/urunler\/pompalar\/paslanmaz-pompalar\/\"},{\"@type\":\"ListItem\",\"position\":5,\"name\":\"Paslanmaz Santrifuj Pompalar\"}]},{\"@type\":\"WebSite\",\"@id\":\"https:\/\/tamsanmotor.com\/#website\",\"url\":\"https:\/\/tamsanmotor.com\/\",\"name\":\"Tamsan Elektrik Motor\",\"description\":\"\",\"publisher\":{\"@id\":\"https:\/\/tamsanmotor.com\/#organization\"},\"potentialAction\":[{\"@type\":\"SearchAction\",\"target\":{\"@type\":\"EntryPoint\",\"urlTemplate\":\"https:\/\/tamsanmotor.com\/?s={search_term_string}\"},\"query-input\":{\"@type\":\"PropertyValueSpecification\",\"valueRequired\":true,\"valueName\":\"search_term_string\"}}],\"inLanguage\":\"tr\"},{\"@type\":\"Organization\",\"@id\":\"https:\/\/tamsanmotor.com\/#organization\",\"name\":\"Tamsan Elektrik Motor San. ve Tic. Ltd. \u015eti.\",\"url\":\"https:\/\/tamsanmotor.com\/\",\"logo\":{\"@type\":\"ImageObject\",\"inLanguage\":\"tr\",\"@id\":\"https:\/\/tamsanmotor.com\/#\/schema\/logo\/image\/\",\"url\":\"https:\/\/mlnbhdmb5shf.i.optimole.com\/w:auto\/h:auto\/q:mauto\/f:best\/https:\/\/tamsanmotor.com\/wp-content\/uploads\/2019\/11\/TAMSAN-logo.jpg\",\"contentUrl\":\"https:\/\/mlnbhdmb5shf.i.optimole.com\/w:auto\/h:auto\/q:mauto\/f:best\/https:\/\/tamsanmotor.com\/wp-content\/uploads\/2019\/11\/TAMSAN-logo.jpg\",\"width\":1388,\"height\":292,\"caption\":\"Tamsan Elektrik Motor San. ve Tic. Ltd. \u015eti.\"},\"image\":{\"@id\":\"https:\/\/tamsanmotor.com\/#\/schema\/logo\/image\/\"}}]}<\/script>\n<!-- \/ Yoast SEO plugin. -->","yoast_head_json":{"title":"Paslanmaz Santrifuj Pompalar - Tamsan Motor","robots":{"index":"index","follow":"follow","max-snippet":"max-snippet:-1","max-image-preview":"max-image-preview:large","max-video-preview":"max-video-preview:-1"},"canonical":"https:\/\/tamsanmotor.com\/index.php\/urunler\/pompalar\/paslanmaz-pompalar\/paslanmaz-santrifuj-pompalar-2\/","og_locale":"tr_TR","og_type":"article","og_title":"Paslanmaz Santrifuj Pompalar - Tamsan Motor","og_description":"Hijyenik ortamlarda kullan\u0131ma sunabilmek ve \u00fcr\u00fcn gam\u0131m\u0131z\u0131 paslanmaz \u00fcretimine ta\u015f\u0131mak i\u00e7in imalat\u0131na ba\u015flanan bu tip pompalar suyun temas eden y\u00fczeylerin komple paslanmaz \u00fcretilmesi ile maksimum 19 m y\u00fcksekli\u011fe kadar olan ar\u0131tma sistemlerinde, g\u0131da end\u00fcstrilerinde, hastane gibi hijyenik ortamlarda, \u00e7e\u015fitli kimyasallar\u0131n aktar\u0131lmas\u0131nda, bah\u00e7e sulamalar\u0131nda, bal\u0131k \u00fcretme \u00e7iftliklerinde ve havuz devir daim sistemlerinde kullan\u0131ma uygun ama\u00e7l\u0131 \u00fcretilmi\u015ftir.","og_url":"https:\/\/tamsanmotor.com\/index.php\/urunler\/pompalar\/paslanmaz-pompalar\/paslanmaz-santrifuj-pompalar-2\/","og_site_name":"Tamsan Motor","article_modified_time":"2019-03-19T13:41:28+00:00","og_image":[{"url":"https:\/\/mlnbhdmb5shf.i.optimole.com\/w:auto\/h:auto\/q:mauto\/f:best\/http:\/\/tamsanmotor.com\/wp-content\/uploads\/2019\/03\/Paslanmaz-Santrifuj-Pompalar_1.jpg","type":"","width":"","height":""}],"twitter_card":"summary_large_image","schema":{"@context":"https:\/\/schema.org","@graph":[{"@type":"WebPage","@id":"https:\/\/tamsanmotor.com\/index.php\/urunler\/pompalar\/paslanmaz-pompalar\/paslanmaz-santrifuj-pompalar-2\/","url":"https:\/\/tamsanmotor.com\/index.php\/urunler\/pompalar\/paslanmaz-pompalar\/paslanmaz-santrifuj-pompalar-2\/","name":"Paslanmaz Santrifuj Pompalar - Tamsan Motor","isPartOf":{"@id":"https:\/\/tamsanmotor.com\/#website"},"primaryImageOfPage":{"@id":"https:\/\/tamsanmotor.com\/index.php\/urunler\/pompalar\/paslanmaz-pompalar\/paslanmaz-santrifuj-pompalar-2\/#primaryimage"},"image":{"@id":"https:\/\/tamsanmotor.com\/index.php\/urunler\/pompalar\/paslanmaz-pompalar\/paslanmaz-santrifuj-pompalar-2\/#primaryimage"},"thumbnailUrl":"https:\/\/mlnbhdmb5shf.i.optimole.com\/w:auto\/h:auto\/q:mauto\/f:best\/http:\/\/tamsanmotor.com\/wp-content\/uploads\/2019\/03\/Paslanmaz-Santrifuj-Pompalar_1.jpg","datePublished":"2019-03-19T13:30:07+00:00","dateModified":"2019-03-19T13:41:28+00:00","breadcrumb":{"@id":"https:\/\/tamsanmotor.com\/index.php\/urunler\/pompalar\/paslanmaz-pompalar\/paslanmaz-santrifuj-pompalar-2\/#breadcrumb"},"inLanguage":"tr","potentialAction":[{"@type":"ReadAction","target":["https:\/\/tamsanmotor.com\/index.php\/urunler\/pompalar\/paslanmaz-pompalar\/paslanmaz-santrifuj-pompalar-2\/"]}]},{"@type":"ImageObject","inLanguage":"tr","@id":"https:\/\/tamsanmotor.com\/index.php\/urunler\/pompalar\/paslanmaz-pompalar\/paslanmaz-santrifuj-pompalar-2\/#primaryimage","url":"https:\/\/mlnbhdmb5shf.i.optimole.com\/w:auto\/h:auto\/q:mauto\/f:best\/https:\/\/tamsanmotor.com\/wp-content\/uploads\/2019\/03\/Paslanmaz-Santrifuj-Pompalar_1.jpg","contentUrl":"https:\/\/mlnbhdmb5shf.i.optimole.com\/w:auto\/h:auto\/q:mauto\/f:best\/https:\/\/tamsanmotor.com\/wp-content\/uploads\/2019\/03\/Paslanmaz-Santrifuj-Pompalar_1.jpg","width":720,"height":876},{"@type":"BreadcrumbList","@id":"https:\/\/tamsanmotor.com\/index.php\/urunler\/pompalar\/paslanmaz-pompalar\/paslanmaz-santrifuj-pompalar-2\/#breadcrumb","itemListElement":[{"@type":"ListItem","position":1,"name":"Ana sayfa","item":"https:\/\/tamsanmotor.com\/"},{"@type":"ListItem","position":2,"name":"\u00dcr\u00fcnler","item":"https:\/\/tamsanmotor.com\/index.php\/urunler\/"},{"@type":"ListItem","position":3,"name":"Pompalar","item":"https:\/\/tamsanmotor.com\/index.php\/urunler\/pompalar\/"},{"@type":"ListItem","position":4,"name":"Paslanmaz Pompalar","item":"https:\/\/tamsanmotor.com\/index.php\/urunler\/pompalar\/paslanmaz-pompalar\/"},{"@type":"ListItem","position":5,"name":"Paslanmaz Santrifuj Pompalar"}]},{"@type":"WebSite","@id":"https:\/\/tamsanmotor.com\/#website","url":"https:\/\/tamsanmotor.com\/","name":"Tamsan Elektrik Motor","description":"","publisher":{"@id":"https:\/\/tamsanmotor.com\/#organization"},"potentialAction":[{"@type":"SearchAction","target":{"@type":"EntryPoint","urlTemplate":"https:\/\/tamsanmotor.com\/?s={search_term_string}"},"query-input":{"@type":"PropertyValueSpecification","valueRequired":true,"valueName":"search_term_string"}}],"inLanguage":"tr"},{"@type":"Organization","@id":"https:\/\/tamsanmotor.com\/#organization","name":"Tamsan Elektrik Motor San. ve Tic. Ltd. \u015eti.","url":"https:\/\/tamsanmotor.com\/","logo":{"@type":"ImageObject","inLanguage":"tr","@id":"https:\/\/tamsanmotor.com\/#\/schema\/logo\/image\/","url":"https:\/\/mlnbhdmb5shf.i.optimole.com\/w:auto\/h:auto\/q:mauto\/f:best\/https:\/\/tamsanmotor.com\/wp-content\/uploads\/2019\/11\/TAMSAN-logo.jpg","contentUrl":"https:\/\/mlnbhdmb5shf.i.optimole.com\/w:auto\/h:auto\/q:mauto\/f:best\/https:\/\/tamsanmotor.com\/wp-content\/uploads\/2019\/11\/TAMSAN-logo.jpg","width":1388,"height":292,"caption":"Tamsan Elektrik Motor San. ve Tic. Ltd. \u015eti."},"image":{"@id":"https:\/\/tamsanmotor.com\/#\/schema\/logo\/image\/"}}]}},"_links":{"self":[{"href":"https:\/\/tamsanmotor.com\/index.php\/wp-json\/wp\/v2\/pages\/1622","targetHints":{"allow":["GET"]}}],"collection":[{"href":"https:\/\/tamsanmotor.com\/index.php\/wp-json\/wp\/v2\/pages"}],"about":[{"href":"https:\/\/tamsanmotor.com\/index.php\/wp-json\/wp\/v2\/types\/page"}],"author":[{"embeddable":true,"href":"https:\/\/tamsanmotor.com\/index.php\/wp-json\/wp\/v2\/users\/1"}],"replies":[{"embeddable":true,"href":"https:\/\/tamsanmotor.com\/index.php\/wp-json\/wp\/v2\/comments?post=1622"}],"version-history":[{"count":0,"href":"https:\/\/tamsanmotor.com\/index.php\/wp-json\/wp\/v2\/pages\/1622\/revisions"}],"up":[{"embeddable":true,"href":"https:\/\/tamsanmotor.com\/index.php\/wp-json\/wp\/v2\/pages\/800"}],"wp:attachment":[{"href":"https:\/\/tamsanmotor.com\/index.php\/wp-json\/wp\/v2\/media?parent=1622"}],"wp:term":[{"taxonomy":"wf_page_folders","embeddable":true,"href":"https:\/\/tamsanmotor.com\/index.php\/wp-json\/wp\/v2\/wf_page_folders?post=1622"}],"curies":[{"name":"wp","href":"https:\/\/api.w.org\/{rel}","templated":true}]}}