{"id":1947,"date":"2019-03-19T23:39:27","date_gmt":"2019-03-19T20:39:27","guid":{"rendered":"http:\/\/tamsanmotor.com\/?page_id=1947"},"modified":"2019-03-19T23:47:49","modified_gmt":"2019-03-19T20:47:49","slug":"12v-140w-planet-disli-reduktor-motoru-27-dd-40nm-1112-reduksiyon","status":"publish","type":"page","link":"https:\/\/tamsanmotor.com\/index.php\/urunler\/elektrikmotorlari\/d-c-motorlar\/12v-planet-disli-reduktor-motorlari-2\/12v-140w-planet-disli-reduktor-motoru-27-dd-40nm-1112-reduksiyon\/","title":{"rendered":"12V, 140W, Planet Di\u015fli Red\u00fckt\u00f6r Motoru, 27 dd, 40Nm, 1112 Red\u00fcksiyon"},"content":{"rendered":"\t\t<div data-elementor-type=\"wp-post\" data-elementor-id=\"1947\" class=\"elementor elementor-1947\">\n\t\t\t\t\t\t<section class=\"elementor-section elementor-top-section elementor-element elementor-element-26bdda9 elementor-section-boxed elementor-section-height-default elementor-section-height-default\" data-id=\"26bdda9\" data-element_type=\"section\">\n\t\t\t\t\t\t<div class=\"elementor-container elementor-column-gap-default\">\n\t\t\t\t\t<div class=\"elementor-column elementor-col-50 elementor-top-column elementor-element elementor-element-1da87d8\" data-id=\"1da87d8\" data-element_type=\"column\">\n\t\t\t<div class=\"elementor-widget-wrap elementor-element-populated\">\n\t\t\t\t\t\t<div class=\"elementor-element elementor-element-90d1b6c elementor-widget elementor-widget-image\" data-id=\"90d1b6c\" data-element_type=\"widget\" data-widget_type=\"image.default\">\n\t\t\t\t\t\t\t\t\t\t\t\t\t\t\t<img data-opt-id=1781945366  fetchpriority=\"high\" decoding=\"async\" width=\"746\" height=\"690\" src=\"https:\/\/mlnbhdmb5shf.i.optimole.com\/w:auto\/h:auto\/q:mauto\/f:best\/https:\/\/tamsanmotor.com\/wp-content\/uploads\/2019\/03\/1-45.jpg\" class=\"attachment-large size-large wp-image-1971\" alt=\"\" srcset=\"https:\/\/mlnbhdmb5shf.i.optimole.com\/w:746\/h:690\/q:mauto\/f:best\/https:\/\/tamsanmotor.com\/wp-content\/uploads\/2019\/03\/1-45.jpg 746w, https:\/\/mlnbhdmb5shf.i.optimole.com\/w:300\/h:277\/q:mauto\/f:best\/https:\/\/tamsanmotor.com\/wp-content\/uploads\/2019\/03\/1-45.jpg 300w\" sizes=\"(max-width: 746px) 100vw, 746px\" \/>\t\t\t\t\t\t\t\t\t\t\t\t\t\t\t<\/div>\n\t\t\t\t\t<\/div>\n\t\t<\/div>\n\t\t\t\t<div class=\"elementor-column elementor-col-50 elementor-top-column elementor-element elementor-element-0842dad\" data-id=\"0842dad\" data-element_type=\"column\">\n\t\t\t<div class=\"elementor-widget-wrap elementor-element-populated\">\n\t\t\t\t\t\t<div class=\"elementor-element elementor-element-393eb31 elementor-widget elementor-widget-image\" data-id=\"393eb31\" data-element_type=\"widget\" data-widget_type=\"image.default\">\n\t\t\t\t\t\t\t\t\t\t\t\t\t\t\t\t<a href=\"https:\/\/mlnbhdmb5shf.i.optimole.com\/w:auto\/h:auto\/q:mauto\/f:best\/http:\/\/tamsanmotor.com\/wp-content\/uploads\/2019\/03\/2-45.jpg\" data-elementor-open-lightbox=\"yes\" data-elementor-lightbox-title=\"2-45\" data-e-action-hash=\"#elementor-action%3Aaction%3Dlightbox%26settings%3DeyJpZCI6MTk3MiwidXJsIjoiaHR0cHM6XC9cL3RhbXNhbm1vdG9yLmNvbVwvd3AtY29udGVudFwvdXBsb2Fkc1wvMjAxOVwvMDNcLzItNDUuanBnIn0%3D\">\n\t\t\t\t\t\t\t<img data-opt-id=1578827691  fetchpriority=\"high\" decoding=\"async\" width=\"810\" height=\"419\" src=\"https:\/\/mlnbhdmb5shf.i.optimole.com\/w:1024\/h:530\/q:mauto\/f:best\/https:\/\/tamsanmotor.com\/wp-content\/uploads\/2019\/03\/2-45.jpg\" class=\"attachment-large size-large wp-image-1972\" alt=\"\" srcset=\"https:\/\/mlnbhdmb5shf.i.optimole.com\/w:1024\/h:530\/q:mauto\/f:best\/https:\/\/tamsanmotor.com\/wp-content\/uploads\/2019\/03\/2-45.jpg 1024w, https:\/\/mlnbhdmb5shf.i.optimole.com\/w:300\/h:155\/q:mauto\/f:best\/https:\/\/tamsanmotor.com\/wp-content\/uploads\/2019\/03\/2-45.jpg 300w, https:\/\/mlnbhdmb5shf.i.optimole.com\/w:768\/h:398\/q:mauto\/f:best\/https:\/\/tamsanmotor.com\/wp-content\/uploads\/2019\/03\/2-45.jpg 768w, https:\/\/mlnbhdmb5shf.i.optimole.com\/w:1332\/h:690\/q:mauto\/f:best\/https:\/\/tamsanmotor.com\/wp-content\/uploads\/2019\/03\/2-45.jpg 1332w\" sizes=\"(max-width: 810px) 100vw, 810px\" \/>\t\t\t\t\t\t\t\t<\/a>\n\t\t\t\t\t\t\t\t\t\t\t\t\t\t\t<\/div>\n\t\t\t\t\t<\/div>\n\t\t<\/div>\n\t\t\t\t\t<\/div>\n\t\t<\/section>\n\t\t\t\t<section class=\"elementor-section elementor-top-section elementor-element elementor-element-7df0668 elementor-section-boxed elementor-section-height-default elementor-section-height-default\" data-id=\"7df0668\" data-element_type=\"section\">\n\t\t\t\t\t\t<div class=\"elementor-container elementor-column-gap-default\">\n\t\t\t\t\t<div class=\"elementor-column elementor-col-33 elementor-top-column elementor-element elementor-element-09c69dd\" data-id=\"09c69dd\" data-element_type=\"column\">\n\t\t\t<div class=\"elementor-widget-wrap elementor-element-populated\">\n\t\t\t\t\t\t<div class=\"elementor-element elementor-element-3b089bf elementor-widget elementor-widget-image\" data-id=\"3b089bf\" data-element_type=\"widget\" data-widget_type=\"image.default\">\n\t\t\t\t\t\t\t\t\t\t\t\t\t\t\t\t<a href=\"https:\/\/mlnbhdmb5shf.i.optimole.com\/w:auto\/h:auto\/q:mauto\/f:best\/http:\/\/tamsanmotor.com\/wp-content\/uploads\/2019\/03\/3-62.jpg\" data-elementor-open-lightbox=\"yes\" data-elementor-lightbox-title=\"3-62\" data-e-action-hash=\"#elementor-action%3Aaction%3Dlightbox%26settings%3DeyJpZCI6MTk3MywidXJsIjoiaHR0cHM6XC9cL3RhbXNhbm1vdG9yLmNvbVwvd3AtY29udGVudFwvdXBsb2Fkc1wvMjAxOVwvMDNcLzMtNjIuanBnIn0%3D\">\n\t\t\t\t\t\t\t<img data-opt-id=710238446  fetchpriority=\"high\" decoding=\"async\" width=\"728\" height=\"699\" src=\"https:\/\/mlnbhdmb5shf.i.optimole.com\/w:auto\/h:auto\/q:mauto\/f:best\/https:\/\/tamsanmotor.com\/wp-content\/uploads\/2019\/03\/3-62.jpg\" class=\"attachment-large size-large wp-image-1973\" alt=\"\" srcset=\"https:\/\/mlnbhdmb5shf.i.optimole.com\/w:728\/h:699\/q:mauto\/f:best\/https:\/\/tamsanmotor.com\/wp-content\/uploads\/2019\/03\/3-62.jpg 728w, https:\/\/mlnbhdmb5shf.i.optimole.com\/w:300\/h:288\/q:mauto\/f:best\/https:\/\/tamsanmotor.com\/wp-content\/uploads\/2019\/03\/3-62.jpg 300w\" sizes=\"(max-width: 728px) 100vw, 728px\" \/>\t\t\t\t\t\t\t\t<\/a>\n\t\t\t\t\t\t\t\t\t\t\t\t\t\t\t<\/div>\n\t\t\t\t\t<\/div>\n\t\t<\/div>\n\t\t\t\t<div class=\"elementor-column elementor-col-33 elementor-top-column elementor-element elementor-element-45cdcce\" data-id=\"45cdcce\" data-element_type=\"column\">\n\t\t\t<div class=\"elementor-widget-wrap elementor-element-populated\">\n\t\t\t\t\t\t<div class=\"elementor-element elementor-element-fe51feb elementor-widget elementor-widget-image\" data-id=\"fe51feb\" data-element_type=\"widget\" data-widget_type=\"image.default\">\n\t\t\t\t\t\t\t\t\t\t\t\t\t\t\t\t<a href=\"https:\/\/mlnbhdmb5shf.i.optimole.com\/w:auto\/h:auto\/q:mauto\/f:best\/http:\/\/tamsanmotor.com\/wp-content\/uploads\/2019\/03\/4-48.jpg\" data-elementor-open-lightbox=\"yes\" data-elementor-lightbox-title=\"4-48\" data-e-action-hash=\"#elementor-action%3Aaction%3Dlightbox%26settings%3DeyJpZCI6MTk3NCwidXJsIjoiaHR0cHM6XC9cL3RhbXNhbm1vdG9yLmNvbVwvd3AtY29udGVudFwvdXBsb2Fkc1wvMjAxOVwvMDNcLzQtNDguanBnIn0%3D\">\n\t\t\t\t\t\t\t<img data-opt-id=977997436  data-opt-src=\"https:\/\/mlnbhdmb5shf.i.optimole.com\/w:auto\/h:auto\/q:mauto\/f:best\/https:\/\/tamsanmotor.com\/wp-content\/uploads\/2019\/03\/4-48.jpg\"  loading=\"lazy\" decoding=\"async\" width=\"728\" height=\"501\" src=\"data:image/svg+xml,%3Csvg%20viewBox%3D%220%200%20100%%20100%%22%20width%3D%22100%%22%20height%3D%22100%%22%20xmlns%3D%22http%3A%2F%2Fwww.w3.org%2F2000%2Fsvg%22%3E%3Crect%20width%3D%22100%%22%20height%3D%22100%%22%20fill%3D%22transparent%22%2F%3E%3C%2Fsvg%3E\" class=\"attachment-large size-large wp-image-1974\" alt=\"\" old-srcset=\"https:\/\/mlnbhdmb5shf.i.optimole.com\/w:728\/h:501\/q:mauto\/f:best\/https:\/\/tamsanmotor.com\/wp-content\/uploads\/2019\/03\/4-48.jpg 728w, https:\/\/mlnbhdmb5shf.i.optimole.com\/w:300\/h:206\/q:mauto\/f:best\/https:\/\/tamsanmotor.com\/wp-content\/uploads\/2019\/03\/4-48.jpg 300w\" \/><noscript><img data-opt-id=977997436  loading=\"lazy\" decoding=\"async\" width=\"728\" height=\"501\" src=\"https:\/\/mlnbhdmb5shf.i.optimole.com\/w:auto\/h:auto\/q:mauto\/f:best\/https:\/\/tamsanmotor.com\/wp-content\/uploads\/2019\/03\/4-48.jpg\" class=\"attachment-large size-large wp-image-1974\" alt=\"\" srcset=\"https:\/\/mlnbhdmb5shf.i.optimole.com\/w:728\/h:501\/q:mauto\/f:best\/https:\/\/mlnbhdmb5shf.i.optimole.com\/w:auto\/h:auto\/q:mauto\/f:best\/https:\/\/tamsanmotor.com\/wp-content\/uploads\/2019\/03\/4-48.jpg 728w, https:\/\/mlnbhdmb5shf.i.optimole.com\/w:300\/h:206\/q:mauto\/f:best\/https:\/\/mlnbhdmb5shf.i.optimole.com\/w:auto\/h:auto\/q:mauto\/f:best\/https:\/\/tamsanmotor.com\/wp-content\/uploads\/2019\/03\/4-48.jpg 300w\" sizes=\"(max-width: 728px) 100vw, 728px\" \/></noscript>\t\t\t\t\t\t\t\t<\/a>\n\t\t\t\t\t\t\t\t\t\t\t\t\t\t\t<\/div>\n\t\t\t\t\t<\/div>\n\t\t<\/div>\n\t\t\t\t<div class=\"elementor-column elementor-col-33 elementor-top-column elementor-element elementor-element-473569f\" data-id=\"473569f\" data-element_type=\"column\">\n\t\t\t<div class=\"elementor-widget-wrap elementor-element-populated\">\n\t\t\t\t\t\t<div class=\"elementor-element elementor-element-cab4545 elementor-widget elementor-widget-image\" data-id=\"cab4545\" data-element_type=\"widget\" data-widget_type=\"image.default\">\n\t\t\t\t\t\t\t\t\t\t\t\t\t\t\t\t<a href=\"https:\/\/mlnbhdmb5shf.i.optimole.com\/w:auto\/h:auto\/q:mauto\/f:best\/http:\/\/tamsanmotor.com\/wp-content\/uploads\/2019\/03\/5-45.jpg\" data-elementor-open-lightbox=\"yes\" data-elementor-lightbox-title=\"5-45\" data-e-action-hash=\"#elementor-action%3Aaction%3Dlightbox%26settings%3DeyJpZCI6MTk3NSwidXJsIjoiaHR0cHM6XC9cL3RhbXNhbm1vdG9yLmNvbVwvd3AtY29udGVudFwvdXBsb2Fkc1wvMjAxOVwvMDNcLzUtNDUuanBnIn0%3D\">\n\t\t\t\t\t\t\t<img data-opt-id=664451625  data-opt-src=\"https:\/\/mlnbhdmb5shf.i.optimole.com\/w:auto\/h:auto\/q:mauto\/f:best\/https:\/\/tamsanmotor.com\/wp-content\/uploads\/2019\/03\/5-45.jpg\"  loading=\"lazy\" decoding=\"async\" width=\"728\" height=\"501\" src=\"data:image/svg+xml,%3Csvg%20viewBox%3D%220%200%20100%%20100%%22%20width%3D%22100%%22%20height%3D%22100%%22%20xmlns%3D%22http%3A%2F%2Fwww.w3.org%2F2000%2Fsvg%22%3E%3Crect%20width%3D%22100%%22%20height%3D%22100%%22%20fill%3D%22transparent%22%2F%3E%3C%2Fsvg%3E\" class=\"attachment-large size-large wp-image-1975\" alt=\"\" old-srcset=\"https:\/\/mlnbhdmb5shf.i.optimole.com\/w:728\/h:501\/q:mauto\/f:best\/https:\/\/tamsanmotor.com\/wp-content\/uploads\/2019\/03\/5-45.jpg 728w, https:\/\/mlnbhdmb5shf.i.optimole.com\/w:300\/h:206\/q:mauto\/f:best\/https:\/\/tamsanmotor.com\/wp-content\/uploads\/2019\/03\/5-45.jpg 300w\" \/><noscript><img data-opt-id=664451625  loading=\"lazy\" decoding=\"async\" width=\"728\" height=\"501\" src=\"https:\/\/mlnbhdmb5shf.i.optimole.com\/w:auto\/h:auto\/q:mauto\/f:best\/https:\/\/tamsanmotor.com\/wp-content\/uploads\/2019\/03\/5-45.jpg\" class=\"attachment-large size-large wp-image-1975\" alt=\"\" srcset=\"https:\/\/mlnbhdmb5shf.i.optimole.com\/w:728\/h:501\/q:mauto\/f:best\/https:\/\/mlnbhdmb5shf.i.optimole.com\/w:auto\/h:auto\/q:mauto\/f:best\/https:\/\/tamsanmotor.com\/wp-content\/uploads\/2019\/03\/5-45.jpg 728w, https:\/\/mlnbhdmb5shf.i.optimole.com\/w:300\/h:206\/q:mauto\/f:best\/https:\/\/mlnbhdmb5shf.i.optimole.com\/w:auto\/h:auto\/q:mauto\/f:best\/https:\/\/tamsanmotor.com\/wp-content\/uploads\/2019\/03\/5-45.jpg 300w\" sizes=\"(max-width: 728px) 100vw, 728px\" \/></noscript>\t\t\t\t\t\t\t\t<\/a>\n\t\t\t\t\t\t\t\t\t\t\t\t\t\t\t<\/div>\n\t\t\t\t\t<\/div>\n\t\t<\/div>\n\t\t\t\t\t<\/div>\n\t\t<\/section>\n\t\t\t\t<\/div>\n\t\t","protected":false},"excerpt":{"rendered":"","protected":false},"author":1,"featured_media":0,"parent":1674,"menu_order":0,"comment_status":"closed","ping_status":"closed","template":"","meta":{"footnotes":""},"wf_page_folders":[],"class_list":["post-1947","page","type-page","status-publish","hentry"],"yoast_head":"<!-- This site is optimized with the Yoast SEO plugin v24.8.1 - https:\/\/yoast.com\/wordpress\/plugins\/seo\/ -->\n<title>12V, 140W, Planet Di\u015fli Red\u00fckt\u00f6r Motoru, 27 dd, 40Nm, 1112 Red\u00fcksiyon - Tamsan Motor<\/title>\n<meta name=\"robots\" content=\"index, follow, max-snippet:-1, max-image-preview:large, max-video-preview:-1\" \/>\n<link rel=\"canonical\" href=\"https:\/\/tamsanmotor.com\/index.php\/urunler\/elektrikmotorlari\/d-c-motorlar\/12v-planet-disli-reduktor-motorlari-2\/12v-140w-planet-disli-reduktor-motoru-27-dd-40nm-1112-reduksiyon\/\" \/>\n<meta property=\"og:locale\" content=\"tr_TR\" \/>\n<meta property=\"og:type\" content=\"article\" \/>\n<meta property=\"og:title\" content=\"12V, 140W, Planet Di\u015fli Red\u00fckt\u00f6r Motoru, 27 dd, 40Nm, 1112 Red\u00fcksiyon - Tamsan Motor\" \/>\n<meta property=\"og:url\" content=\"https:\/\/tamsanmotor.com\/index.php\/urunler\/elektrikmotorlari\/d-c-motorlar\/12v-planet-disli-reduktor-motorlari-2\/12v-140w-planet-disli-reduktor-motoru-27-dd-40nm-1112-reduksiyon\/\" \/>\n<meta property=\"og:site_name\" content=\"Tamsan Motor\" \/>\n<meta property=\"article:modified_time\" content=\"2019-03-19T20:47:49+00:00\" \/>\n<meta property=\"og:image\" content=\"https:\/\/mlnbhdmb5shf.i.optimole.com\/w:auto\/h:auto\/q:mauto\/f:best\/http:\/\/tamsanmotor.com\/wp-content\/uploads\/2019\/03\/1-45.jpg\" \/>\n<meta name=\"twitter:card\" content=\"summary_large_image\" \/>\n<script type=\"application\/ld+json\" class=\"yoast-schema-graph\">{\"@context\":\"https:\/\/schema.org\",\"@graph\":[{\"@type\":\"WebPage\",\"@id\":\"https:\/\/tamsanmotor.com\/index.php\/urunler\/elektrikmotorlari\/d-c-motorlar\/12v-planet-disli-reduktor-motorlari-2\/12v-140w-planet-disli-reduktor-motoru-27-dd-40nm-1112-reduksiyon\/\",\"url\":\"https:\/\/tamsanmotor.com\/index.php\/urunler\/elektrikmotorlari\/d-c-motorlar\/12v-planet-disli-reduktor-motorlari-2\/12v-140w-planet-disli-reduktor-motoru-27-dd-40nm-1112-reduksiyon\/\",\"name\":\"12V, 140W, Planet Di\u015fli Red\u00fckt\u00f6r Motoru, 27 dd, 40Nm, 1112 Red\u00fcksiyon - Tamsan Motor\",\"isPartOf\":{\"@id\":\"https:\/\/tamsanmotor.com\/#website\"},\"primaryImageOfPage\":{\"@id\":\"https:\/\/tamsanmotor.com\/index.php\/urunler\/elektrikmotorlari\/d-c-motorlar\/12v-planet-disli-reduktor-motorlari-2\/12v-140w-planet-disli-reduktor-motoru-27-dd-40nm-1112-reduksiyon\/#primaryimage\"},\"image\":{\"@id\":\"https:\/\/tamsanmotor.com\/index.php\/urunler\/elektrikmotorlari\/d-c-motorlar\/12v-planet-disli-reduktor-motorlari-2\/12v-140w-planet-disli-reduktor-motoru-27-dd-40nm-1112-reduksiyon\/#primaryimage\"},\"thumbnailUrl\":\"https:\/\/mlnbhdmb5shf.i.optimole.com\/w:auto\/h:auto\/q:mauto\/f:best\/http:\/\/tamsanmotor.com\/wp-content\/uploads\/2019\/03\/1-45.jpg\",\"datePublished\":\"2019-03-19T20:39:27+00:00\",\"dateModified\":\"2019-03-19T20:47:49+00:00\",\"breadcrumb\":{\"@id\":\"https:\/\/tamsanmotor.com\/index.php\/urunler\/elektrikmotorlari\/d-c-motorlar\/12v-planet-disli-reduktor-motorlari-2\/12v-140w-planet-disli-reduktor-motoru-27-dd-40nm-1112-reduksiyon\/#breadcrumb\"},\"inLanguage\":\"tr\",\"potentialAction\":[{\"@type\":\"ReadAction\",\"target\":[\"https:\/\/tamsanmotor.com\/index.php\/urunler\/elektrikmotorlari\/d-c-motorlar\/12v-planet-disli-reduktor-motorlari-2\/12v-140w-planet-disli-reduktor-motoru-27-dd-40nm-1112-reduksiyon\/\"]}]},{\"@type\":\"ImageObject\",\"inLanguage\":\"tr\",\"@id\":\"https:\/\/tamsanmotor.com\/index.php\/urunler\/elektrikmotorlari\/d-c-motorlar\/12v-planet-disli-reduktor-motorlari-2\/12v-140w-planet-disli-reduktor-motoru-27-dd-40nm-1112-reduksiyon\/#primaryimage\",\"url\":\"https:\/\/mlnbhdmb5shf.i.optimole.com\/w:auto\/h:auto\/q:mauto\/f:best\/https:\/\/tamsanmotor.com\/wp-content\/uploads\/2019\/03\/1-45.jpg\",\"contentUrl\":\"https:\/\/mlnbhdmb5shf.i.optimole.com\/w:auto\/h:auto\/q:mauto\/f:best\/https:\/\/tamsanmotor.com\/wp-content\/uploads\/2019\/03\/1-45.jpg\",\"width\":746,\"height\":690},{\"@type\":\"BreadcrumbList\",\"@id\":\"https:\/\/tamsanmotor.com\/index.php\/urunler\/elektrikmotorlari\/d-c-motorlar\/12v-planet-disli-reduktor-motorlari-2\/12v-140w-planet-disli-reduktor-motoru-27-dd-40nm-1112-reduksiyon\/#breadcrumb\",\"itemListElement\":[{\"@type\":\"ListItem\",\"position\":1,\"name\":\"Ana sayfa\",\"item\":\"https:\/\/tamsanmotor.com\/\"},{\"@type\":\"ListItem\",\"position\":2,\"name\":\"\u00dcr\u00fcnler\",\"item\":\"https:\/\/tamsanmotor.com\/index.php\/urunler\/\"},{\"@type\":\"ListItem\",\"position\":3,\"name\":\"Elektrik Motorlar\u0131\",\"item\":\"https:\/\/tamsanmotor.com\/index.php\/urunler\/elektrikmotorlari\/\"},{\"@type\":\"ListItem\",\"position\":4,\"name\":\"D.c Motorlar\",\"item\":\"https:\/\/tamsanmotor.com\/index.php\/urunler\/elektrikmotorlari\/d-c-motorlar\/\"},{\"@type\":\"ListItem\",\"position\":5,\"name\":\"12V Planet Di\u015fli Red\u00fckt\u00f6r Motorlar\u0131\",\"item\":\"https:\/\/tamsanmotor.com\/index.php\/urunler\/elektrikmotorlari\/d-c-motorlar\/12v-planet-disli-reduktor-motorlari-2\/\"},{\"@type\":\"ListItem\",\"position\":6,\"name\":\"12V, 140W, Planet Di\u015fli Red\u00fckt\u00f6r Motoru, 27 dd, 40Nm, 1112 Red\u00fcksiyon\"}]},{\"@type\":\"WebSite\",\"@id\":\"https:\/\/tamsanmotor.com\/#website\",\"url\":\"https:\/\/tamsanmotor.com\/\",\"name\":\"Tamsan Elektrik Motor\",\"description\":\"\",\"publisher\":{\"@id\":\"https:\/\/tamsanmotor.com\/#organization\"},\"potentialAction\":[{\"@type\":\"SearchAction\",\"target\":{\"@type\":\"EntryPoint\",\"urlTemplate\":\"https:\/\/tamsanmotor.com\/?s={search_term_string}\"},\"query-input\":{\"@type\":\"PropertyValueSpecification\",\"valueRequired\":true,\"valueName\":\"search_term_string\"}}],\"inLanguage\":\"tr\"},{\"@type\":\"Organization\",\"@id\":\"https:\/\/tamsanmotor.com\/#organization\",\"name\":\"Tamsan Elektrik Motor San. ve Tic. Ltd. \u015eti.\",\"url\":\"https:\/\/tamsanmotor.com\/\",\"logo\":{\"@type\":\"ImageObject\",\"inLanguage\":\"tr\",\"@id\":\"https:\/\/tamsanmotor.com\/#\/schema\/logo\/image\/\",\"url\":\"https:\/\/mlnbhdmb5shf.i.optimole.com\/w:auto\/h:auto\/q:mauto\/f:best\/https:\/\/tamsanmotor.com\/wp-content\/uploads\/2019\/11\/TAMSAN-logo.jpg\",\"contentUrl\":\"https:\/\/mlnbhdmb5shf.i.optimole.com\/w:auto\/h:auto\/q:mauto\/f:best\/https:\/\/tamsanmotor.com\/wp-content\/uploads\/2019\/11\/TAMSAN-logo.jpg\",\"width\":1388,\"height\":292,\"caption\":\"Tamsan Elektrik Motor San. ve Tic. Ltd. \u015eti.\"},\"image\":{\"@id\":\"https:\/\/tamsanmotor.com\/#\/schema\/logo\/image\/\"}}]}<\/script>\n<!-- \/ Yoast SEO plugin. -->","yoast_head_json":{"title":"12V, 140W, Planet Di\u015fli Red\u00fckt\u00f6r Motoru, 27 dd, 40Nm, 1112 Red\u00fcksiyon - Tamsan Motor","robots":{"index":"index","follow":"follow","max-snippet":"max-snippet:-1","max-image-preview":"max-image-preview:large","max-video-preview":"max-video-preview:-1"},"canonical":"https:\/\/tamsanmotor.com\/index.php\/urunler\/elektrikmotorlari\/d-c-motorlar\/12v-planet-disli-reduktor-motorlari-2\/12v-140w-planet-disli-reduktor-motoru-27-dd-40nm-1112-reduksiyon\/","og_locale":"tr_TR","og_type":"article","og_title":"12V, 140W, Planet Di\u015fli Red\u00fckt\u00f6r Motoru, 27 dd, 40Nm, 1112 Red\u00fcksiyon - Tamsan Motor","og_url":"https:\/\/tamsanmotor.com\/index.php\/urunler\/elektrikmotorlari\/d-c-motorlar\/12v-planet-disli-reduktor-motorlari-2\/12v-140w-planet-disli-reduktor-motoru-27-dd-40nm-1112-reduksiyon\/","og_site_name":"Tamsan Motor","article_modified_time":"2019-03-19T20:47:49+00:00","og_image":[{"url":"https:\/\/mlnbhdmb5shf.i.optimole.com\/w:auto\/h:auto\/q:mauto\/f:best\/http:\/\/tamsanmotor.com\/wp-content\/uploads\/2019\/03\/1-45.jpg","type":"","width":"","height":""}],"twitter_card":"summary_large_image","schema":{"@context":"https:\/\/schema.org","@graph":[{"@type":"WebPage","@id":"https:\/\/tamsanmotor.com\/index.php\/urunler\/elektrikmotorlari\/d-c-motorlar\/12v-planet-disli-reduktor-motorlari-2\/12v-140w-planet-disli-reduktor-motoru-27-dd-40nm-1112-reduksiyon\/","url":"https:\/\/tamsanmotor.com\/index.php\/urunler\/elektrikmotorlari\/d-c-motorlar\/12v-planet-disli-reduktor-motorlari-2\/12v-140w-planet-disli-reduktor-motoru-27-dd-40nm-1112-reduksiyon\/","name":"12V, 140W, Planet Di\u015fli Red\u00fckt\u00f6r Motoru, 27 dd, 40Nm, 1112 Red\u00fcksiyon - Tamsan Motor","isPartOf":{"@id":"https:\/\/tamsanmotor.com\/#website"},"primaryImageOfPage":{"@id":"https:\/\/tamsanmotor.com\/index.php\/urunler\/elektrikmotorlari\/d-c-motorlar\/12v-planet-disli-reduktor-motorlari-2\/12v-140w-planet-disli-reduktor-motoru-27-dd-40nm-1112-reduksiyon\/#primaryimage"},"image":{"@id":"https:\/\/tamsanmotor.com\/index.php\/urunler\/elektrikmotorlari\/d-c-motorlar\/12v-planet-disli-reduktor-motorlari-2\/12v-140w-planet-disli-reduktor-motoru-27-dd-40nm-1112-reduksiyon\/#primaryimage"},"thumbnailUrl":"https:\/\/mlnbhdmb5shf.i.optimole.com\/w:auto\/h:auto\/q:mauto\/f:best\/http:\/\/tamsanmotor.com\/wp-content\/uploads\/2019\/03\/1-45.jpg","datePublished":"2019-03-19T20:39:27+00:00","dateModified":"2019-03-19T20:47:49+00:00","breadcrumb":{"@id":"https:\/\/tamsanmotor.com\/index.php\/urunler\/elektrikmotorlari\/d-c-motorlar\/12v-planet-disli-reduktor-motorlari-2\/12v-140w-planet-disli-reduktor-motoru-27-dd-40nm-1112-reduksiyon\/#breadcrumb"},"inLanguage":"tr","potentialAction":[{"@type":"ReadAction","target":["https:\/\/tamsanmotor.com\/index.php\/urunler\/elektrikmotorlari\/d-c-motorlar\/12v-planet-disli-reduktor-motorlari-2\/12v-140w-planet-disli-reduktor-motoru-27-dd-40nm-1112-reduksiyon\/"]}]},{"@type":"ImageObject","inLanguage":"tr","@id":"https:\/\/tamsanmotor.com\/index.php\/urunler\/elektrikmotorlari\/d-c-motorlar\/12v-planet-disli-reduktor-motorlari-2\/12v-140w-planet-disli-reduktor-motoru-27-dd-40nm-1112-reduksiyon\/#primaryimage","url":"https:\/\/mlnbhdmb5shf.i.optimole.com\/w:auto\/h:auto\/q:mauto\/f:best\/https:\/\/tamsanmotor.com\/wp-content\/uploads\/2019\/03\/1-45.jpg","contentUrl":"https:\/\/mlnbhdmb5shf.i.optimole.com\/w:auto\/h:auto\/q:mauto\/f:best\/https:\/\/tamsanmotor.com\/wp-content\/uploads\/2019\/03\/1-45.jpg","width":746,"height":690},{"@type":"BreadcrumbList","@id":"https:\/\/tamsanmotor.com\/index.php\/urunler\/elektrikmotorlari\/d-c-motorlar\/12v-planet-disli-reduktor-motorlari-2\/12v-140w-planet-disli-reduktor-motoru-27-dd-40nm-1112-reduksiyon\/#breadcrumb","itemListElement":[{"@type":"ListItem","position":1,"name":"Ana sayfa","item":"https:\/\/tamsanmotor.com\/"},{"@type":"ListItem","position":2,"name":"\u00dcr\u00fcnler","item":"https:\/\/tamsanmotor.com\/index.php\/urunler\/"},{"@type":"ListItem","position":3,"name":"Elektrik Motorlar\u0131","item":"https:\/\/tamsanmotor.com\/index.php\/urunler\/elektrikmotorlari\/"},{"@type":"ListItem","position":4,"name":"D.c Motorlar","item":"https:\/\/tamsanmotor.com\/index.php\/urunler\/elektrikmotorlari\/d-c-motorlar\/"},{"@type":"ListItem","position":5,"name":"12V Planet Di\u015fli Red\u00fckt\u00f6r Motorlar\u0131","item":"https:\/\/tamsanmotor.com\/index.php\/urunler\/elektrikmotorlari\/d-c-motorlar\/12v-planet-disli-reduktor-motorlari-2\/"},{"@type":"ListItem","position":6,"name":"12V, 140W, Planet Di\u015fli Red\u00fckt\u00f6r Motoru, 27 dd, 40Nm, 1112 Red\u00fcksiyon"}]},{"@type":"WebSite","@id":"https:\/\/tamsanmotor.com\/#website","url":"https:\/\/tamsanmotor.com\/","name":"Tamsan Elektrik Motor","description":"","publisher":{"@id":"https:\/\/tamsanmotor.com\/#organization"},"potentialAction":[{"@type":"SearchAction","target":{"@type":"EntryPoint","urlTemplate":"https:\/\/tamsanmotor.com\/?s={search_term_string}"},"query-input":{"@type":"PropertyValueSpecification","valueRequired":true,"valueName":"search_term_string"}}],"inLanguage":"tr"},{"@type":"Organization","@id":"https:\/\/tamsanmotor.com\/#organization","name":"Tamsan Elektrik Motor San. ve Tic. Ltd. \u015eti.","url":"https:\/\/tamsanmotor.com\/","logo":{"@type":"ImageObject","inLanguage":"tr","@id":"https:\/\/tamsanmotor.com\/#\/schema\/logo\/image\/","url":"https:\/\/mlnbhdmb5shf.i.optimole.com\/w:auto\/h:auto\/q:mauto\/f:best\/https:\/\/tamsanmotor.com\/wp-content\/uploads\/2019\/11\/TAMSAN-logo.jpg","contentUrl":"https:\/\/mlnbhdmb5shf.i.optimole.com\/w:auto\/h:auto\/q:mauto\/f:best\/https:\/\/tamsanmotor.com\/wp-content\/uploads\/2019\/11\/TAMSAN-logo.jpg","width":1388,"height":292,"caption":"Tamsan Elektrik Motor San. ve Tic. Ltd. \u015eti."},"image":{"@id":"https:\/\/tamsanmotor.com\/#\/schema\/logo\/image\/"}}]}},"_links":{"self":[{"href":"https:\/\/tamsanmotor.com\/index.php\/wp-json\/wp\/v2\/pages\/1947","targetHints":{"allow":["GET"]}}],"collection":[{"href":"https:\/\/tamsanmotor.com\/index.php\/wp-json\/wp\/v2\/pages"}],"about":[{"href":"https:\/\/tamsanmotor.com\/index.php\/wp-json\/wp\/v2\/types\/page"}],"author":[{"embeddable":true,"href":"https:\/\/tamsanmotor.com\/index.php\/wp-json\/wp\/v2\/users\/1"}],"replies":[{"embeddable":true,"href":"https:\/\/tamsanmotor.com\/index.php\/wp-json\/wp\/v2\/comments?post=1947"}],"version-history":[{"count":0,"href":"https:\/\/tamsanmotor.com\/index.php\/wp-json\/wp\/v2\/pages\/1947\/revisions"}],"up":[{"embeddable":true,"href":"https:\/\/tamsanmotor.com\/index.php\/wp-json\/wp\/v2\/pages\/1674"}],"wp:attachment":[{"href":"https:\/\/tamsanmotor.com\/index.php\/wp-json\/wp\/v2\/media?parent=1947"}],"wp:term":[{"taxonomy":"wf_page_folders","embeddable":true,"href":"https:\/\/tamsanmotor.com\/index.php\/wp-json\/wp\/v2\/wf_page_folders?post=1947"}],"curies":[{"name":"wp","href":"https:\/\/api.w.org\/{rel}","templated":true}]}}