{"id":1989,"date":"2019-03-19T23:49:31","date_gmt":"2019-03-19T20:49:31","guid":{"rendered":"http:\/\/tamsanmotor.com\/?page_id=1989"},"modified":"2019-03-19T23:56:20","modified_gmt":"2019-03-19T20:56:20","slug":"12v-120w-115-dd-8nm-reduktorlu-motor-o67-130-reduksiyon-2","status":"publish","type":"page","link":"https:\/\/tamsanmotor.com\/index.php\/urunler\/elektrikmotorlari\/d-c-motorlar\/12v-reduktorlu-motorlar-2\/12v-120w-115-dd-8nm-reduktorlu-motor-o67-130-reduksiyon-2\/","title":{"rendered":"12V, 120W, 115 dd, 8Nm, Red\u00fckt\u00f6rl\u00fc Motor, \u00f867, 130 Red\u00fcksiyon"},"content":{"rendered":"\t\t<div data-elementor-type=\"wp-post\" data-elementor-id=\"1989\" class=\"elementor elementor-1989\">\n\t\t\t\t\t\t<section class=\"elementor-section elementor-top-section elementor-element elementor-element-1129daa elementor-section-boxed elementor-section-height-default elementor-section-height-default\" data-id=\"1129daa\" data-element_type=\"section\">\n\t\t\t\t\t\t<div class=\"elementor-container elementor-column-gap-default\">\n\t\t\t\t\t<div class=\"elementor-column elementor-col-50 elementor-top-column elementor-element elementor-element-2170f3c\" data-id=\"2170f3c\" data-element_type=\"column\">\n\t\t\t<div class=\"elementor-widget-wrap elementor-element-populated\">\n\t\t\t\t\t\t<div class=\"elementor-element elementor-element-87a4f12 elementor-widget elementor-widget-image\" data-id=\"87a4f12\" data-element_type=\"widget\" data-widget_type=\"image.default\">\n\t\t\t\t\t\t\t\t\t\t\t\t\t\t\t<img data-opt-id=289712704  fetchpriority=\"high\" decoding=\"async\" width=\"746\" height=\"690\" src=\"https:\/\/mlnbhdmb5shf.i.optimole.com\/w:746\/h:690\/q:mauto\/f:best\/https:\/\/tamsanmotor.com\/wp-content\/uploads\/2019\/03\/1-58.jpg\" class=\"attachment-large size-large wp-image-2005\" alt=\"\" srcset=\"https:\/\/mlnbhdmb5shf.i.optimole.com\/w:746\/h:690\/q:mauto\/f:best\/https:\/\/tamsanmotor.com\/wp-content\/uploads\/2019\/03\/1-58.jpg 746w, https:\/\/mlnbhdmb5shf.i.optimole.com\/w:300\/h:277\/q:mauto\/f:best\/https:\/\/tamsanmotor.com\/wp-content\/uploads\/2019\/03\/1-58.jpg 300w\" sizes=\"(max-width: 746px) 100vw, 746px\" \/>\t\t\t\t\t\t\t\t\t\t\t\t\t\t\t<\/div>\n\t\t\t\t\t<\/div>\n\t\t<\/div>\n\t\t\t\t<div class=\"elementor-column elementor-col-50 elementor-top-column elementor-element elementor-element-0b534d5\" data-id=\"0b534d5\" data-element_type=\"column\">\n\t\t\t<div class=\"elementor-widget-wrap elementor-element-populated\">\n\t\t\t\t\t\t<div class=\"elementor-element elementor-element-4247399 elementor-widget elementor-widget-image\" data-id=\"4247399\" data-element_type=\"widget\" data-widget_type=\"image.default\">\n\t\t\t\t\t\t\t\t\t\t\t\t\t\t\t<img data-opt-id=1277676193  fetchpriority=\"high\" decoding=\"async\" width=\"810\" height=\"420\" src=\"https:\/\/mlnbhdmb5shf.i.optimole.com\/w:810\/h:420\/q:mauto\/f:best\/https:\/\/tamsanmotor.com\/wp-content\/uploads\/2019\/03\/2-58.jpg\" class=\"attachment-large size-large wp-image-2006\" alt=\"\" srcset=\"https:\/\/mlnbhdmb5shf.i.optimole.com\/w:1332\/h:690\/q:mauto\/f:best\/https:\/\/tamsanmotor.com\/wp-content\/uploads\/2019\/03\/2-58.jpg 1332w, https:\/\/mlnbhdmb5shf.i.optimole.com\/w:300\/h:155\/q:mauto\/f:best\/https:\/\/tamsanmotor.com\/wp-content\/uploads\/2019\/03\/2-58.jpg 300w, https:\/\/mlnbhdmb5shf.i.optimole.com\/w:768\/h:398\/q:mauto\/f:best\/https:\/\/tamsanmotor.com\/wp-content\/uploads\/2019\/03\/2-58.jpg 768w, https:\/\/mlnbhdmb5shf.i.optimole.com\/w:1024\/h:530\/q:mauto\/f:best\/https:\/\/tamsanmotor.com\/wp-content\/uploads\/2019\/03\/2-58.jpg 1024w\" sizes=\"(max-width: 810px) 100vw, 810px\" \/>\t\t\t\t\t\t\t\t\t\t\t\t\t\t\t<\/div>\n\t\t\t\t\t<\/div>\n\t\t<\/div>\n\t\t\t\t\t<\/div>\n\t\t<\/section>\n\t\t\t\t<section class=\"elementor-section elementor-top-section elementor-element elementor-element-5a9e6ae elementor-section-boxed elementor-section-height-default elementor-section-height-default\" data-id=\"5a9e6ae\" data-element_type=\"section\">\n\t\t\t\t\t\t<div class=\"elementor-container elementor-column-gap-default\">\n\t\t\t\t\t<div class=\"elementor-column elementor-col-33 elementor-top-column elementor-element elementor-element-7a1a763\" data-id=\"7a1a763\" data-element_type=\"column\">\n\t\t\t<div class=\"elementor-widget-wrap elementor-element-populated\">\n\t\t\t\t\t\t<div class=\"elementor-element elementor-element-c872549 elementor-widget elementor-widget-image\" data-id=\"c872549\" data-element_type=\"widget\" data-widget_type=\"image.default\">\n\t\t\t\t\t\t\t\t\t\t\t\t\t\t\t<img data-opt-id=1123270802  fetchpriority=\"high\" decoding=\"async\" width=\"728\" height=\"726\" src=\"https:\/\/mlnbhdmb5shf.i.optimole.com\/w:728\/h:726\/q:mauto\/f:best\/https:\/\/tamsanmotor.com\/wp-content\/uploads\/2019\/03\/3-75.jpg\" class=\"attachment-large size-large wp-image-2007\" alt=\"\" srcset=\"https:\/\/mlnbhdmb5shf.i.optimole.com\/w:728\/h:726\/q:mauto\/f:best\/https:\/\/tamsanmotor.com\/wp-content\/uploads\/2019\/03\/3-75.jpg 728w, https:\/\/mlnbhdmb5shf.i.optimole.com\/w:150\/h:150\/q:mauto\/f:best\/https:\/\/tamsanmotor.com\/wp-content\/uploads\/2019\/03\/3-75.jpg 150w, https:\/\/mlnbhdmb5shf.i.optimole.com\/w:300\/h:300\/q:mauto\/f:best\/https:\/\/tamsanmotor.com\/wp-content\/uploads\/2019\/03\/3-75.jpg 300w\" sizes=\"(max-width: 728px) 100vw, 728px\" \/>\t\t\t\t\t\t\t\t\t\t\t\t\t\t\t<\/div>\n\t\t\t\t\t<\/div>\n\t\t<\/div>\n\t\t\t\t<div class=\"elementor-column elementor-col-33 elementor-top-column elementor-element elementor-element-443a9c3\" data-id=\"443a9c3\" data-element_type=\"column\">\n\t\t\t<div class=\"elementor-widget-wrap elementor-element-populated\">\n\t\t\t\t\t\t<div class=\"elementor-element elementor-element-b8a478a elementor-widget elementor-widget-image\" data-id=\"b8a478a\" data-element_type=\"widget\" data-widget_type=\"image.default\">\n\t\t\t\t\t\t\t\t\t\t\t\t\t\t\t<img data-opt-id=63592732  data-opt-src=\"https:\/\/mlnbhdmb5shf.i.optimole.com\/w:728\/h:501\/q:mauto\/f:best\/https:\/\/tamsanmotor.com\/wp-content\/uploads\/2019\/03\/4-61.jpg\"  loading=\"lazy\" decoding=\"async\" width=\"728\" height=\"501\" src=\"data:image/svg+xml,%3Csvg%20viewBox%3D%220%200%20728%20501%22%20width%3D%22728%22%20height%3D%22501%22%20xmlns%3D%22http%3A%2F%2Fwww.w3.org%2F2000%2Fsvg%22%3E%3Crect%20width%3D%22728%22%20height%3D%22501%22%20fill%3D%22transparent%22%2F%3E%3C%2Fsvg%3E\" class=\"attachment-large size-large wp-image-2008\" alt=\"\" old-srcset=\"https:\/\/mlnbhdmb5shf.i.optimole.com\/w:728\/h:501\/q:mauto\/f:best\/https:\/\/tamsanmotor.com\/wp-content\/uploads\/2019\/03\/4-61.jpg 728w, https:\/\/mlnbhdmb5shf.i.optimole.com\/w:300\/h:206\/q:mauto\/f:best\/https:\/\/tamsanmotor.com\/wp-content\/uploads\/2019\/03\/4-61.jpg 300w\" \/><noscript><img data-opt-id=63592732  loading=\"lazy\" decoding=\"async\" width=\"728\" height=\"501\" src=\"https:\/\/mlnbhdmb5shf.i.optimole.com\/w:728\/h:501\/q:mauto\/f:best\/https:\/\/tamsanmotor.com\/wp-content\/uploads\/2019\/03\/4-61.jpg\" class=\"attachment-large size-large wp-image-2008\" alt=\"\" srcset=\"https:\/\/mlnbhdmb5shf.i.optimole.com\/w:728\/h:501\/q:mauto\/f:best\/https:\/\/tamsanmotor.com\/wp-content\/uploads\/2019\/03\/4-61.jpg 728w, https:\/\/mlnbhdmb5shf.i.optimole.com\/w:300\/h:206\/q:mauto\/f:best\/https:\/\/tamsanmotor.com\/wp-content\/uploads\/2019\/03\/4-61.jpg 300w\" sizes=\"(max-width: 728px) 100vw, 728px\" \/></noscript>\t\t\t\t\t\t\t\t\t\t\t\t\t\t\t<\/div>\n\t\t\t\t\t<\/div>\n\t\t<\/div>\n\t\t\t\t<div class=\"elementor-column elementor-col-33 elementor-top-column elementor-element elementor-element-b56d8ac\" data-id=\"b56d8ac\" data-element_type=\"column\">\n\t\t\t<div class=\"elementor-widget-wrap elementor-element-populated\">\n\t\t\t\t\t\t<div class=\"elementor-element elementor-element-af57160 elementor-widget elementor-widget-image\" data-id=\"af57160\" data-element_type=\"widget\" data-widget_type=\"image.default\">\n\t\t\t\t\t\t\t\t\t\t\t\t\t\t\t<img data-opt-id=264868486  data-opt-src=\"https:\/\/mlnbhdmb5shf.i.optimole.com\/w:728\/h:501\/q:mauto\/f:best\/https:\/\/tamsanmotor.com\/wp-content\/uploads\/2019\/03\/5-58.jpg\"  loading=\"lazy\" decoding=\"async\" width=\"728\" height=\"501\" src=\"data:image/svg+xml,%3Csvg%20viewBox%3D%220%200%20728%20501%22%20width%3D%22728%22%20height%3D%22501%22%20xmlns%3D%22http%3A%2F%2Fwww.w3.org%2F2000%2Fsvg%22%3E%3Crect%20width%3D%22728%22%20height%3D%22501%22%20fill%3D%22transparent%22%2F%3E%3C%2Fsvg%3E\" class=\"attachment-large size-large wp-image-2009\" alt=\"\" old-srcset=\"https:\/\/mlnbhdmb5shf.i.optimole.com\/w:728\/h:501\/q:mauto\/f:best\/https:\/\/tamsanmotor.com\/wp-content\/uploads\/2019\/03\/5-58.jpg 728w, https:\/\/mlnbhdmb5shf.i.optimole.com\/w:300\/h:206\/q:mauto\/f:best\/https:\/\/tamsanmotor.com\/wp-content\/uploads\/2019\/03\/5-58.jpg 300w\" \/><noscript><img data-opt-id=264868486  loading=\"lazy\" decoding=\"async\" width=\"728\" height=\"501\" src=\"https:\/\/mlnbhdmb5shf.i.optimole.com\/w:728\/h:501\/q:mauto\/f:best\/https:\/\/tamsanmotor.com\/wp-content\/uploads\/2019\/03\/5-58.jpg\" class=\"attachment-large size-large wp-image-2009\" alt=\"\" srcset=\"https:\/\/mlnbhdmb5shf.i.optimole.com\/w:728\/h:501\/q:mauto\/f:best\/https:\/\/tamsanmotor.com\/wp-content\/uploads\/2019\/03\/5-58.jpg 728w, https:\/\/mlnbhdmb5shf.i.optimole.com\/w:300\/h:206\/q:mauto\/f:best\/https:\/\/tamsanmotor.com\/wp-content\/uploads\/2019\/03\/5-58.jpg 300w\" sizes=\"(max-width: 728px) 100vw, 728px\" \/></noscript>\t\t\t\t\t\t\t\t\t\t\t\t\t\t\t<\/div>\n\t\t\t\t\t<\/div>\n\t\t<\/div>\n\t\t\t\t\t<\/div>\n\t\t<\/section>\n\t\t\t\t<\/div>\n\t\t","protected":false},"excerpt":{"rendered":"","protected":false},"author":1,"featured_media":0,"parent":1676,"menu_order":0,"comment_status":"closed","ping_status":"closed","template":"","meta":{"footnotes":""},"wf_page_folders":[],"class_list":["post-1989","page","type-page","status-publish","hentry"],"yoast_head":"<!-- This site is optimized with the Yoast SEO plugin v24.8.1 - https:\/\/yoast.com\/wordpress\/plugins\/seo\/ -->\n<title>12V, 120W, 115 dd, 8Nm, Red\u00fckt\u00f6rl\u00fc Motor, \u00f867, 130 Red\u00fcksiyon - Tamsan Motor<\/title>\n<meta name=\"robots\" content=\"index, follow, max-snippet:-1, max-image-preview:large, max-video-preview:-1\" \/>\n<link rel=\"canonical\" href=\"https:\/\/tamsanmotor.com\/index.php\/urunler\/elektrikmotorlari\/d-c-motorlar\/12v-reduktorlu-motorlar-2\/12v-120w-115-dd-8nm-reduktorlu-motor-o67-130-reduksiyon-2\/\" \/>\n<meta property=\"og:locale\" content=\"tr_TR\" \/>\n<meta property=\"og:type\" content=\"article\" \/>\n<meta property=\"og:title\" content=\"12V, 120W, 115 dd, 8Nm, Red\u00fckt\u00f6rl\u00fc Motor, \u00f867, 130 Red\u00fcksiyon - Tamsan Motor\" \/>\n<meta property=\"og:url\" content=\"https:\/\/tamsanmotor.com\/index.php\/urunler\/elektrikmotorlari\/d-c-motorlar\/12v-reduktorlu-motorlar-2\/12v-120w-115-dd-8nm-reduktorlu-motor-o67-130-reduksiyon-2\/\" \/>\n<meta property=\"og:site_name\" content=\"Tamsan Motor\" \/>\n<meta property=\"article:modified_time\" content=\"2019-03-19T20:56:20+00:00\" \/>\n<meta property=\"og:image\" content=\"https:\/\/mlnbhdmb5shf.i.optimole.com\/w:auto\/h:auto\/q:mauto\/f:best\/http:\/\/tamsanmotor.com\/wp-content\/uploads\/2019\/03\/1-58.jpg\" \/>\n<meta name=\"twitter:card\" content=\"summary_large_image\" \/>\n<script type=\"application\/ld+json\" class=\"yoast-schema-graph\">{\"@context\":\"https:\/\/schema.org\",\"@graph\":[{\"@type\":\"WebPage\",\"@id\":\"https:\/\/tamsanmotor.com\/index.php\/urunler\/elektrikmotorlari\/d-c-motorlar\/12v-reduktorlu-motorlar-2\/12v-120w-115-dd-8nm-reduktorlu-motor-o67-130-reduksiyon-2\/\",\"url\":\"https:\/\/tamsanmotor.com\/index.php\/urunler\/elektrikmotorlari\/d-c-motorlar\/12v-reduktorlu-motorlar-2\/12v-120w-115-dd-8nm-reduktorlu-motor-o67-130-reduksiyon-2\/\",\"name\":\"12V, 120W, 115 dd, 8Nm, Red\u00fckt\u00f6rl\u00fc Motor, \u00f867, 130 Red\u00fcksiyon - Tamsan Motor\",\"isPartOf\":{\"@id\":\"https:\/\/tamsanmotor.com\/#website\"},\"primaryImageOfPage\":{\"@id\":\"https:\/\/tamsanmotor.com\/index.php\/urunler\/elektrikmotorlari\/d-c-motorlar\/12v-reduktorlu-motorlar-2\/12v-120w-115-dd-8nm-reduktorlu-motor-o67-130-reduksiyon-2\/#primaryimage\"},\"image\":{\"@id\":\"https:\/\/tamsanmotor.com\/index.php\/urunler\/elektrikmotorlari\/d-c-motorlar\/12v-reduktorlu-motorlar-2\/12v-120w-115-dd-8nm-reduktorlu-motor-o67-130-reduksiyon-2\/#primaryimage\"},\"thumbnailUrl\":\"https:\/\/mlnbhdmb5shf.i.optimole.com\/w:auto\/h:auto\/q:mauto\/f:best\/http:\/\/tamsanmotor.com\/wp-content\/uploads\/2019\/03\/1-58.jpg\",\"datePublished\":\"2019-03-19T20:49:31+00:00\",\"dateModified\":\"2019-03-19T20:56:20+00:00\",\"breadcrumb\":{\"@id\":\"https:\/\/tamsanmotor.com\/index.php\/urunler\/elektrikmotorlari\/d-c-motorlar\/12v-reduktorlu-motorlar-2\/12v-120w-115-dd-8nm-reduktorlu-motor-o67-130-reduksiyon-2\/#breadcrumb\"},\"inLanguage\":\"tr\",\"potentialAction\":[{\"@type\":\"ReadAction\",\"target\":[\"https:\/\/tamsanmotor.com\/index.php\/urunler\/elektrikmotorlari\/d-c-motorlar\/12v-reduktorlu-motorlar-2\/12v-120w-115-dd-8nm-reduktorlu-motor-o67-130-reduksiyon-2\/\"]}]},{\"@type\":\"ImageObject\",\"inLanguage\":\"tr\",\"@id\":\"https:\/\/tamsanmotor.com\/index.php\/urunler\/elektrikmotorlari\/d-c-motorlar\/12v-reduktorlu-motorlar-2\/12v-120w-115-dd-8nm-reduktorlu-motor-o67-130-reduksiyon-2\/#primaryimage\",\"url\":\"https:\/\/mlnbhdmb5shf.i.optimole.com\/w:auto\/h:auto\/q:mauto\/f:best\/https:\/\/tamsanmotor.com\/wp-content\/uploads\/2019\/03\/1-58.jpg\",\"contentUrl\":\"https:\/\/mlnbhdmb5shf.i.optimole.com\/w:auto\/h:auto\/q:mauto\/f:best\/https:\/\/tamsanmotor.com\/wp-content\/uploads\/2019\/03\/1-58.jpg\",\"width\":746,\"height\":690},{\"@type\":\"BreadcrumbList\",\"@id\":\"https:\/\/tamsanmotor.com\/index.php\/urunler\/elektrikmotorlari\/d-c-motorlar\/12v-reduktorlu-motorlar-2\/12v-120w-115-dd-8nm-reduktorlu-motor-o67-130-reduksiyon-2\/#breadcrumb\",\"itemListElement\":[{\"@type\":\"ListItem\",\"position\":1,\"name\":\"Ana sayfa\",\"item\":\"https:\/\/tamsanmotor.com\/\"},{\"@type\":\"ListItem\",\"position\":2,\"name\":\"\u00dcr\u00fcnler\",\"item\":\"https:\/\/tamsanmotor.com\/index.php\/urunler\/\"},{\"@type\":\"ListItem\",\"position\":3,\"name\":\"Elektrik Motorlar\u0131\",\"item\":\"https:\/\/tamsanmotor.com\/index.php\/urunler\/elektrikmotorlari\/\"},{\"@type\":\"ListItem\",\"position\":4,\"name\":\"D.c Motorlar\",\"item\":\"https:\/\/tamsanmotor.com\/index.php\/urunler\/elektrikmotorlari\/d-c-motorlar\/\"},{\"@type\":\"ListItem\",\"position\":5,\"name\":\"12V Red\u00fckt\u00f6rl\u00fc Motorlar\",\"item\":\"https:\/\/tamsanmotor.com\/index.php\/urunler\/elektrikmotorlari\/d-c-motorlar\/12v-reduktorlu-motorlar-2\/\"},{\"@type\":\"ListItem\",\"position\":6,\"name\":\"12V, 120W, 115 dd, 8Nm, Red\u00fckt\u00f6rl\u00fc Motor, \u00f867, 130 Red\u00fcksiyon\"}]},{\"@type\":\"WebSite\",\"@id\":\"https:\/\/tamsanmotor.com\/#website\",\"url\":\"https:\/\/tamsanmotor.com\/\",\"name\":\"Tamsan Elektrik Motor\",\"description\":\"\",\"publisher\":{\"@id\":\"https:\/\/tamsanmotor.com\/#organization\"},\"potentialAction\":[{\"@type\":\"SearchAction\",\"target\":{\"@type\":\"EntryPoint\",\"urlTemplate\":\"https:\/\/tamsanmotor.com\/?s={search_term_string}\"},\"query-input\":{\"@type\":\"PropertyValueSpecification\",\"valueRequired\":true,\"valueName\":\"search_term_string\"}}],\"inLanguage\":\"tr\"},{\"@type\":\"Organization\",\"@id\":\"https:\/\/tamsanmotor.com\/#organization\",\"name\":\"Tamsan Elektrik Motor San. ve Tic. Ltd. \u015eti.\",\"url\":\"https:\/\/tamsanmotor.com\/\",\"logo\":{\"@type\":\"ImageObject\",\"inLanguage\":\"tr\",\"@id\":\"https:\/\/tamsanmotor.com\/#\/schema\/logo\/image\/\",\"url\":\"https:\/\/mlnbhdmb5shf.i.optimole.com\/w:auto\/h:auto\/q:mauto\/f:best\/https:\/\/tamsanmotor.com\/wp-content\/uploads\/2019\/11\/TAMSAN-logo.jpg\",\"contentUrl\":\"https:\/\/mlnbhdmb5shf.i.optimole.com\/w:auto\/h:auto\/q:mauto\/f:best\/https:\/\/tamsanmotor.com\/wp-content\/uploads\/2019\/11\/TAMSAN-logo.jpg\",\"width\":1388,\"height\":292,\"caption\":\"Tamsan Elektrik Motor San. ve Tic. Ltd. \u015eti.\"},\"image\":{\"@id\":\"https:\/\/tamsanmotor.com\/#\/schema\/logo\/image\/\"}}]}<\/script>\n<!-- \/ Yoast SEO plugin. -->","yoast_head_json":{"title":"12V, 120W, 115 dd, 8Nm, Red\u00fckt\u00f6rl\u00fc Motor, \u00f867, 130 Red\u00fcksiyon - Tamsan Motor","robots":{"index":"index","follow":"follow","max-snippet":"max-snippet:-1","max-image-preview":"max-image-preview:large","max-video-preview":"max-video-preview:-1"},"canonical":"https:\/\/tamsanmotor.com\/index.php\/urunler\/elektrikmotorlari\/d-c-motorlar\/12v-reduktorlu-motorlar-2\/12v-120w-115-dd-8nm-reduktorlu-motor-o67-130-reduksiyon-2\/","og_locale":"tr_TR","og_type":"article","og_title":"12V, 120W, 115 dd, 8Nm, Red\u00fckt\u00f6rl\u00fc Motor, \u00f867, 130 Red\u00fcksiyon - Tamsan Motor","og_url":"https:\/\/tamsanmotor.com\/index.php\/urunler\/elektrikmotorlari\/d-c-motorlar\/12v-reduktorlu-motorlar-2\/12v-120w-115-dd-8nm-reduktorlu-motor-o67-130-reduksiyon-2\/","og_site_name":"Tamsan Motor","article_modified_time":"2019-03-19T20:56:20+00:00","og_image":[{"url":"https:\/\/mlnbhdmb5shf.i.optimole.com\/w:auto\/h:auto\/q:mauto\/f:best\/http:\/\/tamsanmotor.com\/wp-content\/uploads\/2019\/03\/1-58.jpg","type":"","width":"","height":""}],"twitter_card":"summary_large_image","schema":{"@context":"https:\/\/schema.org","@graph":[{"@type":"WebPage","@id":"https:\/\/tamsanmotor.com\/index.php\/urunler\/elektrikmotorlari\/d-c-motorlar\/12v-reduktorlu-motorlar-2\/12v-120w-115-dd-8nm-reduktorlu-motor-o67-130-reduksiyon-2\/","url":"https:\/\/tamsanmotor.com\/index.php\/urunler\/elektrikmotorlari\/d-c-motorlar\/12v-reduktorlu-motorlar-2\/12v-120w-115-dd-8nm-reduktorlu-motor-o67-130-reduksiyon-2\/","name":"12V, 120W, 115 dd, 8Nm, Red\u00fckt\u00f6rl\u00fc Motor, \u00f867, 130 Red\u00fcksiyon - Tamsan Motor","isPartOf":{"@id":"https:\/\/tamsanmotor.com\/#website"},"primaryImageOfPage":{"@id":"https:\/\/tamsanmotor.com\/index.php\/urunler\/elektrikmotorlari\/d-c-motorlar\/12v-reduktorlu-motorlar-2\/12v-120w-115-dd-8nm-reduktorlu-motor-o67-130-reduksiyon-2\/#primaryimage"},"image":{"@id":"https:\/\/tamsanmotor.com\/index.php\/urunler\/elektrikmotorlari\/d-c-motorlar\/12v-reduktorlu-motorlar-2\/12v-120w-115-dd-8nm-reduktorlu-motor-o67-130-reduksiyon-2\/#primaryimage"},"thumbnailUrl":"https:\/\/mlnbhdmb5shf.i.optimole.com\/w:auto\/h:auto\/q:mauto\/f:best\/http:\/\/tamsanmotor.com\/wp-content\/uploads\/2019\/03\/1-58.jpg","datePublished":"2019-03-19T20:49:31+00:00","dateModified":"2019-03-19T20:56:20+00:00","breadcrumb":{"@id":"https:\/\/tamsanmotor.com\/index.php\/urunler\/elektrikmotorlari\/d-c-motorlar\/12v-reduktorlu-motorlar-2\/12v-120w-115-dd-8nm-reduktorlu-motor-o67-130-reduksiyon-2\/#breadcrumb"},"inLanguage":"tr","potentialAction":[{"@type":"ReadAction","target":["https:\/\/tamsanmotor.com\/index.php\/urunler\/elektrikmotorlari\/d-c-motorlar\/12v-reduktorlu-motorlar-2\/12v-120w-115-dd-8nm-reduktorlu-motor-o67-130-reduksiyon-2\/"]}]},{"@type":"ImageObject","inLanguage":"tr","@id":"https:\/\/tamsanmotor.com\/index.php\/urunler\/elektrikmotorlari\/d-c-motorlar\/12v-reduktorlu-motorlar-2\/12v-120w-115-dd-8nm-reduktorlu-motor-o67-130-reduksiyon-2\/#primaryimage","url":"https:\/\/mlnbhdmb5shf.i.optimole.com\/w:auto\/h:auto\/q:mauto\/f:best\/https:\/\/tamsanmotor.com\/wp-content\/uploads\/2019\/03\/1-58.jpg","contentUrl":"https:\/\/mlnbhdmb5shf.i.optimole.com\/w:auto\/h:auto\/q:mauto\/f:best\/https:\/\/tamsanmotor.com\/wp-content\/uploads\/2019\/03\/1-58.jpg","width":746,"height":690},{"@type":"BreadcrumbList","@id":"https:\/\/tamsanmotor.com\/index.php\/urunler\/elektrikmotorlari\/d-c-motorlar\/12v-reduktorlu-motorlar-2\/12v-120w-115-dd-8nm-reduktorlu-motor-o67-130-reduksiyon-2\/#breadcrumb","itemListElement":[{"@type":"ListItem","position":1,"name":"Ana sayfa","item":"https:\/\/tamsanmotor.com\/"},{"@type":"ListItem","position":2,"name":"\u00dcr\u00fcnler","item":"https:\/\/tamsanmotor.com\/index.php\/urunler\/"},{"@type":"ListItem","position":3,"name":"Elektrik Motorlar\u0131","item":"https:\/\/tamsanmotor.com\/index.php\/urunler\/elektrikmotorlari\/"},{"@type":"ListItem","position":4,"name":"D.c Motorlar","item":"https:\/\/tamsanmotor.com\/index.php\/urunler\/elektrikmotorlari\/d-c-motorlar\/"},{"@type":"ListItem","position":5,"name":"12V Red\u00fckt\u00f6rl\u00fc Motorlar","item":"https:\/\/tamsanmotor.com\/index.php\/urunler\/elektrikmotorlari\/d-c-motorlar\/12v-reduktorlu-motorlar-2\/"},{"@type":"ListItem","position":6,"name":"12V, 120W, 115 dd, 8Nm, Red\u00fckt\u00f6rl\u00fc Motor, \u00f867, 130 Red\u00fcksiyon"}]},{"@type":"WebSite","@id":"https:\/\/tamsanmotor.com\/#website","url":"https:\/\/tamsanmotor.com\/","name":"Tamsan Elektrik Motor","description":"","publisher":{"@id":"https:\/\/tamsanmotor.com\/#organization"},"potentialAction":[{"@type":"SearchAction","target":{"@type":"EntryPoint","urlTemplate":"https:\/\/tamsanmotor.com\/?s={search_term_string}"},"query-input":{"@type":"PropertyValueSpecification","valueRequired":true,"valueName":"search_term_string"}}],"inLanguage":"tr"},{"@type":"Organization","@id":"https:\/\/tamsanmotor.com\/#organization","name":"Tamsan Elektrik Motor San. ve Tic. Ltd. \u015eti.","url":"https:\/\/tamsanmotor.com\/","logo":{"@type":"ImageObject","inLanguage":"tr","@id":"https:\/\/tamsanmotor.com\/#\/schema\/logo\/image\/","url":"https:\/\/mlnbhdmb5shf.i.optimole.com\/w:auto\/h:auto\/q:mauto\/f:best\/https:\/\/tamsanmotor.com\/wp-content\/uploads\/2019\/11\/TAMSAN-logo.jpg","contentUrl":"https:\/\/mlnbhdmb5shf.i.optimole.com\/w:auto\/h:auto\/q:mauto\/f:best\/https:\/\/tamsanmotor.com\/wp-content\/uploads\/2019\/11\/TAMSAN-logo.jpg","width":1388,"height":292,"caption":"Tamsan Elektrik Motor San. ve Tic. Ltd. \u015eti."},"image":{"@id":"https:\/\/tamsanmotor.com\/#\/schema\/logo\/image\/"}}]}},"_links":{"self":[{"href":"https:\/\/tamsanmotor.com\/index.php\/wp-json\/wp\/v2\/pages\/1989","targetHints":{"allow":["GET"]}}],"collection":[{"href":"https:\/\/tamsanmotor.com\/index.php\/wp-json\/wp\/v2\/pages"}],"about":[{"href":"https:\/\/tamsanmotor.com\/index.php\/wp-json\/wp\/v2\/types\/page"}],"author":[{"embeddable":true,"href":"https:\/\/tamsanmotor.com\/index.php\/wp-json\/wp\/v2\/users\/1"}],"replies":[{"embeddable":true,"href":"https:\/\/tamsanmotor.com\/index.php\/wp-json\/wp\/v2\/comments?post=1989"}],"version-history":[{"count":0,"href":"https:\/\/tamsanmotor.com\/index.php\/wp-json\/wp\/v2\/pages\/1989\/revisions"}],"up":[{"embeddable":true,"href":"https:\/\/tamsanmotor.com\/index.php\/wp-json\/wp\/v2\/pages\/1676"}],"wp:attachment":[{"href":"https:\/\/tamsanmotor.com\/index.php\/wp-json\/wp\/v2\/media?parent=1989"}],"wp:term":[{"taxonomy":"wf_page_folders","embeddable":true,"href":"https:\/\/tamsanmotor.com\/index.php\/wp-json\/wp\/v2\/wf_page_folders?post=1989"}],"curies":[{"name":"wp","href":"https:\/\/api.w.org\/{rel}","templated":true}]}}