{"id":1991,"date":"2019-03-19T23:49:46","date_gmt":"2019-03-19T20:49:46","guid":{"rendered":"http:\/\/tamsanmotor.com\/?page_id=1991"},"modified":"2019-03-19T23:52:33","modified_gmt":"2019-03-19T20:52:33","slug":"12v-100w-345dd-1nm-reduktorlu-motor-o67-110-reduksiyon","status":"publish","type":"page","link":"https:\/\/tamsanmotor.com\/index.php\/urunler\/elektrikmotorlari\/d-c-motorlar\/12v-reduktorlu-motorlar-2\/12v-100w-345dd-1nm-reduktorlu-motor-o67-110-reduksiyon\/","title":{"rendered":"12V, 100W, 345dd 1Nm Red\u00fckt\u00f6rl\u00fc Motor, \u00f867 110 Red\u00fcksiyon"},"content":{"rendered":"\t\t<div data-elementor-type=\"wp-post\" data-elementor-id=\"1991\" class=\"elementor elementor-1991\">\n\t\t\t\t\t\t<section class=\"elementor-section elementor-top-section elementor-element elementor-element-4660309 elementor-section-boxed elementor-section-height-default elementor-section-height-default\" data-id=\"4660309\" data-element_type=\"section\">\n\t\t\t\t\t\t<div class=\"elementor-container elementor-column-gap-default\">\n\t\t\t\t\t<div class=\"elementor-column elementor-col-50 elementor-top-column elementor-element elementor-element-916dee9\" data-id=\"916dee9\" data-element_type=\"column\">\n\t\t\t<div class=\"elementor-widget-wrap elementor-element-populated\">\n\t\t\t\t\t\t<div class=\"elementor-element elementor-element-d2b1d97 elementor-widget elementor-widget-image\" data-id=\"d2b1d97\" data-element_type=\"widget\" data-widget_type=\"image.default\">\n\t\t\t\t\t\t\t\t\t\t\t\t\t\t\t<img data-opt-id=165032263  fetchpriority=\"high\" decoding=\"async\" width=\"690\" height=\"690\" src=\"https:\/\/mlnbhdmb5shf.i.optimole.com\/w:690\/h:690\/q:mauto\/f:best\/https:\/\/tamsanmotor.com\/wp-content\/uploads\/2019\/03\/1-57.jpg\" class=\"attachment-large size-large wp-image-1998\" alt=\"\" \/>\t\t\t\t\t\t\t\t\t\t\t\t\t\t\t<\/div>\n\t\t\t\t\t<\/div>\n\t\t<\/div>\n\t\t\t\t<div class=\"elementor-column elementor-col-50 elementor-top-column elementor-element elementor-element-07acfec\" data-id=\"07acfec\" data-element_type=\"column\">\n\t\t\t<div class=\"elementor-widget-wrap elementor-element-populated\">\n\t\t\t\t\t\t<div class=\"elementor-element elementor-element-931f023 elementor-widget elementor-widget-image\" data-id=\"931f023\" data-element_type=\"widget\" data-widget_type=\"image.default\">\n\t\t\t\t\t\t\t\t\t\t\t\t\t\t\t<img data-opt-id=1461967472  fetchpriority=\"high\" decoding=\"async\" width=\"690\" height=\"690\" src=\"https:\/\/mlnbhdmb5shf.i.optimole.com\/w:690\/h:690\/q:mauto\/f:best\/https:\/\/tamsanmotor.com\/wp-content\/uploads\/2019\/03\/2-57.jpg\" class=\"attachment-large size-large wp-image-1999\" alt=\"\" \/>\t\t\t\t\t\t\t\t\t\t\t\t\t\t\t<\/div>\n\t\t\t\t\t<\/div>\n\t\t<\/div>\n\t\t\t\t\t<\/div>\n\t\t<\/section>\n\t\t\t\t<section class=\"elementor-section elementor-top-section elementor-element elementor-element-c1ae438 elementor-section-boxed elementor-section-height-default elementor-section-height-default\" data-id=\"c1ae438\" data-element_type=\"section\">\n\t\t\t\t\t\t<div class=\"elementor-container elementor-column-gap-default\">\n\t\t\t\t\t<div class=\"elementor-column elementor-col-33 elementor-top-column elementor-element elementor-element-00404c2\" data-id=\"00404c2\" data-element_type=\"column\">\n\t\t\t<div class=\"elementor-widget-wrap elementor-element-populated\">\n\t\t\t\t\t\t<div class=\"elementor-element elementor-element-268ce1b elementor-widget elementor-widget-image\" data-id=\"268ce1b\" data-element_type=\"widget\" data-widget_type=\"image.default\">\n\t\t\t\t\t\t\t\t\t\t\t\t\t\t\t<img data-opt-id=1476084030  fetchpriority=\"high\" decoding=\"async\" width=\"728\" height=\"728\" src=\"https:\/\/mlnbhdmb5shf.i.optimole.com\/w:728\/h:728\/q:mauto\/f:best\/https:\/\/tamsanmotor.com\/wp-content\/uploads\/2019\/03\/3-74.jpg\" class=\"attachment-large size-large wp-image-2000\" alt=\"\" \/>\t\t\t\t\t\t\t\t\t\t\t\t\t\t\t<\/div>\n\t\t\t\t\t<\/div>\n\t\t<\/div>\n\t\t\t\t<div class=\"elementor-column elementor-col-33 elementor-top-column elementor-element elementor-element-1ed161a\" data-id=\"1ed161a\" data-element_type=\"column\">\n\t\t\t<div class=\"elementor-widget-wrap elementor-element-populated\">\n\t\t\t\t\t\t<div class=\"elementor-element elementor-element-cd4b8d3 elementor-widget elementor-widget-image\" data-id=\"cd4b8d3\" data-element_type=\"widget\" data-widget_type=\"image.default\">\n\t\t\t\t\t\t\t\t\t\t\t\t\t\t\t<img data-opt-id=348507997  data-opt-src=\"https:\/\/mlnbhdmb5shf.i.optimole.com\/w:501\/h:501\/q:mauto\/f:best\/https:\/\/tamsanmotor.com\/wp-content\/uploads\/2019\/03\/4-60.jpg\"  loading=\"lazy\" decoding=\"async\" width=\"501\" height=\"501\" src=\"data:image/svg+xml,%3Csvg%20viewBox%3D%220%200%20501%20501%22%20width%3D%22501%22%20height%3D%22501%22%20xmlns%3D%22http%3A%2F%2Fwww.w3.org%2F2000%2Fsvg%22%3E%3Crect%20width%3D%22501%22%20height%3D%22501%22%20fill%3D%22transparent%22%2F%3E%3C%2Fsvg%3E\" class=\"attachment-large size-large wp-image-2001\" alt=\"\" \/><noscript><img data-opt-id=348507997  loading=\"lazy\" decoding=\"async\" width=\"501\" height=\"501\" src=\"https:\/\/mlnbhdmb5shf.i.optimole.com\/w:501\/h:501\/q:mauto\/f:best\/https:\/\/tamsanmotor.com\/wp-content\/uploads\/2019\/03\/4-60.jpg\" class=\"attachment-large size-large wp-image-2001\" alt=\"\" \/></noscript>\t\t\t\t\t\t\t\t\t\t\t\t\t\t\t<\/div>\n\t\t\t\t\t<\/div>\n\t\t<\/div>\n\t\t\t\t<div class=\"elementor-column elementor-col-33 elementor-top-column elementor-element elementor-element-49d2044\" data-id=\"49d2044\" data-element_type=\"column\">\n\t\t\t<div class=\"elementor-widget-wrap elementor-element-populated\">\n\t\t\t\t\t\t<div class=\"elementor-element elementor-element-5506033 elementor-widget elementor-widget-image\" data-id=\"5506033\" data-element_type=\"widget\" data-widget_type=\"image.default\">\n\t\t\t\t\t\t\t\t\t\t\t\t\t\t\t<img data-opt-id=344155135  data-opt-src=\"https:\/\/mlnbhdmb5shf.i.optimole.com\/w:501\/h:501\/q:mauto\/f:best\/https:\/\/tamsanmotor.com\/wp-content\/uploads\/2019\/03\/5-57.jpg\"  loading=\"lazy\" decoding=\"async\" width=\"501\" height=\"501\" src=\"data:image/svg+xml,%3Csvg%20viewBox%3D%220%200%20501%20501%22%20width%3D%22501%22%20height%3D%22501%22%20xmlns%3D%22http%3A%2F%2Fwww.w3.org%2F2000%2Fsvg%22%3E%3Crect%20width%3D%22501%22%20height%3D%22501%22%20fill%3D%22transparent%22%2F%3E%3C%2Fsvg%3E\" class=\"attachment-large size-large wp-image-2002\" alt=\"\" \/><noscript><img data-opt-id=344155135  loading=\"lazy\" decoding=\"async\" width=\"501\" height=\"501\" src=\"https:\/\/mlnbhdmb5shf.i.optimole.com\/w:501\/h:501\/q:mauto\/f:best\/https:\/\/tamsanmotor.com\/wp-content\/uploads\/2019\/03\/5-57.jpg\" class=\"attachment-large size-large wp-image-2002\" alt=\"\" \/></noscript>\t\t\t\t\t\t\t\t\t\t\t\t\t\t\t<\/div>\n\t\t\t\t\t<\/div>\n\t\t<\/div>\n\t\t\t\t\t<\/div>\n\t\t<\/section>\n\t\t\t\t<\/div>\n\t\t","protected":false},"excerpt":{"rendered":"","protected":false},"author":1,"featured_media":0,"parent":1676,"menu_order":0,"comment_status":"closed","ping_status":"closed","template":"","meta":{"footnotes":""},"wf_page_folders":[],"class_list":["post-1991","page","type-page","status-publish","hentry"],"yoast_head":"<!-- This site is optimized with the Yoast SEO plugin v24.8.1 - https:\/\/yoast.com\/wordpress\/plugins\/seo\/ -->\n<title>12V, 100W, 345dd 1Nm Red\u00fckt\u00f6rl\u00fc Motor, \u00f867 110 Red\u00fcksiyon - Tamsan Motor<\/title>\n<meta name=\"robots\" content=\"index, follow, max-snippet:-1, max-image-preview:large, max-video-preview:-1\" \/>\n<link rel=\"canonical\" href=\"https:\/\/tamsanmotor.com\/index.php\/urunler\/elektrikmotorlari\/d-c-motorlar\/12v-reduktorlu-motorlar-2\/12v-100w-345dd-1nm-reduktorlu-motor-o67-110-reduksiyon\/\" \/>\n<meta property=\"og:locale\" content=\"tr_TR\" \/>\n<meta property=\"og:type\" content=\"article\" \/>\n<meta property=\"og:title\" content=\"12V, 100W, 345dd 1Nm Red\u00fckt\u00f6rl\u00fc Motor, \u00f867 110 Red\u00fcksiyon - Tamsan Motor\" \/>\n<meta property=\"og:url\" content=\"https:\/\/tamsanmotor.com\/index.php\/urunler\/elektrikmotorlari\/d-c-motorlar\/12v-reduktorlu-motorlar-2\/12v-100w-345dd-1nm-reduktorlu-motor-o67-110-reduksiyon\/\" \/>\n<meta property=\"og:site_name\" content=\"Tamsan Motor\" \/>\n<meta property=\"article:modified_time\" content=\"2019-03-19T20:52:33+00:00\" \/>\n<meta property=\"og:image\" content=\"https:\/\/mlnbhdmb5shf.i.optimole.com\/w:auto\/h:auto\/q:mauto\/f:best\/http:\/\/tamsanmotor.com\/wp-content\/uploads\/2019\/03\/1-57.jpg\" \/>\n<meta name=\"twitter:card\" content=\"summary_large_image\" \/>\n<script type=\"application\/ld+json\" class=\"yoast-schema-graph\">{\"@context\":\"https:\/\/schema.org\",\"@graph\":[{\"@type\":\"WebPage\",\"@id\":\"https:\/\/tamsanmotor.com\/index.php\/urunler\/elektrikmotorlari\/d-c-motorlar\/12v-reduktorlu-motorlar-2\/12v-100w-345dd-1nm-reduktorlu-motor-o67-110-reduksiyon\/\",\"url\":\"https:\/\/tamsanmotor.com\/index.php\/urunler\/elektrikmotorlari\/d-c-motorlar\/12v-reduktorlu-motorlar-2\/12v-100w-345dd-1nm-reduktorlu-motor-o67-110-reduksiyon\/\",\"name\":\"12V, 100W, 345dd 1Nm Red\u00fckt\u00f6rl\u00fc Motor, \u00f867 110 Red\u00fcksiyon - Tamsan Motor\",\"isPartOf\":{\"@id\":\"https:\/\/tamsanmotor.com\/#website\"},\"primaryImageOfPage\":{\"@id\":\"https:\/\/tamsanmotor.com\/index.php\/urunler\/elektrikmotorlari\/d-c-motorlar\/12v-reduktorlu-motorlar-2\/12v-100w-345dd-1nm-reduktorlu-motor-o67-110-reduksiyon\/#primaryimage\"},\"image\":{\"@id\":\"https:\/\/tamsanmotor.com\/index.php\/urunler\/elektrikmotorlari\/d-c-motorlar\/12v-reduktorlu-motorlar-2\/12v-100w-345dd-1nm-reduktorlu-motor-o67-110-reduksiyon\/#primaryimage\"},\"thumbnailUrl\":\"https:\/\/mlnbhdmb5shf.i.optimole.com\/w:auto\/h:auto\/q:mauto\/f:best\/http:\/\/tamsanmotor.com\/wp-content\/uploads\/2019\/03\/1-57.jpg\",\"datePublished\":\"2019-03-19T20:49:46+00:00\",\"dateModified\":\"2019-03-19T20:52:33+00:00\",\"breadcrumb\":{\"@id\":\"https:\/\/tamsanmotor.com\/index.php\/urunler\/elektrikmotorlari\/d-c-motorlar\/12v-reduktorlu-motorlar-2\/12v-100w-345dd-1nm-reduktorlu-motor-o67-110-reduksiyon\/#breadcrumb\"},\"inLanguage\":\"tr\",\"potentialAction\":[{\"@type\":\"ReadAction\",\"target\":[\"https:\/\/tamsanmotor.com\/index.php\/urunler\/elektrikmotorlari\/d-c-motorlar\/12v-reduktorlu-motorlar-2\/12v-100w-345dd-1nm-reduktorlu-motor-o67-110-reduksiyon\/\"]}]},{\"@type\":\"ImageObject\",\"inLanguage\":\"tr\",\"@id\":\"https:\/\/tamsanmotor.com\/index.php\/urunler\/elektrikmotorlari\/d-c-motorlar\/12v-reduktorlu-motorlar-2\/12v-100w-345dd-1nm-reduktorlu-motor-o67-110-reduksiyon\/#primaryimage\",\"url\":\"https:\/\/mlnbhdmb5shf.i.optimole.com\/w:auto\/h:auto\/q:mauto\/f:best\/https:\/\/tamsanmotor.com\/wp-content\/uploads\/2019\/03\/1-57.jpg\",\"contentUrl\":\"https:\/\/mlnbhdmb5shf.i.optimole.com\/w:auto\/h:auto\/q:mauto\/f:best\/https:\/\/tamsanmotor.com\/wp-content\/uploads\/2019\/03\/1-57.jpg\",\"width\":746,\"height\":690},{\"@type\":\"BreadcrumbList\",\"@id\":\"https:\/\/tamsanmotor.com\/index.php\/urunler\/elektrikmotorlari\/d-c-motorlar\/12v-reduktorlu-motorlar-2\/12v-100w-345dd-1nm-reduktorlu-motor-o67-110-reduksiyon\/#breadcrumb\",\"itemListElement\":[{\"@type\":\"ListItem\",\"position\":1,\"name\":\"Ana sayfa\",\"item\":\"https:\/\/tamsanmotor.com\/\"},{\"@type\":\"ListItem\",\"position\":2,\"name\":\"\u00dcr\u00fcnler\",\"item\":\"https:\/\/tamsanmotor.com\/index.php\/urunler\/\"},{\"@type\":\"ListItem\",\"position\":3,\"name\":\"Elektrik Motorlar\u0131\",\"item\":\"https:\/\/tamsanmotor.com\/index.php\/urunler\/elektrikmotorlari\/\"},{\"@type\":\"ListItem\",\"position\":4,\"name\":\"D.c Motorlar\",\"item\":\"https:\/\/tamsanmotor.com\/index.php\/urunler\/elektrikmotorlari\/d-c-motorlar\/\"},{\"@type\":\"ListItem\",\"position\":5,\"name\":\"12V Red\u00fckt\u00f6rl\u00fc Motorlar\",\"item\":\"https:\/\/tamsanmotor.com\/index.php\/urunler\/elektrikmotorlari\/d-c-motorlar\/12v-reduktorlu-motorlar-2\/\"},{\"@type\":\"ListItem\",\"position\":6,\"name\":\"12V, 100W, 345dd 1Nm Red\u00fckt\u00f6rl\u00fc Motor, \u00f867 110 Red\u00fcksiyon\"}]},{\"@type\":\"WebSite\",\"@id\":\"https:\/\/tamsanmotor.com\/#website\",\"url\":\"https:\/\/tamsanmotor.com\/\",\"name\":\"Tamsan Elektrik Motor\",\"description\":\"\",\"publisher\":{\"@id\":\"https:\/\/tamsanmotor.com\/#organization\"},\"potentialAction\":[{\"@type\":\"SearchAction\",\"target\":{\"@type\":\"EntryPoint\",\"urlTemplate\":\"https:\/\/tamsanmotor.com\/?s={search_term_string}\"},\"query-input\":{\"@type\":\"PropertyValueSpecification\",\"valueRequired\":true,\"valueName\":\"search_term_string\"}}],\"inLanguage\":\"tr\"},{\"@type\":\"Organization\",\"@id\":\"https:\/\/tamsanmotor.com\/#organization\",\"name\":\"Tamsan Elektrik Motor San. ve Tic. Ltd. \u015eti.\",\"url\":\"https:\/\/tamsanmotor.com\/\",\"logo\":{\"@type\":\"ImageObject\",\"inLanguage\":\"tr\",\"@id\":\"https:\/\/tamsanmotor.com\/#\/schema\/logo\/image\/\",\"url\":\"https:\/\/mlnbhdmb5shf.i.optimole.com\/w:auto\/h:auto\/q:mauto\/f:best\/https:\/\/tamsanmotor.com\/wp-content\/uploads\/2019\/11\/TAMSAN-logo.jpg\",\"contentUrl\":\"https:\/\/mlnbhdmb5shf.i.optimole.com\/w:auto\/h:auto\/q:mauto\/f:best\/https:\/\/tamsanmotor.com\/wp-content\/uploads\/2019\/11\/TAMSAN-logo.jpg\",\"width\":1388,\"height\":292,\"caption\":\"Tamsan Elektrik Motor San. ve Tic. Ltd. \u015eti.\"},\"image\":{\"@id\":\"https:\/\/tamsanmotor.com\/#\/schema\/logo\/image\/\"}}]}<\/script>\n<!-- \/ Yoast SEO plugin. -->","yoast_head_json":{"title":"12V, 100W, 345dd 1Nm Red\u00fckt\u00f6rl\u00fc Motor, \u00f867 110 Red\u00fcksiyon - Tamsan Motor","robots":{"index":"index","follow":"follow","max-snippet":"max-snippet:-1","max-image-preview":"max-image-preview:large","max-video-preview":"max-video-preview:-1"},"canonical":"https:\/\/tamsanmotor.com\/index.php\/urunler\/elektrikmotorlari\/d-c-motorlar\/12v-reduktorlu-motorlar-2\/12v-100w-345dd-1nm-reduktorlu-motor-o67-110-reduksiyon\/","og_locale":"tr_TR","og_type":"article","og_title":"12V, 100W, 345dd 1Nm Red\u00fckt\u00f6rl\u00fc Motor, \u00f867 110 Red\u00fcksiyon - Tamsan Motor","og_url":"https:\/\/tamsanmotor.com\/index.php\/urunler\/elektrikmotorlari\/d-c-motorlar\/12v-reduktorlu-motorlar-2\/12v-100w-345dd-1nm-reduktorlu-motor-o67-110-reduksiyon\/","og_site_name":"Tamsan Motor","article_modified_time":"2019-03-19T20:52:33+00:00","og_image":[{"url":"https:\/\/mlnbhdmb5shf.i.optimole.com\/w:auto\/h:auto\/q:mauto\/f:best\/http:\/\/tamsanmotor.com\/wp-content\/uploads\/2019\/03\/1-57.jpg","type":"","width":"","height":""}],"twitter_card":"summary_large_image","schema":{"@context":"https:\/\/schema.org","@graph":[{"@type":"WebPage","@id":"https:\/\/tamsanmotor.com\/index.php\/urunler\/elektrikmotorlari\/d-c-motorlar\/12v-reduktorlu-motorlar-2\/12v-100w-345dd-1nm-reduktorlu-motor-o67-110-reduksiyon\/","url":"https:\/\/tamsanmotor.com\/index.php\/urunler\/elektrikmotorlari\/d-c-motorlar\/12v-reduktorlu-motorlar-2\/12v-100w-345dd-1nm-reduktorlu-motor-o67-110-reduksiyon\/","name":"12V, 100W, 345dd 1Nm Red\u00fckt\u00f6rl\u00fc Motor, \u00f867 110 Red\u00fcksiyon - Tamsan Motor","isPartOf":{"@id":"https:\/\/tamsanmotor.com\/#website"},"primaryImageOfPage":{"@id":"https:\/\/tamsanmotor.com\/index.php\/urunler\/elektrikmotorlari\/d-c-motorlar\/12v-reduktorlu-motorlar-2\/12v-100w-345dd-1nm-reduktorlu-motor-o67-110-reduksiyon\/#primaryimage"},"image":{"@id":"https:\/\/tamsanmotor.com\/index.php\/urunler\/elektrikmotorlari\/d-c-motorlar\/12v-reduktorlu-motorlar-2\/12v-100w-345dd-1nm-reduktorlu-motor-o67-110-reduksiyon\/#primaryimage"},"thumbnailUrl":"https:\/\/mlnbhdmb5shf.i.optimole.com\/w:auto\/h:auto\/q:mauto\/f:best\/http:\/\/tamsanmotor.com\/wp-content\/uploads\/2019\/03\/1-57.jpg","datePublished":"2019-03-19T20:49:46+00:00","dateModified":"2019-03-19T20:52:33+00:00","breadcrumb":{"@id":"https:\/\/tamsanmotor.com\/index.php\/urunler\/elektrikmotorlari\/d-c-motorlar\/12v-reduktorlu-motorlar-2\/12v-100w-345dd-1nm-reduktorlu-motor-o67-110-reduksiyon\/#breadcrumb"},"inLanguage":"tr","potentialAction":[{"@type":"ReadAction","target":["https:\/\/tamsanmotor.com\/index.php\/urunler\/elektrikmotorlari\/d-c-motorlar\/12v-reduktorlu-motorlar-2\/12v-100w-345dd-1nm-reduktorlu-motor-o67-110-reduksiyon\/"]}]},{"@type":"ImageObject","inLanguage":"tr","@id":"https:\/\/tamsanmotor.com\/index.php\/urunler\/elektrikmotorlari\/d-c-motorlar\/12v-reduktorlu-motorlar-2\/12v-100w-345dd-1nm-reduktorlu-motor-o67-110-reduksiyon\/#primaryimage","url":"https:\/\/mlnbhdmb5shf.i.optimole.com\/w:auto\/h:auto\/q:mauto\/f:best\/https:\/\/tamsanmotor.com\/wp-content\/uploads\/2019\/03\/1-57.jpg","contentUrl":"https:\/\/mlnbhdmb5shf.i.optimole.com\/w:auto\/h:auto\/q:mauto\/f:best\/https:\/\/tamsanmotor.com\/wp-content\/uploads\/2019\/03\/1-57.jpg","width":746,"height":690},{"@type":"BreadcrumbList","@id":"https:\/\/tamsanmotor.com\/index.php\/urunler\/elektrikmotorlari\/d-c-motorlar\/12v-reduktorlu-motorlar-2\/12v-100w-345dd-1nm-reduktorlu-motor-o67-110-reduksiyon\/#breadcrumb","itemListElement":[{"@type":"ListItem","position":1,"name":"Ana sayfa","item":"https:\/\/tamsanmotor.com\/"},{"@type":"ListItem","position":2,"name":"\u00dcr\u00fcnler","item":"https:\/\/tamsanmotor.com\/index.php\/urunler\/"},{"@type":"ListItem","position":3,"name":"Elektrik Motorlar\u0131","item":"https:\/\/tamsanmotor.com\/index.php\/urunler\/elektrikmotorlari\/"},{"@type":"ListItem","position":4,"name":"D.c Motorlar","item":"https:\/\/tamsanmotor.com\/index.php\/urunler\/elektrikmotorlari\/d-c-motorlar\/"},{"@type":"ListItem","position":5,"name":"12V Red\u00fckt\u00f6rl\u00fc Motorlar","item":"https:\/\/tamsanmotor.com\/index.php\/urunler\/elektrikmotorlari\/d-c-motorlar\/12v-reduktorlu-motorlar-2\/"},{"@type":"ListItem","position":6,"name":"12V, 100W, 345dd 1Nm Red\u00fckt\u00f6rl\u00fc Motor, \u00f867 110 Red\u00fcksiyon"}]},{"@type":"WebSite","@id":"https:\/\/tamsanmotor.com\/#website","url":"https:\/\/tamsanmotor.com\/","name":"Tamsan Elektrik Motor","description":"","publisher":{"@id":"https:\/\/tamsanmotor.com\/#organization"},"potentialAction":[{"@type":"SearchAction","target":{"@type":"EntryPoint","urlTemplate":"https:\/\/tamsanmotor.com\/?s={search_term_string}"},"query-input":{"@type":"PropertyValueSpecification","valueRequired":true,"valueName":"search_term_string"}}],"inLanguage":"tr"},{"@type":"Organization","@id":"https:\/\/tamsanmotor.com\/#organization","name":"Tamsan Elektrik Motor San. ve Tic. Ltd. \u015eti.","url":"https:\/\/tamsanmotor.com\/","logo":{"@type":"ImageObject","inLanguage":"tr","@id":"https:\/\/tamsanmotor.com\/#\/schema\/logo\/image\/","url":"https:\/\/mlnbhdmb5shf.i.optimole.com\/w:auto\/h:auto\/q:mauto\/f:best\/https:\/\/tamsanmotor.com\/wp-content\/uploads\/2019\/11\/TAMSAN-logo.jpg","contentUrl":"https:\/\/mlnbhdmb5shf.i.optimole.com\/w:auto\/h:auto\/q:mauto\/f:best\/https:\/\/tamsanmotor.com\/wp-content\/uploads\/2019\/11\/TAMSAN-logo.jpg","width":1388,"height":292,"caption":"Tamsan Elektrik Motor San. ve Tic. Ltd. \u015eti."},"image":{"@id":"https:\/\/tamsanmotor.com\/#\/schema\/logo\/image\/"}}]}},"_links":{"self":[{"href":"https:\/\/tamsanmotor.com\/index.php\/wp-json\/wp\/v2\/pages\/1991","targetHints":{"allow":["GET"]}}],"collection":[{"href":"https:\/\/tamsanmotor.com\/index.php\/wp-json\/wp\/v2\/pages"}],"about":[{"href":"https:\/\/tamsanmotor.com\/index.php\/wp-json\/wp\/v2\/types\/page"}],"author":[{"embeddable":true,"href":"https:\/\/tamsanmotor.com\/index.php\/wp-json\/wp\/v2\/users\/1"}],"replies":[{"embeddable":true,"href":"https:\/\/tamsanmotor.com\/index.php\/wp-json\/wp\/v2\/comments?post=1991"}],"version-history":[{"count":0,"href":"https:\/\/tamsanmotor.com\/index.php\/wp-json\/wp\/v2\/pages\/1991\/revisions"}],"up":[{"embeddable":true,"href":"https:\/\/tamsanmotor.com\/index.php\/wp-json\/wp\/v2\/pages\/1676"}],"wp:attachment":[{"href":"https:\/\/tamsanmotor.com\/index.php\/wp-json\/wp\/v2\/media?parent=1991"}],"wp:term":[{"taxonomy":"wf_page_folders","embeddable":true,"href":"https:\/\/tamsanmotor.com\/index.php\/wp-json\/wp\/v2\/wf_page_folders?post=1991"}],"curies":[{"name":"wp","href":"https:\/\/api.w.org\/{rel}","templated":true}]}}