{"id":376,"date":"2019-03-06T15:22:44","date_gmt":"2019-03-06T12:22:44","guid":{"rendered":"http:\/\/tamsanmotor.com\/?page_id=376"},"modified":"2025-09-15T16:54:32","modified_gmt":"2025-09-15T13:54:32","slug":"teknik-dokuman","status":"publish","type":"page","link":"https:\/\/tamsanmotor.com\/index.php\/teknik-dokuman\/","title":{"rendered":"Teknik D\u00f6k\u00fcman"},"content":{"rendered":"\t\t<div data-elementor-type=\"wp-post\" data-elementor-id=\"376\" class=\"elementor elementor-376\">\n\t\t\t\t\t\t<section class=\"elementor-section elementor-top-section elementor-element elementor-element-265a3be elementor-section-boxed elementor-section-height-default elementor-section-height-default\" data-id=\"265a3be\" data-element_type=\"section\">\n\t\t\t\t\t\t<div class=\"elementor-container elementor-column-gap-default\">\n\t\t\t\t\t<div class=\"elementor-column elementor-col-100 elementor-top-column elementor-element elementor-element-afea501\" data-id=\"afea501\" data-element_type=\"column\">\n\t\t\t<div class=\"elementor-widget-wrap elementor-element-populated\">\n\t\t\t\t\t\t<div class=\"elementor-element elementor-element-195daee elementor-widget elementor-widget-spacer\" data-id=\"195daee\" data-element_type=\"widget\" data-widget_type=\"spacer.default\">\n\t\t\t\t\t\t\t<div class=\"elementor-spacer\">\n\t\t\t<div class=\"elementor-spacer-inner\"><\/div>\n\t\t<\/div>\n\t\t\t\t\t\t<\/div>\n\t\t\t\t<section class=\"elementor-section elementor-inner-section elementor-element elementor-element-f62998b elementor-section-boxed elementor-section-height-default elementor-section-height-default\" data-id=\"f62998b\" data-element_type=\"section\">\n\t\t\t\t\t\t<div class=\"elementor-container elementor-column-gap-default\">\n\t\t\t\t\t<div class=\"elementor-column elementor-col-50 elementor-inner-column elementor-element elementor-element-ff23266\" data-id=\"ff23266\" data-element_type=\"column\">\n\t\t\t<div class=\"elementor-widget-wrap elementor-element-populated\">\n\t\t\t\t\t\t<div class=\"elementor-element elementor-element-f5f3055 elementor-widget elementor-widget-heading\" data-id=\"f5f3055\" data-element_type=\"widget\" data-widget_type=\"heading.default\">\n\t\t\t\t\t<h1 class=\"elementor-heading-title elementor-size-default\">Elektrik Motorlar\u0131<\/h1>\t\t\t\t<\/div>\n\t\t\t\t<div class=\"elementor-element elementor-element-7e0c2a8 elementor-widget elementor-widget-image\" data-id=\"7e0c2a8\" data-element_type=\"widget\" data-widget_type=\"image.default\">\n\t\t\t\t\t\t\t\t\t\t\t\t\t\t\t\t<a href=\"\/index.php\/teknik-dokuman\/elektrik-motorlari-dokumanlari\">\n\t\t\t\t\t\t\t<img data-opt-id=1444212492  fetchpriority=\"high\" decoding=\"async\" width=\"480\" height=\"348\" src=\"https:\/\/mlnbhdmb5shf.i.optimole.com\/w:480\/h:348\/q:mauto\/f:best\/https:\/\/tamsanmotor.com\/wp-content\/uploads\/2025\/09\/technical-translation-.png\" class=\"elementor-animation-wobble-vertical attachment-full size-full wp-image-3211\" alt=\"\" srcset=\"https:\/\/mlnbhdmb5shf.i.optimole.com\/w:480\/h:348\/q:mauto\/f:best\/https:\/\/tamsanmotor.com\/wp-content\/uploads\/2025\/09\/technical-translation-.png 480w, https:\/\/mlnbhdmb5shf.i.optimole.com\/w:300\/h:218\/q:mauto\/f:best\/https:\/\/tamsanmotor.com\/wp-content\/uploads\/2025\/09\/technical-translation-.png 300w\" sizes=\"(max-width: 480px) 100vw, 480px\" \/>\t\t\t\t\t\t\t\t<\/a>\n\t\t\t\t\t\t\t\t\t\t\t\t\t\t\t<\/div>\n\t\t\t\t\t<\/div>\n\t\t<\/div>\n\t\t\t\t<div class=\"elementor-column elementor-col-50 elementor-inner-column elementor-element elementor-element-cbc8ad6\" data-id=\"cbc8ad6\" data-element_type=\"column\">\n\t\t\t<div class=\"elementor-widget-wrap elementor-element-populated\">\n\t\t\t\t\t\t<div class=\"elementor-element elementor-element-4182522 elementor-widget elementor-widget-heading\" data-id=\"4182522\" data-element_type=\"widget\" data-widget_type=\"heading.default\">\n\t\t\t\t\t<h1 class=\"elementor-heading-title elementor-size-default\">Red\u00fckt\u00f6rl\u00fc Motorlar<\/h1>\t\t\t\t<\/div>\n\t\t\t\t<div class=\"elementor-element elementor-element-f3b6da5 elementor-widget elementor-widget-image\" data-id=\"f3b6da5\" data-element_type=\"widget\" data-widget_type=\"image.default\">\n\t\t\t\t\t\t\t\t\t\t\t\t\t\t\t\t<a href=\"\/index.php\/teknik-dokuman\/reduktorlu-motorlar\/\">\n\t\t\t\t\t\t\t<img data-opt-id=1523757054  fetchpriority=\"high\" decoding=\"async\" width=\"480\" height=\"348\" src=\"https:\/\/mlnbhdmb5shf.i.optimole.com\/w:480\/h:348\/q:mauto\/f:best\/https:\/\/tamsanmotor.com\/wp-content\/uploads\/2019\/03\/alma-contentpicture-mech.jpg\" class=\"elementor-animation-wobble-vertical attachment-full size-full wp-image-383\" alt=\"\" srcset=\"https:\/\/mlnbhdmb5shf.i.optimole.com\/w:480\/h:348\/q:mauto\/f:best\/https:\/\/tamsanmotor.com\/wp-content\/uploads\/2019\/03\/alma-contentpicture-mech.jpg 480w, https:\/\/mlnbhdmb5shf.i.optimole.com\/w:300\/h:218\/q:mauto\/f:best\/https:\/\/tamsanmotor.com\/wp-content\/uploads\/2019\/03\/alma-contentpicture-mech.jpg 300w\" sizes=\"(max-width: 480px) 100vw, 480px\" \/>\t\t\t\t\t\t\t\t<\/a>\n\t\t\t\t\t\t\t\t\t\t\t\t\t\t\t<\/div>\n\t\t\t\t\t<\/div>\n\t\t<\/div>\n\t\t\t\t\t<\/div>\n\t\t<\/section>\n\t\t\t\t<div class=\"elementor-element elementor-element-ffa340e elementor-widget elementor-widget-spacer\" data-id=\"ffa340e\" data-element_type=\"widget\" data-widget_type=\"spacer.default\">\n\t\t\t\t\t\t\t<div class=\"elementor-spacer\">\n\t\t\t<div class=\"elementor-spacer-inner\"><\/div>\n\t\t<\/div>\n\t\t\t\t\t\t<\/div>\n\t\t\t\t<div class=\"elementor-element elementor-element-c703843 elementor-widget elementor-widget-spacer\" data-id=\"c703843\" data-element_type=\"widget\" data-widget_type=\"spacer.default\">\n\t\t\t\t\t\t\t<div class=\"elementor-spacer\">\n\t\t\t<div class=\"elementor-spacer-inner\"><\/div>\n\t\t<\/div>\n\t\t\t\t\t\t<\/div>\n\t\t\t\t\t<\/div>\n\t\t<\/div>\n\t\t\t\t\t<\/div>\n\t\t<\/section>\n\t\t\t\t<\/div>\n\t\t","protected":false},"excerpt":{"rendered":"<p>Elektrik Motorlar\u0131 Red\u00fckt\u00f6rl\u00fc Motorlar<\/p>\n","protected":false},"author":1,"featured_media":0,"parent":0,"menu_order":0,"comment_status":"closed","ping_status":"closed","template":"","meta":{"footnotes":""},"wf_page_folders":[],"class_list":["post-376","page","type-page","status-publish","hentry"],"yoast_head":"<!-- This site is optimized with the Yoast SEO plugin v24.8.1 - https:\/\/yoast.com\/wordpress\/plugins\/seo\/ -->\n<title>Teknik D\u00f6k\u00fcman - Tamsan Motor<\/title>\n<meta name=\"robots\" content=\"index, follow, max-snippet:-1, max-image-preview:large, max-video-preview:-1\" \/>\n<link rel=\"canonical\" href=\"https:\/\/tamsanmotor.com\/index.php\/teknik-dokuman\/\" \/>\n<meta property=\"og:locale\" content=\"tr_TR\" \/>\n<meta property=\"og:type\" content=\"article\" \/>\n<meta property=\"og:title\" content=\"Teknik D\u00f6k\u00fcman - Tamsan Motor\" \/>\n<meta property=\"og:description\" content=\"Elektrik Motorlar\u0131 Red\u00fckt\u00f6rl\u00fc Motorlar\" \/>\n<meta property=\"og:url\" content=\"https:\/\/tamsanmotor.com\/index.php\/teknik-dokuman\/\" \/>\n<meta property=\"og:site_name\" content=\"Tamsan Motor\" \/>\n<meta property=\"article:modified_time\" content=\"2025-09-15T13:54:32+00:00\" \/>\n<meta property=\"og:image\" content=\"https:\/\/mlnbhdmb5shf.i.optimole.com\/w:auto\/h:auto\/q:mauto\/f:best\/https:\/\/tamsanmotor.com\/wp-content\/uploads\/2025\/09\/technical-translation-.png\" \/>\n<meta name=\"twitter:card\" content=\"summary_large_image\" \/>\n<meta name=\"twitter:label1\" content=\"Tahmini okuma s\u00fcresi\" \/>\n\t<meta name=\"twitter:data1\" content=\"1 dakika\" \/>\n<script type=\"application\/ld+json\" class=\"yoast-schema-graph\">{\"@context\":\"https:\/\/schema.org\",\"@graph\":[{\"@type\":\"WebPage\",\"@id\":\"https:\/\/tamsanmotor.com\/index.php\/teknik-dokuman\/\",\"url\":\"https:\/\/tamsanmotor.com\/index.php\/teknik-dokuman\/\",\"name\":\"Teknik D\u00f6k\u00fcman - Tamsan Motor\",\"isPartOf\":{\"@id\":\"https:\/\/tamsanmotor.com\/#website\"},\"primaryImageOfPage\":{\"@id\":\"https:\/\/tamsanmotor.com\/index.php\/teknik-dokuman\/#primaryimage\"},\"image\":{\"@id\":\"https:\/\/tamsanmotor.com\/index.php\/teknik-dokuman\/#primaryimage\"},\"thumbnailUrl\":\"https:\/\/mlnbhdmb5shf.i.optimole.com\/w:auto\/h:auto\/q:mauto\/f:best\/https:\/\/tamsanmotor.com\/wp-content\/uploads\/2025\/09\/technical-translation-.png\",\"datePublished\":\"2019-03-06T12:22:44+00:00\",\"dateModified\":\"2025-09-15T13:54:32+00:00\",\"breadcrumb\":{\"@id\":\"https:\/\/tamsanmotor.com\/index.php\/teknik-dokuman\/#breadcrumb\"},\"inLanguage\":\"tr\",\"potentialAction\":[{\"@type\":\"ReadAction\",\"target\":[\"https:\/\/tamsanmotor.com\/index.php\/teknik-dokuman\/\"]}]},{\"@type\":\"ImageObject\",\"inLanguage\":\"tr\",\"@id\":\"https:\/\/tamsanmotor.com\/index.php\/teknik-dokuman\/#primaryimage\",\"url\":\"https:\/\/mlnbhdmb5shf.i.optimole.com\/w:auto\/h:auto\/q:mauto\/f:best\/https:\/\/tamsanmotor.com\/wp-content\/uploads\/2025\/09\/technical-translation-.png\",\"contentUrl\":\"https:\/\/mlnbhdmb5shf.i.optimole.com\/w:auto\/h:auto\/q:mauto\/f:best\/https:\/\/tamsanmotor.com\/wp-content\/uploads\/2025\/09\/technical-translation-.png\",\"width\":480,\"height\":348},{\"@type\":\"BreadcrumbList\",\"@id\":\"https:\/\/tamsanmotor.com\/index.php\/teknik-dokuman\/#breadcrumb\",\"itemListElement\":[{\"@type\":\"ListItem\",\"position\":1,\"name\":\"Ana sayfa\",\"item\":\"https:\/\/tamsanmotor.com\/\"},{\"@type\":\"ListItem\",\"position\":2,\"name\":\"Teknik D\u00f6k\u00fcman\"}]},{\"@type\":\"WebSite\",\"@id\":\"https:\/\/tamsanmotor.com\/#website\",\"url\":\"https:\/\/tamsanmotor.com\/\",\"name\":\"Tamsan Elektrik Motor\",\"description\":\"\",\"publisher\":{\"@id\":\"https:\/\/tamsanmotor.com\/#organization\"},\"potentialAction\":[{\"@type\":\"SearchAction\",\"target\":{\"@type\":\"EntryPoint\",\"urlTemplate\":\"https:\/\/tamsanmotor.com\/?s={search_term_string}\"},\"query-input\":{\"@type\":\"PropertyValueSpecification\",\"valueRequired\":true,\"valueName\":\"search_term_string\"}}],\"inLanguage\":\"tr\"},{\"@type\":\"Organization\",\"@id\":\"https:\/\/tamsanmotor.com\/#organization\",\"name\":\"Tamsan Elektrik Motor San. ve Tic. Ltd. \u015eti.\",\"url\":\"https:\/\/tamsanmotor.com\/\",\"logo\":{\"@type\":\"ImageObject\",\"inLanguage\":\"tr\",\"@id\":\"https:\/\/tamsanmotor.com\/#\/schema\/logo\/image\/\",\"url\":\"https:\/\/mlnbhdmb5shf.i.optimole.com\/w:auto\/h:auto\/q:mauto\/f:best\/https:\/\/tamsanmotor.com\/wp-content\/uploads\/2019\/11\/TAMSAN-logo.jpg\",\"contentUrl\":\"https:\/\/mlnbhdmb5shf.i.optimole.com\/w:auto\/h:auto\/q:mauto\/f:best\/https:\/\/tamsanmotor.com\/wp-content\/uploads\/2019\/11\/TAMSAN-logo.jpg\",\"width\":1388,\"height\":292,\"caption\":\"Tamsan Elektrik Motor San. ve Tic. Ltd. \u015eti.\"},\"image\":{\"@id\":\"https:\/\/tamsanmotor.com\/#\/schema\/logo\/image\/\"}}]}<\/script>\n<!-- \/ Yoast SEO plugin. -->","yoast_head_json":{"title":"Teknik D\u00f6k\u00fcman - Tamsan Motor","robots":{"index":"index","follow":"follow","max-snippet":"max-snippet:-1","max-image-preview":"max-image-preview:large","max-video-preview":"max-video-preview:-1"},"canonical":"https:\/\/tamsanmotor.com\/index.php\/teknik-dokuman\/","og_locale":"tr_TR","og_type":"article","og_title":"Teknik D\u00f6k\u00fcman - Tamsan Motor","og_description":"Elektrik Motorlar\u0131 Red\u00fckt\u00f6rl\u00fc Motorlar","og_url":"https:\/\/tamsanmotor.com\/index.php\/teknik-dokuman\/","og_site_name":"Tamsan Motor","article_modified_time":"2025-09-15T13:54:32+00:00","og_image":[{"url":"https:\/\/mlnbhdmb5shf.i.optimole.com\/w:auto\/h:auto\/q:mauto\/f:best\/https:\/\/tamsanmotor.com\/wp-content\/uploads\/2025\/09\/technical-translation-.png","type":"","width":"","height":""}],"twitter_card":"summary_large_image","twitter_misc":{"Tahmini okuma s\u00fcresi":"1 dakika"},"schema":{"@context":"https:\/\/schema.org","@graph":[{"@type":"WebPage","@id":"https:\/\/tamsanmotor.com\/index.php\/teknik-dokuman\/","url":"https:\/\/tamsanmotor.com\/index.php\/teknik-dokuman\/","name":"Teknik D\u00f6k\u00fcman - Tamsan Motor","isPartOf":{"@id":"https:\/\/tamsanmotor.com\/#website"},"primaryImageOfPage":{"@id":"https:\/\/tamsanmotor.com\/index.php\/teknik-dokuman\/#primaryimage"},"image":{"@id":"https:\/\/tamsanmotor.com\/index.php\/teknik-dokuman\/#primaryimage"},"thumbnailUrl":"https:\/\/mlnbhdmb5shf.i.optimole.com\/w:auto\/h:auto\/q:mauto\/f:best\/https:\/\/tamsanmotor.com\/wp-content\/uploads\/2025\/09\/technical-translation-.png","datePublished":"2019-03-06T12:22:44+00:00","dateModified":"2025-09-15T13:54:32+00:00","breadcrumb":{"@id":"https:\/\/tamsanmotor.com\/index.php\/teknik-dokuman\/#breadcrumb"},"inLanguage":"tr","potentialAction":[{"@type":"ReadAction","target":["https:\/\/tamsanmotor.com\/index.php\/teknik-dokuman\/"]}]},{"@type":"ImageObject","inLanguage":"tr","@id":"https:\/\/tamsanmotor.com\/index.php\/teknik-dokuman\/#primaryimage","url":"https:\/\/mlnbhdmb5shf.i.optimole.com\/w:auto\/h:auto\/q:mauto\/f:best\/https:\/\/tamsanmotor.com\/wp-content\/uploads\/2025\/09\/technical-translation-.png","contentUrl":"https:\/\/mlnbhdmb5shf.i.optimole.com\/w:auto\/h:auto\/q:mauto\/f:best\/https:\/\/tamsanmotor.com\/wp-content\/uploads\/2025\/09\/technical-translation-.png","width":480,"height":348},{"@type":"BreadcrumbList","@id":"https:\/\/tamsanmotor.com\/index.php\/teknik-dokuman\/#breadcrumb","itemListElement":[{"@type":"ListItem","position":1,"name":"Ana sayfa","item":"https:\/\/tamsanmotor.com\/"},{"@type":"ListItem","position":2,"name":"Teknik D\u00f6k\u00fcman"}]},{"@type":"WebSite","@id":"https:\/\/tamsanmotor.com\/#website","url":"https:\/\/tamsanmotor.com\/","name":"Tamsan Elektrik Motor","description":"","publisher":{"@id":"https:\/\/tamsanmotor.com\/#organization"},"potentialAction":[{"@type":"SearchAction","target":{"@type":"EntryPoint","urlTemplate":"https:\/\/tamsanmotor.com\/?s={search_term_string}"},"query-input":{"@type":"PropertyValueSpecification","valueRequired":true,"valueName":"search_term_string"}}],"inLanguage":"tr"},{"@type":"Organization","@id":"https:\/\/tamsanmotor.com\/#organization","name":"Tamsan Elektrik Motor San. ve Tic. Ltd. \u015eti.","url":"https:\/\/tamsanmotor.com\/","logo":{"@type":"ImageObject","inLanguage":"tr","@id":"https:\/\/tamsanmotor.com\/#\/schema\/logo\/image\/","url":"https:\/\/mlnbhdmb5shf.i.optimole.com\/w:auto\/h:auto\/q:mauto\/f:best\/https:\/\/tamsanmotor.com\/wp-content\/uploads\/2019\/11\/TAMSAN-logo.jpg","contentUrl":"https:\/\/mlnbhdmb5shf.i.optimole.com\/w:auto\/h:auto\/q:mauto\/f:best\/https:\/\/tamsanmotor.com\/wp-content\/uploads\/2019\/11\/TAMSAN-logo.jpg","width":1388,"height":292,"caption":"Tamsan Elektrik Motor San. ve Tic. Ltd. \u015eti."},"image":{"@id":"https:\/\/tamsanmotor.com\/#\/schema\/logo\/image\/"}}]}},"_links":{"self":[{"href":"https:\/\/tamsanmotor.com\/index.php\/wp-json\/wp\/v2\/pages\/376","targetHints":{"allow":["GET"]}}],"collection":[{"href":"https:\/\/tamsanmotor.com\/index.php\/wp-json\/wp\/v2\/pages"}],"about":[{"href":"https:\/\/tamsanmotor.com\/index.php\/wp-json\/wp\/v2\/types\/page"}],"author":[{"embeddable":true,"href":"https:\/\/tamsanmotor.com\/index.php\/wp-json\/wp\/v2\/users\/1"}],"replies":[{"embeddable":true,"href":"https:\/\/tamsanmotor.com\/index.php\/wp-json\/wp\/v2\/comments?post=376"}],"version-history":[{"count":9,"href":"https:\/\/tamsanmotor.com\/index.php\/wp-json\/wp\/v2\/pages\/376\/revisions"}],"predecessor-version":[{"id":3214,"href":"https:\/\/tamsanmotor.com\/index.php\/wp-json\/wp\/v2\/pages\/376\/revisions\/3214"}],"wp:attachment":[{"href":"https:\/\/tamsanmotor.com\/index.php\/wp-json\/wp\/v2\/media?parent=376"}],"wp:term":[{"taxonomy":"wf_page_folders","embeddable":true,"href":"https:\/\/tamsanmotor.com\/index.php\/wp-json\/wp\/v2\/wf_page_folders?post=376"}],"curies":[{"name":"wp","href":"https:\/\/api.w.org\/{rel}","templated":true}]}}