{"id":479,"date":"2019-03-08T15:44:33","date_gmt":"2019-03-08T12:44:33","guid":{"rendered":"http:\/\/tamsanmotor.com\/?page_id=479"},"modified":"2022-05-18T16:25:16","modified_gmt":"2022-05-18T13:25:16","slug":"reduktorlu-motorlar-dokumanlari","status":"publish","type":"page","link":"https:\/\/tamsanmotor.com\/index.php\/teknik-dokuman\/reduktorlu-motorlar-dokumanlari\/","title":{"rendered":"Red\u00fckt\u00f6rl\u00fc Motorlar D\u00f6k\u00fcmanlar\u0131"},"content":{"rendered":"\t\t<div data-elementor-type=\"wp-post\" data-elementor-id=\"479\" class=\"elementor elementor-479\">\n\t\t\t\t\t\t<section class=\"elementor-section elementor-top-section elementor-element elementor-element-1e363f7 elementor-section-boxed elementor-section-height-default elementor-section-height-default\" data-id=\"1e363f7\" data-element_type=\"section\">\n\t\t\t\t\t\t<div class=\"elementor-container elementor-column-gap-default\">\n\t\t\t\t\t<div class=\"elementor-column elementor-col-50 elementor-top-column elementor-element elementor-element-e959277\" data-id=\"e959277\" data-element_type=\"column\">\n\t\t\t<div class=\"elementor-widget-wrap elementor-element-populated\">\n\t\t\t\t\t\t<div class=\"elementor-element elementor-element-ddd4b23 elementor-widget elementor-widget-spacer\" data-id=\"ddd4b23\" data-element_type=\"widget\" data-widget_type=\"spacer.default\">\n\t\t\t\t\t\t\t<div class=\"elementor-spacer\">\n\t\t\t<div class=\"elementor-spacer-inner\"><\/div>\n\t\t<\/div>\n\t\t\t\t\t\t<\/div>\n\t\t\t\t<div class=\"elementor-element elementor-element-ac5eb2e elementor-widget elementor-widget-image\" data-id=\"ac5eb2e\" data-element_type=\"widget\" data-widget_type=\"image.default\">\n\t\t\t\t\t\t\t\t\t\t\t\t\t\t\t\t<a href=\"https:\/\/www.yr.com.tr\/dokuman\" target=\"_blank\">\n\t\t\t\t\t\t\t<img data-opt-id=2050148480  fetchpriority=\"high\" decoding=\"async\" width=\"300\" height=\"300\" src=\"https:\/\/mlnbhdmb5shf.i.optimole.com\/w:300\/h:300\/q:mauto\/f:best\/https:\/\/tamsanmotor.com\/wp-content\/uploads\/2019\/10\/YR_LOGO.jpg\" class=\"attachment-medium size-medium wp-image-2352\" alt=\"\" \/>\t\t\t\t\t\t\t\t<\/a>\n\t\t\t\t\t\t\t\t\t\t\t\t\t\t\t<\/div>\n\t\t\t\t\t<\/div>\n\t\t<\/div>\n\t\t\t\t<div class=\"elementor-column elementor-col-50 elementor-top-column elementor-element elementor-element-4b6c54a\" data-id=\"4b6c54a\" data-element_type=\"column\">\n\t\t\t<div class=\"elementor-widget-wrap elementor-element-populated\">\n\t\t\t\t\t\t<div class=\"elementor-element elementor-element-be7d88a elementor-widget elementor-widget-spacer\" data-id=\"be7d88a\" data-element_type=\"widget\" data-widget_type=\"spacer.default\">\n\t\t\t\t\t\t\t<div class=\"elementor-spacer\">\n\t\t\t<div class=\"elementor-spacer-inner\"><\/div>\n\t\t<\/div>\n\t\t\t\t\t\t<\/div>\n\t\t\t\t<div class=\"elementor-element elementor-element-3cffdeb elementor-widget elementor-widget-image\" data-id=\"3cffdeb\" data-element_type=\"widget\" data-widget_type=\"image.default\">\n\t\t\t\t\t\t\t\t\t\t\t\t\t\t\t\t<a href=\"http:\/\/www.zetreduktor.com\/tr\/docs.html\" target=\"_blank\">\n\t\t\t\t\t\t\t<img data-opt-id=1594052031  fetchpriority=\"high\" decoding=\"async\" src=\"https:\/\/mlnbhdmb5shf.i.optimole.com\/w:480\/h:150\/q:mauto\/f:best\/https:\/\/tamsanmotor.com\/wp-content\/uploads\/2019\/11\/logo-tr-red.png\" title=\"logo-tr-red\" alt=\"logo-tr-red\" loading=\"lazy\" \/>\t\t\t\t\t\t\t\t<\/a>\n\t\t\t\t\t\t\t\t\t\t\t\t\t\t\t<\/div>\n\t\t\t\t\t<\/div>\n\t\t<\/div>\n\t\t\t\t\t<\/div>\n\t\t<\/section>\n\t\t\t\t<section class=\"elementor-section elementor-top-section elementor-element elementor-element-a0ae93b elementor-section-boxed elementor-section-height-default elementor-section-height-default\" data-id=\"a0ae93b\" data-element_type=\"section\">\n\t\t\t\t\t\t<div class=\"elementor-container elementor-column-gap-default\">\n\t\t\t\t\t<div class=\"elementor-column elementor-col-50 elementor-top-column elementor-element elementor-element-fa9ce56\" data-id=\"fa9ce56\" data-element_type=\"column\">\n\t\t\t<div class=\"elementor-widget-wrap elementor-element-populated\">\n\t\t\t\t\t\t<div class=\"elementor-element elementor-element-7ddc4ea elementor-widget elementor-widget-image\" data-id=\"7ddc4ea\" data-element_type=\"widget\" data-widget_type=\"image.default\">\n\t\t\t\t\t\t\t\t\t\t\t\t\t\t\t\t<a href=\"https:\/\/www.limoz.com.tr\/Assets\/pdf\/limoz_brosur_rev13_lowres.pdf\" target=\"_blank\">\n\t\t\t\t\t\t\t<img data-opt-id=1232290156  fetchpriority=\"high\" decoding=\"async\" src=\"https:\/\/mlnbhdmb5shf.i.optimole.com\/w:500\/h:400\/q:mauto\/f:best\/https:\/\/tamsanmotor.com\/wp-content\/uploads\/2019\/10\/limoz-logo-01-300x300.jpg\" title=\"limoz-logo-01-300&#215;300\" alt=\"limoz-logo-01-300x300\" loading=\"lazy\" \/>\t\t\t\t\t\t\t\t<\/a>\n\t\t\t\t\t\t\t\t\t\t\t\t\t\t\t<\/div>\n\t\t\t\t<div class=\"elementor-element elementor-element-3a4d643 elementor-widget elementor-widget-spacer\" data-id=\"3a4d643\" data-element_type=\"widget\" data-widget_type=\"spacer.default\">\n\t\t\t\t\t\t\t<div class=\"elementor-spacer\">\n\t\t\t<div class=\"elementor-spacer-inner\"><\/div>\n\t\t<\/div>\n\t\t\t\t\t\t<\/div>\n\t\t\t\t\t<\/div>\n\t\t<\/div>\n\t\t\t\t<div class=\"elementor-column elementor-col-50 elementor-top-column elementor-element elementor-element-c9aca0c\" data-id=\"c9aca0c\" data-element_type=\"column\">\n\t\t\t<div class=\"elementor-widget-wrap elementor-element-populated\">\n\t\t\t\t\t\t<div class=\"elementor-element elementor-element-73dd133 elementor-widget elementor-widget-image\" data-id=\"73dd133\" data-element_type=\"widget\" data-widget_type=\"image.default\">\n\t\t\t\t\t\t\t\t\t\t\t\t\t\t\t\t<a href=\"https:\/\/imakreduktor.com\/tr\/catalogues\/\" target=\"_blank\">\n\t\t\t\t\t\t\t<img data-opt-id=1075094655  data-opt-src=\"https:\/\/mlnbhdmb5shf.i.optimole.com\/w:495\/h:495\/q:mauto\/f:best\/https:\/\/tamsanmotor.com\/wp-content\/uploads\/2019\/10\/imak-logo.jpg\"  decoding=\"async\" width=\"495\" height=\"495\" src=\"data:image/svg+xml,%3Csvg%20viewBox%3D%220%200%20495%20495%22%20width%3D%22495%22%20height%3D%22495%22%20xmlns%3D%22http%3A%2F%2Fwww.w3.org%2F2000%2Fsvg%22%3E%3Crect%20width%3D%22495%22%20height%3D%22495%22%20fill%3D%22transparent%22%2F%3E%3C%2Fsvg%3E\" class=\"attachment-medium_large size-medium_large wp-image-2482\" alt=\"\" old-srcset=\"https:\/\/mlnbhdmb5shf.i.optimole.com\/w:495\/h:495\/q:mauto\/f:best\/https:\/\/tamsanmotor.com\/wp-content\/uploads\/2019\/10\/imak-logo.jpg 495w, https:\/\/mlnbhdmb5shf.i.optimole.com\/w:150\/h:150\/q:mauto\/f:best\/https:\/\/tamsanmotor.com\/wp-content\/uploads\/2019\/10\/imak-logo.jpg 150w, https:\/\/mlnbhdmb5shf.i.optimole.com\/w:300\/h:300\/q:mauto\/f:best\/https:\/\/tamsanmotor.com\/wp-content\/uploads\/2019\/10\/imak-logo.jpg 300w\" \/><noscript><img data-opt-id=1075094655  decoding=\"async\" width=\"495\" height=\"495\" src=\"https:\/\/mlnbhdmb5shf.i.optimole.com\/w:495\/h:495\/q:mauto\/f:best\/https:\/\/tamsanmotor.com\/wp-content\/uploads\/2019\/10\/imak-logo.jpg\" class=\"attachment-medium_large size-medium_large wp-image-2482\" alt=\"\" srcset=\"https:\/\/mlnbhdmb5shf.i.optimole.com\/w:495\/h:495\/q:mauto\/f:best\/https:\/\/tamsanmotor.com\/wp-content\/uploads\/2019\/10\/imak-logo.jpg 495w, https:\/\/mlnbhdmb5shf.i.optimole.com\/w:150\/h:150\/q:mauto\/f:best\/https:\/\/tamsanmotor.com\/wp-content\/uploads\/2019\/10\/imak-logo.jpg 150w, https:\/\/mlnbhdmb5shf.i.optimole.com\/w:300\/h:300\/q:mauto\/f:best\/https:\/\/tamsanmotor.com\/wp-content\/uploads\/2019\/10\/imak-logo.jpg 300w\" sizes=\"(max-width: 495px) 100vw, 495px\" \/></noscript>\t\t\t\t\t\t\t\t<\/a>\n\t\t\t\t\t\t\t\t\t\t\t\t\t\t\t<\/div>\n\t\t\t\t\t<\/div>\n\t\t<\/div>\n\t\t\t\t\t<\/div>\n\t\t<\/section>\n\t\t\t\t<\/div>\n\t\t","protected":false},"excerpt":{"rendered":"","protected":false},"author":1,"featured_media":0,"parent":376,"menu_order":0,"comment_status":"closed","ping_status":"closed","template":"","meta":{"footnotes":""},"wf_page_folders":[],"class_list":["post-479","page","type-page","status-publish","hentry"],"yoast_head":"<!-- This site is optimized with the Yoast SEO plugin v24.8.1 - https:\/\/yoast.com\/wordpress\/plugins\/seo\/ -->\n<title>Red\u00fckt\u00f6rl\u00fc Motorlar D\u00f6k\u00fcmanlar\u0131 - Tamsan Motor<\/title>\n<meta name=\"robots\" content=\"index, follow, max-snippet:-1, max-image-preview:large, max-video-preview:-1\" \/>\n<link rel=\"canonical\" href=\"https:\/\/tamsanmotor.com\/index.php\/teknik-dokuman\/reduktorlu-motorlar-dokumanlari\/\" \/>\n<meta property=\"og:locale\" content=\"tr_TR\" \/>\n<meta property=\"og:type\" content=\"article\" \/>\n<meta property=\"og:title\" content=\"Red\u00fckt\u00f6rl\u00fc Motorlar D\u00f6k\u00fcmanlar\u0131 - Tamsan Motor\" \/>\n<meta property=\"og:url\" content=\"https:\/\/tamsanmotor.com\/index.php\/teknik-dokuman\/reduktorlu-motorlar-dokumanlari\/\" \/>\n<meta property=\"og:site_name\" content=\"Tamsan Motor\" \/>\n<meta property=\"article:modified_time\" content=\"2022-05-18T13:25:16+00:00\" \/>\n<meta property=\"og:image\" content=\"https:\/\/mlnbhdmb5shf.i.optimole.com\/w:300\/h:263\/q:mauto\/f:best\/https:\/\/tamsanmotor.com\/wp-content\/uploads\/2019\/10\/YR_LOGO.jpg\" \/>\n<meta name=\"twitter:card\" content=\"summary_large_image\" \/>\n<meta name=\"twitter:label1\" content=\"Tahmini okuma s\u00fcresi\" \/>\n\t<meta name=\"twitter:data1\" content=\"1 dakika\" \/>\n<script type=\"application\/ld+json\" class=\"yoast-schema-graph\">{\"@context\":\"https:\/\/schema.org\",\"@graph\":[{\"@type\":\"WebPage\",\"@id\":\"https:\/\/tamsanmotor.com\/index.php\/teknik-dokuman\/reduktorlu-motorlar-dokumanlari\/\",\"url\":\"https:\/\/tamsanmotor.com\/index.php\/teknik-dokuman\/reduktorlu-motorlar-dokumanlari\/\",\"name\":\"Red\u00fckt\u00f6rl\u00fc Motorlar D\u00f6k\u00fcmanlar\u0131 - Tamsan Motor\",\"isPartOf\":{\"@id\":\"https:\/\/tamsanmotor.com\/#website\"},\"primaryImageOfPage\":{\"@id\":\"https:\/\/tamsanmotor.com\/index.php\/teknik-dokuman\/reduktorlu-motorlar-dokumanlari\/#primaryimage\"},\"image\":{\"@id\":\"https:\/\/tamsanmotor.com\/index.php\/teknik-dokuman\/reduktorlu-motorlar-dokumanlari\/#primaryimage\"},\"thumbnailUrl\":\"https:\/\/mlnbhdmb5shf.i.optimole.com\/w:300\/h:263\/q:mauto\/f:best\/https:\/\/tamsanmotor.com\/wp-content\/uploads\/2019\/10\/YR_LOGO.jpg\",\"datePublished\":\"2019-03-08T12:44:33+00:00\",\"dateModified\":\"2022-05-18T13:25:16+00:00\",\"breadcrumb\":{\"@id\":\"https:\/\/tamsanmotor.com\/index.php\/teknik-dokuman\/reduktorlu-motorlar-dokumanlari\/#breadcrumb\"},\"inLanguage\":\"tr\",\"potentialAction\":[{\"@type\":\"ReadAction\",\"target\":[\"https:\/\/tamsanmotor.com\/index.php\/teknik-dokuman\/reduktorlu-motorlar-dokumanlari\/\"]}]},{\"@type\":\"ImageObject\",\"inLanguage\":\"tr\",\"@id\":\"https:\/\/tamsanmotor.com\/index.php\/teknik-dokuman\/reduktorlu-motorlar-dokumanlari\/#primaryimage\",\"url\":\"https:\/\/mlnbhdmb5shf.i.optimole.com\/w:auto\/h:auto\/q:mauto\/f:best\/https:\/\/tamsanmotor.com\/wp-content\/uploads\/2019\/10\/YR_LOGO.jpg\",\"contentUrl\":\"https:\/\/mlnbhdmb5shf.i.optimole.com\/w:auto\/h:auto\/q:mauto\/f:best\/https:\/\/tamsanmotor.com\/wp-content\/uploads\/2019\/10\/YR_LOGO.jpg\",\"width\":1181,\"height\":1034},{\"@type\":\"BreadcrumbList\",\"@id\":\"https:\/\/tamsanmotor.com\/index.php\/teknik-dokuman\/reduktorlu-motorlar-dokumanlari\/#breadcrumb\",\"itemListElement\":[{\"@type\":\"ListItem\",\"position\":1,\"name\":\"Ana sayfa\",\"item\":\"https:\/\/tamsanmotor.com\/\"},{\"@type\":\"ListItem\",\"position\":2,\"name\":\"Teknik D\u00f6k\u00fcman\",\"item\":\"https:\/\/tamsanmotor.com\/index.php\/teknik-dokuman\/\"},{\"@type\":\"ListItem\",\"position\":3,\"name\":\"Red\u00fckt\u00f6rl\u00fc Motorlar D\u00f6k\u00fcmanlar\u0131\"}]},{\"@type\":\"WebSite\",\"@id\":\"https:\/\/tamsanmotor.com\/#website\",\"url\":\"https:\/\/tamsanmotor.com\/\",\"name\":\"Tamsan Elektrik Motor\",\"description\":\"\",\"publisher\":{\"@id\":\"https:\/\/tamsanmotor.com\/#organization\"},\"potentialAction\":[{\"@type\":\"SearchAction\",\"target\":{\"@type\":\"EntryPoint\",\"urlTemplate\":\"https:\/\/tamsanmotor.com\/?s={search_term_string}\"},\"query-input\":{\"@type\":\"PropertyValueSpecification\",\"valueRequired\":true,\"valueName\":\"search_term_string\"}}],\"inLanguage\":\"tr\"},{\"@type\":\"Organization\",\"@id\":\"https:\/\/tamsanmotor.com\/#organization\",\"name\":\"Tamsan Elektrik Motor San. ve Tic. Ltd. \u015eti.\",\"url\":\"https:\/\/tamsanmotor.com\/\",\"logo\":{\"@type\":\"ImageObject\",\"inLanguage\":\"tr\",\"@id\":\"https:\/\/tamsanmotor.com\/#\/schema\/logo\/image\/\",\"url\":\"https:\/\/mlnbhdmb5shf.i.optimole.com\/w:auto\/h:auto\/q:mauto\/f:best\/https:\/\/tamsanmotor.com\/wp-content\/uploads\/2019\/11\/TAMSAN-logo.jpg\",\"contentUrl\":\"https:\/\/mlnbhdmb5shf.i.optimole.com\/w:auto\/h:auto\/q:mauto\/f:best\/https:\/\/tamsanmotor.com\/wp-content\/uploads\/2019\/11\/TAMSAN-logo.jpg\",\"width\":1388,\"height\":292,\"caption\":\"Tamsan Elektrik Motor San. ve Tic. Ltd. \u015eti.\"},\"image\":{\"@id\":\"https:\/\/tamsanmotor.com\/#\/schema\/logo\/image\/\"}}]}<\/script>\n<!-- \/ Yoast SEO plugin. -->","yoast_head_json":{"title":"Red\u00fckt\u00f6rl\u00fc Motorlar D\u00f6k\u00fcmanlar\u0131 - Tamsan Motor","robots":{"index":"index","follow":"follow","max-snippet":"max-snippet:-1","max-image-preview":"max-image-preview:large","max-video-preview":"max-video-preview:-1"},"canonical":"https:\/\/tamsanmotor.com\/index.php\/teknik-dokuman\/reduktorlu-motorlar-dokumanlari\/","og_locale":"tr_TR","og_type":"article","og_title":"Red\u00fckt\u00f6rl\u00fc Motorlar D\u00f6k\u00fcmanlar\u0131 - Tamsan Motor","og_url":"https:\/\/tamsanmotor.com\/index.php\/teknik-dokuman\/reduktorlu-motorlar-dokumanlari\/","og_site_name":"Tamsan Motor","article_modified_time":"2022-05-18T13:25:16+00:00","og_image":[{"url":"https:\/\/mlnbhdmb5shf.i.optimole.com\/w:300\/h:263\/q:mauto\/f:best\/https:\/\/tamsanmotor.com\/wp-content\/uploads\/2019\/10\/YR_LOGO.jpg","type":"","width":"","height":""}],"twitter_card":"summary_large_image","twitter_misc":{"Tahmini okuma s\u00fcresi":"1 dakika"},"schema":{"@context":"https:\/\/schema.org","@graph":[{"@type":"WebPage","@id":"https:\/\/tamsanmotor.com\/index.php\/teknik-dokuman\/reduktorlu-motorlar-dokumanlari\/","url":"https:\/\/tamsanmotor.com\/index.php\/teknik-dokuman\/reduktorlu-motorlar-dokumanlari\/","name":"Red\u00fckt\u00f6rl\u00fc Motorlar D\u00f6k\u00fcmanlar\u0131 - Tamsan Motor","isPartOf":{"@id":"https:\/\/tamsanmotor.com\/#website"},"primaryImageOfPage":{"@id":"https:\/\/tamsanmotor.com\/index.php\/teknik-dokuman\/reduktorlu-motorlar-dokumanlari\/#primaryimage"},"image":{"@id":"https:\/\/tamsanmotor.com\/index.php\/teknik-dokuman\/reduktorlu-motorlar-dokumanlari\/#primaryimage"},"thumbnailUrl":"https:\/\/mlnbhdmb5shf.i.optimole.com\/w:300\/h:263\/q:mauto\/f:best\/https:\/\/tamsanmotor.com\/wp-content\/uploads\/2019\/10\/YR_LOGO.jpg","datePublished":"2019-03-08T12:44:33+00:00","dateModified":"2022-05-18T13:25:16+00:00","breadcrumb":{"@id":"https:\/\/tamsanmotor.com\/index.php\/teknik-dokuman\/reduktorlu-motorlar-dokumanlari\/#breadcrumb"},"inLanguage":"tr","potentialAction":[{"@type":"ReadAction","target":["https:\/\/tamsanmotor.com\/index.php\/teknik-dokuman\/reduktorlu-motorlar-dokumanlari\/"]}]},{"@type":"ImageObject","inLanguage":"tr","@id":"https:\/\/tamsanmotor.com\/index.php\/teknik-dokuman\/reduktorlu-motorlar-dokumanlari\/#primaryimage","url":"https:\/\/mlnbhdmb5shf.i.optimole.com\/w:auto\/h:auto\/q:mauto\/f:best\/https:\/\/tamsanmotor.com\/wp-content\/uploads\/2019\/10\/YR_LOGO.jpg","contentUrl":"https:\/\/mlnbhdmb5shf.i.optimole.com\/w:auto\/h:auto\/q:mauto\/f:best\/https:\/\/tamsanmotor.com\/wp-content\/uploads\/2019\/10\/YR_LOGO.jpg","width":1181,"height":1034},{"@type":"BreadcrumbList","@id":"https:\/\/tamsanmotor.com\/index.php\/teknik-dokuman\/reduktorlu-motorlar-dokumanlari\/#breadcrumb","itemListElement":[{"@type":"ListItem","position":1,"name":"Ana sayfa","item":"https:\/\/tamsanmotor.com\/"},{"@type":"ListItem","position":2,"name":"Teknik D\u00f6k\u00fcman","item":"https:\/\/tamsanmotor.com\/index.php\/teknik-dokuman\/"},{"@type":"ListItem","position":3,"name":"Red\u00fckt\u00f6rl\u00fc Motorlar D\u00f6k\u00fcmanlar\u0131"}]},{"@type":"WebSite","@id":"https:\/\/tamsanmotor.com\/#website","url":"https:\/\/tamsanmotor.com\/","name":"Tamsan Elektrik Motor","description":"","publisher":{"@id":"https:\/\/tamsanmotor.com\/#organization"},"potentialAction":[{"@type":"SearchAction","target":{"@type":"EntryPoint","urlTemplate":"https:\/\/tamsanmotor.com\/?s={search_term_string}"},"query-input":{"@type":"PropertyValueSpecification","valueRequired":true,"valueName":"search_term_string"}}],"inLanguage":"tr"},{"@type":"Organization","@id":"https:\/\/tamsanmotor.com\/#organization","name":"Tamsan Elektrik Motor San. ve Tic. Ltd. \u015eti.","url":"https:\/\/tamsanmotor.com\/","logo":{"@type":"ImageObject","inLanguage":"tr","@id":"https:\/\/tamsanmotor.com\/#\/schema\/logo\/image\/","url":"https:\/\/mlnbhdmb5shf.i.optimole.com\/w:auto\/h:auto\/q:mauto\/f:best\/https:\/\/tamsanmotor.com\/wp-content\/uploads\/2019\/11\/TAMSAN-logo.jpg","contentUrl":"https:\/\/mlnbhdmb5shf.i.optimole.com\/w:auto\/h:auto\/q:mauto\/f:best\/https:\/\/tamsanmotor.com\/wp-content\/uploads\/2019\/11\/TAMSAN-logo.jpg","width":1388,"height":292,"caption":"Tamsan Elektrik Motor San. ve Tic. Ltd. \u015eti."},"image":{"@id":"https:\/\/tamsanmotor.com\/#\/schema\/logo\/image\/"}}]}},"_links":{"self":[{"href":"https:\/\/tamsanmotor.com\/index.php\/wp-json\/wp\/v2\/pages\/479","targetHints":{"allow":["GET"]}}],"collection":[{"href":"https:\/\/tamsanmotor.com\/index.php\/wp-json\/wp\/v2\/pages"}],"about":[{"href":"https:\/\/tamsanmotor.com\/index.php\/wp-json\/wp\/v2\/types\/page"}],"author":[{"embeddable":true,"href":"https:\/\/tamsanmotor.com\/index.php\/wp-json\/wp\/v2\/users\/1"}],"replies":[{"embeddable":true,"href":"https:\/\/tamsanmotor.com\/index.php\/wp-json\/wp\/v2\/comments?post=479"}],"version-history":[{"count":9,"href":"https:\/\/tamsanmotor.com\/index.php\/wp-json\/wp\/v2\/pages\/479\/revisions"}],"predecessor-version":[{"id":3141,"href":"https:\/\/tamsanmotor.com\/index.php\/wp-json\/wp\/v2\/pages\/479\/revisions\/3141"}],"up":[{"embeddable":true,"href":"https:\/\/tamsanmotor.com\/index.php\/wp-json\/wp\/v2\/pages\/376"}],"wp:attachment":[{"href":"https:\/\/tamsanmotor.com\/index.php\/wp-json\/wp\/v2\/media?parent=479"}],"wp:term":[{"taxonomy":"wf_page_folders","embeddable":true,"href":"https:\/\/tamsanmotor.com\/index.php\/wp-json\/wp\/v2\/wf_page_folders?post=479"}],"curies":[{"name":"wp","href":"https:\/\/api.w.org\/{rel}","templated":true}]}}