{"id":736,"date":"2019-03-11T21:38:54","date_gmt":"2019-03-11T18:38:54","guid":{"rendered":"http:\/\/tamsanmotor.com\/?page_id=736"},"modified":"2019-10-11T16:48:49","modified_gmt":"2019-10-11T13:48:49","slug":"akim-baskili-fren-kavrama-grubu","status":"publish","type":"page","link":"https:\/\/tamsanmotor.com\/index.php\/urunler\/fren-ve-kavramalar\/akim-baskili-fren-kavrama-grubu\/","title":{"rendered":"Ak\u0131m Bask\u0131l\u0131 Fren Kavrama Grubu"},"content":{"rendered":"\t\t<div data-elementor-type=\"wp-post\" data-elementor-id=\"736\" class=\"elementor elementor-736\">\n\t\t\t\t\t\t<section class=\"elementor-section elementor-top-section elementor-element elementor-element-c15c839 elementor-section-boxed elementor-section-height-default elementor-section-height-default\" data-id=\"c15c839\" data-element_type=\"section\">\n\t\t\t\t\t\t<div class=\"elementor-container elementor-column-gap-default\">\n\t\t\t\t\t<div class=\"elementor-column elementor-col-50 elementor-top-column elementor-element elementor-element-c6a09ba\" data-id=\"c6a09ba\" data-element_type=\"column\">\n\t\t\t<div class=\"elementor-widget-wrap elementor-element-populated\">\n\t\t\t\t\t\t<div class=\"elementor-element elementor-element-dd7c756 elementor-widget elementor-widget-image\" data-id=\"dd7c756\" data-element_type=\"widget\" data-widget_type=\"image.default\">\n\t\t\t\t\t\t\t\t\t\t\t\t\t\t\t<img data-opt-id=595661189  fetchpriority=\"high\" decoding=\"async\" width=\"810\" height=\"651\" src=\"https:\/\/mlnbhdmb5shf.i.optimole.com\/w:810\/h:651\/q:mauto\/f:best\/https:\/\/tamsanmotor.com\/wp-content\/uploads\/2019\/03\/Akım-Baskılı-Fren-Kavrama-Grubu.jpg\" class=\"attachment-large size-large wp-image-750\" alt=\"\" srcset=\"https:\/\/mlnbhdmb5shf.i.optimole.com\/w:990\/h:796\/q:mauto\/f:best\/https:\/\/tamsanmotor.com\/wp-content\/uploads\/2019\/03\/Ak\u0131m-Bask\u0131l\u0131-Fren-Kavrama-Grubu.jpg 990w, https:\/\/mlnbhdmb5shf.i.optimole.com\/w:300\/h:241\/q:mauto\/f:best\/https:\/\/tamsanmotor.com\/wp-content\/uploads\/2019\/03\/Ak\u0131m-Bask\u0131l\u0131-Fren-Kavrama-Grubu.jpg 300w, https:\/\/mlnbhdmb5shf.i.optimole.com\/w:768\/h:618\/q:mauto\/f:best\/https:\/\/tamsanmotor.com\/wp-content\/uploads\/2019\/03\/Ak\u0131m-Bask\u0131l\u0131-Fren-Kavrama-Grubu.jpg 768w, https:\/\/mlnbhdmb5shf.i.optimole.com\/w:600\/h:482\/q:mauto\/f:best\/https:\/\/tamsanmotor.com\/wp-content\/uploads\/2019\/03\/Ak\u0131m-Bask\u0131l\u0131-Fren-Kavrama-Grubu.jpg 600w\" sizes=\"(max-width: 810px) 100vw, 810px\" \/>\t\t\t\t\t\t\t\t\t\t\t\t\t\t\t<\/div>\n\t\t\t\t<div class=\"elementor-element elementor-element-9a96d63 elementor-widget elementor-widget-image-gallery\" data-id=\"9a96d63\" data-element_type=\"widget\" data-widget_type=\"image-gallery.default\">\n\t\t\t\t\t\t\t<div class=\"elementor-image-gallery\">\n\t\t\t<div id='gallery-1' class='gallery galleryid-736 gallery-columns-4 gallery-size-thumbnail'><figure class='gallery-item'>\n\t\t\t<div class='gallery-icon landscape'>\n\t\t\t\t<a data-elementor-open-lightbox=\"yes\" data-elementor-lightbox-slideshow=\"9a96d63\" data-elementor-lightbox-title=\"Ak\u0131m Bask\u0131l\u0131 Fren Kavrama Grubu resim2\" data-e-action-hash=\"#elementor-action%3Aaction%3Dlightbox%26settings%3DeyJpZCI6NzU5LCJ1cmwiOiJodHRwczpcL1wvdGFtc2FubW90b3IuY29tXC93cC1jb250ZW50XC91cGxvYWRzXC8yMDE5XC8wM1wvQWtcdTAxMzFtLUJhc2tcdTAxMzFsXHUwMTMxLUZyZW4tS2F2cmFtYS1HcnVidS1yZXNpbTIuanBnIiwic2xpZGVzaG93IjoiOWE5NmQ2MyJ9\" href='https:\/\/mlnbhdmb5shf.i.optimole.com\/w:auto\/h:auto\/q:mauto\/f:best\/https:\/\/tamsanmotor.com\/wp-content\/uploads\/2019\/03\/Akım-Baskılı-Fren-Kavrama-Grubu-resim2.jpg'><img data-opt-id=818688491  fetchpriority=\"high\" decoding=\"async\" width=\"150\" height=\"150\" src=\"https:\/\/mlnbhdmb5shf.i.optimole.com\/w:150\/h:150\/q:mauto\/rt:fill\/g:ce\/f:best\/https:\/\/tamsanmotor.com\/wp-content\/uploads\/2019\/03\/Akım-Baskılı-Fren-Kavrama-Grubu-resim2.jpg\" class=\"attachment-thumbnail size-thumbnail\" alt=\"\" srcset=\"https:\/\/mlnbhdmb5shf.i.optimole.com\/w:150\/h:150\/q:mauto\/rt:fill\/g:ce\/f:best\/https:\/\/tamsanmotor.com\/wp-content\/uploads\/2019\/03\/Akım-Baskılı-Fren-Kavrama-Grubu-resim2.jpg 150w, https:\/\/mlnbhdmb5shf.i.optimole.com\/w:300\/h:300\/q:mauto\/rt:fill\/g:ce\/f:best\/https:\/\/tamsanmotor.com\/wp-content\/uploads\/2019\/03\/Ak\u0131m-Bask\u0131l\u0131-Fren-Kavrama-Grubu-resim2.jpg 300w, https:\/\/mlnbhdmb5shf.i.optimole.com\/w:100\/h:100\/q:mauto\/rt:fill\/g:ce\/f:best\/https:\/\/tamsanmotor.com\/wp-content\/uploads\/2019\/03\/Ak\u0131m-Bask\u0131l\u0131-Fren-Kavrama-Grubu-resim2.jpg 100w\" sizes=\"(max-width: 150px) 100vw, 150px\" \/><\/a>\n\t\t\t<\/div><\/figure><figure class='gallery-item'>\n\t\t\t<div class='gallery-icon portrait'>\n\t\t\t\t<a data-elementor-open-lightbox=\"yes\" data-elementor-lightbox-slideshow=\"9a96d63\" data-elementor-lightbox-title=\"Ak\u0131m Bask\u0131l\u0131 Fren Kavrama Grubu resim3\" data-e-action-hash=\"#elementor-action%3Aaction%3Dlightbox%26settings%3DeyJpZCI6NzYwLCJ1cmwiOiJodHRwczpcL1wvdGFtc2FubW90b3IuY29tXC93cC1jb250ZW50XC91cGxvYWRzXC8yMDE5XC8wM1wvQWtcdTAxMzFtLUJhc2tcdTAxMzFsXHUwMTMxLUZyZW4tS2F2cmFtYS1HcnVidS1yZXNpbTMuanBnIiwic2xpZGVzaG93IjoiOWE5NmQ2MyJ9\" href='https:\/\/mlnbhdmb5shf.i.optimole.com\/w:auto\/h:auto\/q:mauto\/f:best\/https:\/\/tamsanmotor.com\/wp-content\/uploads\/2019\/03\/Akım-Baskılı-Fren-Kavrama-Grubu-resim3.jpg'><img data-opt-id=120072087  fetchpriority=\"high\" decoding=\"async\" width=\"150\" height=\"150\" src=\"https:\/\/mlnbhdmb5shf.i.optimole.com\/w:150\/h:150\/q:mauto\/rt:fill\/g:ce\/f:best\/https:\/\/tamsanmotor.com\/wp-content\/uploads\/2019\/03\/Akım-Baskılı-Fren-Kavrama-Grubu-resim3.jpg\" class=\"attachment-thumbnail size-thumbnail\" alt=\"\" srcset=\"https:\/\/mlnbhdmb5shf.i.optimole.com\/w:150\/h:150\/q:mauto\/rt:fill\/g:ce\/f:best\/https:\/\/tamsanmotor.com\/wp-content\/uploads\/2019\/03\/Akım-Baskılı-Fren-Kavrama-Grubu-resim3.jpg 150w, https:\/\/mlnbhdmb5shf.i.optimole.com\/w:300\/h:300\/q:mauto\/rt:fill\/g:ce\/f:best\/https:\/\/tamsanmotor.com\/wp-content\/uploads\/2019\/03\/Ak\u0131m-Bask\u0131l\u0131-Fren-Kavrama-Grubu-resim3.jpg 300w, https:\/\/mlnbhdmb5shf.i.optimole.com\/w:100\/h:100\/q:mauto\/rt:fill\/g:ce\/f:best\/https:\/\/tamsanmotor.com\/wp-content\/uploads\/2019\/03\/Ak\u0131m-Bask\u0131l\u0131-Fren-Kavrama-Grubu-resim3.jpg 100w\" sizes=\"(max-width: 150px) 100vw, 150px\" \/><\/a>\n\t\t\t<\/div><\/figure><figure class='gallery-item'>\n\t\t\t<div class='gallery-icon portrait'>\n\t\t\t\t<a data-elementor-open-lightbox=\"yes\" data-elementor-lightbox-slideshow=\"9a96d63\" data-elementor-lightbox-title=\"Ak\u0131m Bask\u0131l\u0131 Fren Kavrama Grubu resim4\" data-e-action-hash=\"#elementor-action%3Aaction%3Dlightbox%26settings%3DeyJpZCI6NzYxLCJ1cmwiOiJodHRwczpcL1wvdGFtc2FubW90b3IuY29tXC93cC1jb250ZW50XC91cGxvYWRzXC8yMDE5XC8wM1wvQWtcdTAxMzFtLUJhc2tcdTAxMzFsXHUwMTMxLUZyZW4tS2F2cmFtYS1HcnVidS1yZXNpbTQuanBnIiwic2xpZGVzaG93IjoiOWE5NmQ2MyJ9\" href='https:\/\/mlnbhdmb5shf.i.optimole.com\/w:auto\/h:auto\/q:mauto\/f:best\/https:\/\/tamsanmotor.com\/wp-content\/uploads\/2019\/03\/Akım-Baskılı-Fren-Kavrama-Grubu-resim4.jpg'><img data-opt-id=1519243327  data-opt-src=\"https:\/\/mlnbhdmb5shf.i.optimole.com\/w:150\/h:150\/q:mauto\/rt:fill\/g:ce\/f:best\/https:\/\/tamsanmotor.com\/wp-content\/uploads\/2019\/03\/Akım-Baskılı-Fren-Kavrama-Grubu-resim4.jpg\"  loading=\"lazy\" decoding=\"async\" width=\"150\" height=\"150\" src=\"data:image/svg+xml,%3Csvg%20viewBox%3D%220%200%20150%20150%22%20width%3D%22150%22%20height%3D%22150%22%20xmlns%3D%22http%3A%2F%2Fwww.w3.org%2F2000%2Fsvg%22%3E%3Crect%20width%3D%22150%22%20height%3D%22150%22%20fill%3D%22transparent%22%2F%3E%3C%2Fsvg%3E\" class=\"attachment-thumbnail size-thumbnail\" alt=\"\" old-srcset=\"https:\/\/mlnbhdmb5shf.i.optimole.com\/w:150\/h:150\/q:mauto\/rt:fill\/g:ce\/f:best\/https:\/\/tamsanmotor.com\/wp-content\/uploads\/2019\/03\/Ak\u0131m-Bask\u0131l\u0131-Fren-Kavrama-Grubu-resim4.jpg 150w, https:\/\/mlnbhdmb5shf.i.optimole.com\/w:300\/h:300\/q:mauto\/rt:fill\/g:ce\/f:best\/https:\/\/tamsanmotor.com\/wp-content\/uploads\/2019\/03\/Ak\u0131m-Bask\u0131l\u0131-Fren-Kavrama-Grubu-resim4.jpg 300w, https:\/\/mlnbhdmb5shf.i.optimole.com\/w:100\/h:100\/q:mauto\/rt:fill\/g:ce\/f:best\/https:\/\/tamsanmotor.com\/wp-content\/uploads\/2019\/03\/Ak\u0131m-Bask\u0131l\u0131-Fren-Kavrama-Grubu-resim4.jpg 100w\" \/><noscript><img data-opt-id=1519243327  loading=\"lazy\" decoding=\"async\" width=\"150\" height=\"150\" src=\"https:\/\/mlnbhdmb5shf.i.optimole.com\/w:150\/h:150\/q:mauto\/rt:fill\/g:ce\/f:best\/https:\/\/tamsanmotor.com\/wp-content\/uploads\/2019\/03\/Akım-Baskılı-Fren-Kavrama-Grubu-resim4.jpg\" class=\"attachment-thumbnail size-thumbnail\" alt=\"\" srcset=\"https:\/\/mlnbhdmb5shf.i.optimole.com\/w:150\/h:150\/q:mauto\/rt:fill\/g:ce\/f:best\/https:\/\/tamsanmotor.com\/wp-content\/uploads\/2019\/03\/Akım-Baskılı-Fren-Kavrama-Grubu-resim4.jpg 150w, https:\/\/mlnbhdmb5shf.i.optimole.com\/w:300\/h:300\/q:mauto\/rt:fill\/g:ce\/f:best\/https:\/\/tamsanmotor.com\/wp-content\/uploads\/2019\/03\/Ak\u0131m-Bask\u0131l\u0131-Fren-Kavrama-Grubu-resim4.jpg 300w, https:\/\/mlnbhdmb5shf.i.optimole.com\/w:100\/h:100\/q:mauto\/rt:fill\/g:ce\/f:best\/https:\/\/tamsanmotor.com\/wp-content\/uploads\/2019\/03\/Ak\u0131m-Bask\u0131l\u0131-Fren-Kavrama-Grubu-resim4.jpg 100w\" sizes=\"(max-width: 150px) 100vw, 150px\" \/></noscript><\/a>\n\t\t\t<\/div><\/figure><figure class='gallery-item'>\n\t\t\t<div class='gallery-icon portrait'>\n\t\t\t\t<a data-elementor-open-lightbox=\"yes\" data-elementor-lightbox-slideshow=\"9a96d63\" data-elementor-lightbox-title=\"Ak\u0131m Bask\u0131l\u0131 Fren Kavrama Grubu resim5\" data-e-action-hash=\"#elementor-action%3Aaction%3Dlightbox%26settings%3DeyJpZCI6NzYyLCJ1cmwiOiJodHRwczpcL1wvdGFtc2FubW90b3IuY29tXC93cC1jb250ZW50XC91cGxvYWRzXC8yMDE5XC8wM1wvQWtcdTAxMzFtLUJhc2tcdTAxMzFsXHUwMTMxLUZyZW4tS2F2cmFtYS1HcnVidS1yZXNpbTUuanBnIiwic2xpZGVzaG93IjoiOWE5NmQ2MyJ9\" href='https:\/\/mlnbhdmb5shf.i.optimole.com\/w:auto\/h:auto\/q:mauto\/f:best\/https:\/\/tamsanmotor.com\/wp-content\/uploads\/2019\/03\/Akım-Baskılı-Fren-Kavrama-Grubu-resim5.jpg'><img data-opt-id=877100247  data-opt-src=\"https:\/\/mlnbhdmb5shf.i.optimole.com\/w:150\/h:150\/q:mauto\/rt:fill\/g:ce\/f:best\/https:\/\/tamsanmotor.com\/wp-content\/uploads\/2019\/03\/Akım-Baskılı-Fren-Kavrama-Grubu-resim5.jpg\"  loading=\"lazy\" decoding=\"async\" width=\"150\" height=\"150\" src=\"data:image/svg+xml,%3Csvg%20viewBox%3D%220%200%20150%20150%22%20width%3D%22150%22%20height%3D%22150%22%20xmlns%3D%22http%3A%2F%2Fwww.w3.org%2F2000%2Fsvg%22%3E%3Crect%20width%3D%22150%22%20height%3D%22150%22%20fill%3D%22transparent%22%2F%3E%3C%2Fsvg%3E\" class=\"attachment-thumbnail size-thumbnail\" alt=\"\" old-srcset=\"https:\/\/mlnbhdmb5shf.i.optimole.com\/w:150\/h:150\/q:mauto\/rt:fill\/g:ce\/f:best\/https:\/\/tamsanmotor.com\/wp-content\/uploads\/2019\/03\/Ak\u0131m-Bask\u0131l\u0131-Fren-Kavrama-Grubu-resim5.jpg 150w, https:\/\/mlnbhdmb5shf.i.optimole.com\/w:300\/h:300\/q:mauto\/rt:fill\/g:ce\/f:best\/https:\/\/tamsanmotor.com\/wp-content\/uploads\/2019\/03\/Ak\u0131m-Bask\u0131l\u0131-Fren-Kavrama-Grubu-resim5.jpg 300w, https:\/\/mlnbhdmb5shf.i.optimole.com\/w:100\/h:100\/q:mauto\/rt:fill\/g:ce\/f:best\/https:\/\/tamsanmotor.com\/wp-content\/uploads\/2019\/03\/Ak\u0131m-Bask\u0131l\u0131-Fren-Kavrama-Grubu-resim5.jpg 100w\" \/><noscript><img data-opt-id=877100247  loading=\"lazy\" decoding=\"async\" width=\"150\" height=\"150\" src=\"https:\/\/mlnbhdmb5shf.i.optimole.com\/w:150\/h:150\/q:mauto\/rt:fill\/g:ce\/f:best\/https:\/\/tamsanmotor.com\/wp-content\/uploads\/2019\/03\/Akım-Baskılı-Fren-Kavrama-Grubu-resim5.jpg\" class=\"attachment-thumbnail size-thumbnail\" alt=\"\" srcset=\"https:\/\/mlnbhdmb5shf.i.optimole.com\/w:150\/h:150\/q:mauto\/rt:fill\/g:ce\/f:best\/https:\/\/tamsanmotor.com\/wp-content\/uploads\/2019\/03\/Akım-Baskılı-Fren-Kavrama-Grubu-resim5.jpg 150w, https:\/\/mlnbhdmb5shf.i.optimole.com\/w:300\/h:300\/q:mauto\/rt:fill\/g:ce\/f:best\/https:\/\/tamsanmotor.com\/wp-content\/uploads\/2019\/03\/Ak\u0131m-Bask\u0131l\u0131-Fren-Kavrama-Grubu-resim5.jpg 300w, https:\/\/mlnbhdmb5shf.i.optimole.com\/w:100\/h:100\/q:mauto\/rt:fill\/g:ce\/f:best\/https:\/\/tamsanmotor.com\/wp-content\/uploads\/2019\/03\/Ak\u0131m-Bask\u0131l\u0131-Fren-Kavrama-Grubu-resim5.jpg 100w\" sizes=\"(max-width: 150px) 100vw, 150px\" \/></noscript><\/a>\n\t\t\t<\/div><\/figure>\n\t\t<\/div>\n\t\t<\/div>\n\t\t\t\t\t\t<\/div>\n\t\t\t\t\t<\/div>\n\t\t<\/div>\n\t\t\t\t<div class=\"elementor-column elementor-col-50 elementor-top-column elementor-element elementor-element-b6ae356\" data-id=\"b6ae356\" data-element_type=\"column\">\n\t\t\t<div class=\"elementor-widget-wrap elementor-element-populated\">\n\t\t\t\t\t\t<div class=\"elementor-element elementor-element-e463466 elementor-widget elementor-widget-heading\" data-id=\"e463466\" data-element_type=\"widget\" data-widget_type=\"heading.default\">\n\t\t\t\t\t<h2 class=\"elementor-heading-title elementor-size-default\"><div class=\"rating\">\n\n                        <span class=\"review-no\"><b>\u00d6zellikler : <\/b> <\/span>\n                    <\/div>\n                    <ul><li>7,5 Nm ile 120 Nm aras\u0131nda 5 de\u011fi\u015fik boyda seri \u00fcretim <\/li><li>H\u0131zl\u0131 a\u00e7ma kapama <\/li><li>Uzun \u00f6m\u00fcrl\u00fc asbestsiz balata<\/li><li>H s\u0131n\u0131f\u0131 bobin izolasyonu (185\u00b0 C) <\/li><li>Sessiz \u00e7al\u0131\u015fma <\/li><li>Standart \u00e7al\u0131\u015fma voltaj\u0131: 24V DC <\/li><li>1500 Nm torklara kadar \u00f6zel tasar\u0131m ve \u00fcretim<\/li><li>Kayd\u0131rmaz ,Kolay Montaj<\/li><li>H\u0131zl\u0131 a\u00e7ma kapama ve de\u011fi\u015fken tork ge\u00e7i\u015fleri i\u00e7in uygun elektronik devre<\/li><li>T\u00fcm metal par\u00e7alar\u0131 \u00f6zel kaplamal\u0131, a\u00e7\u0131k alanlarda ve rutubetli ortamlarda \u00e7al\u0131\u015fmaya uygun<\/li><\/ul>\n                    <h4 class=\"price\">\u00c7al\u0131\u015fma Sistemi:<\/h4>\n                    <p class=\"product-description\"><strong> Ak\u0131m Bask\u0131l\u0131 Fren Kavrama Grubu :<br><\/strong>\n - ABG serisi fren kavrama grubu, ABF ak\u0131m bask\u0131l\u0131 fren ve ABK ak\u0131m \nbask\u0131l\u0131 kavrama par\u00e7alar\u0131n\u0131n ayn\u0131 g\u00f6vde i\u00e7ine monta edilmesi ile olu\u015fan \nsistemlerdir. Bu kompakt g\u00f6vdeler motor g\u00f6vde b\u00fcy\u00fckl\u00fcklerine g\u00f6re \ntasarlanm\u0131\u015ft\u0131r. Asenkron motor ve red\u00fckt\u00f6rlerde kullan\u0131lan standart B5 \nve B14 flan\u015flar ile montaj imk\u00e2n\u0131 sunmaktad\u0131r.<\/p><\/h2>\t\t\t\t<\/div>\n\t\t\t\t<div class=\"elementor-element elementor-element-9bc1c6a elementor-widget elementor-widget-heading\" data-id=\"9bc1c6a\" data-element_type=\"widget\" data-widget_type=\"heading.default\">\n\t\t\t\t\t<h2 class=\"elementor-heading-title elementor-size-default\"><h4><b>Teknik \u00c7izimler<\/b><\/h4><\/h2>\t\t\t\t<\/div>\n\t\t\t\t<div class=\"elementor-element elementor-element-f427446 elementor-align-left elementor-button-danger elementor-widget elementor-widget-button\" data-id=\"f427446\" data-element_type=\"widget\" data-widget_type=\"button.default\">\n\t\t\t\t\t\t\t\t\t\t<a class=\"elementor-button elementor-button-link elementor-size-sm\" href=\"#\">\n\t\t\t\t\t\t<span class=\"elementor-button-content-wrapper\">\n\t\t\t\t\t\t\t\t\t<span class=\"elementor-button-text\">Detaylar i\u00e7in t\u0131kla<\/span>\n\t\t\t\t\t<\/span>\n\t\t\t\t\t<\/a>\n\t\t\t\t\t\t\t\t<\/div>\n\t\t\t\t\t<\/div>\n\t\t<\/div>\n\t\t\t\t\t<\/div>\n\t\t<\/section>\n\t\t\t\t<section class=\"elementor-section elementor-top-section elementor-element elementor-element-cd6cf73 elementor-section-boxed elementor-section-height-default elementor-section-height-default\" data-id=\"cd6cf73\" data-element_type=\"section\">\n\t\t\t\t\t\t<div class=\"elementor-container elementor-column-gap-default\">\n\t\t\t\t\t<div class=\"elementor-column elementor-col-100 elementor-top-column elementor-element elementor-element-62f1f0d\" data-id=\"62f1f0d\" data-element_type=\"column\">\n\t\t\t<div class=\"elementor-widget-wrap elementor-element-populated\">\n\t\t\t\t\t\t<div class=\"elementor-element elementor-element-375cb5f elementor-widget elementor-widget-spacer\" data-id=\"375cb5f\" data-element_type=\"widget\" data-widget_type=\"spacer.default\">\n\t\t\t\t\t\t\t<div class=\"elementor-spacer\">\n\t\t\t<div class=\"elementor-spacer-inner\"><\/div>\n\t\t<\/div>\n\t\t\t\t\t\t<\/div>\n\t\t\t\t\t<\/div>\n\t\t<\/div>\n\t\t\t\t\t<\/div>\n\t\t<\/section>\n\t\t\t\t<\/div>\n\t\t","protected":false},"excerpt":{"rendered":"<p>\u00d6zellikler : 7,5 Nm ile 120 Nm aras\u0131nda 5 de\u011fi\u015fik boyda seri \u00fcretim H\u0131zl\u0131 a\u00e7ma kapama Uzun \u00f6m\u00fcrl\u00fc asbestsiz balata H s\u0131n\u0131f\u0131 bobin izolasyonu (185\u00b0 C) Sessiz \u00e7al\u0131\u015fma Standart \u00e7al\u0131\u015fma voltaj\u0131: 24V DC 1500 Nm torklara kadar \u00f6zel tasar\u0131m ve \u00fcretim Kayd\u0131rmaz ,Kolay Montaj H\u0131zl\u0131 a\u00e7ma kapama ve de\u011fi\u015fken tork ge\u00e7i\u015fleri i\u00e7in uygun elektronik devre [&hellip;]<\/p>\n","protected":false},"author":1,"featured_media":0,"parent":558,"menu_order":0,"comment_status":"closed","ping_status":"closed","template":"","meta":{"footnotes":""},"wf_page_folders":[],"class_list":["post-736","page","type-page","status-publish","hentry"],"yoast_head":"<!-- This site is optimized with the Yoast SEO plugin v24.8.1 - https:\/\/yoast.com\/wordpress\/plugins\/seo\/ -->\n<title>Ak\u0131m Bask\u0131l\u0131 Fren Kavrama Grubu - Tamsan Motor<\/title>\n<meta name=\"robots\" content=\"index, follow, max-snippet:-1, max-image-preview:large, max-video-preview:-1\" \/>\n<link rel=\"canonical\" href=\"https:\/\/tamsanmotor.com\/index.php\/urunler\/fren-ve-kavramalar\/akim-baskili-fren-kavrama-grubu\/\" \/>\n<meta property=\"og:locale\" content=\"tr_TR\" \/>\n<meta property=\"og:type\" content=\"article\" \/>\n<meta property=\"og:title\" content=\"Ak\u0131m Bask\u0131l\u0131 Fren Kavrama Grubu - Tamsan Motor\" \/>\n<meta property=\"og:description\" content=\"\u00d6zellikler : 7,5 Nm ile 120 Nm aras\u0131nda 5 de\u011fi\u015fik boyda seri \u00fcretim H\u0131zl\u0131 a\u00e7ma kapama Uzun \u00f6m\u00fcrl\u00fc asbestsiz balata H s\u0131n\u0131f\u0131 bobin izolasyonu (185\u00b0 C) Sessiz \u00e7al\u0131\u015fma Standart \u00e7al\u0131\u015fma voltaj\u0131: 24V DC 1500 Nm torklara kadar \u00f6zel tasar\u0131m ve \u00fcretim Kayd\u0131rmaz ,Kolay Montaj H\u0131zl\u0131 a\u00e7ma kapama ve de\u011fi\u015fken tork ge\u00e7i\u015fleri i\u00e7in uygun elektronik devre [&hellip;]\" \/>\n<meta property=\"og:url\" content=\"https:\/\/tamsanmotor.com\/index.php\/urunler\/fren-ve-kavramalar\/akim-baskili-fren-kavrama-grubu\/\" \/>\n<meta property=\"og:site_name\" content=\"Tamsan Motor\" \/>\n<meta property=\"article:modified_time\" content=\"2019-10-11T13:48:49+00:00\" \/>\n<meta name=\"twitter:card\" content=\"summary_large_image\" \/>\n<meta name=\"twitter:label1\" content=\"Tahmini okuma s\u00fcresi\" \/>\n\t<meta name=\"twitter:data1\" content=\"1 dakika\" \/>\n<script type=\"application\/ld+json\" class=\"yoast-schema-graph\">{\"@context\":\"https:\/\/schema.org\",\"@graph\":[{\"@type\":\"WebPage\",\"@id\":\"https:\/\/tamsanmotor.com\/index.php\/urunler\/fren-ve-kavramalar\/akim-baskili-fren-kavrama-grubu\/\",\"url\":\"https:\/\/tamsanmotor.com\/index.php\/urunler\/fren-ve-kavramalar\/akim-baskili-fren-kavrama-grubu\/\",\"name\":\"Ak\u0131m Bask\u0131l\u0131 Fren Kavrama Grubu - Tamsan Motor\",\"isPartOf\":{\"@id\":\"https:\/\/tamsanmotor.com\/#website\"},\"datePublished\":\"2019-03-11T18:38:54+00:00\",\"dateModified\":\"2019-10-11T13:48:49+00:00\",\"breadcrumb\":{\"@id\":\"https:\/\/tamsanmotor.com\/index.php\/urunler\/fren-ve-kavramalar\/akim-baskili-fren-kavrama-grubu\/#breadcrumb\"},\"inLanguage\":\"tr\",\"potentialAction\":[{\"@type\":\"ReadAction\",\"target\":[\"https:\/\/tamsanmotor.com\/index.php\/urunler\/fren-ve-kavramalar\/akim-baskili-fren-kavrama-grubu\/\"]}]},{\"@type\":\"BreadcrumbList\",\"@id\":\"https:\/\/tamsanmotor.com\/index.php\/urunler\/fren-ve-kavramalar\/akim-baskili-fren-kavrama-grubu\/#breadcrumb\",\"itemListElement\":[{\"@type\":\"ListItem\",\"position\":1,\"name\":\"Ana sayfa\",\"item\":\"https:\/\/tamsanmotor.com\/\"},{\"@type\":\"ListItem\",\"position\":2,\"name\":\"\u00dcr\u00fcnler\",\"item\":\"https:\/\/tamsanmotor.com\/index.php\/urunler\/\"},{\"@type\":\"ListItem\",\"position\":3,\"name\":\"Fren ve kavramalar\",\"item\":\"https:\/\/tamsanmotor.com\/index.php\/urunler\/fren-ve-kavramalar\/\"},{\"@type\":\"ListItem\",\"position\":4,\"name\":\"Ak\u0131m Bask\u0131l\u0131 Fren Kavrama Grubu\"}]},{\"@type\":\"WebSite\",\"@id\":\"https:\/\/tamsanmotor.com\/#website\",\"url\":\"https:\/\/tamsanmotor.com\/\",\"name\":\"Tamsan Elektrik Motor\",\"description\":\"\",\"publisher\":{\"@id\":\"https:\/\/tamsanmotor.com\/#organization\"},\"potentialAction\":[{\"@type\":\"SearchAction\",\"target\":{\"@type\":\"EntryPoint\",\"urlTemplate\":\"https:\/\/tamsanmotor.com\/?s={search_term_string}\"},\"query-input\":{\"@type\":\"PropertyValueSpecification\",\"valueRequired\":true,\"valueName\":\"search_term_string\"}}],\"inLanguage\":\"tr\"},{\"@type\":\"Organization\",\"@id\":\"https:\/\/tamsanmotor.com\/#organization\",\"name\":\"Tamsan Elektrik Motor San. ve Tic. Ltd. \u015eti.\",\"url\":\"https:\/\/tamsanmotor.com\/\",\"logo\":{\"@type\":\"ImageObject\",\"inLanguage\":\"tr\",\"@id\":\"https:\/\/tamsanmotor.com\/#\/schema\/logo\/image\/\",\"url\":\"https:\/\/mlnbhdmb5shf.i.optimole.com\/w:auto\/h:auto\/q:mauto\/f:best\/https:\/\/tamsanmotor.com\/wp-content\/uploads\/2019\/11\/TAMSAN-logo.jpg\",\"contentUrl\":\"https:\/\/mlnbhdmb5shf.i.optimole.com\/w:auto\/h:auto\/q:mauto\/f:best\/https:\/\/tamsanmotor.com\/wp-content\/uploads\/2019\/11\/TAMSAN-logo.jpg\",\"width\":1388,\"height\":292,\"caption\":\"Tamsan Elektrik Motor San. ve Tic. Ltd. \u015eti.\"},\"image\":{\"@id\":\"https:\/\/tamsanmotor.com\/#\/schema\/logo\/image\/\"}}]}<\/script>\n<!-- \/ Yoast SEO plugin. -->","yoast_head_json":{"title":"Ak\u0131m Bask\u0131l\u0131 Fren Kavrama Grubu - Tamsan Motor","robots":{"index":"index","follow":"follow","max-snippet":"max-snippet:-1","max-image-preview":"max-image-preview:large","max-video-preview":"max-video-preview:-1"},"canonical":"https:\/\/tamsanmotor.com\/index.php\/urunler\/fren-ve-kavramalar\/akim-baskili-fren-kavrama-grubu\/","og_locale":"tr_TR","og_type":"article","og_title":"Ak\u0131m Bask\u0131l\u0131 Fren Kavrama Grubu - Tamsan Motor","og_description":"\u00d6zellikler : 7,5 Nm ile 120 Nm aras\u0131nda 5 de\u011fi\u015fik boyda seri \u00fcretim H\u0131zl\u0131 a\u00e7ma kapama Uzun \u00f6m\u00fcrl\u00fc asbestsiz balata H s\u0131n\u0131f\u0131 bobin izolasyonu (185\u00b0 C) Sessiz \u00e7al\u0131\u015fma Standart \u00e7al\u0131\u015fma voltaj\u0131: 24V DC 1500 Nm torklara kadar \u00f6zel tasar\u0131m ve \u00fcretim Kayd\u0131rmaz ,Kolay Montaj H\u0131zl\u0131 a\u00e7ma kapama ve de\u011fi\u015fken tork ge\u00e7i\u015fleri i\u00e7in uygun elektronik devre [&hellip;]","og_url":"https:\/\/tamsanmotor.com\/index.php\/urunler\/fren-ve-kavramalar\/akim-baskili-fren-kavrama-grubu\/","og_site_name":"Tamsan Motor","article_modified_time":"2019-10-11T13:48:49+00:00","twitter_card":"summary_large_image","twitter_misc":{"Tahmini okuma s\u00fcresi":"1 dakika"},"schema":{"@context":"https:\/\/schema.org","@graph":[{"@type":"WebPage","@id":"https:\/\/tamsanmotor.com\/index.php\/urunler\/fren-ve-kavramalar\/akim-baskili-fren-kavrama-grubu\/","url":"https:\/\/tamsanmotor.com\/index.php\/urunler\/fren-ve-kavramalar\/akim-baskili-fren-kavrama-grubu\/","name":"Ak\u0131m Bask\u0131l\u0131 Fren Kavrama Grubu - Tamsan Motor","isPartOf":{"@id":"https:\/\/tamsanmotor.com\/#website"},"datePublished":"2019-03-11T18:38:54+00:00","dateModified":"2019-10-11T13:48:49+00:00","breadcrumb":{"@id":"https:\/\/tamsanmotor.com\/index.php\/urunler\/fren-ve-kavramalar\/akim-baskili-fren-kavrama-grubu\/#breadcrumb"},"inLanguage":"tr","potentialAction":[{"@type":"ReadAction","target":["https:\/\/tamsanmotor.com\/index.php\/urunler\/fren-ve-kavramalar\/akim-baskili-fren-kavrama-grubu\/"]}]},{"@type":"BreadcrumbList","@id":"https:\/\/tamsanmotor.com\/index.php\/urunler\/fren-ve-kavramalar\/akim-baskili-fren-kavrama-grubu\/#breadcrumb","itemListElement":[{"@type":"ListItem","position":1,"name":"Ana sayfa","item":"https:\/\/tamsanmotor.com\/"},{"@type":"ListItem","position":2,"name":"\u00dcr\u00fcnler","item":"https:\/\/tamsanmotor.com\/index.php\/urunler\/"},{"@type":"ListItem","position":3,"name":"Fren ve kavramalar","item":"https:\/\/tamsanmotor.com\/index.php\/urunler\/fren-ve-kavramalar\/"},{"@type":"ListItem","position":4,"name":"Ak\u0131m Bask\u0131l\u0131 Fren Kavrama Grubu"}]},{"@type":"WebSite","@id":"https:\/\/tamsanmotor.com\/#website","url":"https:\/\/tamsanmotor.com\/","name":"Tamsan Elektrik Motor","description":"","publisher":{"@id":"https:\/\/tamsanmotor.com\/#organization"},"potentialAction":[{"@type":"SearchAction","target":{"@type":"EntryPoint","urlTemplate":"https:\/\/tamsanmotor.com\/?s={search_term_string}"},"query-input":{"@type":"PropertyValueSpecification","valueRequired":true,"valueName":"search_term_string"}}],"inLanguage":"tr"},{"@type":"Organization","@id":"https:\/\/tamsanmotor.com\/#organization","name":"Tamsan Elektrik Motor San. ve Tic. Ltd. \u015eti.","url":"https:\/\/tamsanmotor.com\/","logo":{"@type":"ImageObject","inLanguage":"tr","@id":"https:\/\/tamsanmotor.com\/#\/schema\/logo\/image\/","url":"https:\/\/mlnbhdmb5shf.i.optimole.com\/w:auto\/h:auto\/q:mauto\/f:best\/https:\/\/tamsanmotor.com\/wp-content\/uploads\/2019\/11\/TAMSAN-logo.jpg","contentUrl":"https:\/\/mlnbhdmb5shf.i.optimole.com\/w:auto\/h:auto\/q:mauto\/f:best\/https:\/\/tamsanmotor.com\/wp-content\/uploads\/2019\/11\/TAMSAN-logo.jpg","width":1388,"height":292,"caption":"Tamsan Elektrik Motor San. ve Tic. Ltd. \u015eti."},"image":{"@id":"https:\/\/tamsanmotor.com\/#\/schema\/logo\/image\/"}}]}},"_links":{"self":[{"href":"https:\/\/tamsanmotor.com\/index.php\/wp-json\/wp\/v2\/pages\/736","targetHints":{"allow":["GET"]}}],"collection":[{"href":"https:\/\/tamsanmotor.com\/index.php\/wp-json\/wp\/v2\/pages"}],"about":[{"href":"https:\/\/tamsanmotor.com\/index.php\/wp-json\/wp\/v2\/types\/page"}],"author":[{"embeddable":true,"href":"https:\/\/tamsanmotor.com\/index.php\/wp-json\/wp\/v2\/users\/1"}],"replies":[{"embeddable":true,"href":"https:\/\/tamsanmotor.com\/index.php\/wp-json\/wp\/v2\/comments?post=736"}],"version-history":[{"count":0,"href":"https:\/\/tamsanmotor.com\/index.php\/wp-json\/wp\/v2\/pages\/736\/revisions"}],"up":[{"embeddable":true,"href":"https:\/\/tamsanmotor.com\/index.php\/wp-json\/wp\/v2\/pages\/558"}],"wp:attachment":[{"href":"https:\/\/tamsanmotor.com\/index.php\/wp-json\/wp\/v2\/media?parent=736"}],"wp:term":[{"taxonomy":"wf_page_folders","embeddable":true,"href":"https:\/\/tamsanmotor.com\/index.php\/wp-json\/wp\/v2\/wf_page_folders?post=736"}],"curies":[{"name":"wp","href":"https:\/\/api.w.org\/{rel}","templated":true}]}}