{"id":975,"date":"2019-03-13T16:29:38","date_gmt":"2019-03-13T13:29:38","guid":{"rendered":"http:\/\/tamsanmotor.com\/?page_id=975"},"modified":"2019-03-16T18:57:55","modified_gmt":"2019-03-16T15:57:55","slug":"350-b-m-2","status":"publish","type":"page","link":"https:\/\/tamsanmotor.com\/index.php\/urunler\/pompalar\/asit-pompalari\/350-b-m-2\/","title":{"rendered":"350 B-M"},"content":{"rendered":"\t\t<div data-elementor-type=\"wp-post\" data-elementor-id=\"975\" class=\"elementor elementor-975\">\n\t\t\t\t\t\t<section class=\"elementor-section elementor-top-section elementor-element elementor-element-c1ccd11 elementor-section-boxed elementor-section-height-default elementor-section-height-default\" data-id=\"c1ccd11\" data-element_type=\"section\">\n\t\t\t\t\t\t<div class=\"elementor-container elementor-column-gap-default\">\n\t\t\t\t\t<div class=\"elementor-column elementor-col-50 elementor-top-column elementor-element elementor-element-ddb65d8\" data-id=\"ddb65d8\" data-element_type=\"column\">\n\t\t\t<div class=\"elementor-widget-wrap elementor-element-populated\">\n\t\t\t\t\t\t<div class=\"elementor-element elementor-element-d55487c elementor-widget elementor-widget-image\" data-id=\"d55487c\" data-element_type=\"widget\" data-widget_type=\"image.default\">\n\t\t\t\t\t\t\t\t\t\t\t\t\t\t\t<img data-opt-id=167997214  fetchpriority=\"high\" decoding=\"async\" width=\"450\" height=\"450\" src=\"https:\/\/mlnbhdmb5shf.i.optimole.com\/w:450\/h:450\/q:mauto\/f:best\/https:\/\/tamsanmotor.com\/wp-content\/uploads\/2019\/03\/350-B-M.png\" class=\"attachment-large size-large wp-image-851\" alt=\"\" srcset=\"https:\/\/mlnbhdmb5shf.i.optimole.com\/w:450\/h:450\/q:mauto\/f:best\/https:\/\/tamsanmotor.com\/wp-content\/uploads\/2019\/03\/350-B-M.png 450w, https:\/\/mlnbhdmb5shf.i.optimole.com\/w:150\/h:150\/q:mauto\/f:best\/https:\/\/tamsanmotor.com\/wp-content\/uploads\/2019\/03\/350-B-M.png 150w, https:\/\/mlnbhdmb5shf.i.optimole.com\/w:300\/h:300\/q:mauto\/f:best\/https:\/\/tamsanmotor.com\/wp-content\/uploads\/2019\/03\/350-B-M.png 300w, https:\/\/mlnbhdmb5shf.i.optimole.com\/w:100\/h:100\/q:mauto\/f:best\/https:\/\/tamsanmotor.com\/wp-content\/uploads\/2019\/03\/350-B-M.png 100w\" sizes=\"(max-width: 450px) 100vw, 450px\" \/>\t\t\t\t\t\t\t\t\t\t\t\t\t\t\t<\/div>\n\t\t\t\t<div class=\"elementor-element elementor-element-e44db94 elementor-widget elementor-widget-image-gallery\" data-id=\"e44db94\" data-element_type=\"widget\" data-widget_type=\"image-gallery.default\">\n\t\t\t\t\t\t\t<div class=\"elementor-image-gallery\">\n\t\t\t<div id='gallery-1' class='gallery galleryid-975 gallery-columns-4 gallery-size-thumbnail'><figure class='gallery-item'>\n\t\t\t<div class='gallery-icon landscape'>\n\t\t\t\t<a data-elementor-open-lightbox=\"yes\" data-elementor-lightbox-slideshow=\"e44db94\" data-elementor-lightbox-title=\"350 B-M\" data-e-action-hash=\"#elementor-action%3Aaction%3Dlightbox%26settings%3DeyJpZCI6ODUxLCJ1cmwiOiJodHRwczpcL1wvdGFtc2FubW90b3IuY29tXC93cC1jb250ZW50XC91cGxvYWRzXC8yMDE5XC8wM1wvMzUwLUItTS5wbmciLCJzbGlkZXNob3ciOiJlNDRkYjk0In0%3D\" href='https:\/\/mlnbhdmb5shf.i.optimole.com\/w:auto\/h:auto\/q:mauto\/f:best\/https:\/\/tamsanmotor.com\/wp-content\/uploads\/2019\/03\/350-B-M.png'><img data-opt-id=336157258  fetchpriority=\"high\" decoding=\"async\" width=\"150\" height=\"150\" src=\"https:\/\/mlnbhdmb5shf.i.optimole.com\/w:150\/h:150\/q:mauto\/rt:fill\/g:ce\/f:best\/https:\/\/tamsanmotor.com\/wp-content\/uploads\/2019\/03\/350-B-M.png\" class=\"attachment-thumbnail size-thumbnail\" alt=\"\" srcset=\"https:\/\/mlnbhdmb5shf.i.optimole.com\/w:450\/h:450\/q:mauto\/rt:fill\/g:ce\/f:best\/https:\/\/tamsanmotor.com\/wp-content\/uploads\/2019\/03\/350-B-M.png 450w, https:\/\/mlnbhdmb5shf.i.optimole.com\/w:150\/h:150\/q:mauto\/rt:fill\/g:ce\/f:best\/https:\/\/tamsanmotor.com\/wp-content\/uploads\/2019\/03\/350-B-M.png 150w, https:\/\/mlnbhdmb5shf.i.optimole.com\/w:300\/h:300\/q:mauto\/rt:fill\/g:ce\/f:best\/https:\/\/tamsanmotor.com\/wp-content\/uploads\/2019\/03\/350-B-M.png 300w, https:\/\/mlnbhdmb5shf.i.optimole.com\/w:100\/h:100\/q:mauto\/rt:fill\/g:ce\/f:best\/https:\/\/tamsanmotor.com\/wp-content\/uploads\/2019\/03\/350-B-M.png 100w\" sizes=\"(max-width: 150px) 100vw, 150px\" \/><\/a>\n\t\t\t<\/div><\/figure><figure class='gallery-item'>\n\t\t\t<div class='gallery-icon landscape'>\n\t\t\t\t<a data-elementor-open-lightbox=\"yes\" data-elementor-lightbox-slideshow=\"e44db94\" data-elementor-lightbox-title=\"350 B-M_2\" data-e-action-hash=\"#elementor-action%3Aaction%3Dlightbox%26settings%3DeyJpZCI6MTIxNiwidXJsIjoiaHR0cHM6XC9cL3RhbXNhbm1vdG9yLmNvbVwvd3AtY29udGVudFwvdXBsb2Fkc1wvMjAxOVwvMDNcLzM1MC1CLU1fMi5wbmciLCJzbGlkZXNob3ciOiJlNDRkYjk0In0%3D\" href='https:\/\/mlnbhdmb5shf.i.optimole.com\/w:auto\/h:auto\/q:mauto\/f:best\/https:\/\/tamsanmotor.com\/wp-content\/uploads\/2019\/03\/350-B-M_2.png'><img data-opt-id=1361997295  fetchpriority=\"high\" decoding=\"async\" width=\"150\" height=\"150\" src=\"https:\/\/mlnbhdmb5shf.i.optimole.com\/w:150\/h:150\/q:mauto\/rt:fill\/g:ce\/f:best\/https:\/\/tamsanmotor.com\/wp-content\/uploads\/2019\/03\/350-B-M_2.png\" class=\"attachment-thumbnail size-thumbnail\" alt=\"\" srcset=\"https:\/\/mlnbhdmb5shf.i.optimole.com\/w:450\/h:450\/q:mauto\/rt:fill\/g:ce\/f:best\/https:\/\/tamsanmotor.com\/wp-content\/uploads\/2019\/03\/350-B-M_2.png 450w, https:\/\/mlnbhdmb5shf.i.optimole.com\/w:150\/h:150\/q:mauto\/rt:fill\/g:ce\/f:best\/https:\/\/tamsanmotor.com\/wp-content\/uploads\/2019\/03\/350-B-M_2.png 150w, https:\/\/mlnbhdmb5shf.i.optimole.com\/w:300\/h:300\/q:mauto\/rt:fill\/g:ce\/f:best\/https:\/\/tamsanmotor.com\/wp-content\/uploads\/2019\/03\/350-B-M_2.png 300w, https:\/\/mlnbhdmb5shf.i.optimole.com\/w:100\/h:100\/q:mauto\/rt:fill\/g:ce\/f:best\/https:\/\/tamsanmotor.com\/wp-content\/uploads\/2019\/03\/350-B-M_2.png 100w\" sizes=\"(max-width: 150px) 100vw, 150px\" \/><\/a>\n\t\t\t<\/div><\/figure><figure class='gallery-item'>\n\t\t\t<div class='gallery-icon landscape'>\n\t\t\t\t<a data-elementor-open-lightbox=\"yes\" data-elementor-lightbox-slideshow=\"e44db94\" data-elementor-lightbox-title=\"350 B-M_3\" data-e-action-hash=\"#elementor-action%3Aaction%3Dlightbox%26settings%3DeyJpZCI6MTIxNywidXJsIjoiaHR0cHM6XC9cL3RhbXNhbm1vdG9yLmNvbVwvd3AtY29udGVudFwvdXBsb2Fkc1wvMjAxOVwvMDNcLzM1MC1CLU1fMy5wbmciLCJzbGlkZXNob3ciOiJlNDRkYjk0In0%3D\" href='https:\/\/mlnbhdmb5shf.i.optimole.com\/w:auto\/h:auto\/q:mauto\/f:best\/https:\/\/tamsanmotor.com\/wp-content\/uploads\/2019\/03\/350-B-M_3.png'><img data-opt-id=1424687232  data-opt-src=\"https:\/\/mlnbhdmb5shf.i.optimole.com\/w:150\/h:150\/q:mauto\/rt:fill\/g:ce\/f:best\/https:\/\/tamsanmotor.com\/wp-content\/uploads\/2019\/03\/350-B-M_3.png\"  loading=\"lazy\" decoding=\"async\" width=\"150\" height=\"150\" src=\"data:image/svg+xml,%3Csvg%20viewBox%3D%220%200%20150%20150%22%20width%3D%22150%22%20height%3D%22150%22%20xmlns%3D%22http%3A%2F%2Fwww.w3.org%2F2000%2Fsvg%22%3E%3Crect%20width%3D%22150%22%20height%3D%22150%22%20fill%3D%22transparent%22%2F%3E%3C%2Fsvg%3E\" class=\"attachment-thumbnail size-thumbnail\" alt=\"\" old-srcset=\"https:\/\/mlnbhdmb5shf.i.optimole.com\/w:450\/h:450\/q:mauto\/rt:fill\/g:ce\/f:best\/https:\/\/tamsanmotor.com\/wp-content\/uploads\/2019\/03\/350-B-M_3.png 450w, https:\/\/mlnbhdmb5shf.i.optimole.com\/w:150\/h:150\/q:mauto\/rt:fill\/g:ce\/f:best\/https:\/\/tamsanmotor.com\/wp-content\/uploads\/2019\/03\/350-B-M_3.png 150w, https:\/\/mlnbhdmb5shf.i.optimole.com\/w:300\/h:300\/q:mauto\/rt:fill\/g:ce\/f:best\/https:\/\/tamsanmotor.com\/wp-content\/uploads\/2019\/03\/350-B-M_3.png 300w, https:\/\/mlnbhdmb5shf.i.optimole.com\/w:100\/h:100\/q:mauto\/rt:fill\/g:ce\/f:best\/https:\/\/tamsanmotor.com\/wp-content\/uploads\/2019\/03\/350-B-M_3.png 100w\" \/><noscript><img data-opt-id=1424687232  loading=\"lazy\" decoding=\"async\" width=\"150\" height=\"150\" src=\"https:\/\/mlnbhdmb5shf.i.optimole.com\/w:150\/h:150\/q:mauto\/rt:fill\/g:ce\/f:best\/https:\/\/tamsanmotor.com\/wp-content\/uploads\/2019\/03\/350-B-M_3.png\" class=\"attachment-thumbnail size-thumbnail\" alt=\"\" srcset=\"https:\/\/mlnbhdmb5shf.i.optimole.com\/w:450\/h:450\/q:mauto\/rt:fill\/g:ce\/f:best\/https:\/\/tamsanmotor.com\/wp-content\/uploads\/2019\/03\/350-B-M_3.png 450w, https:\/\/mlnbhdmb5shf.i.optimole.com\/w:150\/h:150\/q:mauto\/rt:fill\/g:ce\/f:best\/https:\/\/tamsanmotor.com\/wp-content\/uploads\/2019\/03\/350-B-M_3.png 150w, https:\/\/mlnbhdmb5shf.i.optimole.com\/w:300\/h:300\/q:mauto\/rt:fill\/g:ce\/f:best\/https:\/\/tamsanmotor.com\/wp-content\/uploads\/2019\/03\/350-B-M_3.png 300w, https:\/\/mlnbhdmb5shf.i.optimole.com\/w:100\/h:100\/q:mauto\/rt:fill\/g:ce\/f:best\/https:\/\/tamsanmotor.com\/wp-content\/uploads\/2019\/03\/350-B-M_3.png 100w\" sizes=\"(max-width: 150px) 100vw, 150px\" \/></noscript><\/a>\n\t\t\t<\/div><\/figure>\n\t\t<\/div>\n\t\t<\/div>\n\t\t\t\t\t\t<\/div>\n\t\t\t\t\t<\/div>\n\t\t<\/div>\n\t\t\t\t<div class=\"elementor-column elementor-col-50 elementor-top-column elementor-element elementor-element-e607753\" data-id=\"e607753\" data-element_type=\"column\">\n\t\t\t<div class=\"elementor-widget-wrap elementor-element-populated\">\n\t\t\t\t\t\t<div class=\"elementor-element elementor-element-2c21517 elementor-widget elementor-widget-heading\" data-id=\"2c21517\" data-element_type=\"widget\" data-widget_type=\"heading.default\">\n\t\t\t\t\t<h2 class=\"elementor-heading-title elementor-size-default\"><ul><li>\n                        <h5>Model<\/h5>\n                        <p>350 B-M<\/p>\n                    <\/li><li>\n                        <h5>Motor G\u00fcc\u00fc<\/h5>\n                        <p>4,0 Kw-1450 d\/dk. 380V<\/p>\n                    <\/li><li>\n                        <h5>Pompa Bas\u0131nc\u0131<\/h5>\n                        <p>1,3 Bar<\/p>\n                    <\/li><li>\n                        <h5>Pompa Debisi<\/h5>\n                        <p>Max: 13 mSS \u2013 10 m\u00b3\/h   Min:  2 mSS \u2013 50 m\u00b3\/h<\/p>\n                    <\/li><li>\n                        <h5>Giri\u015f &amp; \u00c7\u0131k\u0131\u015f \u00d6l\u00e7\u00fcs\u00fc<\/h5>\n                        <p>\u00d8 90 - 63  mm Flan\u015f<\/p>\n                    <\/li><li>\n                        <h5>S\u0131zd\u0131rmazl\u0131k T\u00fcr\u00fc<\/h5>\n                        <p>Mekanik Salmastra Tak\u0131m\u0131<\/p>\n                    <\/li><li>\n                        <h5>S\u0131zd\u0131rmazl\u0131k \u00c7e\u015fidi<\/h5>\n                        <p>Karbon, Seramik ,Silisyum.<\/p>\n                    <\/li><li>\n                        <h5>Pompa Mili<\/h5>\n                        <p>316 \u0130nox Paslanmaz \u00c7elik  (\u00d6zel Kaplamal\u0131 )<\/p>\n                    <\/li><li>\n                        <h5>Fan Tipi<\/h5>\n                        <p>Kapal\u0131 Fan (Dolu)<\/p>\n                    <\/li><li>\n                        <h5>Malzeme T\u00fcr\u00fc<\/h5>\n                        <p>PP, PVDF<\/p>\n                    <\/li><li>\n                        <h5>S\u0131cakl\u0131k Aral\u0131\u011f\u0131<\/h5>\n                        <p>PP: 0\u00baC  +90\u00b0C, PVDF : -30\u00baC &amp; +150\u00baC<\/p>\n                    <\/li><li>\n                        <h5>Kullan\u0131m Yerleri<\/h5>\n                        <p>Her t\u00fcrl\u00fc asit, bazik ve kimyasallar i\u00e7in uygundur.<\/p>\n                    <\/li><\/ul><\/h2>\t\t\t\t<\/div>\n\t\t\t\t\t<\/div>\n\t\t<\/div>\n\t\t\t\t\t<\/div>\n\t\t<\/section>\n\t\t\t\t<\/div>\n\t\t","protected":false},"excerpt":{"rendered":"<p>Model 350 B-M Motor G\u00fcc\u00fc 4,0 Kw-1450 d\/dk. 380V Pompa Bas\u0131nc\u0131 1,3 Bar Pompa Debisi Max: 13 mSS \u2013 10 m\u00b3\/h Min: 2 mSS \u2013 50 m\u00b3\/h Giri\u015f &amp; \u00c7\u0131k\u0131\u015f \u00d6l\u00e7\u00fcs\u00fc \u00d8 90 &#8211; 63 mm Flan\u015f S\u0131zd\u0131rmazl\u0131k T\u00fcr\u00fc Mekanik Salmastra Tak\u0131m\u0131 S\u0131zd\u0131rmazl\u0131k \u00c7e\u015fidi Karbon, Seramik ,Silisyum. Pompa Mili 316 \u0130nox Paslanmaz \u00c7elik (\u00d6zel Kaplamal\u0131 [&hellip;]<\/p>\n","protected":false},"author":1,"featured_media":0,"parent":788,"menu_order":0,"comment_status":"closed","ping_status":"closed","template":"","meta":{"footnotes":""},"wf_page_folders":[],"class_list":["post-975","page","type-page","status-publish","hentry"],"yoast_head":"<!-- This site is optimized with the Yoast SEO plugin v24.8.1 - https:\/\/yoast.com\/wordpress\/plugins\/seo\/ -->\n<title>350 B-M - Tamsan Motor<\/title>\n<meta name=\"robots\" content=\"index, follow, max-snippet:-1, max-image-preview:large, max-video-preview:-1\" \/>\n<link rel=\"canonical\" href=\"https:\/\/tamsanmotor.com\/index.php\/urunler\/pompalar\/asit-pompalari\/350-b-m-2\/\" \/>\n<meta property=\"og:locale\" content=\"tr_TR\" \/>\n<meta property=\"og:type\" content=\"article\" \/>\n<meta property=\"og:title\" content=\"350 B-M - Tamsan Motor\" \/>\n<meta property=\"og:description\" content=\"Model 350 B-M Motor G\u00fcc\u00fc 4,0 Kw-1450 d\/dk. 380V Pompa Bas\u0131nc\u0131 1,3 Bar Pompa Debisi Max: 13 mSS \u2013 10 m\u00b3\/h Min: 2 mSS \u2013 50 m\u00b3\/h Giri\u015f &amp; \u00c7\u0131k\u0131\u015f \u00d6l\u00e7\u00fcs\u00fc \u00d8 90 &#8211; 63 mm Flan\u015f S\u0131zd\u0131rmazl\u0131k T\u00fcr\u00fc Mekanik Salmastra Tak\u0131m\u0131 S\u0131zd\u0131rmazl\u0131k \u00c7e\u015fidi Karbon, Seramik ,Silisyum. Pompa Mili 316 \u0130nox Paslanmaz \u00c7elik (\u00d6zel Kaplamal\u0131 [&hellip;]\" \/>\n<meta property=\"og:url\" content=\"https:\/\/tamsanmotor.com\/index.php\/urunler\/pompalar\/asit-pompalari\/350-b-m-2\/\" \/>\n<meta property=\"og:site_name\" content=\"Tamsan Motor\" \/>\n<meta property=\"article:modified_time\" content=\"2019-03-16T15:57:55+00:00\" \/>\n<meta property=\"og:image\" content=\"https:\/\/mlnbhdmb5shf.i.optimole.com\/w:auto\/h:auto\/q:mauto\/f:best\/http:\/\/tamsanmotor.com\/wp-content\/uploads\/2019\/03\/350-B-M.png\" \/>\n<meta name=\"twitter:card\" content=\"summary_large_image\" \/>\n<script type=\"application\/ld+json\" class=\"yoast-schema-graph\">{\"@context\":\"https:\/\/schema.org\",\"@graph\":[{\"@type\":\"WebPage\",\"@id\":\"https:\/\/tamsanmotor.com\/index.php\/urunler\/pompalar\/asit-pompalari\/350-b-m-2\/\",\"url\":\"https:\/\/tamsanmotor.com\/index.php\/urunler\/pompalar\/asit-pompalari\/350-b-m-2\/\",\"name\":\"350 B-M - Tamsan Motor\",\"isPartOf\":{\"@id\":\"https:\/\/tamsanmotor.com\/#website\"},\"primaryImageOfPage\":{\"@id\":\"https:\/\/tamsanmotor.com\/index.php\/urunler\/pompalar\/asit-pompalari\/350-b-m-2\/#primaryimage\"},\"image\":{\"@id\":\"https:\/\/tamsanmotor.com\/index.php\/urunler\/pompalar\/asit-pompalari\/350-b-m-2\/#primaryimage\"},\"thumbnailUrl\":\"https:\/\/mlnbhdmb5shf.i.optimole.com\/w:auto\/h:auto\/q:mauto\/f:best\/http:\/\/tamsanmotor.com\/wp-content\/uploads\/2019\/03\/350-B-M.png\",\"datePublished\":\"2019-03-13T13:29:38+00:00\",\"dateModified\":\"2019-03-16T15:57:55+00:00\",\"breadcrumb\":{\"@id\":\"https:\/\/tamsanmotor.com\/index.php\/urunler\/pompalar\/asit-pompalari\/350-b-m-2\/#breadcrumb\"},\"inLanguage\":\"tr\",\"potentialAction\":[{\"@type\":\"ReadAction\",\"target\":[\"https:\/\/tamsanmotor.com\/index.php\/urunler\/pompalar\/asit-pompalari\/350-b-m-2\/\"]}]},{\"@type\":\"ImageObject\",\"inLanguage\":\"tr\",\"@id\":\"https:\/\/tamsanmotor.com\/index.php\/urunler\/pompalar\/asit-pompalari\/350-b-m-2\/#primaryimage\",\"url\":\"https:\/\/mlnbhdmb5shf.i.optimole.com\/w:auto\/h:auto\/q:mauto\/f:best\/https:\/\/tamsanmotor.com\/wp-content\/uploads\/2019\/03\/350-B-M.png\",\"contentUrl\":\"https:\/\/mlnbhdmb5shf.i.optimole.com\/w:auto\/h:auto\/q:mauto\/f:best\/https:\/\/tamsanmotor.com\/wp-content\/uploads\/2019\/03\/350-B-M.png\",\"width\":450,\"height\":450},{\"@type\":\"BreadcrumbList\",\"@id\":\"https:\/\/tamsanmotor.com\/index.php\/urunler\/pompalar\/asit-pompalari\/350-b-m-2\/#breadcrumb\",\"itemListElement\":[{\"@type\":\"ListItem\",\"position\":1,\"name\":\"Ana sayfa\",\"item\":\"https:\/\/tamsanmotor.com\/\"},{\"@type\":\"ListItem\",\"position\":2,\"name\":\"\u00dcr\u00fcnler\",\"item\":\"https:\/\/tamsanmotor.com\/index.php\/urunler\/\"},{\"@type\":\"ListItem\",\"position\":3,\"name\":\"Pompalar\",\"item\":\"https:\/\/tamsanmotor.com\/index.php\/urunler\/pompalar\/\"},{\"@type\":\"ListItem\",\"position\":4,\"name\":\"Asit Pompalar\u0131\",\"item\":\"https:\/\/tamsanmotor.com\/index.php\/urunler\/pompalar\/asit-pompalari\/\"},{\"@type\":\"ListItem\",\"position\":5,\"name\":\"350 B-M\"}]},{\"@type\":\"WebSite\",\"@id\":\"https:\/\/tamsanmotor.com\/#website\",\"url\":\"https:\/\/tamsanmotor.com\/\",\"name\":\"Tamsan Elektrik Motor\",\"description\":\"\",\"publisher\":{\"@id\":\"https:\/\/tamsanmotor.com\/#organization\"},\"potentialAction\":[{\"@type\":\"SearchAction\",\"target\":{\"@type\":\"EntryPoint\",\"urlTemplate\":\"https:\/\/tamsanmotor.com\/?s={search_term_string}\"},\"query-input\":{\"@type\":\"PropertyValueSpecification\",\"valueRequired\":true,\"valueName\":\"search_term_string\"}}],\"inLanguage\":\"tr\"},{\"@type\":\"Organization\",\"@id\":\"https:\/\/tamsanmotor.com\/#organization\",\"name\":\"Tamsan Elektrik Motor San. ve Tic. Ltd. \u015eti.\",\"url\":\"https:\/\/tamsanmotor.com\/\",\"logo\":{\"@type\":\"ImageObject\",\"inLanguage\":\"tr\",\"@id\":\"https:\/\/tamsanmotor.com\/#\/schema\/logo\/image\/\",\"url\":\"https:\/\/mlnbhdmb5shf.i.optimole.com\/w:auto\/h:auto\/q:mauto\/f:best\/https:\/\/tamsanmotor.com\/wp-content\/uploads\/2019\/11\/TAMSAN-logo.jpg\",\"contentUrl\":\"https:\/\/mlnbhdmb5shf.i.optimole.com\/w:auto\/h:auto\/q:mauto\/f:best\/https:\/\/tamsanmotor.com\/wp-content\/uploads\/2019\/11\/TAMSAN-logo.jpg\",\"width\":1388,\"height\":292,\"caption\":\"Tamsan Elektrik Motor San. ve Tic. Ltd. \u015eti.\"},\"image\":{\"@id\":\"https:\/\/tamsanmotor.com\/#\/schema\/logo\/image\/\"}}]}<\/script>\n<!-- \/ Yoast SEO plugin. -->","yoast_head_json":{"title":"350 B-M - Tamsan Motor","robots":{"index":"index","follow":"follow","max-snippet":"max-snippet:-1","max-image-preview":"max-image-preview:large","max-video-preview":"max-video-preview:-1"},"canonical":"https:\/\/tamsanmotor.com\/index.php\/urunler\/pompalar\/asit-pompalari\/350-b-m-2\/","og_locale":"tr_TR","og_type":"article","og_title":"350 B-M - Tamsan Motor","og_description":"Model 350 B-M Motor G\u00fcc\u00fc 4,0 Kw-1450 d\/dk. 380V Pompa Bas\u0131nc\u0131 1,3 Bar Pompa Debisi Max: 13 mSS \u2013 10 m\u00b3\/h Min: 2 mSS \u2013 50 m\u00b3\/h Giri\u015f &amp; \u00c7\u0131k\u0131\u015f \u00d6l\u00e7\u00fcs\u00fc \u00d8 90 &#8211; 63 mm Flan\u015f S\u0131zd\u0131rmazl\u0131k T\u00fcr\u00fc Mekanik Salmastra Tak\u0131m\u0131 S\u0131zd\u0131rmazl\u0131k \u00c7e\u015fidi Karbon, Seramik ,Silisyum. Pompa Mili 316 \u0130nox Paslanmaz \u00c7elik (\u00d6zel Kaplamal\u0131 [&hellip;]","og_url":"https:\/\/tamsanmotor.com\/index.php\/urunler\/pompalar\/asit-pompalari\/350-b-m-2\/","og_site_name":"Tamsan Motor","article_modified_time":"2019-03-16T15:57:55+00:00","og_image":[{"url":"https:\/\/mlnbhdmb5shf.i.optimole.com\/w:auto\/h:auto\/q:mauto\/f:best\/http:\/\/tamsanmotor.com\/wp-content\/uploads\/2019\/03\/350-B-M.png","type":"","width":"","height":""}],"twitter_card":"summary_large_image","schema":{"@context":"https:\/\/schema.org","@graph":[{"@type":"WebPage","@id":"https:\/\/tamsanmotor.com\/index.php\/urunler\/pompalar\/asit-pompalari\/350-b-m-2\/","url":"https:\/\/tamsanmotor.com\/index.php\/urunler\/pompalar\/asit-pompalari\/350-b-m-2\/","name":"350 B-M - Tamsan Motor","isPartOf":{"@id":"https:\/\/tamsanmotor.com\/#website"},"primaryImageOfPage":{"@id":"https:\/\/tamsanmotor.com\/index.php\/urunler\/pompalar\/asit-pompalari\/350-b-m-2\/#primaryimage"},"image":{"@id":"https:\/\/tamsanmotor.com\/index.php\/urunler\/pompalar\/asit-pompalari\/350-b-m-2\/#primaryimage"},"thumbnailUrl":"https:\/\/mlnbhdmb5shf.i.optimole.com\/w:auto\/h:auto\/q:mauto\/f:best\/http:\/\/tamsanmotor.com\/wp-content\/uploads\/2019\/03\/350-B-M.png","datePublished":"2019-03-13T13:29:38+00:00","dateModified":"2019-03-16T15:57:55+00:00","breadcrumb":{"@id":"https:\/\/tamsanmotor.com\/index.php\/urunler\/pompalar\/asit-pompalari\/350-b-m-2\/#breadcrumb"},"inLanguage":"tr","potentialAction":[{"@type":"ReadAction","target":["https:\/\/tamsanmotor.com\/index.php\/urunler\/pompalar\/asit-pompalari\/350-b-m-2\/"]}]},{"@type":"ImageObject","inLanguage":"tr","@id":"https:\/\/tamsanmotor.com\/index.php\/urunler\/pompalar\/asit-pompalari\/350-b-m-2\/#primaryimage","url":"https:\/\/mlnbhdmb5shf.i.optimole.com\/w:auto\/h:auto\/q:mauto\/f:best\/https:\/\/tamsanmotor.com\/wp-content\/uploads\/2019\/03\/350-B-M.png","contentUrl":"https:\/\/mlnbhdmb5shf.i.optimole.com\/w:auto\/h:auto\/q:mauto\/f:best\/https:\/\/tamsanmotor.com\/wp-content\/uploads\/2019\/03\/350-B-M.png","width":450,"height":450},{"@type":"BreadcrumbList","@id":"https:\/\/tamsanmotor.com\/index.php\/urunler\/pompalar\/asit-pompalari\/350-b-m-2\/#breadcrumb","itemListElement":[{"@type":"ListItem","position":1,"name":"Ana sayfa","item":"https:\/\/tamsanmotor.com\/"},{"@type":"ListItem","position":2,"name":"\u00dcr\u00fcnler","item":"https:\/\/tamsanmotor.com\/index.php\/urunler\/"},{"@type":"ListItem","position":3,"name":"Pompalar","item":"https:\/\/tamsanmotor.com\/index.php\/urunler\/pompalar\/"},{"@type":"ListItem","position":4,"name":"Asit Pompalar\u0131","item":"https:\/\/tamsanmotor.com\/index.php\/urunler\/pompalar\/asit-pompalari\/"},{"@type":"ListItem","position":5,"name":"350 B-M"}]},{"@type":"WebSite","@id":"https:\/\/tamsanmotor.com\/#website","url":"https:\/\/tamsanmotor.com\/","name":"Tamsan Elektrik Motor","description":"","publisher":{"@id":"https:\/\/tamsanmotor.com\/#organization"},"potentialAction":[{"@type":"SearchAction","target":{"@type":"EntryPoint","urlTemplate":"https:\/\/tamsanmotor.com\/?s={search_term_string}"},"query-input":{"@type":"PropertyValueSpecification","valueRequired":true,"valueName":"search_term_string"}}],"inLanguage":"tr"},{"@type":"Organization","@id":"https:\/\/tamsanmotor.com\/#organization","name":"Tamsan Elektrik Motor San. ve Tic. Ltd. \u015eti.","url":"https:\/\/tamsanmotor.com\/","logo":{"@type":"ImageObject","inLanguage":"tr","@id":"https:\/\/tamsanmotor.com\/#\/schema\/logo\/image\/","url":"https:\/\/mlnbhdmb5shf.i.optimole.com\/w:auto\/h:auto\/q:mauto\/f:best\/https:\/\/tamsanmotor.com\/wp-content\/uploads\/2019\/11\/TAMSAN-logo.jpg","contentUrl":"https:\/\/mlnbhdmb5shf.i.optimole.com\/w:auto\/h:auto\/q:mauto\/f:best\/https:\/\/tamsanmotor.com\/wp-content\/uploads\/2019\/11\/TAMSAN-logo.jpg","width":1388,"height":292,"caption":"Tamsan Elektrik Motor San. ve Tic. Ltd. \u015eti."},"image":{"@id":"https:\/\/tamsanmotor.com\/#\/schema\/logo\/image\/"}}]}},"_links":{"self":[{"href":"https:\/\/tamsanmotor.com\/index.php\/wp-json\/wp\/v2\/pages\/975","targetHints":{"allow":["GET"]}}],"collection":[{"href":"https:\/\/tamsanmotor.com\/index.php\/wp-json\/wp\/v2\/pages"}],"about":[{"href":"https:\/\/tamsanmotor.com\/index.php\/wp-json\/wp\/v2\/types\/page"}],"author":[{"embeddable":true,"href":"https:\/\/tamsanmotor.com\/index.php\/wp-json\/wp\/v2\/users\/1"}],"replies":[{"embeddable":true,"href":"https:\/\/tamsanmotor.com\/index.php\/wp-json\/wp\/v2\/comments?post=975"}],"version-history":[{"count":0,"href":"https:\/\/tamsanmotor.com\/index.php\/wp-json\/wp\/v2\/pages\/975\/revisions"}],"up":[{"embeddable":true,"href":"https:\/\/tamsanmotor.com\/index.php\/wp-json\/wp\/v2\/pages\/788"}],"wp:attachment":[{"href":"https:\/\/tamsanmotor.com\/index.php\/wp-json\/wp\/v2\/media?parent=975"}],"wp:term":[{"taxonomy":"wf_page_folders","embeddable":true,"href":"https:\/\/tamsanmotor.com\/index.php\/wp-json\/wp\/v2\/wf_page_folders?post=975"}],"curies":[{"name":"wp","href":"https:\/\/api.w.org\/{rel}","templated":true}]}}